{"id":737,"date":"2019-02-19T22:33:24","date_gmt":"2019-02-19T21:33:24","guid":{"rendered":"http:\/\/agora.xtec.cat\/escolaortiz\/?page_id=737"},"modified":"2023-11-01T17:56:10","modified_gmt":"2023-11-01T16:56:10","slug":"nofc-normes-dorganitzacio-i-funcionament-del-centre","status":"publish","type":"page","link":"https:\/\/agora.xtec.cat\/escolaortiz\/projecte-educatiu\/nofc-normes-dorganitzacio-i-funcionament-del-centre\/","title":{"rendered":"NOFC (normes d&#8217;organitzaci\u00f3 i funcionament del centre)"},"content":{"rendered":"<p>Els centres educatius han d&#8217;elaborar les normes d&#8217;organitzaci\u00f3 i funcionament (NOFC),d&#8217;acord amb el que estableix el Decret 102\/2010, d&#8217;autonomia dels centres educatius.<\/p>\n<p>Les NOFC han de contenir elements relacionats amb l&#8217;estructura organitzativa del centre i han de regular aspectes relacionats amb la participaci\u00f3 de la comunitat escolar en la vida del centre, aix\u00ed com promoure la conviv\u00e8ncia, els mecanismes i f\u00f3rmules per a la resoluci\u00f3 pac\u00edfica dels conflictes que s&#8217;estableixen en l&#8217;article 23.2 del Decret 102\/2010,de 3 d&#8217;agost, d&#8217;autonomia dels centres educatius.<\/p>\n<p>Les NOFC s\u00f3n un document viu, que s&#8217;actualitza constantment al llarg del temps. Per aix\u00f2 us presentem el document que recull les NOFC del nostre centre, aix\u00ed com les actualitzacions que s&#8217;han anat fent els darrers cursos. Si cliqueu a la imatge podreu accedir-hi.<\/p>\n<p><a href=\"https:\/\/drive.google.com\/open?id=1VSjAHyUGYRC6sC_ylx_Tdtup2190_xVt\" target=\"_blank\" rel=\"noopener noreferrer\"><img loading=\"lazy\" decoding=\"async\" class=\"aligncenter wp-image-738\" src=\"https:\/\/agora.xtec.cat\/escolaortiz\/wp-content\/uploads\/usu541\/2019\/02\/portada-nofc.jpg\" alt=\"\" width=\"362\" height=\"437\" srcset=\"https:\/\/agora.xtec.cat\/escolaortiz\/wp-content\/uploads\/usu541\/2019\/02\/portada-nofc.jpg 551w, https:\/\/agora.xtec.cat\/escolaortiz\/wp-content\/uploads\/usu541\/2019\/02\/portada-nofc-248x300.jpg 248w\" sizes=\"auto, (max-width: 362px) 100vw, 362px\" \/><\/a><\/p>\n<p><b>ACTUALITZACIONS DOCUMENT: NORMATIVA, ORGANITZACI\u00d3 I FUNCIONAMENT DE CENTRE <\/b><b>( NOFC )<\/b><\/p>\n<p style=\"text-align: left;\">Clicant a la descripci\u00f3 podeu accedir als documents.<\/p>\n<table class=\" aligncenter\" style=\"height: 531px; width: 51.4168%;\">\n<tbody>\n<tr style=\"height: 33px;\">\n<td style=\"width: 111.5px; height: 33px;\"><b>N\u00fam. Revisi\u00f3<\/b><\/td>\n<td style=\"width: 91.5px; height: 33px;\"><b>Data<\/b><\/td>\n<td style=\"width: 485.933px; height: 33px;\"><b>Descripci\u00f3 de la modificaci\u00f3<\/b><\/td>\n<\/tr>\n<tr style=\"height: 57px;\">\n<td style=\"width: 111.5px; height: 57px;\">\n<ol>\n<li>4.1.8<\/li>\n<\/ol>\n<\/td>\n<td style=\"width: 91.5px; height: 57px;\">31\/05\/2017<\/td>\n<td style=\"width: 485.933px; height: 57px;\">\n<h6><a href=\"https:\/\/drive.google.com\/open?id=1BzjUKKl42IhsQNEnF54X9DHNEt3OisEp\" target=\"_blank\" rel=\"noopener noreferrer\"><i><strong>Activitats complement\u00e0ries extraescolars<\/strong><\/i><\/a><\/h6>\n<\/td>\n<\/tr>\n<tr style=\"height: 33px;\">\n<td style=\"width: 111.5px; height: 33px;\">2. 4.1.6.<\/td>\n<td style=\"width: 91.5px; height: 33px;\">01\/02\/2018<\/td>\n<td style=\"width: 485.933px; height: 33px;\"><a href=\"https:\/\/drive.google.com\/open?id=1MJbM-thLlsrz0vGi0tkqwNYOak6cdDzr\" target=\"_blank\" rel=\"noopener noreferrer\"><i><strong>Actuacions en cas d\u2019absentisme<\/strong><\/i><\/a><\/td>\n<\/tr>\n<tr style=\"height: 33px;\">\n<td style=\"width: 111.5px; height: 33px;\">3. 4.1.2.<\/td>\n<td style=\"width: 91.5px; height: 33px;\">01\/02\/2018<\/td>\n<td style=\"width: 485.933px; height: 33px;\"><a href=\"https:\/\/drive.google.com\/open?id=1OrgVuD5cNfQEkEObaTBYl64bX3GrLZAE\" target=\"_blank\" rel=\"noopener noreferrer\"><strong><i>Utilitzaci\u00f3 de recursos i materials. Quotes.<\/i><\/strong><\/a><\/td>\n<\/tr>\n<tr style=\"height: 33px;\">\n<td style=\"width: 111.5px; height: 33px;\">4. 3.2.1<\/td>\n<td style=\"width: 91.5px; height: 33px;\">04\/06\/2018<\/td>\n<td style=\"width: 485.933px; height: 33px;\"><a href=\"https:\/\/drive.google.com\/open?id=1atWPEaKttK2nL81iXEkYyacJGxhjgmpV\" target=\"_blank\" rel=\"noopener noreferrer\"><strong><i>Atenci\u00f3 a la diversitat<\/i><\/strong><\/a><\/td>\n<\/tr>\n<tr style=\"height: 33px;\">\n<td style=\"width: 111.5px; height: 33px;\">5. 4.1.1<\/td>\n<td style=\"width: 91.5px; height: 33px;\">04\/06\/2018<\/td>\n<td style=\"width: 485.933px; height: 33px;\"><a href=\"https:\/\/drive.google.com\/open?id=1XYk80xrA_3cNRb2SDeSLyCy0VigUucg_\" target=\"_blank\" rel=\"noopener noreferrer\"><strong><i>Horaris, entrades i sortides<\/i><\/strong><\/a><\/td>\n<\/tr>\n<tr style=\"height: 33px;\">\n<td style=\"width: 111.5px; height: 33px;\">6. 4.1.8<\/td>\n<td style=\"width: 91.5px; height: 33px;\">18\/10\/2018<\/td>\n<td style=\"width: 485.933px; height: 33px;\"><a href=\"https:\/\/drive.google.com\/open?id=1X5MCBQiHib-_SIksJwGTkHOrSaxOgubT\" target=\"_blank\" rel=\"noopener noreferrer\"><strong><i>Activitats complement\u00e0ries i extraescolars<\/i><\/strong><\/a><\/td>\n<\/tr>\n<tr style=\"height: 33px;\">\n<td style=\"width: 111.5px; height: 33px;\">7. 3.1.2<\/td>\n<td style=\"width: 91.5px; height: 33px;\">18\/10\/2018<\/td>\n<td style=\"width: 485.933px; height: 33px;\"><a href=\"https:\/\/drive.google.com\/open?id=1gKvorASQIaPuv4ZunS7N6FfwqjAnYQCb\" target=\"_blank\" rel=\"noopener noreferrer\"><strong><i>Comissions i responsabilitats<\/i><\/strong><\/a><\/td>\n<\/tr>\n<tr>\n<td style=\"width: 111.5px;\">8. 2.4.4<\/td>\n<td style=\"width: 91.5px;\">14\/12\/2022<\/td>\n<td style=\"width: 485.933px;\"><a href=\"https:\/\/drive.google.com\/file\/d\/1ClgZIGbrOSH2uedceu9kw2u63M7c57-Z\/view?usp=share_link\" target=\"_blank\" rel=\"noopener\"><strong><i>Funcions Comissi\u00f3 Estrat\u00e8gia Digital. Funcions Coordinadora EDC. Normativa d&#8217;\u00fas dels port\u00e0tils i tauletes.<\/i><\/strong><\/a><\/td>\n<\/tr>\n<tr>\n<td style=\"width: 111.5px;\">9. 4.1.2.<\/td>\n<td style=\"width: 91.5px;\">24\/11\/2023<\/td>\n<td style=\"width: 485.933px;\"><a href=\"https:\/\/drive.google.com\/file\/d\/1cHyZlRquwfX1eiPycPj0Up_8neB85tW-\/view?usp=sharing\" target=\"_blank\" rel=\"noopener\"><strong><i>Utilitzaci\u00f3 de recursos i materials. Quotes<\/i><\/strong><\/a><\/td>\n<\/tr>\n<\/tbody>\n<\/table>\n<p style=\"text-align: center;\">\n","protected":false},"excerpt":{"rendered":"<p>Els centres educatius han d&#8217;elaborar les normes d&#8217;organitzaci\u00f3 i funcionament (NOFC),d&#8217;acord amb el que estableix el Decret 102\/2010, d&#8217;autonomia dels centres educatius. Les NOFC han de contenir elements relacionats amb l&#8217;estructura organitzativa del centre i han de regular aspectes relacionats amb la participaci\u00f3 de la comunitat escolar en la vida del centre, aix\u00ed com promoure [&hellip;]<\/p>\n","protected":false},"author":5,"featured_media":0,"parent":64,"menu_order":1,"comment_status":"closed","ping_status":"closed","template":"page-templates\/side-menu.php","meta":{"_bbp_topic_count":0,"_bbp_reply_count":0,"_bbp_total_topic_count":0,"_bbp_total_reply_count":0,"_bbp_voice_count":0,"_bbp_anonymous_reply_count":0,"_bbp_topic_count_hidden":0,"_bbp_reply_count_hidden":0,"_bbp_forum_subforum_count":0,"site-sidebar-layout":"default","site-content-layout":"","ast-site-content-layout":"","site-content-style":"default","site-sidebar-style":"default","ast-global-header-display":"","ast-banner-title-visibility":"","ast-main-header-display":"","ast-hfb-above-header-display":"","ast-hfb-below-header-display":"","ast-hfb-mobile-header-display":"","site-post-title":"","ast-breadcrumbs-content":"","ast-featured-img":"","footer-sml-layout":"","theme-transparent-header-meta":"","adv-header-id-meta":"","stick-header-meta":"","header-above-stick-meta":"","header-main-stick-meta":"","header-below-stick-meta":"","astra-migrate-meta-layouts":"default","ast-page-background-enabled":"default","ast-page-background-meta":{"desktop":{"background-color":"var(--ast-global-color-4)","background-image":"","background-repeat":"repeat","background-position":"center center","background-size":"auto","background-attachment":"scroll","background-type":"","background-media":"","overlay-type":"","overlay-color":"","overlay-opacity":"","overlay-gradient":""},"tablet":{"background-color":"","background-image":"","background-repeat":"repeat","background-position":"center center","background-size":"auto","background-attachment":"scroll","background-type":"","background-media":"","overlay-type":"","overlay-color":"","overlay-opacity":"","overlay-gradient":""},"mobile":{"background-color":"","background-image":"","background-repeat":"repeat","background-position":"center center","background-size":"auto","background-attachment":"scroll","background-type":"","background-media":"","overlay-type":"","overlay-color":"","overlay-opacity":"","overlay-gradient":""}},"ast-content-background-meta":{"desktop":{"background-color":"var(--ast-global-color-5)","background-image":"","background-repeat":"repeat","background-position":"center center","background-size":"auto","background-attachment":"scroll","background-type":"","background-media":"","overlay-type":"","overlay-color":"","overlay-opacity":"","overlay-gradient":""},"tablet":{"background-color":"var(--ast-global-color-5)","background-image":"","background-repeat":"repeat","background-position":"center center","background-size":"auto","background-attachment":"scroll","background-type":"","background-media":"","overlay-type":"","overlay-color":"","overlay-opacity":"","overlay-gradient":""},"mobile":{"background-color":"var(--ast-global-color-5)","background-image":"","background-repeat":"repeat","background-position":"center center","background-size":"auto","background-attachment":"scroll","background-type":"","background-media":"","overlay-type":"","overlay-color":"","overlay-opacity":"","overlay-gradient":""}},"footnotes":""},"class_list":["post-737","page","type-page","status-publish","hentry"],"post_mailing_queue_ids":[],"_links":{"self":[{"href":"https:\/\/agora.xtec.cat\/escolaortiz\/wp-json\/wp\/v2\/pages\/737","targetHints":{"allow":["GET"]}}],"collection":[{"href":"https:\/\/agora.xtec.cat\/escolaortiz\/wp-json\/wp\/v2\/pages"}],"about":[{"href":"https:\/\/agora.xtec.cat\/escolaortiz\/wp-json\/wp\/v2\/types\/page"}],"author":[{"embeddable":true,"href":"https:\/\/agora.xtec.cat\/escolaortiz\/wp-json\/wp\/v2\/users\/5"}],"replies":[{"embeddable":true,"href":"https:\/\/agora.xtec.cat\/escolaortiz\/wp-json\/wp\/v2\/comments?post=737"}],"version-history":[{"count":5,"href":"https:\/\/agora.xtec.cat\/escolaortiz\/wp-json\/wp\/v2\/pages\/737\/revisions"}],"predecessor-version":[{"id":6166,"href":"https:\/\/agora.xtec.cat\/escolaortiz\/wp-json\/wp\/v2\/pages\/737\/revisions\/6166"}],"up":[{"embeddable":true,"href":"https:\/\/agora.xtec.cat\/escolaortiz\/wp-json\/wp\/v2\/pages\/64"}],"wp:attachment":[{"href":"https:\/\/agora.xtec.cat\/escolaortiz\/wp-json\/wp\/v2\/media?parent=737"}],"curies":[{"name":"wp","href":"https:\/\/api.w.org\/{rel}","templated":true}]}}