{"id":73,"date":"2014-09-18T14:01:51","date_gmt":"2014-09-18T13:01:51","guid":{"rendered":"http:\/\/agora.xtec.cat\/escolaortiz\/?page_id=73"},"modified":"2026-02-06T09:37:37","modified_gmt":"2026-02-06T08:37:37","slug":"menjador-escolar","status":"publish","type":"page","link":"https:\/\/agora.xtec.cat\/escolaortiz\/serveis\/menjador-escolar\/","title":{"rendered":"Menjador escolar"},"content":{"rendered":"<p><a href=\"https:\/\/agora.xtec.cat\/escolaortiz\/wp-content\/uploads\/usu541\/2019\/05\/240_F_244887600_mHWCXAKfsYwZwTOWMivCzAkZpfw9o1GQ-e1556794694557.jpg\"><img loading=\"lazy\" decoding=\"async\" class=\"alignnone size-full wp-image-943\" src=\"https:\/\/agora.xtec.cat\/escolaortiz\/wp-content\/uploads\/usu541\/2019\/05\/240_F_244887600_mHWCXAKfsYwZwTOWMivCzAkZpfw9o1GQ-e1556794694557.jpg\" alt=\"\" width=\"200\" height=\"171\" \/><\/a><\/p>\n<p>Actualment el servei de menjador \u00e9s gestionat per Fundesplai, amb servei de cuina pr\u00f2pia. Per veure el pla de funcionament cliqueu la imatge al final de la p\u00e0gina.<\/p>\n<p><u>Horari habitual<\/u>:\u00a0 De 12:30 a 15:00.<\/p>\n<p><span style=\"text-decoration: underline;\">Horari intensiva<\/span>:\u00a0 De 13:00 a 15:30<\/p>\n<p><u>Persona Responsable<\/u>: Consuelo Guimer\u00e0<\/p>\n<p><u>Tel\u00e8fon de contacte<\/u>: <strong>600408967<\/strong><\/p>\n<p><u>Correu electr\u00f2nic<\/u>: <a href=\"mailto:coordinaciojjortiz@fundesplai.org\">coordinaciojjortiz@fundesplai.org<\/a><\/p>\n<p>Tota la informaci\u00f3 referent a menjador, acollida i extraescolars la podeu trobar a:<\/p>\n<p><a style=\"font-family: inherit; font-size: 1em;\" href=\"https:\/\/escoles.fundesplai.org\/escola-jose-juan-ortiz\/\" target=\"_blank\" rel=\"noopener noreferrer\">Fundesplai: el menjador de l&#8217;Escola Jos\u00e9 Juan Ortiz<\/a><\/p>\n<p><a href=\"https:\/\/agora.xtec.cat\/escolaortiz\/wp-content\/uploads\/usu541\/2020\/09\/Logotip-Fundesplai.jpg\"><img loading=\"lazy\" decoding=\"async\" class=\"aligncenter size-full wp-image-2320\" src=\"https:\/\/agora.xtec.cat\/escolaortiz\/wp-content\/uploads\/usu541\/2020\/09\/Logotip-Fundesplai.jpg\" alt=\"\" width=\"512\" height=\"171\" srcset=\"https:\/\/agora.xtec.cat\/escolaortiz\/wp-content\/uploads\/usu541\/2020\/09\/Logotip-Fundesplai.jpg 512w, https:\/\/agora.xtec.cat\/escolaortiz\/wp-content\/uploads\/usu541\/2020\/09\/Logotip-Fundesplai-300x100.jpg 300w\" sizes=\"auto, (max-width: 512px) 100vw, 512px\" \/><\/a><\/p>\n<p><strong>PREUS MENJADOR CURS 2024\/2025<\/strong><\/p>\n<p><strong> Els rebuts es giren a les fam\u00edlies de l\u20191 al 5 per avan\u00e7at, excepte el rebut de setembre que es gira un cop comen\u00e7at el curs (setmana del 25 de setembre)<\/strong><\/p>\n<p><strong>Preu comensal fixe : <\/strong>7,10 \u20ac (2 o m\u00e9s dies fixes per setmana)<\/p>\n<p><strong>Preu comensal espor\u00e0dic : <\/strong>7,80 \u20ac \u00a0(dies puntuals o menys de dos dies per setmana )<\/p>\n<p><strong><a href=\"https:\/\/agora.xtec.cat\/escolaortiz\/wp-content\/uploads\/usu541\/2020\/09\/Admiraci\u00f3.jpg\"><img loading=\"lazy\" decoding=\"async\" class=\" wp-image-2321 alignleft\" src=\"https:\/\/agora.xtec.cat\/escolaortiz\/wp-content\/uploads\/usu541\/2020\/09\/Admiraci\u00f3.jpg\" alt=\"\" width=\"223\" height=\"225\" \/><\/a>\u00a0\u00a0\u00a0\u00a0\u00a0\u00a0\u00a0\u00a0 <\/strong><\/p>\n<h4><strong>ELS\/LES ALUMNES <span style=\"color: #ff0000;\">ESPOR\u00c0DICS<\/span> HAURAN DE FER LA SEVA INSCRIPCI\u00d3 A TRAV\u00c9S DE L\u2019APP PER TAL DE PODER COBRAR ELS TIQUETS A MES VEN\u00c7UT I AVISAR LA COORDINADORA EL DIA QUE ES QUEDA L&#8217;INFANT\u00a0<span style=\"text-decoration: underline;\">ABANS<\/span> DE LES 9:30.<\/strong><\/h4>\n","protected":false},"excerpt":{"rendered":"<p>Actualment el servei de menjador \u00e9s gestionat per Fundesplai, amb servei de cuina pr\u00f2pia. Per veure el pla de funcionament cliqueu la imatge al final de la p\u00e0gina. Horari habitual:\u00a0 De 12:30 a 15:00. Horari intensiva:\u00a0 De 13:00 a 15:30 Persona Responsable: Consuelo Guimer\u00e0 Tel\u00e8fon de contacte: 600408967 Correu electr\u00f2nic: coordinaciojjortiz@fundesplai.org Tota la informaci\u00f3 referent [&hellip;]<\/p>\n","protected":false},"author":1,"featured_media":0,"parent":66,"menu_order":30,"comment_status":"closed","ping_status":"closed","template":"","meta":{"_bbp_topic_count":0,"_bbp_reply_count":0,"_bbp_total_topic_count":0,"_bbp_total_reply_count":0,"_bbp_voice_count":0,"_bbp_anonymous_reply_count":0,"_bbp_topic_count_hidden":0,"_bbp_reply_count_hidden":0,"_bbp_forum_subforum_count":0,"site-sidebar-layout":"default","site-content-layout":"","ast-site-content-layout":"default","site-content-style":"default","site-sidebar-style":"default","ast-global-header-display":"","ast-banner-title-visibility":"","ast-main-header-display":"","ast-hfb-above-header-display":"","ast-hfb-below-header-display":"","ast-hfb-mobile-header-display":"","site-post-title":"","ast-breadcrumbs-content":"","ast-featured-img":"","footer-sml-layout":"","theme-transparent-header-meta":"","adv-header-id-meta":"","stick-header-meta":"","header-above-stick-meta":"","header-main-stick-meta":"","header-below-stick-meta":"","astra-migrate-meta-layouts":"set","ast-page-background-enabled":"default","ast-page-background-meta":{"desktop":{"background-color":"var(--ast-global-color-4)","background-image":"","background-repeat":"repeat","background-position":"center center","background-size":"auto","background-attachment":"scroll","background-type":"","background-media":"","overlay-type":"","overlay-color":"","overlay-opacity":"","overlay-gradient":""},"tablet":{"background-color":"","background-image":"","background-repeat":"repeat","background-position":"center center","background-size":"auto","background-attachment":"scroll","background-type":"","background-media":"","overlay-type":"","overlay-color":"","overlay-opacity":"","overlay-gradient":""},"mobile":{"background-color":"","background-image":"","background-repeat":"repeat","background-position":"center center","background-size":"auto","background-attachment":"scroll","background-type":"","background-media":"","overlay-type":"","overlay-color":"","overlay-opacity":"","overlay-gradient":""}},"ast-content-background-meta":{"desktop":{"background-color":"var(--ast-global-color-5)","background-image":"","background-repeat":"repeat","background-position":"center center","background-size":"auto","background-attachment":"scroll","background-type":"","background-media":"","overlay-type":"","overlay-color":"","overlay-opacity":"","overlay-gradient":""},"tablet":{"background-color":"var(--ast-global-color-5)","background-image":"","background-repeat":"repeat","background-position":"center center","background-size":"auto","background-attachment":"scroll","background-type":"","background-media":"","overlay-type":"","overlay-color":"","overlay-opacity":"","overlay-gradient":""},"mobile":{"background-color":"var(--ast-global-color-5)","background-image":"","background-repeat":"repeat","background-position":"center center","background-size":"auto","background-attachment":"scroll","background-type":"","background-media":"","overlay-type":"","overlay-color":"","overlay-opacity":"","overlay-gradient":""}},"footnotes":""},"class_list":["post-73","page","type-page","status-publish","hentry"],"post_mailing_queue_ids":[],"_links":{"self":[{"href":"https:\/\/agora.xtec.cat\/escolaortiz\/wp-json\/wp\/v2\/pages\/73","targetHints":{"allow":["GET"]}}],"collection":[{"href":"https:\/\/agora.xtec.cat\/escolaortiz\/wp-json\/wp\/v2\/pages"}],"about":[{"href":"https:\/\/agora.xtec.cat\/escolaortiz\/wp-json\/wp\/v2\/types\/page"}],"author":[{"embeddable":true,"href":"https:\/\/agora.xtec.cat\/escolaortiz\/wp-json\/wp\/v2\/users\/1"}],"replies":[{"embeddable":true,"href":"https:\/\/agora.xtec.cat\/escolaortiz\/wp-json\/wp\/v2\/comments?post=73"}],"version-history":[{"count":6,"href":"https:\/\/agora.xtec.cat\/escolaortiz\/wp-json\/wp\/v2\/pages\/73\/revisions"}],"predecessor-version":[{"id":6769,"href":"https:\/\/agora.xtec.cat\/escolaortiz\/wp-json\/wp\/v2\/pages\/73\/revisions\/6769"}],"up":[{"embeddable":true,"href":"https:\/\/agora.xtec.cat\/escolaortiz\/wp-json\/wp\/v2\/pages\/66"}],"wp:attachment":[{"href":"https:\/\/agora.xtec.cat\/escolaortiz\/wp-json\/wp\/v2\/media?parent=73"}],"curies":[{"name":"wp","href":"https:\/\/api.w.org\/{rel}","templated":true}]}}