{"id":726,"date":"2019-02-18T19:35:23","date_gmt":"2019-02-18T18:35:23","guid":{"rendered":"http:\/\/agora.xtec.cat\/escolaortiz\/?page_id=726"},"modified":"2021-06-20T22:48:04","modified_gmt":"2021-06-20T20:48:04","slug":"carta-de-compromis","status":"publish","type":"page","link":"https:\/\/agora.xtec.cat\/escolaortiz\/projecte-educatiu\/carta-de-compromis\/","title":{"rendered":"Carta de comprom\u00eds"},"content":{"rendered":"<p><em>&#8220;La carta de comprom\u00eds educatiu \u00e9s un document que t\u00e9 com a finalitat potenciar la comunicaci\u00f3, la participaci\u00f3, la implicaci\u00f3, el comprom\u00eds i la corresponsabilitat entre els centres i les fam\u00edlies en l&#8217;educaci\u00f3 d&#8217;infants i joves.<\/em><\/p>\n<p><em>Per tant, la carta ha de contribuir, entre altres, als objectius seg\u00fcents:<\/em><\/p>\n<ul>\n<li><em>Compartir amb les fam\u00edlies els principis i els continguts del projecte educatiu del centre i, si escau, els projectes educatius de l&#8217;entorn.<\/em><\/li>\n<li><em>Millorar la informaci\u00f3 i la comunicaci\u00f3 entre el centre i les fam\u00edlies.<\/em><\/li>\n<li><em>Facilitar a les fam\u00edlies l&#8217;exercici dels seus drets i el compliment dels deures.<\/em><\/li>\n<li><em>Fomentar la conviv\u00e8ncia i el bon clima escolar.<\/em><\/li>\n<li><em>Corresponsabilitzar el centre i la fam\u00edlia en l&#8217;\u00e8xit acad\u00e8mic, personal i social dels alumnes i tamb\u00e9 en el comprom\u00eds c\u00edvic dels infants i joves.<\/em><\/li>\n<\/ul>\n<p><em>Cada centre elabora la seva carta de comprom\u00eds educatiu de manera participativa entre els diferents membres de la comunitat escolar, especialment els professionals de l&#8217;educaci\u00f3 i les fam\u00edlies, segons els principis, criteris i valors del seu projecte educatiu.<\/em><\/p>\n<p><em>Aquest document l&#8217;han de signar el pare, mare, tutor o tutora legal de l&#8217;alumne o alumna i la direcci\u00f3 del centre educatiu p\u00fablic o la persona titular del centre privat concertat en el moment de la matr\u00edcula.&#8221;<\/em> <a href=\"http:\/\/familiaiescola.gencat.cat\/ca\/escolaritat\/participacio-compromis\/carta-compromis-educatiu\/\" target=\"_blank\" rel=\"noopener noreferrer\"><em>Fam\u00edlia i escola<\/em><\/a><\/p>\n<p>Descarrega&#8217;t la nostra Carta de comprom\u00eds clicant a la foto.<\/p>\n<p><a href=\"https:\/\/drive.google.com\/open?id=1jlidCLKFGKuOOKXXR64bL7b1xcQBOMWC\" target=\"_blank\" rel=\"noopener noreferrer\"><img loading=\"lazy\" decoding=\"async\" class=\"aligncenter wp-image-727\" src=\"https:\/\/agora.xtec.cat\/escolaortiz\/wp-content\/uploads\/usu541\/2019\/02\/carta-de-comprom\u00eds-e1453247990663-860x285.jpg\" alt=\"\" width=\"404\" height=\"134\" srcset=\"https:\/\/agora.xtec.cat\/escolaortiz\/wp-content\/uploads\/usu541\/2019\/02\/carta-de-comprom\u00eds-e1453247990663-860x285.jpg 860w, https:\/\/agora.xtec.cat\/escolaortiz\/wp-content\/uploads\/usu541\/2019\/02\/carta-de-comprom\u00eds-e1453247990663-860x285-300x99.jpg 300w, https:\/\/agora.xtec.cat\/escolaortiz\/wp-content\/uploads\/usu541\/2019\/02\/carta-de-comprom\u00eds-e1453247990663-860x285-768x255.jpg 768w\" sizes=\"auto, (max-width: 404px) 100vw, 404px\" \/><\/a><\/p>\n","protected":false},"excerpt":{"rendered":"<p>&#8220;La carta de comprom\u00eds educatiu \u00e9s un document que t\u00e9 com a finalitat potenciar la comunicaci\u00f3, la participaci\u00f3, la implicaci\u00f3, el comprom\u00eds i la corresponsabilitat entre els centres i les fam\u00edlies en l&#8217;educaci\u00f3 d&#8217;infants i joves. Per tant, la carta ha de contribuir, entre altres, als objectius seg\u00fcents: Compartir amb les fam\u00edlies els principis i [&hellip;]<\/p>\n","protected":false},"author":5,"featured_media":0,"parent":64,"menu_order":10,"comment_status":"closed","ping_status":"closed","template":"page-templates\/side-menu.php","meta":{"_bbp_topic_count":0,"_bbp_reply_count":0,"_bbp_total_topic_count":0,"_bbp_total_reply_count":0,"_bbp_voice_count":0,"_bbp_anonymous_reply_count":0,"_bbp_topic_count_hidden":0,"_bbp_reply_count_hidden":0,"_bbp_forum_subforum_count":0,"site-sidebar-layout":"default","site-content-layout":"","ast-site-content-layout":"","site-content-style":"default","site-sidebar-style":"default","ast-global-header-display":"","ast-banner-title-visibility":"","ast-main-header-display":"","ast-hfb-above-header-display":"","ast-hfb-below-header-display":"","ast-hfb-mobile-header-display":"","site-post-title":"","ast-breadcrumbs-content":"","ast-featured-img":"","footer-sml-layout":"","theme-transparent-header-meta":"","adv-header-id-meta":"","stick-header-meta":"","header-above-stick-meta":"","header-main-stick-meta":"","header-below-stick-meta":"","astra-migrate-meta-layouts":"default","ast-page-background-enabled":"default","ast-page-background-meta":{"desktop":{"background-color":"var(--ast-global-color-4)","background-image":"","background-repeat":"repeat","background-position":"center center","background-size":"auto","background-attachment":"scroll","background-type":"","background-media":"","overlay-type":"","overlay-color":"","overlay-opacity":"","overlay-gradient":""},"tablet":{"background-color":"","background-image":"","background-repeat":"repeat","background-position":"center center","background-size":"auto","background-attachment":"scroll","background-type":"","background-media":"","overlay-type":"","overlay-color":"","overlay-opacity":"","overlay-gradient":""},"mobile":{"background-color":"","background-image":"","background-repeat":"repeat","background-position":"center center","background-size":"auto","background-attachment":"scroll","background-type":"","background-media":"","overlay-type":"","overlay-color":"","overlay-opacity":"","overlay-gradient":""}},"ast-content-background-meta":{"desktop":{"background-color":"var(--ast-global-color-5)","background-image":"","background-repeat":"repeat","background-position":"center center","background-size":"auto","background-attachment":"scroll","background-type":"","background-media":"","overlay-type":"","overlay-color":"","overlay-opacity":"","overlay-gradient":""},"tablet":{"background-color":"var(--ast-global-color-5)","background-image":"","background-repeat":"repeat","background-position":"center center","background-size":"auto","background-attachment":"scroll","background-type":"","background-media":"","overlay-type":"","overlay-color":"","overlay-opacity":"","overlay-gradient":""},"mobile":{"background-color":"var(--ast-global-color-5)","background-image":"","background-repeat":"repeat","background-position":"center center","background-size":"auto","background-attachment":"scroll","background-type":"","background-media":"","overlay-type":"","overlay-color":"","overlay-opacity":"","overlay-gradient":""}},"footnotes":""},"class_list":["post-726","page","type-page","status-publish","hentry"],"post_mailing_queue_ids":[],"_links":{"self":[{"href":"https:\/\/agora.xtec.cat\/escolaortiz\/wp-json\/wp\/v2\/pages\/726","targetHints":{"allow":["GET"]}}],"collection":[{"href":"https:\/\/agora.xtec.cat\/escolaortiz\/wp-json\/wp\/v2\/pages"}],"about":[{"href":"https:\/\/agora.xtec.cat\/escolaortiz\/wp-json\/wp\/v2\/types\/page"}],"author":[{"embeddable":true,"href":"https:\/\/agora.xtec.cat\/escolaortiz\/wp-json\/wp\/v2\/users\/5"}],"replies":[{"embeddable":true,"href":"https:\/\/agora.xtec.cat\/escolaortiz\/wp-json\/wp\/v2\/comments?post=726"}],"version-history":[{"count":3,"href":"https:\/\/agora.xtec.cat\/escolaortiz\/wp-json\/wp\/v2\/pages\/726\/revisions"}],"predecessor-version":[{"id":1302,"href":"https:\/\/agora.xtec.cat\/escolaortiz\/wp-json\/wp\/v2\/pages\/726\/revisions\/1302"}],"up":[{"embeddable":true,"href":"https:\/\/agora.xtec.cat\/escolaortiz\/wp-json\/wp\/v2\/pages\/64"}],"wp:attachment":[{"href":"https:\/\/agora.xtec.cat\/escolaortiz\/wp-json\/wp\/v2\/media?parent=726"}],"curies":[{"name":"wp","href":"https:\/\/api.w.org\/{rel}","templated":true}]}}