{"id":712,"date":"2019-02-18T18:37:31","date_gmt":"2019-02-18T17:37:31","guid":{"rendered":"http:\/\/agora.xtec.cat\/escolaortiz\/?page_id=712"},"modified":"2023-02-11T21:00:53","modified_gmt":"2023-02-11T20:00:53","slug":"pladacollida","status":"publish","type":"page","link":"https:\/\/agora.xtec.cat\/escolaortiz\/projecte-educatiu\/pladacollida\/","title":{"rendered":"Pla d&#8217;acollida"},"content":{"rendered":"<p>Us presentem el Pla d&#8217;Acollida de la nostra escola.<\/p>\n<p>Aquest Pla recull el conjunt d&#8217;actuacions que el centre educatiu posa en marxa per tal de facilitar l&#8217;adaptaci\u00f3 dels nous membres de la comunitat educativa que s&#8217;incorporen:<\/p>\n<ul>\n<li>Professorat<\/li>\n<li>Alumnat<\/li>\n<li>Fam\u00edlies<\/li>\n<li>Personal d&#8217;atenci\u00f3 educativa<\/li>\n<li>Personal no docent<\/li>\n<li>Alumnes de pr\u00e0ctiques<\/li>\n<\/ul>\n<p>El Pla d&#8217;Acollida recull les actuacions des del lideratge distribu\u00eft per tal de fer part\u00edcips a tots els membres de la comunitat d&#8217;aquesta inclusi\u00f3.<\/p>\n<p>L&#8217;Escola Jos\u00e9 Juan Ortiz es considera una escola acollidora que afavoreix la integraci\u00f3 de tots els membres de la comunitat educativa per tal de crear un projecte com\u00fa. Entenem la diversitat com una oportunitat per aprendre i cr\u00e9ixer com a professionals.<\/p>\n<p>Si voleu llegir el document sencer, cliqueu a la imatge.<\/p>\n<p><a href=\"https:\/\/drive.google.com\/file\/d\/1Xr2_bTB3yhfmc1Lo_JYGqyYM2Mk_k1Na\/view?usp=sharing\" target=\"_blank\" rel=\"noopener noreferrer\"><img loading=\"lazy\" decoding=\"async\" class=\"aligncenter size-full wp-image-2750\" src=\"https:\/\/agora.xtec.cat\/escolaortiz\/wp-content\/uploads\/usu541\/2021\/02\/Portada-Pla-dacollida.jpg\" alt=\"\" width=\"515\" height=\"729\" srcset=\"https:\/\/agora.xtec.cat\/escolaortiz\/wp-content\/uploads\/usu541\/2021\/02\/Portada-Pla-dacollida.jpg 515w, https:\/\/agora.xtec.cat\/escolaortiz\/wp-content\/uploads\/usu541\/2021\/02\/Portada-Pla-dacollida-212x300.jpg 212w\" sizes=\"auto, (max-width: 515px) 100vw, 515px\" \/><\/a><\/p>\n<p>&nbsp;<\/p>\n<p>&nbsp;<\/p>\n","protected":false},"excerpt":{"rendered":"<p>Us presentem el Pla d&#8217;Acollida de la nostra escola. Aquest Pla recull el conjunt d&#8217;actuacions que el centre educatiu posa en marxa per tal de facilitar l&#8217;adaptaci\u00f3 dels nous membres de la comunitat educativa que s&#8217;incorporen: Professorat Alumnat Fam\u00edlies Personal d&#8217;atenci\u00f3 educativa Personal no docent Alumnes de pr\u00e0ctiques El Pla d&#8217;Acollida recull les actuacions des [&hellip;]<\/p>\n","protected":false},"author":5,"featured_media":0,"parent":64,"menu_order":7,"comment_status":"closed","ping_status":"closed","template":"page-templates\/side-menu.php","meta":{"_bbp_topic_count":0,"_bbp_reply_count":0,"_bbp_total_topic_count":0,"_bbp_total_reply_count":0,"_bbp_voice_count":0,"_bbp_anonymous_reply_count":0,"_bbp_topic_count_hidden":0,"_bbp_reply_count_hidden":0,"_bbp_forum_subforum_count":0,"site-sidebar-layout":"default","site-content-layout":"","ast-site-content-layout":"","site-content-style":"default","site-sidebar-style":"default","ast-global-header-display":"","ast-banner-title-visibility":"","ast-main-header-display":"","ast-hfb-above-header-display":"","ast-hfb-below-header-display":"","ast-hfb-mobile-header-display":"","site-post-title":"","ast-breadcrumbs-content":"","ast-featured-img":"","footer-sml-layout":"","theme-transparent-header-meta":"","adv-header-id-meta":"","stick-header-meta":"","header-above-stick-meta":"","header-main-stick-meta":"","header-below-stick-meta":"","astra-migrate-meta-layouts":"default","ast-page-background-enabled":"default","ast-page-background-meta":{"desktop":{"background-color":"var(--ast-global-color-4)","background-image":"","background-repeat":"repeat","background-position":"center center","background-size":"auto","background-attachment":"scroll","background-type":"","background-media":"","overlay-type":"","overlay-color":"","overlay-opacity":"","overlay-gradient":""},"tablet":{"background-color":"","background-image":"","background-repeat":"repeat","background-position":"center center","background-size":"auto","background-attachment":"scroll","background-type":"","background-media":"","overlay-type":"","overlay-color":"","overlay-opacity":"","overlay-gradient":""},"mobile":{"background-color":"","background-image":"","background-repeat":"repeat","background-position":"center center","background-size":"auto","background-attachment":"scroll","background-type":"","background-media":"","overlay-type":"","overlay-color":"","overlay-opacity":"","overlay-gradient":""}},"ast-content-background-meta":{"desktop":{"background-color":"var(--ast-global-color-5)","background-image":"","background-repeat":"repeat","background-position":"center center","background-size":"auto","background-attachment":"scroll","background-type":"","background-media":"","overlay-type":"","overlay-color":"","overlay-opacity":"","overlay-gradient":""},"tablet":{"background-color":"var(--ast-global-color-5)","background-image":"","background-repeat":"repeat","background-position":"center center","background-size":"auto","background-attachment":"scroll","background-type":"","background-media":"","overlay-type":"","overlay-color":"","overlay-opacity":"","overlay-gradient":""},"mobile":{"background-color":"var(--ast-global-color-5)","background-image":"","background-repeat":"repeat","background-position":"center center","background-size":"auto","background-attachment":"scroll","background-type":"","background-media":"","overlay-type":"","overlay-color":"","overlay-opacity":"","overlay-gradient":""}},"footnotes":""},"class_list":["post-712","page","type-page","status-publish","hentry"],"post_mailing_queue_ids":[],"_links":{"self":[{"href":"https:\/\/agora.xtec.cat\/escolaortiz\/wp-json\/wp\/v2\/pages\/712","targetHints":{"allow":["GET"]}}],"collection":[{"href":"https:\/\/agora.xtec.cat\/escolaortiz\/wp-json\/wp\/v2\/pages"}],"about":[{"href":"https:\/\/agora.xtec.cat\/escolaortiz\/wp-json\/wp\/v2\/types\/page"}],"author":[{"embeddable":true,"href":"https:\/\/agora.xtec.cat\/escolaortiz\/wp-json\/wp\/v2\/users\/5"}],"replies":[{"embeddable":true,"href":"https:\/\/agora.xtec.cat\/escolaortiz\/wp-json\/wp\/v2\/comments?post=712"}],"version-history":[{"count":3,"href":"https:\/\/agora.xtec.cat\/escolaortiz\/wp-json\/wp\/v2\/pages\/712\/revisions"}],"predecessor-version":[{"id":2751,"href":"https:\/\/agora.xtec.cat\/escolaortiz\/wp-json\/wp\/v2\/pages\/712\/revisions\/2751"}],"up":[{"embeddable":true,"href":"https:\/\/agora.xtec.cat\/escolaortiz\/wp-json\/wp\/v2\/pages\/64"}],"wp:attachment":[{"href":"https:\/\/agora.xtec.cat\/escolaortiz\/wp-json\/wp\/v2\/media?parent=712"}],"curies":[{"name":"wp","href":"https:\/\/api.w.org\/{rel}","templated":true}]}}