{"id":6114,"date":"2025-07-10T18:04:23","date_gmt":"2025-07-10T16:04:23","guid":{"rendered":"https:\/\/agora.xtec.cat\/escolaortiz\/?page_id=6114"},"modified":"2025-07-10T18:27:29","modified_gmt":"2025-07-10T16:27:29","slug":"antics-blocs-descola","status":"publish","type":"page","link":"https:\/\/agora.xtec.cat\/escolaortiz\/antics-blocs-descola\/","title":{"rendered":"Antics blocs d&#8217;escola"},"content":{"rendered":"\n<p>La hist\u00f2ria digital de la nostra escola va comen\u00e7ar fa uns quants anys, all\u00e0 pels volts del curs 2011-2012.  En un primer moment vam fer servir les p\u00e0gines web que Blogger ens oferia, tenint un bloc d&#8217;escola i uns altres pels diferents cicles i per angl\u00e8s. <\/p>\n\n\n\n<p>Anys despr\u00e9s, el curs 2018-2019, el Departament d&#8217;Educaci\u00f3 i Formaci\u00f3 Professional posa a la nostra disposici\u00f3 una nova plataforma, amb la idea d&#8217;unificar l&#8217;aparen\u00e7a de totes les p\u00e0gines de les escoles catalanes, el Nodes de centre. Vam decidir mantenir, per\u00f2, els blocs dels diferents cicles, que al curs 2021-2022 es van transformar en blocs de comunitats.  Des d&#8217;aleshores heu pogut veure el nostre Nodes fins el curs 2024-2025 i els blocs de les comunitats.<\/p>\n\n\n\n<p>Per al curs 2025-2026 el Departament ens torna a oferir una actualitzaci\u00f3 del Nodes, el Nodes2, amb una nova aparen\u00e7a i diferents funcionalitats, acompanyat d&#8217;una formaci\u00f3 per a la Comissi\u00f3 d&#8217;Estrat\u00e8gia Digital de Centre, que hem fet durant el curs 2024-2025, per poder-lo gestionar. <\/p>\n\n\n\n<p>Aix\u00ed doncs aqu\u00ed podeu veure els antics blocs de l&#8217;escola, perqu\u00e8 formen part de la nostra hist\u00f2ria, i volem recordar-la!<\/p>\n\n\n\n<p>Clicant a l&#8217;esquerra d&#8217;aquest text o en el desplegable del men\u00fa principal podeu veure&#8217;ls. <\/p>\n\n\n\n<p><\/p>\n","protected":false},"excerpt":{"rendered":"<p>La hist\u00f2ria digital de la nostra escola va comen\u00e7ar fa uns quants anys, all\u00e0 pels volts del curs 2011-2012. En un primer moment vam fer servir les p\u00e0gines web que Blogger ens oferia, tenint un bloc d&#8217;escola i uns altres pels diferents cicles i per angl\u00e8s. Anys despr\u00e9s, el curs 2018-2019, el Departament d&#8217;Educaci\u00f3 i [&hellip;]<\/p>\n","protected":false},"author":5,"featured_media":0,"parent":0,"menu_order":0,"comment_status":"closed","ping_status":"close","template":"","meta":{"_bbp_topic_count":0,"_bbp_reply_count":0,"_bbp_total_topic_count":0,"_bbp_total_reply_count":0,"_bbp_voice_count":0,"_bbp_anonymous_reply_count":0,"_bbp_topic_count_hidden":0,"_bbp_reply_count_hidden":0,"_bbp_forum_subforum_count":0,"site-sidebar-layout":"default","site-content-layout":"","ast-site-content-layout":"default","site-content-style":"default","site-sidebar-style":"default","ast-global-header-display":"","ast-banner-title-visibility":"","ast-main-header-display":"","ast-hfb-above-header-display":"","ast-hfb-below-header-display":"","ast-hfb-mobile-header-display":"","site-post-title":"","ast-breadcrumbs-content":"","ast-featured-img":"","footer-sml-layout":"","theme-transparent-header-meta":"","adv-header-id-meta":"","stick-header-meta":"","header-above-stick-meta":"","header-main-stick-meta":"","header-below-stick-meta":"","astra-migrate-meta-layouts":"set","ast-page-background-enabled":"default","ast-page-background-meta":{"desktop":{"background-color":"var(--ast-global-color-4)","background-image":"","background-repeat":"repeat","background-position":"center center","background-size":"auto","background-attachment":"scroll","background-type":"","background-media":"","overlay-type":"","overlay-color":"","overlay-opacity":"","overlay-gradient":""},"tablet":{"background-color":"","background-image":"","background-repeat":"repeat","background-position":"center center","background-size":"auto","background-attachment":"scroll","background-type":"","background-media":"","overlay-type":"","overlay-color":"","overlay-opacity":"","overlay-gradient":""},"mobile":{"background-color":"","background-image":"","background-repeat":"repeat","background-position":"center center","background-size":"auto","background-attachment":"scroll","background-type":"","background-media":"","overlay-type":"","overlay-color":"","overlay-opacity":"","overlay-gradient":""}},"ast-content-background-meta":{"desktop":{"background-color":"var(--ast-global-color-5)","background-image":"","background-repeat":"repeat","background-position":"center center","background-size":"auto","background-attachment":"scroll","background-type":"","background-media":"","overlay-type":"","overlay-color":"","overlay-opacity":"","overlay-gradient":""},"tablet":{"background-color":"var(--ast-global-color-5)","background-image":"","background-repeat":"repeat","background-position":"center center","background-size":"auto","background-attachment":"scroll","background-type":"","background-media":"","overlay-type":"","overlay-color":"","overlay-opacity":"","overlay-gradient":""},"mobile":{"background-color":"var(--ast-global-color-5)","background-image":"","background-repeat":"repeat","background-position":"center center","background-size":"auto","background-attachment":"scroll","background-type":"","background-media":"","overlay-type":"","overlay-color":"","overlay-opacity":"","overlay-gradient":""}},"footnotes":""},"class_list":["post-6114","page","type-page","status-publish","hentry"],"post_mailing_queue_ids":[],"_links":{"self":[{"href":"https:\/\/agora.xtec.cat\/escolaortiz\/wp-json\/wp\/v2\/pages\/6114","targetHints":{"allow":["GET"]}}],"collection":[{"href":"https:\/\/agora.xtec.cat\/escolaortiz\/wp-json\/wp\/v2\/pages"}],"about":[{"href":"https:\/\/agora.xtec.cat\/escolaortiz\/wp-json\/wp\/v2\/types\/page"}],"author":[{"embeddable":true,"href":"https:\/\/agora.xtec.cat\/escolaortiz\/wp-json\/wp\/v2\/users\/5"}],"replies":[{"embeddable":true,"href":"https:\/\/agora.xtec.cat\/escolaortiz\/wp-json\/wp\/v2\/comments?post=6114"}],"version-history":[{"count":2,"href":"https:\/\/agora.xtec.cat\/escolaortiz\/wp-json\/wp\/v2\/pages\/6114\/revisions"}],"predecessor-version":[{"id":6127,"href":"https:\/\/agora.xtec.cat\/escolaortiz\/wp-json\/wp\/v2\/pages\/6114\/revisions\/6127"}],"wp:attachment":[{"href":"https:\/\/agora.xtec.cat\/escolaortiz\/wp-json\/wp\/v2\/media?parent=6114"}],"curies":[{"name":"wp","href":"https:\/\/api.w.org\/{rel}","templated":true}]}}