{"id":5890,"date":"2025-03-31T12:56:56","date_gmt":"2025-03-31T10:56:56","guid":{"rendered":"https:\/\/agora.xtec.cat\/escolaortiz\/?page_id=5890"},"modified":"2025-07-10T15:24:40","modified_gmt":"2025-07-10T13:24:40","slug":"curriculum","status":"publish","type":"page","link":"https:\/\/agora.xtec.cat\/escolaortiz\/projecte-educatiu\/curriculum\/","title":{"rendered":"Curr\u00edculum"},"content":{"rendered":"\n<p>Aquest \u00e9s un espai pensat per oferir-te una visi\u00f3 clara i detallada de les diferents \u00e0rees que conformen el desenvolupament acad\u00e8mic dels nens i nenes. En aquesta p\u00e0gina, trobar\u00e0s diversos d\u00edptics que detallen els sabers de cadascuna de les \u00e0rees curriculars.<\/p>\n\n\n\n<p>Cada d\u00edptic inclou informaci\u00f3 clau sobre els sabers que els alumnes adquiriran durant el curs. El nostre objectiu \u00e9s proporcionar-te una guia completa i accessible que t&#8217;ajudi a entendre el proc\u00e9s d&#8217;aprenentatge de l&#8217;educaci\u00f3 prim\u00e0ria.<\/p>\n\n\n\n<div class=\"wp-block-columns is-layout-flex wp-container-core-columns-is-layout-1 wp-block-columns-is-layout-flex\">\n<div class=\"wp-block-column is-layout-flow wp-block-column-is-layout-flow\" style=\"flex-basis:100%\">\n<figure class=\"wp-block-table\"><table class=\"has-fixed-layout\"><tbody><tr><td><strong>ETAPA<\/strong><\/td><td><strong>EIX<\/strong><\/td><td class=\"has-text-align-center\" data-align=\"center\"><strong>COMPET\u00c8NCIES<\/strong><\/td><td class=\"has-text-align-center\" data-align=\"center\" colspan=\"3\"><strong>CICLE \/ NIVELL<\/strong><\/td><\/tr><tr><td rowspan=\"3\"><strong>Educaci\u00f3 Infantil<\/strong><br><strong><br><\/strong><\/td><td rowspan=\"2\"><strong>EIX 2: Un infant que es comunica amb diferents llenguatges. (Llengua catalana)<\/strong><\/td><td class=\"has-text-align-center\" data-align=\"center\"><strong>EXPRESSI\u00d3 I COMPRENSI\u00d3 ORAL<\/strong><\/td><td class=\"has-text-align-center\" data-align=\"center\" colspan=\"3\" rowspan=\"2\"><a href=\"https:\/\/drive.google.com\/file\/d\/1FnCpCa28Cusi0zXqjFhsGPKRwwbVYdOo\/view?usp=sharing\" target=\"_blank\" rel=\"noopener\"><strong>Ed. Infantil<\/strong><\/a><strong><br><\/strong><\/td><\/tr><tr><td><strong>PROC\u00c9S DE LA LECTOESCRIPTURA<\/strong><\/td><\/tr><tr><td><strong>EIX 2: Un infant que es comunica amb diferents llenguatges. (Llengua anglesa)<\/strong><\/td><td><span style=\"color: #ff0000;\">En construcci\u00f3<\/span><\/td><td class=\"has-text-align-center\" data-align=\"center\"><span style=\"color: #ff0000;\"><strong>I3<\/strong><\/span><\/td><td class=\"has-text-align-center\" data-align=\"center\"><span style=\"color: #ff0000;\"><strong>I4<\/strong><\/span><\/td><td class=\"has-text-align-center\" data-align=\"center\"><span style=\"color: #ff0000;\"><strong>I5<\/strong><\/span><\/td><\/tr><tr><td><strong>ETAPA<\/strong><\/td><td><strong>\u00c0REA CURRICULAR<\/strong><\/td><td class=\"has-text-align-center\" data-align=\"center\"><strong>COMPET\u00c8NCIES<\/strong><\/td><td class=\"has-text-align-center\" data-align=\"center\" colspan=\"3\"><strong>CICLE&nbsp; \/ NIVELL<\/strong><strong><br><\/strong><\/td><\/tr><tr><td rowspan=\"2\"><strong>Educaci\u00f3 Prim\u00e0ria<\/strong><\/td><td><strong>LLENG\u00dcES CATALANA I CASTELLANA<\/strong><\/td><td class=\"has-text-align-center\" data-align=\"center\"><strong>Expressi\u00f3 Oral i Escrita<\/strong><\/td><td class=\"has-text-align-center\" data-align=\"center\"><a href=\"https:\/\/drive.google.com\/file\/d\/1A-J_zLsWC6hFCJeoAkyL_4xKDf4eUrGZ\/view?usp=sharing\" target=\"_blank\" rel=\"noopener\"><strong>Inicial<\/strong><\/a><\/td><td class=\"has-text-align-center\" data-align=\"center\"><a href=\"https:\/\/drive.google.com\/file\/d\/1Q_7J7jDR4OasZSyPECU69LM8YJKYzdAq\/view?usp=sharing\" target=\"_blank\" rel=\"noopener\"><strong>Mitj\u00e0<\/strong><\/a><\/td><td><a href=\"https:\/\/drive.google.com\/file\/d\/1QT2qraM9vr01GJbw0eRgU0EvOkRQ010P\/view?usp=sharing\" target=\"_blank\" rel=\"noopener\"><strong>Superior<\/strong><\/a><\/td><\/tr><tr><td><strong>LLENGUA ANGLESA<\/strong><\/td><td><strong>Comprensi\u00f3 i expressi\u00f3 oral i escrita<\/strong> <\/td><td class=\"has-text-align-center\" data-align=\"center\"><span style=\"color: #ff0000;\"><strong><span style=\"color: #000000;\"><span style=\"color: #ff0000;\"><a href=\"https:\/\/drive.google.com\/file\/d\/1cknbl2ktpnnh3rJr4bKgGbvzmJ5HeGmn\/view?usp=sharing\" target=\"_blank\" rel=\"noopener\">1r<\/a>\u00a0<\/span><\/span><\/strong><\/span><br><span style=\"color: #ff0000;\"><strong><a href=\"https:\/\/drive.google.com\/file\/d\/1KIslQSovUh1QhoSv_0A98HLUAbq-g_Cl\/view?usp=sharing\" target=\"_blank\" rel=\"noopener\">2n<\/a><\/strong><\/span><\/td><td class=\"has-text-align-center\" data-align=\"center\"><span style=\"color: #ff0000;\"><strong><a href=\"https:\/\/drive.google.com\/file\/d\/1lZUUb9BbWBlqkyibGj6zLNTEF-Rx_rY7\/view?usp=sharing\" target=\"_blank\" rel=\"noopener\">3r<\/a><\/strong><\/span><br><span style=\"color: #ff0000;\"><strong><a href=\"https:\/\/drive.google.com\/file\/d\/11eH3DPbaSBZoDIjCTCPn8ktCaYNHPtyH\/view?usp=sharing\" target=\"_blank\" rel=\"noopener\">4t<\/a><\/strong><\/span><\/td><td class=\"has-text-align-center\" data-align=\"center\"><strong style=\"\"><a style=\"color: rgb(255, 0, 0);\" href=\"https:\/\/drive.google.com\/file\/d\/1k3Vr7_cztPYJgbn1W6oCwkMqNWfYwEZ4\/view?usp=sharing\" target=\"_blank\" rel=\"noopener\">5\u00e8\u00a0<\/a><\/strong><br><strong style=\"\"><a style=\"color: rgb(255, 0, 0);\" href=\"https:\/\/drive.google.com\/file\/d\/1LkSmoZ6FtA5ZTq7Jlp9aveJnWKp4SCnU\/view?usp=sharing\" target=\"_blank\" rel=\"noopener\">6\u00e8<\/a><\/strong><\/td><\/tr><\/tbody><\/table><\/figure>\n<\/div>\n<\/div>\n\n\n\n<div class=\"wp-block-getwid-accordion has-icon-left\" data-active-element=\"none\">\n<div class=\"wp-block-getwid-accordion__header-wrapper\"><span class=\"wp-block-getwid-accordion__header\"><a href=\"#\"><span class=\"wp-block-getwid-accordion__header-title\">Educaci\u00f3 Infantil<\/span><span class=\"wp-block-getwid-accordion__icon is-active\"><i class=\"fas fa-plus\"><\/i><\/span><span class=\"wp-block-getwid-accordion__icon is-passive\"><i class=\"fas fa-minus\"><\/i><\/span><\/a><\/span><\/div><div class=\"wp-block-getwid-accordion__content-wrapper\"><div class=\"wp-block-getwid-accordion__content\">\n<p><\/p>\n\n\n\n<div class=\"wp-block-getwid-accordion has-icon-left\" data-active-element=\"none\">\n<div class=\"wp-block-getwid-accordion__header-wrapper\"><span class=\"wp-block-getwid-accordion__header\"><a href=\"#\"><span class=\"wp-block-getwid-accordion__header-title\"><strong>EIX 2: Un infant que es comunica amb diferents llenguatges. (Llengua catalana)<\/strong><\/span><span class=\"wp-block-getwid-accordion__icon is-active\"><i class=\"fas fa-plus\"><\/i><\/span><span class=\"wp-block-getwid-accordion__icon is-passive\"><i class=\"fas fa-minus\"><\/i><\/span><\/a><\/span><\/div><div class=\"wp-block-getwid-accordion__content-wrapper\"><div class=\"wp-block-getwid-accordion__content\">\n<p><\/p>\n\n\n\n<div class=\"wp-block-getwid-accordion has-icon-left\" data-active-element=\"none\">\n<div class=\"wp-block-getwid-accordion__header-wrapper\"><span class=\"wp-block-getwid-accordion__header\"><a href=\"#\"><span class=\"wp-block-getwid-accordion__header-title\">Expressi\u00f3 i comprensi\u00f3 oral <\/span><span class=\"wp-block-getwid-accordion__icon is-active\"><i class=\"fas fa-plus\"><\/i><\/span><span class=\"wp-block-getwid-accordion__icon is-passive\"><i class=\"fas fa-minus\"><\/i><\/span><\/a><\/span><\/div><div class=\"wp-block-getwid-accordion__content-wrapper\"><div class=\"wp-block-getwid-accordion__content\">\n<p><a href=\"https:\/\/drive.google.com\/file\/d\/1FnCpCa28Cusi0zXqjFhsGPKRwwbVYdOo\/view?usp=sharing\">Educaci\u00f3 Infantil<\/a><\/p>\n<\/div><\/div>\n\n\n\n<div class=\"wp-block-getwid-accordion__header-wrapper\"><span class=\"wp-block-getwid-accordion__header\"><a href=\"#\"><span class=\"wp-block-getwid-accordion__header-title\">Proc\u00e8s de la lectoescriptura<\/span><span class=\"wp-block-getwid-accordion__icon is-active\"><i class=\"fas fa-plus\"><\/i><\/span><span class=\"wp-block-getwid-accordion__icon is-passive\"><i class=\"fas fa-minus\"><\/i><\/span><\/a><\/span><\/div><div class=\"wp-block-getwid-accordion__content-wrapper\"><div class=\"wp-block-getwid-accordion__content\">\n<p><a href=\"https:\/\/drive.google.com\/file\/d\/1FnCpCa28Cusi0zXqjFhsGPKRwwbVYdOo\/view?usp=sharing\">Educaci\u00f3 Infantil<\/a><\/p>\n<\/div><\/div>\n<\/div>\n<\/div><\/div>\n\n\n\n<div class=\"wp-block-getwid-accordion__header-wrapper\"><span class=\"wp-block-getwid-accordion__header\"><a href=\"#\"><span class=\"wp-block-getwid-accordion__header-title\"><strong>EIX 2: Un infant que es comunica amb diferents llenguatges. (Llengua anglesa)<\/strong><\/span><span class=\"wp-block-getwid-accordion__icon is-active\"><i class=\"fas fa-plus\"><\/i><\/span><span class=\"wp-block-getwid-accordion__icon is-passive\"><i class=\"fas fa-minus\"><\/i><\/span><\/a><\/span><\/div><div class=\"wp-block-getwid-accordion__content-wrapper\"><div class=\"wp-block-getwid-accordion__content\">\n<p>En construcci\u00f3<\/p>\n<\/div><\/div>\n<\/div>\n<\/div><\/div>\n\n\n\n<div class=\"wp-block-getwid-accordion__header-wrapper\"><span class=\"wp-block-getwid-accordion__header\"><a href=\"#\"><span class=\"wp-block-getwid-accordion__header-title\">Educaci\u00f3 Prim\u00e0ria<\/span><span class=\"wp-block-getwid-accordion__icon is-active\"><i class=\"fas fa-plus\"><\/i><\/span><span class=\"wp-block-getwid-accordion__icon is-passive\"><i class=\"fas fa-minus\"><\/i><\/span><\/a><\/span><\/div><div class=\"wp-block-getwid-accordion__content-wrapper\"><div class=\"wp-block-getwid-accordion__content\">\n<p><\/p>\n<\/div><\/div>\n<\/div>\n\n\n\n<p><\/p>\n","protected":false},"excerpt":{"rendered":"<p>Aquest \u00e9s un espai pensat per oferir-te una visi\u00f3 clara i detallada de les diferents \u00e0rees que conformen el desenvolupament acad\u00e8mic dels nens i nenes. En aquesta p\u00e0gina, trobar\u00e0s diversos d\u00edptics que detallen els sabers de cadascuna de les \u00e0rees curriculars. Cada d\u00edptic inclou informaci\u00f3 clau sobre els sabers que els alumnes adquiriran durant el [&hellip;]<\/p>\n","protected":false},"author":5,"featured_media":0,"parent":64,"menu_order":0,"comment_status":"closed","ping_status":"closed","template":"","meta":{"_bbp_topic_count":0,"_bbp_reply_count":0,"_bbp_total_topic_count":0,"_bbp_total_reply_count":0,"_bbp_voice_count":0,"_bbp_anonymous_reply_count":0,"_bbp_topic_count_hidden":0,"_bbp_reply_count_hidden":0,"_bbp_forum_subforum_count":0,"site-sidebar-layout":"default","site-content-layout":"","ast-site-content-layout":"default","site-content-style":"default","site-sidebar-style":"default","ast-global-header-display":"","ast-banner-title-visibility":"","ast-main-header-display":"","ast-hfb-above-header-display":"","ast-hfb-below-header-display":"","ast-hfb-mobile-header-display":"","site-post-title":"","ast-breadcrumbs-content":"","ast-featured-img":"","footer-sml-layout":"","theme-transparent-header-meta":"","adv-header-id-meta":"","stick-header-meta":"","header-above-stick-meta":"","header-main-stick-meta":"","header-below-stick-meta":"","astra-migrate-meta-layouts":"set","ast-page-background-enabled":"default","ast-page-background-meta":{"desktop":{"background-color":"var(--ast-global-color-4)","background-image":"","background-repeat":"repeat","background-position":"center center","background-size":"auto","background-attachment":"scroll","background-type":"","background-media":"","overlay-type":"","overlay-color":"","overlay-opacity":"","overlay-gradient":""},"tablet":{"background-color":"","background-image":"","background-repeat":"repeat","background-position":"center center","background-size":"auto","background-attachment":"scroll","background-type":"","background-media":"","overlay-type":"","overlay-color":"","overlay-opacity":"","overlay-gradient":""},"mobile":{"background-color":"","background-image":"","background-repeat":"repeat","background-position":"center center","background-size":"auto","background-attachment":"scroll","background-type":"","background-media":"","overlay-type":"","overlay-color":"","overlay-opacity":"","overlay-gradient":""}},"ast-content-background-meta":{"desktop":{"background-color":"var(--ast-global-color-5)","background-image":"","background-repeat":"repeat","background-position":"center center","background-size":"auto","background-attachment":"scroll","background-type":"","background-media":"","overlay-type":"","overlay-color":"","overlay-opacity":"","overlay-gradient":""},"tablet":{"background-color":"var(--ast-global-color-5)","background-image":"","background-repeat":"repeat","background-position":"center center","background-size":"auto","background-attachment":"scroll","background-type":"","background-media":"","overlay-type":"","overlay-color":"","overlay-opacity":"","overlay-gradient":""},"mobile":{"background-color":"var(--ast-global-color-5)","background-image":"","background-repeat":"repeat","background-position":"center center","background-size":"auto","background-attachment":"scroll","background-type":"","background-media":"","overlay-type":"","overlay-color":"","overlay-opacity":"","overlay-gradient":""}},"footnotes":""},"class_list":["post-5890","page","type-page","status-publish","hentry"],"post_mailing_queue_ids":[],"_links":{"self":[{"href":"https:\/\/agora.xtec.cat\/escolaortiz\/wp-json\/wp\/v2\/pages\/5890","targetHints":{"allow":["GET"]}}],"collection":[{"href":"https:\/\/agora.xtec.cat\/escolaortiz\/wp-json\/wp\/v2\/pages"}],"about":[{"href":"https:\/\/agora.xtec.cat\/escolaortiz\/wp-json\/wp\/v2\/types\/page"}],"author":[{"embeddable":true,"href":"https:\/\/agora.xtec.cat\/escolaortiz\/wp-json\/wp\/v2\/users\/5"}],"replies":[{"embeddable":true,"href":"https:\/\/agora.xtec.cat\/escolaortiz\/wp-json\/wp\/v2\/comments?post=5890"}],"version-history":[{"count":6,"href":"https:\/\/agora.xtec.cat\/escolaortiz\/wp-json\/wp\/v2\/pages\/5890\/revisions"}],"predecessor-version":[{"id":6073,"href":"https:\/\/agora.xtec.cat\/escolaortiz\/wp-json\/wp\/v2\/pages\/5890\/revisions\/6073"}],"up":[{"embeddable":true,"href":"https:\/\/agora.xtec.cat\/escolaortiz\/wp-json\/wp\/v2\/pages\/64"}],"wp:attachment":[{"href":"https:\/\/agora.xtec.cat\/escolaortiz\/wp-json\/wp\/v2\/media?parent=5890"}],"curies":[{"name":"wp","href":"https:\/\/api.w.org\/{rel}","templated":true}]}}