{"id":4459,"date":"2023-02-11T21:06:11","date_gmt":"2023-02-11T20:06:11","guid":{"rendered":"https:\/\/agora.xtec.cat\/escolaortiz\/?page_id=4459"},"modified":"2023-02-11T21:10:38","modified_gmt":"2023-02-11T20:10:38","slug":"programa-dinnovacio-pedagogica-generacio-plurilingue-gep","status":"publish","type":"page","link":"https:\/\/agora.xtec.cat\/escolaortiz\/projecte-educatiu\/programa-dinnovacio-pedagogica-generacio-plurilingue-gep\/","title":{"rendered":"Programa d&#8217;Innovaci\u00f3 Pedag\u00f2gica &#8220;Generaci\u00f3 Pluriling\u00fce&#8221; (GEP)"},"content":{"rendered":"<p>El programa GEP promou\u00a0<strong>augmentar la compet\u00e8ncia comunicativa de l&#8217;alumnat en les lleng\u00fces estrangeres curriculars incrementant el grau d&#8217;exposici\u00f3 a aquestes lleng\u00fces<\/strong>. A trav\u00e9s del programa s&#8217;impulsen accions innovadores en l&#8217;\u00e0mbit de l&#8217;organitzaci\u00f3 curricular de les lleng\u00fces estrangeres i en l&#8217;\u00e0mbit metodol\u00f2gic de l&#8217;ensenyament d&#8217;aquestes lleng\u00fces. Tamb\u00e9 es promou un aprenentatge actiu i significatiu per part de l&#8217;alumnat, basat en el treball cooperatiu i per projectes que integrin les TIC i els Objectius de Desenvolupament Sostenible (ODS), en una avaluaci\u00f3 orientada a l&#8217;aprenentatge, i en l&#8217;adquisici\u00f3 d&#8217;estrat\u00e8gies per a un aprenentatge aut\u00f2nom.<\/p>\n<p>La seva finalitat \u00e9s\u00a0<strong>millorar la compet\u00e8ncia en lleng\u00fces estrangeres de l\u2019alumnat,<\/strong>\u00a0afavorint el seu creixement acad\u00e8mic i posterior inserci\u00f3 laboral, i capacitant-lo per interactuar amb el m\u00f3n en diverses lleng\u00fces i de manera cr\u00edtica.\u00a0\u200b<\/p>\n<p>Cliqueu a la imatge per llegir el document del GEP.<\/p>\n<p style=\"text-align: center;\"><a href=\"https:\/\/drive.google.com\/file\/d\/1NyrlFUwZjlyD1tj_Q5Yk_Qyu7pQ5ulMG\/view?usp=share_link\" target=\"_blank\" rel=\"noopener\"><img loading=\"lazy\" decoding=\"async\" class=\"aligncenter size-full wp-image-4460\" src=\"https:\/\/agora.xtec.cat\/escolaortiz\/wp-content\/uploads\/usu541\/2023\/02\/portada-gep.jpg\" alt=\"\" width=\"453\" height=\"640\" srcset=\"https:\/\/agora.xtec.cat\/escolaortiz\/wp-content\/uploads\/usu541\/2023\/02\/portada-gep.jpg 453w, https:\/\/agora.xtec.cat\/escolaortiz\/wp-content\/uploads\/usu541\/2023\/02\/portada-gep-212x300.jpg 212w\" sizes=\"auto, (max-width: 453px) 100vw, 453px\" \/><\/a><\/p>\n","protected":false},"excerpt":{"rendered":"<p>El programa GEP promou\u00a0augmentar la compet\u00e8ncia comunicativa de l&#8217;alumnat en les lleng\u00fces estrangeres curriculars incrementant el grau d&#8217;exposici\u00f3 a aquestes lleng\u00fces. A trav\u00e9s del programa s&#8217;impulsen accions innovadores en l&#8217;\u00e0mbit de l&#8217;organitzaci\u00f3 curricular de les lleng\u00fces estrangeres i en l&#8217;\u00e0mbit metodol\u00f2gic de l&#8217;ensenyament d&#8217;aquestes lleng\u00fces. Tamb\u00e9 es promou un aprenentatge actiu i significatiu per part [&hellip;]<\/p>\n","protected":false},"author":5,"featured_media":0,"parent":64,"menu_order":3,"comment_status":"closed","ping_status":"closed","template":"page-templates\/side-menu.php","meta":{"_bbp_topic_count":0,"_bbp_reply_count":0,"_bbp_total_topic_count":0,"_bbp_total_reply_count":0,"_bbp_voice_count":0,"_bbp_anonymous_reply_count":0,"_bbp_topic_count_hidden":0,"_bbp_reply_count_hidden":0,"_bbp_forum_subforum_count":0,"site-sidebar-layout":"default","site-content-layout":"","ast-site-content-layout":"","site-content-style":"default","site-sidebar-style":"default","ast-global-header-display":"","ast-banner-title-visibility":"","ast-main-header-display":"","ast-hfb-above-header-display":"","ast-hfb-below-header-display":"","ast-hfb-mobile-header-display":"","site-post-title":"","ast-breadcrumbs-content":"","ast-featured-img":"","footer-sml-layout":"","theme-transparent-header-meta":"","adv-header-id-meta":"","stick-header-meta":"","header-above-stick-meta":"","header-main-stick-meta":"","header-below-stick-meta":"","astra-migrate-meta-layouts":"default","ast-page-background-enabled":"default","ast-page-background-meta":{"desktop":{"background-color":"var(--ast-global-color-4)","background-image":"","background-repeat":"repeat","background-position":"center center","background-size":"auto","background-attachment":"scroll","background-type":"","background-media":"","overlay-type":"","overlay-color":"","overlay-opacity":"","overlay-gradient":""},"tablet":{"background-color":"","background-image":"","background-repeat":"repeat","background-position":"center center","background-size":"auto","background-attachment":"scroll","background-type":"","background-media":"","overlay-type":"","overlay-color":"","overlay-opacity":"","overlay-gradient":""},"mobile":{"background-color":"","background-image":"","background-repeat":"repeat","background-position":"center center","background-size":"auto","background-attachment":"scroll","background-type":"","background-media":"","overlay-type":"","overlay-color":"","overlay-opacity":"","overlay-gradient":""}},"ast-content-background-meta":{"desktop":{"background-color":"var(--ast-global-color-5)","background-image":"","background-repeat":"repeat","background-position":"center center","background-size":"auto","background-attachment":"scroll","background-type":"","background-media":"","overlay-type":"","overlay-color":"","overlay-opacity":"","overlay-gradient":""},"tablet":{"background-color":"var(--ast-global-color-5)","background-image":"","background-repeat":"repeat","background-position":"center center","background-size":"auto","background-attachment":"scroll","background-type":"","background-media":"","overlay-type":"","overlay-color":"","overlay-opacity":"","overlay-gradient":""},"mobile":{"background-color":"var(--ast-global-color-5)","background-image":"","background-repeat":"repeat","background-position":"center center","background-size":"auto","background-attachment":"scroll","background-type":"","background-media":"","overlay-type":"","overlay-color":"","overlay-opacity":"","overlay-gradient":""}},"footnotes":""},"class_list":["post-4459","page","type-page","status-publish","hentry"],"post_mailing_queue_ids":[],"_links":{"self":[{"href":"https:\/\/agora.xtec.cat\/escolaortiz\/wp-json\/wp\/v2\/pages\/4459","targetHints":{"allow":["GET"]}}],"collection":[{"href":"https:\/\/agora.xtec.cat\/escolaortiz\/wp-json\/wp\/v2\/pages"}],"about":[{"href":"https:\/\/agora.xtec.cat\/escolaortiz\/wp-json\/wp\/v2\/types\/page"}],"author":[{"embeddable":true,"href":"https:\/\/agora.xtec.cat\/escolaortiz\/wp-json\/wp\/v2\/users\/5"}],"replies":[{"embeddable":true,"href":"https:\/\/agora.xtec.cat\/escolaortiz\/wp-json\/wp\/v2\/comments?post=4459"}],"version-history":[{"count":1,"href":"https:\/\/agora.xtec.cat\/escolaortiz\/wp-json\/wp\/v2\/pages\/4459\/revisions"}],"predecessor-version":[{"id":4461,"href":"https:\/\/agora.xtec.cat\/escolaortiz\/wp-json\/wp\/v2\/pages\/4459\/revisions\/4461"}],"up":[{"embeddable":true,"href":"https:\/\/agora.xtec.cat\/escolaortiz\/wp-json\/wp\/v2\/pages\/64"}],"wp:attachment":[{"href":"https:\/\/agora.xtec.cat\/escolaortiz\/wp-json\/wp\/v2\/media?parent=4459"}],"curies":[{"name":"wp","href":"https:\/\/api.w.org\/{rel}","templated":true}]}}