{"id":4247,"date":"2022-11-06T19:22:50","date_gmt":"2022-11-06T18:22:50","guid":{"rendered":"https:\/\/agora.xtec.cat\/escolaortiz\/?page_id=4247"},"modified":"2026-02-25T15:39:08","modified_gmt":"2026-02-25T14:39:08","slug":"acords-del-consell-escolar","status":"publish","type":"page","link":"https:\/\/agora.xtec.cat\/escolaortiz\/lescola\/consell-escolar\/acords-del-consell-escolar\/","title":{"rendered":"Acords del Consell Escolar"},"content":{"rendered":"\n<p>En aquesta p\u00e0gina podeu consultar els acords presos en els Consells Escolars. Per consultar-los cliqueu a l&#8217;enlla\u00e7 que us interessi.<\/p>\n\n\n\n<figure class=\"wp-block-table is-style-stripes\"><table><tbody><tr><td class=\"has-text-align-center\" data-align=\"center\">\n<h6 style=\"text-align: center;\"><strong>Data<\/strong><\/h6>\n<\/td><td class=\"has-text-align-center\" data-align=\"center\">\n<h6><strong>Document<\/strong><\/h6>\n<\/td><\/tr><tr><td class=\"has-text-align-center\" data-align=\"center\">19-10-2022<\/td><td class=\"has-text-align-center\" data-align=\"center\"><a href=\"https:\/\/drive.google.com\/file\/d\/1NVUvgh6Mw_U2V9tz8oObpX3F7e9QBVYd\/view?usp=share_link\" target=\"_blank\" rel=\"noopener\">Acords Consell Escolar n\u00fam. 1<\/a><\/td><\/tr><tr><td class=\"has-text-align-center\" data-align=\"center\">17-12-2022<\/td><td class=\"has-text-align-center\" data-align=\"center\"><a href=\"https:\/\/drive.google.com\/file\/d\/1xEMDzvNaRNhNd2VsV2gfiJWDKRhdlJWk\/view?usp=share_link\" target=\"_blank\" rel=\"noopener\">Acords Consell Escolar n\u00fam. 2<\/a><\/td><\/tr><tr><td class=\"has-text-align-center\" data-align=\"center\">01-02-2023<\/td><td class=\"has-text-align-center\" data-align=\"center\"><a href=\"https:\/\/drive.google.com\/file\/d\/1lDQdRqFyRuH0e9rhYzwnVUHqE4WbFAGl\/view?usp=share_link\" target=\"_blank\" rel=\"noopener\">Acords Consell Escolar n\u00fam. 3<\/a><\/td><\/tr><tr><td class=\"has-text-align-center\" data-align=\"center\">15-02-2023<\/td><td class=\"has-text-align-center\" data-align=\"center\"><a href=\"https:\/\/drive.google.com\/file\/d\/14JRmCaYmwt3S7J0L_kUWLwObdxWIm8rD\/view?usp=sharing\" target=\"_blank\" rel=\"noopener\">Acords Junta Permanent n\u00fam. 4<\/a><\/td><\/tr><tr><td class=\"has-text-align-center\" data-align=\"center\">08-03-2023<\/td><td class=\"has-text-align-center\" data-align=\"center\"><a href=\"https:\/\/drive.google.com\/file\/d\/1kFtLyJpz_HAlcpvqsx4XlvfAAbCk49wc\/view?usp=sharing\" target=\"_blank\" rel=\"noopener\">Acords Consell Escolar n\u00fam. 5<\/a><\/td><\/tr><tr><td class=\"has-text-align-center\" data-align=\"center\">27-04-2023<\/td><td class=\"has-text-align-center\" data-align=\"center\"><a href=\"https:\/\/drive.google.com\/file\/d\/1pogtkffUThdbAuEVWkQCUcOtrl6NJt7g\/view?usp=sharing\" target=\"_blank\" rel=\"noopener\">Acords Junta Permanent n\u00fam. 6<\/a><\/td><\/tr><tr><td class=\"has-text-align-center\" data-align=\"center\">21-06-2023<\/td><td class=\"has-text-align-center\" data-align=\"center\"><a href=\"https:\/\/drive.google.com\/file\/d\/15LH7D_G01RnOrN8TRWWB79ygcmlBgNon\/view?usp=sharing\" target=\"_blank\" rel=\"noopener\">Acords Consell Escolar n\u00fam. 7<\/a><\/td><\/tr><tr><td class=\"has-text-align-center\" data-align=\"center\">24-10-2023<\/td><td class=\"has-text-align-center\" data-align=\"center\"><a href=\"https:\/\/drive.google.com\/file\/d\/1G0W31zPlrNK1nzqUBUXVwjMU69KGQfV8\/view?usp=sharing\" target=\"_blank\" rel=\"noopener\">Acords Consell Escolar n\u00fam. 1<\/a><\/td><\/tr><tr><td class=\"has-text-align-center\" data-align=\"center\">13-12-2023<\/td><td class=\"has-text-align-center\" data-align=\"center\"><a href=\"https:\/\/drive.google.com\/file\/d\/1asTcAPwNcx6JEq4M_f6b3kFISHUgV8HA\/view?usp=sharing\" target=\"_blank\" rel=\"noopener\">Acords Consell Escolar n\u00fam. 2<\/a><\/td><\/tr><tr><td class=\"has-text-align-center\" data-align=\"center\">07-02-2024<\/td><td class=\"has-text-align-center\" data-align=\"center\"><a href=\"https:\/\/drive.google.com\/file\/d\/10wXkfPr1HYyQFLCntGwuXUzY7em6XvQ9\/view?usp=sharing\" target=\"_blank\" rel=\"noopener\">Acords Consell Escolar n\u00fam. 3<\/a><\/td><\/tr><tr><td class=\"has-text-align-center\" data-align=\"center\">03-06-2024<\/td><td class=\"has-text-align-center\" data-align=\"center\"><a href=\"https:\/\/drive.google.com\/file\/d\/1tZvsuVUyq21NRBVC5wj0SnwAepKCfohT\/view?usp=sharing\">Acords Consell Escolar n\u00fam. 4<\/a><\/td><\/tr><tr><td class=\"has-text-align-center\" data-align=\"center\">23-10-2024<\/td><td class=\"has-text-align-center\" data-align=\"center\"><a href=\"https:\/\/drive.google.com\/file\/d\/1Q_K2VYu1NPlzObKW-b8gY-nC9CNDUuRZ\/view?usp=sharing\" target=\"_blank\" rel=\"noopener\">Acords Consell Escolar n\u00fam. 1<\/a><\/td><\/tr><tr><td class=\"has-text-align-center\" data-align=\"center\">24-01-2025<\/td><td class=\"has-text-align-center\" data-align=\"center\"><a href=\"https:\/\/drive.google.com\/file\/d\/11fIgo8xF5C2eT6I5CPXN9PeI2sWrplBF\/view?usp=sharing\" target=\"_blank\" rel=\"noopener\">Acords Consell Escolar n\u00fam. 2<\/a><\/td><\/tr><tr><td class=\"has-text-align-center\" data-align=\"center\">01-04-2025<\/td><td class=\"has-text-align-center\" data-align=\"center\"><a href=\"https:\/\/drive.google.com\/file\/d\/1-9-JOk9QxGp1cHNDUoJjzLs3E4No9BN2\/view?usp=sharing\" target=\"_blank\" rel=\"noopener\">Acords Junta Permanent n\u00fam. 3<\/a><\/td><\/tr><tr><td class=\"has-text-align-center\" data-align=\"center\">05-06-2025<\/td><td class=\"has-text-align-center\" data-align=\"center\"><a href=\"https:\/\/drive.google.com\/file\/d\/1L1ayK9o3TsNrzsJnPMDJ3uVZMAUq3oxw\/view?usp=sharing\" target=\"_blank\" rel=\"noopener\">Acords Consell Escolar n\u00fam. 4<\/a><\/td><\/tr><tr><td class=\"has-text-align-center\" data-align=\"center\">08-10-2025<\/td><td class=\"has-text-align-center\" data-align=\"center\"><a href=\"https:\/\/drive.google.com\/file\/d\/1BHcX6Bdr7mJDYE0-X9RUPkNYnxiTcCr3\/view?usp=sharing\">Acords Consell Escolar n\u00fam. 1<\/a><\/td><\/tr><tr><td class=\"has-text-align-center\" data-align=\"center\">03-12-2025<\/td><td class=\"has-text-align-center\" data-align=\"center\"><a href=\"https:\/\/drive.google.com\/file\/d\/1HJIcaob_45DIopQRSGNYzgYeMtNYy3gR\/view?usp=sharing\">Acords Consell Escolar n\u00fam. 2<\/a><\/td><\/tr><tr><td class=\"has-text-align-center\" data-align=\"center\">28-01-2026<\/td><td class=\"has-text-align-center\" data-align=\"center\"><a href=\"https:\/\/drive.google.com\/file\/d\/1uFGfTFuehw7GSwYmpVRIzETiJ-RyhgCr\/view?usp=sharing\">Acords Consell Escolar n\u00fam. 3<\/a><\/td><\/tr><\/tbody><\/table><\/figure>\n","protected":false},"excerpt":{"rendered":"<p>En aquesta p\u00e0gina podeu consultar els acords presos en els Consells Escolars. Per consultar-los cliqueu a l&#8217;enlla\u00e7 que us interessi. Data Document 19-10-2022 Acords Consell Escolar n\u00fam. 1 17-12-2022 Acords Consell Escolar n\u00fam. 2 01-02-2023 Acords Consell Escolar n\u00fam. 3 15-02-2023 Acords Junta Permanent n\u00fam. 4 08-03-2023 Acords Consell Escolar n\u00fam. 5 27-04-2023 Acords Junta [&hellip;]<\/p>\n","protected":false},"author":5,"featured_media":0,"parent":28,"menu_order":0,"comment_status":"closed","ping_status":"closed","template":"","meta":{"_bbp_topic_count":0,"_bbp_reply_count":0,"_bbp_total_topic_count":0,"_bbp_total_reply_count":0,"_bbp_voice_count":0,"_bbp_anonymous_reply_count":0,"_bbp_topic_count_hidden":0,"_bbp_reply_count_hidden":0,"_bbp_forum_subforum_count":0,"site-sidebar-layout":"default","site-content-layout":"","ast-site-content-layout":"default","site-content-style":"default","site-sidebar-style":"default","ast-global-header-display":"","ast-banner-title-visibility":"","ast-main-header-display":"","ast-hfb-above-header-display":"","ast-hfb-below-header-display":"","ast-hfb-mobile-header-display":"","site-post-title":"","ast-breadcrumbs-content":"","ast-featured-img":"","footer-sml-layout":"","theme-transparent-header-meta":"","adv-header-id-meta":"","stick-header-meta":"","header-above-stick-meta":"","header-main-stick-meta":"","header-below-stick-meta":"","astra-migrate-meta-layouts":"set","ast-page-background-enabled":"default","ast-page-background-meta":{"desktop":{"background-color":"var(--ast-global-color-4)","background-image":"","background-repeat":"repeat","background-position":"center center","background-size":"auto","background-attachment":"scroll","background-type":"","background-media":"","overlay-type":"","overlay-color":"","overlay-opacity":"","overlay-gradient":""},"tablet":{"background-color":"","background-image":"","background-repeat":"repeat","background-position":"center center","background-size":"auto","background-attachment":"scroll","background-type":"","background-media":"","overlay-type":"","overlay-color":"","overlay-opacity":"","overlay-gradient":""},"mobile":{"background-color":"","background-image":"","background-repeat":"repeat","background-position":"center center","background-size":"auto","background-attachment":"scroll","background-type":"","background-media":"","overlay-type":"","overlay-color":"","overlay-opacity":"","overlay-gradient":""}},"ast-content-background-meta":{"desktop":{"background-color":"var(--ast-global-color-5)","background-image":"","background-repeat":"repeat","background-position":"center center","background-size":"auto","background-attachment":"scroll","background-type":"","background-media":"","overlay-type":"","overlay-color":"","overlay-opacity":"","overlay-gradient":""},"tablet":{"background-color":"var(--ast-global-color-5)","background-image":"","background-repeat":"repeat","background-position":"center center","background-size":"auto","background-attachment":"scroll","background-type":"","background-media":"","overlay-type":"","overlay-color":"","overlay-opacity":"","overlay-gradient":""},"mobile":{"background-color":"var(--ast-global-color-5)","background-image":"","background-repeat":"repeat","background-position":"center center","background-size":"auto","background-attachment":"scroll","background-type":"","background-media":"","overlay-type":"","overlay-color":"","overlay-opacity":"","overlay-gradient":""}},"footnotes":""},"class_list":["post-4247","page","type-page","status-publish","hentry"],"post_mailing_queue_ids":[],"_links":{"self":[{"href":"https:\/\/agora.xtec.cat\/escolaortiz\/wp-json\/wp\/v2\/pages\/4247","targetHints":{"allow":["GET"]}}],"collection":[{"href":"https:\/\/agora.xtec.cat\/escolaortiz\/wp-json\/wp\/v2\/pages"}],"about":[{"href":"https:\/\/agora.xtec.cat\/escolaortiz\/wp-json\/wp\/v2\/types\/page"}],"author":[{"embeddable":true,"href":"https:\/\/agora.xtec.cat\/escolaortiz\/wp-json\/wp\/v2\/users\/5"}],"replies":[{"embeddable":true,"href":"https:\/\/agora.xtec.cat\/escolaortiz\/wp-json\/wp\/v2\/comments?post=4247"}],"version-history":[{"count":5,"href":"https:\/\/agora.xtec.cat\/escolaortiz\/wp-json\/wp\/v2\/pages\/4247\/revisions"}],"predecessor-version":[{"id":6953,"href":"https:\/\/agora.xtec.cat\/escolaortiz\/wp-json\/wp\/v2\/pages\/4247\/revisions\/6953"}],"up":[{"embeddable":true,"href":"https:\/\/agora.xtec.cat\/escolaortiz\/wp-json\/wp\/v2\/pages\/28"}],"wp:attachment":[{"href":"https:\/\/agora.xtec.cat\/escolaortiz\/wp-json\/wp\/v2\/media?parent=4247"}],"curies":[{"name":"wp","href":"https:\/\/api.w.org\/{rel}","templated":true}]}}