{"id":4243,"date":"2022-11-06T19:19:30","date_gmt":"2022-11-06T18:19:30","guid":{"rendered":"https:\/\/agora.xtec.cat\/escolaortiz\/?page_id=4243"},"modified":"2023-05-11T21:28:56","modified_gmt":"2023-05-11T19:28:56","slug":"projecte-linguistic-2022","status":"publish","type":"page","link":"https:\/\/agora.xtec.cat\/escolaortiz\/projecte-educatiu\/projecte-linguistic-2022\/","title":{"rendered":"Projecte ling\u00fc\u00edstic 2022"},"content":{"rendered":"<p>Si voleu consultar el nostre Projecte Ling\u00fc\u00edstic, aprovat pel Claustre el 29 de novembre de 2022 i aprovat pel Consell Escola el 14 de desembre de 2022, cliqueu a la imatge.<\/p>\n<p><a href=\"https:\/\/drive.google.com\/file\/d\/1GglWnVRg69p7CoO60I6ZSRbQ-wqCHFl3\/view?usp=share_link\" target=\"_blank\" rel=\"noopener\"><img loading=\"lazy\" decoding=\"async\" class=\"aligncenter size-full wp-image-4766\" src=\"https:\/\/agora.xtec.cat\/escolaortiz\/wp-content\/uploads\/usu541\/2023\/05\/Tapa-projecte-linguistic1.jpg\" alt=\"\" width=\"507\" height=\"679\" srcset=\"https:\/\/agora.xtec.cat\/escolaortiz\/wp-content\/uploads\/usu541\/2023\/05\/Tapa-projecte-linguistic1.jpg 507w, https:\/\/agora.xtec.cat\/escolaortiz\/wp-content\/uploads\/usu541\/2023\/05\/Tapa-projecte-linguistic1-224x300.jpg 224w\" sizes=\"auto, (max-width: 507px) 100vw, 507px\" \/><\/a><\/p>\n","protected":false},"excerpt":{"rendered":"<p>Si voleu consultar el nostre Projecte Ling\u00fc\u00edstic, aprovat pel Claustre el 29 de novembre de 2022 i aprovat pel Consell Escola el 14 de desembre de 2022, cliqueu a la imatge.<\/p>\n","protected":false},"author":5,"featured_media":0,"parent":64,"menu_order":0,"comment_status":"closed","ping_status":"closed","template":"page-templates\/side-menu.php","meta":{"_bbp_topic_count":0,"_bbp_reply_count":0,"_bbp_total_topic_count":0,"_bbp_total_reply_count":0,"_bbp_voice_count":0,"_bbp_anonymous_reply_count":0,"_bbp_topic_count_hidden":0,"_bbp_reply_count_hidden":0,"_bbp_forum_subforum_count":0,"site-sidebar-layout":"default","site-content-layout":"","ast-site-content-layout":"","site-content-style":"default","site-sidebar-style":"default","ast-global-header-display":"","ast-banner-title-visibility":"","ast-main-header-display":"","ast-hfb-above-header-display":"","ast-hfb-below-header-display":"","ast-hfb-mobile-header-display":"","site-post-title":"","ast-breadcrumbs-content":"","ast-featured-img":"","footer-sml-layout":"","theme-transparent-header-meta":"","adv-header-id-meta":"","stick-header-meta":"","header-above-stick-meta":"","header-main-stick-meta":"","header-below-stick-meta":"","astra-migrate-meta-layouts":"default","ast-page-background-enabled":"default","ast-page-background-meta":{"desktop":{"background-color":"var(--ast-global-color-4)","background-image":"","background-repeat":"repeat","background-position":"center center","background-size":"auto","background-attachment":"scroll","background-type":"","background-media":"","overlay-type":"","overlay-color":"","overlay-opacity":"","overlay-gradient":""},"tablet":{"background-color":"","background-image":"","background-repeat":"repeat","background-position":"center center","background-size":"auto","background-attachment":"scroll","background-type":"","background-media":"","overlay-type":"","overlay-color":"","overlay-opacity":"","overlay-gradient":""},"mobile":{"background-color":"","background-image":"","background-repeat":"repeat","background-position":"center center","background-size":"auto","background-attachment":"scroll","background-type":"","background-media":"","overlay-type":"","overlay-color":"","overlay-opacity":"","overlay-gradient":""}},"ast-content-background-meta":{"desktop":{"background-color":"var(--ast-global-color-5)","background-image":"","background-repeat":"repeat","background-position":"center center","background-size":"auto","background-attachment":"scroll","background-type":"","background-media":"","overlay-type":"","overlay-color":"","overlay-opacity":"","overlay-gradient":""},"tablet":{"background-color":"var(--ast-global-color-5)","background-image":"","background-repeat":"repeat","background-position":"center center","background-size":"auto","background-attachment":"scroll","background-type":"","background-media":"","overlay-type":"","overlay-color":"","overlay-opacity":"","overlay-gradient":""},"mobile":{"background-color":"var(--ast-global-color-5)","background-image":"","background-repeat":"repeat","background-position":"center center","background-size":"auto","background-attachment":"scroll","background-type":"","background-media":"","overlay-type":"","overlay-color":"","overlay-opacity":"","overlay-gradient":""}},"footnotes":""},"class_list":["post-4243","page","type-page","status-publish","hentry"],"post_mailing_queue_ids":[],"_links":{"self":[{"href":"https:\/\/agora.xtec.cat\/escolaortiz\/wp-json\/wp\/v2\/pages\/4243","targetHints":{"allow":["GET"]}}],"collection":[{"href":"https:\/\/agora.xtec.cat\/escolaortiz\/wp-json\/wp\/v2\/pages"}],"about":[{"href":"https:\/\/agora.xtec.cat\/escolaortiz\/wp-json\/wp\/v2\/types\/page"}],"author":[{"embeddable":true,"href":"https:\/\/agora.xtec.cat\/escolaortiz\/wp-json\/wp\/v2\/users\/5"}],"replies":[{"embeddable":true,"href":"https:\/\/agora.xtec.cat\/escolaortiz\/wp-json\/wp\/v2\/comments?post=4243"}],"version-history":[{"count":4,"href":"https:\/\/agora.xtec.cat\/escolaortiz\/wp-json\/wp\/v2\/pages\/4243\/revisions"}],"predecessor-version":[{"id":4355,"href":"https:\/\/agora.xtec.cat\/escolaortiz\/wp-json\/wp\/v2\/pages\/4243\/revisions\/4355"}],"up":[{"embeddable":true,"href":"https:\/\/agora.xtec.cat\/escolaortiz\/wp-json\/wp\/v2\/pages\/64"}],"wp:attachment":[{"href":"https:\/\/agora.xtec.cat\/escolaortiz\/wp-json\/wp\/v2\/media?parent=4243"}],"curies":[{"name":"wp","href":"https:\/\/api.w.org\/{rel}","templated":true}]}}