{"id":38,"date":"2014-09-18T12:34:08","date_gmt":"2014-09-18T11:34:08","guid":{"rendered":"http:\/\/agora.xtec.cat\/escolaortiz\/?page_id=38"},"modified":"2026-01-28T12:31:08","modified_gmt":"2026-01-28T11:31:08","slug":"salut","status":"publish","type":"page","link":"https:\/\/agora.xtec.cat\/escolaortiz\/lescola\/salut\/","title":{"rendered":"Salut"},"content":{"rendered":"<p><a href=\"https:\/\/agora.xtec.cat\/escolaortiz\/wp-content\/uploads\/usu541\/2019\/04\/kit-1704526_960_720-e1556538995220.png\"><img loading=\"lazy\" decoding=\"async\" class=\"alignnone size-full wp-image-932\" src=\"https:\/\/agora.xtec.cat\/escolaortiz\/wp-content\/uploads\/usu541\/2019\/04\/kit-1704526_960_720-e1556538995220.png\" alt=\"\" width=\"200\" height=\"200\" \/><\/a><\/p>\n<ul>\n<li><span style=\"text-decoration: underline;\"><em><strong>Malalties<\/strong><\/em><\/span>\n<ul>\n<li>En el moment que la fam\u00edlia detecti que el nen\/a t\u00e9 febre, v\u00f2mits, diarrea, o pateix alguna malaltia infecciosa (grip, varicel\u00b7la, galteres, conjuntivitis, fongs,\u2026.) no hem de portar l&#8217;alumne a l&#8217;escola. En aquest cas, cal comunicar a l\u2019escola (tutor\/a) el motiu d\u2019abs\u00e8ncia de l\u2019alumne, notificant-ho a l&#8217;apartat de comunicacions de l&#8217;agenda de l&#8217;escola. Podeu trucar a l&#8217;escola i comunicar-ho verbalment en el primer moment que detecteu la malaltia, per\u00f2 recordeu tamb\u00e9 justificar l&#8217;abs\u00e8ncia a l&#8217;agenda.<\/li>\n<\/ul>\n<\/li>\n<li><a href=\"https:\/\/drive.google.com\/file\/d\/1aRFwSzBAbdYEv03Rmq8mbdWQgFXqCfLs\/view?usp=sharing\" target=\"_blank\" rel=\"noopener noreferrer\"><span style=\"text-decoration: underline;\"><em><strong>Administraci\u00f3 de medicaments<\/strong><\/em><\/span><\/a>\n<ul>\n<li>En cas que l\u2019alumne\/a necessiti prendre alguna medicaci\u00f3 durant l\u2019horari escolar, caldr\u00e0 que feu arribar al seu tutor\/a, una recepta o un informe del metge on consti el nom i cognoms del nen\/a, el nom del medicament i la pauta que s\u2019ha de seguir (moment del dia i quantitat que ha de prendre). Aix\u00ed mateix, tamb\u00e9 s\u2019haur\u00e0 de portar un escrit on l\u2019adult responsable de l\u2019alumne autoritzi al personal del centre educatiu perqu\u00e8 li administrin la medicaci\u00f3 receptada.(Autoritzaci\u00f3). Clicant a l&#8217;encap\u00e7alament podreu descarregar-vos el document i portar-lo a l&#8217;escola quan el necessiteu.<\/li>\n<\/ul>\n<\/li>\n<li><a href=\"https:\/\/drive.google.com\/file\/d\/1_UlILp4mC8jLaJ9VraUqMXhl-SSPFDkU\/view?usp=sharing\" target=\"_blank\" rel=\"&quot;noopener noopener noreferrer\"><span style=\"text-decoration: underline;\"><strong><em>Administraci\u00f3 de Paracetamol<\/em><\/strong><\/span><\/a>\n<ul>\n<li>En cas que l&#8217;alumne\/a, durant l&#8217;horari lectiu, pateixi una pujada de febre, i mentre que pogueu arribar a l&#8217;escola per recollir-lo, podeu autoritzar-nos a administrar-li Paracetamol. Si desitgeu fer-nos aquesta autoritzaci\u00f3 cliqueu l&#8217;encap\u00e7alament i podreu descarregar-vos el document i portar-lo a l&#8217;escola.<\/li>\n<\/ul>\n<\/li>\n<li><span style=\"text-decoration: underline;\"><em><strong>Detecci\u00f3 de par\u00e0sits (polls)<\/strong><\/em><\/span>\n<ul>\n<li>Els par\u00e0sits (polls) \u00e9s un tema freq\u00fcent a les escoles en determinades \u00e8poques de l\u2019any. Preguem vigileu els vostres fills\/es i prengueu les mesures oportunes: els netegeu b\u00e9 de polls i ll\u00e9menes i no els porteu a l\u2019escola fins que no estigui resolt el problema per evitar aix\u00ed continuar encomanant-los els uns als altres.<\/li>\n<\/ul>\n<\/li>\n<\/ul>\n<p style=\"text-align: center;\"><a href=\"http:\/\/agora.xtec.cat\/escolaortiz\/lescola\/salut\/deteccio-de-parasits-polls\/\" target=\"_blank\" rel=\"noopener noreferrer\">V\u00eddeo &#8220;Male\u00efts Polls&#8221;<\/a><a href=\"http:\/\/agora.xtec.cat\/escolaortiz\/lescola\/salut\/deteccio-de-parasits-polls\/\" target=\"_blank\" rel=\"noopener noreferrer\"><img loading=\"lazy\" decoding=\"async\" class=\"alignnone\" src=\"https:\/\/agora.xtec.cat\/escolaortiz\/wp-content\/uploads\/usu541\/2019\/02\/1A4JdHw_400x400-e1549922308638.jpg\" alt=\"\" width=\"200\" height=\"200\" \/><\/a><\/p>\n<p style=\"text-align: center;\"><iframe loading=\"lazy\" src=\"https:\/\/www.youtube.com\/embed\/Tak3qj5TuYM\" width=\"560\" height=\"315\" frameborder=\"0\"><\/iframe><\/p>\n","protected":false},"excerpt":{"rendered":"<p>Malalties En el moment que la fam\u00edlia detecti que el nen\/a t\u00e9 febre, v\u00f2mits, diarrea, o pateix alguna malaltia infecciosa (grip, varicel\u00b7la, galteres, conjuntivitis, fongs,\u2026.) no hem de portar l&#8217;alumne a l&#8217;escola. En aquest cas, cal comunicar a l\u2019escola (tutor\/a) el motiu d\u2019abs\u00e8ncia de l\u2019alumne, notificant-ho a l&#8217;apartat de comunicacions de l&#8217;agenda de l&#8217;escola. Podeu [&hellip;]<\/p>\n","protected":false},"author":1,"featured_media":0,"parent":22,"menu_order":110,"comment_status":"closed","ping_status":"closed","template":"","meta":{"_bbp_topic_count":0,"_bbp_reply_count":0,"_bbp_total_topic_count":0,"_bbp_total_reply_count":0,"_bbp_voice_count":0,"_bbp_anonymous_reply_count":0,"_bbp_topic_count_hidden":0,"_bbp_reply_count_hidden":0,"_bbp_forum_subforum_count":0,"site-sidebar-layout":"default","site-content-layout":"","ast-site-content-layout":"default","site-content-style":"default","site-sidebar-style":"default","ast-global-header-display":"","ast-banner-title-visibility":"","ast-main-header-display":"","ast-hfb-above-header-display":"","ast-hfb-below-header-display":"","ast-hfb-mobile-header-display":"","site-post-title":"","ast-breadcrumbs-content":"","ast-featured-img":"","footer-sml-layout":"","theme-transparent-header-meta":"","adv-header-id-meta":"","stick-header-meta":"","header-above-stick-meta":"","header-main-stick-meta":"","header-below-stick-meta":"","astra-migrate-meta-layouts":"set","ast-page-background-enabled":"default","ast-page-background-meta":{"desktop":{"background-color":"var(--ast-global-color-4)","background-image":"","background-repeat":"repeat","background-position":"center center","background-size":"auto","background-attachment":"scroll","background-type":"","background-media":"","overlay-type":"","overlay-color":"","overlay-opacity":"","overlay-gradient":""},"tablet":{"background-color":"","background-image":"","background-repeat":"repeat","background-position":"center center","background-size":"auto","background-attachment":"scroll","background-type":"","background-media":"","overlay-type":"","overlay-color":"","overlay-opacity":"","overlay-gradient":""},"mobile":{"background-color":"","background-image":"","background-repeat":"repeat","background-position":"center center","background-size":"auto","background-attachment":"scroll","background-type":"","background-media":"","overlay-type":"","overlay-color":"","overlay-opacity":"","overlay-gradient":""}},"ast-content-background-meta":{"desktop":{"background-color":"var(--ast-global-color-5)","background-image":"","background-repeat":"repeat","background-position":"center center","background-size":"auto","background-attachment":"scroll","background-type":"","background-media":"","overlay-type":"","overlay-color":"","overlay-opacity":"","overlay-gradient":""},"tablet":{"background-color":"var(--ast-global-color-5)","background-image":"","background-repeat":"repeat","background-position":"center center","background-size":"auto","background-attachment":"scroll","background-type":"","background-media":"","overlay-type":"","overlay-color":"","overlay-opacity":"","overlay-gradient":""},"mobile":{"background-color":"var(--ast-global-color-5)","background-image":"","background-repeat":"repeat","background-position":"center center","background-size":"auto","background-attachment":"scroll","background-type":"","background-media":"","overlay-type":"","overlay-color":"","overlay-opacity":"","overlay-gradient":""}},"footnotes":""},"class_list":["post-38","page","type-page","status-publish","hentry"],"post_mailing_queue_ids":[],"_links":{"self":[{"href":"https:\/\/agora.xtec.cat\/escolaortiz\/wp-json\/wp\/v2\/pages\/38","targetHints":{"allow":["GET"]}}],"collection":[{"href":"https:\/\/agora.xtec.cat\/escolaortiz\/wp-json\/wp\/v2\/pages"}],"about":[{"href":"https:\/\/agora.xtec.cat\/escolaortiz\/wp-json\/wp\/v2\/types\/page"}],"author":[{"embeddable":true,"href":"https:\/\/agora.xtec.cat\/escolaortiz\/wp-json\/wp\/v2\/users\/1"}],"replies":[{"embeddable":true,"href":"https:\/\/agora.xtec.cat\/escolaortiz\/wp-json\/wp\/v2\/comments?post=38"}],"version-history":[{"count":5,"href":"https:\/\/agora.xtec.cat\/escolaortiz\/wp-json\/wp\/v2\/pages\/38\/revisions"}],"predecessor-version":[{"id":6667,"href":"https:\/\/agora.xtec.cat\/escolaortiz\/wp-json\/wp\/v2\/pages\/38\/revisions\/6667"}],"up":[{"embeddable":true,"href":"https:\/\/agora.xtec.cat\/escolaortiz\/wp-json\/wp\/v2\/pages\/22"}],"wp:attachment":[{"href":"https:\/\/agora.xtec.cat\/escolaortiz\/wp-json\/wp\/v2\/media?parent=38"}],"curies":[{"name":"wp","href":"https:\/\/api.w.org\/{rel}","templated":true}]}}