{"id":26,"date":"2014-09-18T12:24:32","date_gmt":"2014-09-18T11:24:32","guid":{"rendered":"http:\/\/agora.xtec.cat\/escolaortiz\/?page_id=26"},"modified":"2025-07-07T12:06:28","modified_gmt":"2025-07-07T10:06:28","slug":"historia","status":"publish","type":"page","link":"https:\/\/agora.xtec.cat\/escolaortiz\/lescola\/historia\/","title":{"rendered":"Hist\u00f2ria"},"content":{"rendered":"\n<figure class=\"wp-block-image\"><a href=\"https:\/\/agora.xtec.cat\/escolaortiz\/wp-content\/uploads\/usu541\/2019\/05\/book-1659717__340-e1556779531358.jpg\"><img loading=\"lazy\" decoding=\"async\" width=\"200\" height=\"115\" src=\"https:\/\/agora.xtec.cat\/escolaortiz\/wp-content\/uploads\/usu541\/2019\/05\/book-1659717__340-e1556779531358.jpg\" alt=\"\" class=\"wp-image-934\"\/><\/a><\/figure>\n\n\n\n<p><\/p>\n\n\n\n<p>L&#8217;Escola Jos\u00e9 Juan Ortiz va ser inaugurada el 5 d&#8217;agost de 1982. En el seu inici es tractava d&#8217;una escola d&#8217;una l\u00ednia ubicada a l&#8217;edifici blanc i en un edifici independent que acollia aules i l&#8217;espai de menjador.<\/p>\n\n\n\n<p>Arrel de la construcci\u00f3 de nombroses edificacions ubicades al voltat de l\u2019escola degut a un increment de la poblaci\u00f3 que treballa a Barcelona i zona metropolitana, s\u2019inicia una RAM (Reforma, ampliaci\u00f3 i millora) del centre. Aquestes obres van finalitzar l\u2019any 2005. El curs 2005\/2006 s\u2019inauguren les obres d\u2019ampliaci\u00f3 per l&#8217;Honorable Consellera Sra. Marta Cid i l\u2019Il\u00b7lustr\u00edssim Alcalde de Sant Andreu, Sr. Enric Llorca.<\/p>\n\n\n\n<p>Aquesta ampliaci\u00f3 va significar nous espais com gimn\u00e0s, aula de psicomotricitat, aules d\u2019especialitats, biblioteca, etc.<\/p>\n\n\n\n<p>Actualment, som una escola que acull 238 alumnes, organitzats en una l\u00ednia educativa des d\u2019I3 fins a 4t, i en doble l\u00ednia a 5\u00e8 i 6\u00e8. El claustre est\u00e0 format per 22&nbsp; docents, distribu\u00efts de la seg\u00fcent manera:<\/p>\n\n\n\n<div>6 prim\u00e0ria<\/div>\n\n\n\n<div>5 Educaci\u00f3 Infantil<\/div>\n\n\n\n<div>2 Educaci\u00f3 F\u00edsica<\/div>\n\n\n\n<div>2 M\u00fasica<\/div>\n\n\n\n<div>2 Pedagogia&nbsp;terap\u00e8utica<\/div>\n\n\n\n<div>2 angl\u00e8s<\/div>\n\n\n\n<div>1 tutor\/a Aula&nbsp;d&#8217;acollida<\/div>\n\n\n\n<div>1 tutor\/a SIEI<\/div>\n\n\n\n<div>1 mestre religi\u00f3<\/div>\n\n\n\n<div>Personal PAS 1<\/div>\n\n\n\n<div>Personal PAE 2 (1 TEI, 1 Educadora)<\/div>\n\n\n\n<div>&nbsp;<\/div>\n\n\n\n<div>\u00a0<\/div>\n\n\n\n<p style=\"padding-top:var(--wp--preset--spacing--30);padding-bottom:var(--wp--preset--spacing--30)\">El seu nom, \u201cJos\u00e9 Juan Ortiz\u201d, es deu a un mestre de la localitat, gran impulsor de l\u2019escola p\u00fablica que va morir a edat primerenca. En el seu honor i com a precursor de l\u2019escolaritzaci\u00f3 de tot l\u2019alumnat de la poblaci\u00f3 en centres p\u00fablics, l\u2019escola va prendre el seu nom.<\/p>\n","protected":false},"excerpt":{"rendered":"<p>L&#8217;Escola Jos\u00e9 Juan Ortiz va ser inaugurada el 5 d&#8217;agost de 1982. En el seu inici es tractava d&#8217;una escola d&#8217;una l\u00ednia ubicada a l&#8217;edifici blanc i en un edifici independent que acollia aules i l&#8217;espai de menjador. Arrel de la construcci\u00f3 de nombroses edificacions ubicades al voltat de l\u2019escola degut a un increment de [&hellip;]<\/p>\n","protected":false},"author":1,"featured_media":0,"parent":22,"menu_order":20,"comment_status":"closed","ping_status":"closed","template":"","meta":{"_bbp_topic_count":0,"_bbp_reply_count":0,"_bbp_total_topic_count":0,"_bbp_total_reply_count":0,"_bbp_voice_count":0,"_bbp_anonymous_reply_count":0,"_bbp_topic_count_hidden":0,"_bbp_reply_count_hidden":0,"_bbp_forum_subforum_count":0,"site-sidebar-layout":"default","site-content-layout":"","ast-site-content-layout":"default","site-content-style":"default","site-sidebar-style":"default","ast-global-header-display":"","ast-banner-title-visibility":"","ast-main-header-display":"","ast-hfb-above-header-display":"","ast-hfb-below-header-display":"","ast-hfb-mobile-header-display":"","site-post-title":"","ast-breadcrumbs-content":"","ast-featured-img":"","footer-sml-layout":"","theme-transparent-header-meta":"","adv-header-id-meta":"","stick-header-meta":"","header-above-stick-meta":"","header-main-stick-meta":"","header-below-stick-meta":"","astra-migrate-meta-layouts":"set","ast-page-background-enabled":"default","ast-page-background-meta":{"desktop":{"background-color":"var(--ast-global-color-4)","background-image":"","background-repeat":"repeat","background-position":"center center","background-size":"auto","background-attachment":"scroll","background-type":"","background-media":"","overlay-type":"","overlay-color":"","overlay-opacity":"","overlay-gradient":""},"tablet":{"background-color":"","background-image":"","background-repeat":"repeat","background-position":"center center","background-size":"auto","background-attachment":"scroll","background-type":"","background-media":"","overlay-type":"","overlay-color":"","overlay-opacity":"","overlay-gradient":""},"mobile":{"background-color":"","background-image":"","background-repeat":"repeat","background-position":"center center","background-size":"auto","background-attachment":"scroll","background-type":"","background-media":"","overlay-type":"","overlay-color":"","overlay-opacity":"","overlay-gradient":""}},"ast-content-background-meta":{"desktop":{"background-color":"var(--ast-global-color-5)","background-image":"","background-repeat":"repeat","background-position":"center center","background-size":"auto","background-attachment":"scroll","background-type":"","background-media":"","overlay-type":"","overlay-color":"","overlay-opacity":"","overlay-gradient":""},"tablet":{"background-color":"var(--ast-global-color-5)","background-image":"","background-repeat":"repeat","background-position":"center center","background-size":"auto","background-attachment":"scroll","background-type":"","background-media":"","overlay-type":"","overlay-color":"","overlay-opacity":"","overlay-gradient":""},"mobile":{"background-color":"var(--ast-global-color-5)","background-image":"","background-repeat":"repeat","background-position":"center center","background-size":"auto","background-attachment":"scroll","background-type":"","background-media":"","overlay-type":"","overlay-color":"","overlay-opacity":"","overlay-gradient":""}},"footnotes":""},"class_list":["post-26","page","type-page","status-publish","hentry"],"post_mailing_queue_ids":[],"_links":{"self":[{"href":"https:\/\/agora.xtec.cat\/escolaortiz\/wp-json\/wp\/v2\/pages\/26","targetHints":{"allow":["GET"]}}],"collection":[{"href":"https:\/\/agora.xtec.cat\/escolaortiz\/wp-json\/wp\/v2\/pages"}],"about":[{"href":"https:\/\/agora.xtec.cat\/escolaortiz\/wp-json\/wp\/v2\/types\/page"}],"author":[{"embeddable":true,"href":"https:\/\/agora.xtec.cat\/escolaortiz\/wp-json\/wp\/v2\/users\/1"}],"replies":[{"embeddable":true,"href":"https:\/\/agora.xtec.cat\/escolaortiz\/wp-json\/wp\/v2\/comments?post=26"}],"version-history":[{"count":6,"href":"https:\/\/agora.xtec.cat\/escolaortiz\/wp-json\/wp\/v2\/pages\/26\/revisions"}],"predecessor-version":[{"id":6039,"href":"https:\/\/agora.xtec.cat\/escolaortiz\/wp-json\/wp\/v2\/pages\/26\/revisions\/6039"}],"up":[{"embeddable":true,"href":"https:\/\/agora.xtec.cat\/escolaortiz\/wp-json\/wp\/v2\/pages\/22"}],"wp:attachment":[{"href":"https:\/\/agora.xtec.cat\/escolaortiz\/wp-json\/wp\/v2\/media?parent=26"}],"curies":[{"name":"wp","href":"https:\/\/api.w.org\/{rel}","templated":true}]}}