{"id":6798,"date":"2023-01-27T09:18:39","date_gmt":"2023-01-27T08:18:39","guid":{"rendered":"https:\/\/agora.xtec.cat\/escolaolivera\/?page_id=6798"},"modified":"2026-02-04T11:30:07","modified_gmt":"2026-02-04T10:30:07","slug":"portes-obertes","status":"publish","type":"page","link":"https:\/\/agora.xtec.cat\/escolaolivera\/lescola\/portes-obertes\/","title":{"rendered":"Portes obertes 2026-27"},"content":{"rendered":"<h4><strong>Quin dia farem les Portes obertes de L&#8217;Olivera?<\/strong><\/h4>\n<ul>\n<li>El 21 de febrer de 2026<\/li>\n<\/ul>\n<h4><strong>Qu\u00e8 heu de fer si voleu venir a con\u00e8ixer la nostra escola?<\/strong><\/h4>\n<ul>\n<li style=\"font-weight: 400;\" aria-level=\"1\"><span style=\"font-weight: 400;\">Demanar <a href=\"https:\/\/aplicacions.gestioeducativa.gencat.cat\/ords\/pls\/apex\/f?p=CITA_PREVIA:4::::4:P4_TIPUS_CALENDARI,P4_DOMINI:01_JPO_O,08014905\"><strong>CITA PR\u00c8VIA<\/strong><\/a> (a partir del 2 de febrer)<\/span><\/li>\n<\/ul>\n<h4><strong>Com funciona la Cita pr\u00e8via?<\/strong><\/h4>\n<ul>\n<li style=\"font-weight: 400;\" aria-level=\"2\"><span style=\"font-weight: 400;\">Cal agafar una cita per fam\u00edlia (dos adults).<\/span><\/li>\n<li style=\"font-weight: 400;\" aria-level=\"2\"><span style=\"font-weight: 400;\">Indiqueu el curs que us interessa a l\u2019espai: Motiu\/Observaci\u00f3.<\/span><\/li>\n<\/ul>\n<h4><strong>Com ser\u00e0 la jornada de Portes obertes?<\/strong><\/h4>\n<ul>\n<li aria-level=\"2\">Us rebrem i us explicarem com \u00e9s la nostra escola, l&#8217;alumnat de 6\u00e8 us acompanyar\u00e0 i guiar\u00e0 pels diferents espais del centre, on diferents mestres del nostre equip docent us explicaran com \u00e9s el dia a dia de la nostra escola i us resoldran els dubtes que pugueu tenir i, finalment, l&#8217;AFA us informar\u00e0 dels serveis que gestiona i la seva funci\u00f3 a l&#8217;escola.<\/li>\n<li style=\"font-weight: 400;\" aria-level=\"2\"><span style=\"font-weight: 400;\">Donat que \u00e9s una visita explicativa, farem el recorregut sense infants. En cas que vingueu amb els vostres fills i filles, tindrem un espai de ludoteca preparat.<\/span><\/li>\n<\/ul>\n<h4><strong>Voleu saber m\u00e9s coses de l\u2019escola?<\/strong><\/h4>\n<ul>\n<li style=\"font-weight: 400;\" aria-level=\"1\"><span style=\"font-weight: 400;\">A la nostra web trobareu molta informaci\u00f3: <a href=\"http:\/\/www.escolaolivera.cat\">www.escolaolivera.cat<\/a><\/span><\/li>\n<li style=\"font-weight: 400;\" aria-level=\"1\"><span style=\"font-weight: 400;\">Seguiu-nos a l\u2019<a href=\"https:\/\/www.instagram.com\/escolaolivera\/\">Instagram.<\/a><\/span><\/li>\n<li aria-level=\"1\">Podreu veure un <a href=\"https:\/\/sites.google.com\/escolaolivera.cat\/portes-obertes23\/p%C3%A0gina-principal\">v\u00eddeo<\/a> de presentaci\u00f3 a la nostra web.<\/li>\n<\/ul>\n","protected":false},"excerpt":{"rendered":"<p>Quin dia farem les Portes obertes de L&#8217;Olivera? El 21 de febrer de 2026 Qu\u00e8 heu de fer si voleu venir a con\u00e8ixer la nostra escola? Demanar CITA PR\u00c8VIA (a partir del 2 de febrer) Com funciona la Cita pr\u00e8via? Cal agafar una cita per fam\u00edlia (dos adults). Indiqueu el curs que us interessa a [&hellip;]<\/p>\n","protected":false},"author":1,"featured_media":0,"parent":22,"menu_order":52,"comment_status":"closed","ping_status":"closed","template":"","meta":{"_bbp_topic_count":0,"_bbp_reply_count":0,"_bbp_total_topic_count":0,"_bbp_total_reply_count":0,"_bbp_voice_count":0,"_bbp_anonymous_reply_count":0,"_bbp_topic_count_hidden":0,"_bbp_reply_count_hidden":0,"_bbp_forum_subforum_count":0,"site-sidebar-layout":"default","site-content-layout":"","ast-site-content-layout":"default","site-content-style":"default","site-sidebar-style":"default","ast-global-header-display":"","ast-banner-title-visibility":"","ast-main-header-display":"","ast-hfb-above-header-display":"","ast-hfb-below-header-display":"","ast-hfb-mobile-header-display":"","site-post-title":"","ast-breadcrumbs-content":"","ast-featured-img":"","footer-sml-layout":"","theme-transparent-header-meta":"default","adv-header-id-meta":"","stick-header-meta":"","header-above-stick-meta":"","header-main-stick-meta":"","header-below-stick-meta":"","astra-migrate-meta-layouts":"set","ast-page-background-enabled":"default","ast-page-background-meta":{"desktop":{"background-color":"var(--ast-global-color-4)","background-image":"","background-repeat":"repeat","background-position":"center center","background-size":"auto","background-attachment":"scroll","background-type":"","background-media":"","overlay-type":"","overlay-color":"","overlay-opacity":"","overlay-gradient":""},"tablet":{"background-color":"","background-image":"","background-repeat":"repeat","background-position":"center center","background-size":"auto","background-attachment":"scroll","background-type":"","background-media":"","overlay-type":"","overlay-color":"","overlay-opacity":"","overlay-gradient":""},"mobile":{"background-color":"","background-image":"","background-repeat":"repeat","background-position":"center center","background-size":"auto","background-attachment":"scroll","background-type":"","background-media":"","overlay-type":"","overlay-color":"","overlay-opacity":"","overlay-gradient":""}},"ast-content-background-meta":{"desktop":{"background-color":"var(--ast-global-color-5)","background-image":"","background-repeat":"repeat","background-position":"center center","background-size":"auto","background-attachment":"scroll","background-type":"","background-media":"","overlay-type":"","overlay-color":"","overlay-opacity":"","overlay-gradient":""},"tablet":{"background-color":"var(--ast-global-color-5)","background-image":"","background-repeat":"repeat","background-position":"center center","background-size":"auto","background-attachment":"scroll","background-type":"","background-media":"","overlay-type":"","overlay-color":"","overlay-opacity":"","overlay-gradient":""},"mobile":{"background-color":"var(--ast-global-color-5)","background-image":"","background-repeat":"repeat","background-position":"center center","background-size":"auto","background-attachment":"scroll","background-type":"","background-media":"","overlay-type":"","overlay-color":"","overlay-opacity":"","overlay-gradient":""}},"footnotes":""},"class_list":["post-6798","page","type-page","status-publish","hentry"],"post_mailing_queue_ids":[],"_links":{"self":[{"href":"https:\/\/agora.xtec.cat\/escolaolivera\/wp-json\/wp\/v2\/pages\/6798","targetHints":{"allow":["GET"]}}],"collection":[{"href":"https:\/\/agora.xtec.cat\/escolaolivera\/wp-json\/wp\/v2\/pages"}],"about":[{"href":"https:\/\/agora.xtec.cat\/escolaolivera\/wp-json\/wp\/v2\/types\/page"}],"author":[{"embeddable":true,"href":"https:\/\/agora.xtec.cat\/escolaolivera\/wp-json\/wp\/v2\/users\/1"}],"replies":[{"embeddable":true,"href":"https:\/\/agora.xtec.cat\/escolaolivera\/wp-json\/wp\/v2\/comments?post=6798"}],"version-history":[{"count":6,"href":"https:\/\/agora.xtec.cat\/escolaolivera\/wp-json\/wp\/v2\/pages\/6798\/revisions"}],"predecessor-version":[{"id":7788,"href":"https:\/\/agora.xtec.cat\/escolaolivera\/wp-json\/wp\/v2\/pages\/6798\/revisions\/7788"}],"up":[{"embeddable":true,"href":"https:\/\/agora.xtec.cat\/escolaolivera\/wp-json\/wp\/v2\/pages\/22"}],"wp:attachment":[{"href":"https:\/\/agora.xtec.cat\/escolaolivera\/wp-json\/wp\/v2\/media?parent=6798"}],"curies":[{"name":"wp","href":"https:\/\/api.w.org\/{rel}","templated":true}]}}