{"id":563,"date":"2016-07-21T16:02:31","date_gmt":"2016-07-21T15:02:31","guid":{"rendered":"http:\/\/agora.xtec.cat\/escolaolivera\/?page_id=563"},"modified":"2026-04-15T09:36:55","modified_gmt":"2026-04-15T07:36:55","slug":"preinscripcio-i-matricula","status":"publish","type":"page","link":"https:\/\/agora.xtec.cat\/escolaolivera\/lescola\/preinscripcio-i-matricula\/","title":{"rendered":"Preinscripci\u00f3 i Matriculaci\u00f3"},"content":{"rendered":"<div class=\"FW_sArticleFoto\">\n<p><img decoding=\"async\" src=\"https:\/\/preinscripcio.gencat.cat\/web\/.content\/inici\/imatge-impacte.jpg\" alt=\"Portal de preinscripci\u00f3 del Departament d\u2019Educaci\u00f3 i Formaci\u00f3 Professional\" \/><\/p>\n<p><span style=\"font-size: 1.6875em; font-weight: bold;\">PREINSCRIPCI\u00d3:<\/span><\/p>\n<\/div>\n<p><strong>Presentaci\u00f3 de sol\u00b7licituds:<\/strong><\/p>\n<ul>\n<li>Educaci\u00f3 infantil (3-6 anys) i educaci\u00f3 prim\u00e0ria:\u00a0<strong>del 4 al 18 de mar\u00e7<\/strong><\/li>\n<li>Educaci\u00f3 secund\u00e0ria obligat\u00f2ria:\u00a0<strong>del 6 al 18 de mar\u00e7<\/strong><\/li>\n<\/ul>\n<p><strong>Oferta de places<\/strong><\/p>\n<ul>\n<li>Oferta inicial de places<\/li>\n<li>(Cercador) (Codi de Centre: 08014905)<\/li>\n<li>Presentaci\u00f3 sol\u00b7licitud\u00a0 (<strong>S\u2019activar\u00e0 l\u2019aplicatiu el primer dia del per\u00edode<\/strong>) El nostre <strong>codi de centre<\/strong>\u00a0\u00e9s:\u00a0<strong>08014905<\/strong><\/li>\n<li>Oferta definitiva de places<\/li>\n<li>Informe d&#8217;alumnes matriculats<\/li>\n<\/ul>\n<p><strong>CALENDARI:\u00a0 <a href=\"https:\/\/espai.educacio.gencat.cat\/Alumnes\/PreinscripcioMatricula\/Calendari-preins-infantil\/Pagines\/Calendari-Infantil-Primaria.aspx\">ENLLA\u00c7<\/a><\/strong><\/p>\n<table class=\"ms-rteTable-9\" style=\"width: 100%; height: 1709px;\">\n<tbody>\n<tr class=\"ms-rteTableHeaderRow-9\" style=\"height: 69px;\">\n<th class=\"xl30 ms-rteTableHeaderEvenCol-9\" style=\"height: 69px;\" colspan=\"1\" rowspan=\"1\"><strong>Fases de la preinscripci\u00f3\u200b\u200b\u200b<\/strong><\/th>\n<th class=\"xl32 ms-rteTableHeaderOddCol-9\" style=\"height: 69px;\" colspan=\"1\" rowspan=\"1\"><strong>Aplicaci\u00f3<\/strong><\/th>\n<th class=\"xl32 ms-rteTableHeaderEvenCol-9\" style=\"height: 69px;\" colspan=\"1\" rowspan=\"1\"><strong>Dates<\/strong><\/th>\n<\/tr>\n<tr class=\"ms-rteTableOddRow-9\" style=\"height: 98px;\">\n<td class=\"xl34 ms-rteTableEvenCol-9\" style=\"height: 98px;\" height=\"18\">Gesti\u00f3 de l&#8217;oferta (reserva per a\u00a0alumnes del centre)<\/td>\n<td class=\"xl35 ms-rteTableOddCol-9\" style=\"height: 98px;\" width=\"75\">GEDAC<\/td>\n<td class=\"xl36 ms-rteTableEvenCol-9\" style=\"height: 98px;\" width=\"138\">del 19 al 24 de febrer<\/td>\n<\/tr>\n<tr class=\"ms-rteTableEvenRow-9\" style=\"height: 69px;\">\n<td class=\"xl23 ms-rteTableEvenCol-9\" style=\"height: 69px;\" height=\"18\"><a href=\"https:\/\/drive.google.com\/file\/d\/1E0iAm61pmfBTJUvOhCGIaoYs-zo4D7pc\/view?usp=sharing\">Publicaci\u00f3 de l&#8217;oferta inicial<\/a><\/td>\n<td class=\"xl19 ms-rteTableOddCol-9\" style=\"height: 69px;\" width=\"75\">GEDAC<\/td>\n<td class=\"xl22 ms-rteTableEvenCol-9\" style=\"height: 69px;\" width=\"138\">3 de mar\u00e7<\/td>\n<\/tr>\n<tr class=\"ms-rteTableOddRow-9\" style=\"height: 98px;\">\n<td class=\"xl23 ms-rteTableEvenCol-9\" style=\"background-color: #e6c81e; height: 98px;\" height=\"18\"><strong>Presentaci\u00f3 i\/o modificaci\u00f3 de sol\u00b7licituds<\/strong><\/td>\n<td class=\"xl19 ms-rteTableOddCol-9\" style=\"background-color: #e6c81e; height: 98px;\" width=\"75\"><strong>GEDAC<\/strong><\/td>\n<td class=\"xl22 ms-rteTableEvenCol-9\" style=\"background-color: #e6c81e; height: 98px;\" width=\"138\"><strong>del 4 al 18 de mar\u00e7<\/strong><\/td>\n<\/tr>\n<tr class=\"ms-rteTableEvenRow-9\" style=\"height: 98px;\">\n<td class=\"xl23 ms-rteTableEvenCol-9\" style=\"height: 98px;\" height=\"18\">Presentaci\u00f3 de documentaci\u00f3<\/td>\n<td class=\"xl19 ms-rteTableOddCol-9\" style=\"height: 98px;\" width=\"75\">GEDAC<\/td>\n<td class=\"xl22 ms-rteTableEvenCol-9\" style=\"height: 98px;\" width=\"138\">fins al 19 de mar\u00e7<\/td>\n<\/tr>\n<tr class=\"ms-rteTableOddRow-9\" style=\"height: 98px;\">\n<td class=\"xl25 ms-rteTableEvenCol-9\" style=\"height: 98px;\" height=\"38\">Gesti\u00f3 i validaci\u00f3 de sol\u00b7licituds (barem provisional)<\/td>\n<td class=\"xl19 ms-rteTableOddCol-9\" style=\"height: 98px;\" width=\"75\">GEDAC<\/td>\n<td class=\"xl22 ms-rteTableEvenCol-9\" style=\"height: 98px;\" width=\"138\">del 20 de mar\u00e7 al 13 d&#8217;abril<\/td>\n<\/tr>\n<tr class=\"ms-rteTableEvenRow-9\" style=\"height: 69px;\">\n<td class=\"xl23 ms-rteTableEvenCol-9\" style=\"height: 69px; background-color: #e6c800;\" height=\"18\"><a href=\"https:\/\/drive.google.com\/file\/d\/1q2rHLGi_fDWCffvZcqS92AkZ3YaQQBAw\/view?usp=sharing\"><strong>Publicaci\u00f3 de la llista de barem provisional<\/strong><\/a><\/td>\n<td class=\"xl19 ms-rteTableOddCol-9\" style=\"height: 69px; background-color: #e6c800;\" width=\"75\"><strong>GEDAC<\/strong><\/td>\n<td class=\"xl22 ms-rteTableEvenCol-9\" style=\"height: 69px; background-color: #e6c800;\" width=\"138\"><strong>15 d&#8217;abril<\/strong><\/td>\n<\/tr>\n<tr class=\"ms-rteTableOddRow-9\" style=\"height: 98px;\">\n<td class=\"xl23 ms-rteTableEvenCol-9\" style=\"height: 98px;\" height=\"18\">Presentaci\u00f3 reclamacions a la llista barem provisional<\/td>\n<td class=\"xl19 ms-rteTableOddCol-9\" style=\"height: 98px;\" width=\"75\">GEDAC<\/td>\n<td class=\"xl22 ms-rteTableEvenCol-9\" style=\"height: 98px;\" width=\"138\">del 15 al 20 d&#8217;abril<\/td>\n<\/tr>\n<tr class=\"ms-rteTableEvenRow-9\" style=\"height: 98px;\">\n<td class=\"xl23 ms-rteTableEvenCol-9\" style=\"height: 98px;\" height=\"18\">Gesti\u00f3 reclamacions<\/td>\n<td class=\"xl19 ms-rteTableOddCol-9\" style=\"height: 98px;\" width=\"75\">GEDAC<\/td>\n<td class=\"xl22 ms-rteTableEvenCol-9\" style=\"height: 98px;\" width=\"138\">del 16 al 21 d&#8217;abril<\/td>\n<\/tr>\n<tr class=\"ms-rteTableOddRow-9\" style=\"height: 69px;\">\n<td class=\"xl23 ms-rteTableEvenCol-9\" style=\"height: 69px;\" height=\"18\">Publicaci\u00f3 de la llista barem resoltes reclamacions<\/td>\n<td class=\"xl19 ms-rteTableOddCol-9\" style=\"height: 69px;\" width=\"75\">GEDAC<\/td>\n<td class=\"xl17 ms-rteTableEvenCol-9\" style=\"height: 69px;\">23 d&#8217;abril<\/td>\n<\/tr>\n<tr class=\"ms-rteTableEvenRow-9\" style=\"height: 69px;\">\n<td class=\"xl23 ms-rteTableEvenCol-9\" style=\"height: 69px;\" height=\"18\">Sorteig<\/td>\n<td class=\"xl19 ms-rteTableOddCol-9\" style=\"height: 69px;\" width=\"75\">GEDAC<\/td>\n<td class=\"xl17 ms-rteTableEvenCol-9\" style=\"height: 69px;\">28 d&#8217;abril<\/td>\n<\/tr>\n<tr class=\"ms-rteTableOddRow-9\" style=\"height: 68px;\">\n<td class=\"xl23 ms-rteTableEvenCol-9\" style=\"height: 68px; background-color: #e6c800;\" height=\"18\"><strong>Publicaci\u00f3 de la llista ordenada<\/strong><\/td>\n<td class=\"xl19 ms-rteTableOddCol-9\" style=\"height: 68px; background-color: #e6c800;\" width=\"75\"><strong>GEDAC<\/strong><\/td>\n<td class=\"xl17 ms-rteTableEvenCol-9\" style=\"height: 68px; background-color: #e6c800;\"><strong>29 d&#8217;abril<\/strong><\/td>\n<\/tr>\n<tr class=\"ms-rteTableEvenRow-9\" style=\"height: 69px;\">\n<td class=\"xl23 ms-rteTableEvenCol-9\" style=\"height: 69px;\" height=\"38\">\u00daltim dia per revisar la reserva de places a l&#8217;aplicaci\u00f3 (per part de la inspecci\u00f3 a petici\u00f3 del centre)<\/td>\n<td class=\"xl19 ms-rteTableOddCol-9\" style=\"height: 69px;\" width=\"75\">GEDAC<\/td>\n<td class=\"xl17 ms-rteTableEvenCol-9\" style=\"height: 69px;\">30 d&#8217;abril<\/td>\n<\/tr>\n<tr class=\"ms-rteTableOddRow-9\" style=\"height: 98px;\">\n<td class=\"xl23 ms-rteTableEvenCol-9\" style=\"height: 98px;\" height=\"38\">Ampliaci\u00f3 de peticions per aquells alumnes NEE-B que necessiten assignaci\u00f3 d&#8217;ofici i no s&#8217;han assignat per petici\u00f3 original (fam\u00edlies)<\/td>\n<td class=\"xl19 ms-rteTableOddCol-9\" style=\"height: 98px;\" width=\"75\">GEDAC<\/td>\n<td class=\"xl17 ms-rteTableEvenCol-9\" style=\"height: 98px;\">del 13 i 14 de maig<\/td>\n<\/tr>\n<tr class=\"ms-rteTableEvenRow-9\" style=\"height: 98px;\">\n<td class=\"xl23 ms-rteTableEvenCol-9\" style=\"height: 98px;\" height=\"38\">Ampliaci\u00f3 de peticions per aquells alumnes ordinaris que necessiten assignaci\u00f3 d&#8217;ofici i no s&#8217;han assignat per petici\u00f3 original (fam\u00edlies)<\/td>\n<td class=\"xl19 ms-rteTableOddCol-9\" style=\"height: 98px;\" width=\"75\">GEDAC<\/td>\n<td class=\"xl17 ms-rteTableEvenCol-9\" style=\"height: 98px;\">de l&#8217;1 al 3 de juny<\/td>\n<\/tr>\n<tr class=\"ms-rteTableOddRow-9\" style=\"height: 69px;\">\n<td class=\"xl23 ms-rteTableEvenCol-9\" style=\"height: 69px;\" height=\"19\">Publicaci\u00f3 de l&#8217;oferta final<\/td>\n<td class=\"xl20 ms-rteTableOddCol-9\" style=\"height: 69px;\">GEDAC<\/td>\n<td class=\"xl17 ms-rteTableEvenCol-9\" style=\"height: 69px;\">10 de juny<\/td>\n<\/tr>\n<tr class=\"ms-rteTableEvenRow-9\" style=\"height: 69px;\">\n<td class=\"xl24 ms-rteTableEvenCol-9\" style=\"height: 69px;\" height=\"20\">Publicaci\u00f3 de la llista d&#8217;admesos i llista d&#8217;espera<\/td>\n<td class=\"xl37 ms-rteTableOddCol-9\" style=\"height: 69px;\" width=\"75\">GEDAC<\/td>\n<td class=\"xl38 ms-rteTableEvenCol-9\" style=\"height: 69px;\">10 de juny\u200b<\/td>\n<\/tr>\n<tr class=\"ms-rteTableOddRow-9\" style=\"height: 98px;\">\n<td class=\"xl24 ms-rteTableEvenCol-9\" style=\"height: 98px; background-color: #e6c800;\" rowspan=\"1\" height=\"20\">\u200b<strong>Matricula<\/strong><\/td>\n<td class=\"xl37 ms-rteTableOddCol-9\" style=\"height: 98px; background-color: #e6c800;\" rowspan=\"1\" width=\"75\"><strong>\u200bRALC \/ Esfer@<\/strong><\/td>\n<td class=\"xl38 ms-rteTableEvenCol-9\" style=\"height: 98px; background-color: #e6c800;\" rowspan=\"1\">\u200b<\/td>\n<\/tr>\n<tr class=\"ms-rteTableEvenRow-9\" style=\"height: 69px;\">\n<td class=\"xl24 ms-rteTableEvenCol-9\" style=\"height: 69px;\" rowspan=\"1\" height=\"20\">\u200b\u200bFinalitzaci\u00f3 de la matr\u00edcula<\/td>\n<td class=\"xl37 ms-rteTableOddCol-9\" style=\"height: 69px;\" rowspan=\"1\" width=\"75\">\u200bRALC<\/td>\n<td class=\"xl38 ms-rteTableEvenCol-9\" style=\"height: 69px;\" rowspan=\"1\">\u200b<\/td>\n<\/tr>\n<tr class=\"ms-rteTableOddRow-9\" style=\"height: 69px;\">\n<td class=\"xl24 ms-rteTableEvenCol-9\" style=\"height: 69px;\" rowspan=\"1\" height=\"20\">\u200b\u200bGesti\u00f3 de la llista d\u2019espera<\/td>\n<td class=\"xl37 ms-rteTableOddCol-9\" style=\"height: 69px;\" rowspan=\"1\" width=\"75\">\u200bGEDAC<\/td>\n<td class=\"xl38 ms-rteTableEvenCol-9\" style=\"height: 69px;\" rowspan=\"1\">\u200b<\/td>\n<\/tr>\n<tr class=\"ms-rteTableEvenRow-9\" style=\"height: 69px;\">\n<td class=\"xl24 ms-rteTableEvenCol-9\" style=\"height: 69px;\" rowspan=\"1\" height=\"20\">\u200b\u200bLlistes d\u2019alumnes matriculats procedents de preinscripci\u00f3 i nova admissi\u00f3<\/td>\n<td class=\"xl37 ms-rteTableOddCol-9\" style=\"height: 69px;\" rowspan=\"1\" width=\"75\">\u200bGEDAC<\/td>\n<td class=\"xl38 ms-rteTableEvenCol-9\" style=\"height: 69px;\" rowspan=\"1\">\u200b\u200b\u200b\u200b<\/td>\n<\/tr>\n<\/tbody>\n<\/table>\n<p>Les fam\u00edlies podran presentar <strong>sol\u00b7licituds fora de termini<\/strong>, la qual cosa es marcar\u00e0 autom\u00e0ticament per aplicar la prioritat en l\u2019assignaci\u00f3.\u200b<\/p>\n<p>U\u200bs recomanem no imprimir aquests calendaris i consultar-los en l\u00ednia, per si hi ha \u200b\u200bmodificacions al llarg del procediment.\u200b<\/p>\n<p>&nbsp;<\/p>\n<h5><strong><span style=\"color: #000000;\">&#8211; INFORMACI\u00d3 GENERAL DE PREINSCRIPCIONS (Departament d&#8217;Educaci\u00f3)<\/span><\/strong> <a href=\"https:\/\/preinscripcio.gencat.cat\/ca\/inici\/\"><strong><span style=\"color: #3366ff;\">Enlla\u00e7<\/span><\/strong><\/a><\/h5>\n<p>&nbsp;<\/p>\n<h5><strong>&#8211; HORARI D\u2019ATENCI\u00d3 A LES FAM\u00cdLIES<\/strong><\/h5>\n<ul>\n<li><strong>Administraci\u00f3:\u00a0<\/strong>De dilluns a divendres de 9h a 13h i dilluns, dimarts i dijous de 15h a 16:30h (Aconsellem trucar abans) <strong>(93 750 80 60)<\/strong><\/li>\n<li><strong>Direcci\u00f3:\u00a0<\/strong>Hores concertades.<\/li>\n<\/ul>\n<p>&nbsp;<\/p>\n<h3>MATRICULACI\u00d3:<\/h3>\n<ul>\n<li><strong>INFORMACI\u00d3<\/strong><\/li>\n<\/ul>\n<p>&nbsp;<\/p>\n<p><em>Per qualsevol dubte, envieu-nos un correu electr\u00f2nic a: <span style=\"color: #3366ff;\"><strong>preinscripcio@escolaolivera.cat<\/strong><\/span> o b\u00e9 truqueu-nos al tel\u00e8fon de contacte: 937508060 en horari escolar.<\/em><\/p>\n<p>&nbsp;<\/p>\n<p><span style=\"border-radius: 2px; text-indent: 20px; width: auto; padding: 0px 4px 0px 0px; text-align: center; font: bold 11px\/20px 'Helvetica Neue',Helvetica,sans-serif; color: #ffffff; background: #bd081c no-repeat scroll 3px 50% \/ 14px 14px; position: absolute; opacity: 1; z-index: 8675309; display: none; cursor: pointer;\">Save<\/span><\/p>\n<p><span style=\"border-radius: 2px; text-indent: 20px; width: auto; padding: 0px 4px 0px 0px; text-align: center; font: bold 11px\/20px 'Helvetica Neue',Helvetica,sans-serif; color: #ffffff; background: #bd081c no-repeat scroll 3px 50% \/ 14px 14px; position: absolute; opacity: 1; z-index: 8675309; display: none; cursor: pointer;\">Save<\/span><\/p>\n<p><span style=\"border-radius: 2px; text-indent: 20px; width: auto; padding: 0px 4px 0px 0px; text-align: center; font: bold 11px\/20px 'Helvetica Neue',Helvetica,sans-serif; color: #ffffff; background: #bd081c no-repeat scroll 3px 50% \/ 14px 14px; position: absolute; opacity: 1; z-index: 8675309; display: none; cursor: pointer;\">Save<\/span><\/p>\n<p><span style=\"border-radius: 2px; text-indent: 20px; width: auto; padding: 0px 4px 0px 0px; text-align: center; font: bold 11px\/20px 'Helvetica Neue',Helvetica,sans-serif; color: #ffffff; background: #bd081c no-repeat scroll 3px 50% \/ 14px 14px; position: absolute; opacity: 1; z-index: 8675309; display: none; cursor: pointer;\">Save<\/span><\/p>\n<p><span style=\"border-radius: 2px; text-indent: 20px; width: auto; padding: 0px 4px 0px 0px; text-align: center; font: bold 11px\/20px 'Helvetica Neue',Helvetica,sans-serif; color: #ffffff; background: #bd081c no-repeat scroll 3px 50% \/ 14px 14px; position: absolute; opacity: 1; z-index: 8675309; display: none; cursor: pointer;\">Save<\/span><\/p>\n<p><span style=\"border-radius: 2px; text-indent: 20px; width: auto; padding: 0px 4px 0px 0px; text-align: center; font: bold 11px\/20px 'Helvetica Neue',Helvetica,sans-serif; color: #ffffff; background: #bd081c no-repeat scroll 3px 50% \/ 14px 14px; position: absolute; opacity: 1; z-index: 8675309; display: none; cursor: pointer;\">Save<\/span><\/p>\n<p><span style=\"border-radius: 2px; text-indent: 20px; width: auto; padding: 0px 4px 0px 0px; text-align: center; font: bold 11px\/20px 'Helvetica Neue',Helvetica,sans-serif; color: #ffffff; background: #bd081c no-repeat scroll 3px 50% \/ 14px 14px; position: absolute; opacity: 1; z-index: 8675309; display: none; cursor: pointer;\">Save<\/span><\/p>\n<p><span style=\"border-radius: 2px; text-indent: 20px; width: auto; padding: 0px 4px 0px 0px; text-align: center; font: bold 11px\/20px 'Helvetica Neue',Helvetica,sans-serif; color: #ffffff; background: #bd081c no-repeat scroll 3px 50% \/ 14px 14px; position: absolute; opacity: 1; z-index: 8675309; display: none; cursor: pointer;\">Save<\/span><\/p>\n","protected":false},"excerpt":{"rendered":"<p>PREINSCRIPCI\u00d3: Presentaci\u00f3 de sol\u00b7licituds: Educaci\u00f3 infantil (3-6 anys) i educaci\u00f3 prim\u00e0ria:\u00a0del 4 al 18 de mar\u00e7 Educaci\u00f3 secund\u00e0ria obligat\u00f2ria:\u00a0del 6 al 18 de mar\u00e7 Oferta de places Oferta inicial de places (Cercador) (Codi de Centre: 08014905) Presentaci\u00f3 sol\u00b7licitud\u00a0 (S\u2019activar\u00e0 l\u2019aplicatiu el primer dia del per\u00edode) El nostre codi de centre\u00a0\u00e9s:\u00a008014905 Oferta definitiva de places Informe [&hellip;]<\/p>\n","protected":false},"author":1,"featured_media":0,"parent":22,"menu_order":50,"comment_status":"closed","ping_status":"closed","template":"","meta":{"_bbp_topic_count":0,"_bbp_reply_count":0,"_bbp_total_topic_count":0,"_bbp_total_reply_count":0,"_bbp_voice_count":0,"_bbp_anonymous_reply_count":0,"_bbp_topic_count_hidden":0,"_bbp_reply_count_hidden":0,"_bbp_forum_subforum_count":0,"site-sidebar-layout":"default","site-content-layout":"","ast-site-content-layout":"default","site-content-style":"default","site-sidebar-style":"default","ast-global-header-display":"","ast-banner-title-visibility":"","ast-main-header-display":"","ast-hfb-above-header-display":"","ast-hfb-below-header-display":"","ast-hfb-mobile-header-display":"","site-post-title":"","ast-breadcrumbs-content":"","ast-featured-img":"","footer-sml-layout":"","theme-transparent-header-meta":"default","adv-header-id-meta":"","stick-header-meta":"","header-above-stick-meta":"","header-main-stick-meta":"","header-below-stick-meta":"","astra-migrate-meta-layouts":"set","ast-page-background-enabled":"default","ast-page-background-meta":{"desktop":{"background-color":"var(--ast-global-color-4)","background-image":"","background-repeat":"repeat","background-position":"center center","background-size":"auto","background-attachment":"scroll","background-type":"","background-media":"","overlay-type":"","overlay-color":"","overlay-opacity":"","overlay-gradient":""},"tablet":{"background-color":"","background-image":"","background-repeat":"repeat","background-position":"center center","background-size":"auto","background-attachment":"scroll","background-type":"","background-media":"","overlay-type":"","overlay-color":"","overlay-opacity":"","overlay-gradient":""},"mobile":{"background-color":"","background-image":"","background-repeat":"repeat","background-position":"center center","background-size":"auto","background-attachment":"scroll","background-type":"","background-media":"","overlay-type":"","overlay-color":"","overlay-opacity":"","overlay-gradient":""}},"ast-content-background-meta":{"desktop":{"background-color":"var(--ast-global-color-5)","background-image":"","background-repeat":"repeat","background-position":"center center","background-size":"auto","background-attachment":"scroll","background-type":"","background-media":"","overlay-type":"","overlay-color":"","overlay-opacity":"","overlay-gradient":""},"tablet":{"background-color":"var(--ast-global-color-5)","background-image":"","background-repeat":"repeat","background-position":"center center","background-size":"auto","background-attachment":"scroll","background-type":"","background-media":"","overlay-type":"","overlay-color":"","overlay-opacity":"","overlay-gradient":""},"mobile":{"background-color":"var(--ast-global-color-5)","background-image":"","background-repeat":"repeat","background-position":"center center","background-size":"auto","background-attachment":"scroll","background-type":"","background-media":"","overlay-type":"","overlay-color":"","overlay-opacity":"","overlay-gradient":""}},"footnotes":""},"class_list":["post-563","page","type-page","status-publish","hentry"],"post_mailing_queue_ids":[],"_links":{"self":[{"href":"https:\/\/agora.xtec.cat\/escolaolivera\/wp-json\/wp\/v2\/pages\/563","targetHints":{"allow":["GET"]}}],"collection":[{"href":"https:\/\/agora.xtec.cat\/escolaolivera\/wp-json\/wp\/v2\/pages"}],"about":[{"href":"https:\/\/agora.xtec.cat\/escolaolivera\/wp-json\/wp\/v2\/types\/page"}],"author":[{"embeddable":true,"href":"https:\/\/agora.xtec.cat\/escolaolivera\/wp-json\/wp\/v2\/users\/1"}],"replies":[{"embeddable":true,"href":"https:\/\/agora.xtec.cat\/escolaolivera\/wp-json\/wp\/v2\/comments?post=563"}],"version-history":[{"count":6,"href":"https:\/\/agora.xtec.cat\/escolaolivera\/wp-json\/wp\/v2\/pages\/563\/revisions"}],"predecessor-version":[{"id":7816,"href":"https:\/\/agora.xtec.cat\/escolaolivera\/wp-json\/wp\/v2\/pages\/563\/revisions\/7816"}],"up":[{"embeddable":true,"href":"https:\/\/agora.xtec.cat\/escolaolivera\/wp-json\/wp\/v2\/pages\/22"}],"wp:attachment":[{"href":"https:\/\/agora.xtec.cat\/escolaolivera\/wp-json\/wp\/v2\/media?parent=563"}],"curies":[{"name":"wp","href":"https:\/\/api.w.org\/{rel}","templated":true}]}}