{"id":2225,"date":"2017-06-27T14:27:17","date_gmt":"2017-06-27T12:27:17","guid":{"rendered":"http:\/\/agora.xtec.cat\/escolaolivera\/?page_id=2225"},"modified":"2025-06-20T14:18:31","modified_gmt":"2025-06-20T12:18:31","slug":"llibres-de-text","status":"publish","type":"page","link":"https:\/\/agora.xtec.cat\/escolaolivera\/lescola\/informacions\/llibres-de-text\/","title":{"rendered":"Quaderns de treball"},"content":{"rendered":"<p><strong>QUADERNS DE TREBALL 2024-2025<\/strong><\/p>\n<p>A l&#8217;escola fem <strong>Reciclatge Universal<\/strong>, el reciclatge dels llibres el fem totes les fam\u00edlies. A m\u00e9s, com escola verda tamb\u00e9 ho valorem molt positivament. El reciclatge est\u00e0 organitzat per l&#8217;AFA.<\/p>\n<p>A part els alumnes han de comprar aquests quaderns de treball que utilitzem en diferents \u00e0rees. Cliqueu sobre la imatge per accedir al document.<\/p>\n<p><a href=\"https:\/\/docs.google.com\/document\/d\/1uMAdRPBLN_TBaCbVMrHcNoRlYEsAvtzu\/edit?usp=sharing&amp;ouid=110327074128594001466&amp;rtpof=true&amp;sd=true\" target=\"_blank\" rel=\"noopener noreferrer\"><img loading=\"lazy\" decoding=\"async\" class=\"aligncenter wp-image-4830 size-medium\" src=\"https:\/\/agora.xtec.cat\/escolaolivera\/wp-content\/uploads\/usu179\/2020\/06\/quaderns-300x300.png\" alt=\"\" width=\"300\" height=\"300\" srcset=\"https:\/\/agora.xtec.cat\/escolaolivera\/wp-content\/uploads\/usu179\/2020\/06\/quaderns-300x300.png 300w, https:\/\/agora.xtec.cat\/escolaolivera\/wp-content\/uploads\/usu179\/2020\/06\/quaderns-150x150.png 150w, https:\/\/agora.xtec.cat\/escolaolivera\/wp-content\/uploads\/usu179\/2020\/06\/quaderns-768x768.png 768w, https:\/\/agora.xtec.cat\/escolaolivera\/wp-content\/uploads\/usu179\/2020\/06\/quaderns-1024x1024.png 1024w\" sizes=\"auto, (max-width: 300px) 100vw, 300px\" \/><\/a><\/p>\n","protected":false},"excerpt":{"rendered":"<p>QUADERNS DE TREBALL 2024-2025 A l&#8217;escola fem Reciclatge Universal, el reciclatge dels llibres el fem totes les fam\u00edlies. A m\u00e9s, com escola verda tamb\u00e9 ho valorem molt positivament. El reciclatge est\u00e0 organitzat per l&#8217;AFA. A part els alumnes han de comprar aquests quaderns de treball que utilitzem en diferents \u00e0rees. Cliqueu sobre la imatge per [&hellip;]<\/p>\n","protected":false},"author":1,"featured_media":0,"parent":26,"menu_order":23,"comment_status":"closed","ping_status":"closed","template":"page-templates\/side-menu.php","meta":{"_bbp_topic_count":0,"_bbp_reply_count":0,"_bbp_total_topic_count":0,"_bbp_total_reply_count":0,"_bbp_voice_count":0,"_bbp_anonymous_reply_count":0,"_bbp_topic_count_hidden":0,"_bbp_reply_count_hidden":0,"_bbp_forum_subforum_count":0,"site-sidebar-layout":"default","site-content-layout":"","ast-site-content-layout":"","site-content-style":"default","site-sidebar-style":"default","ast-global-header-display":"","ast-banner-title-visibility":"","ast-main-header-display":"","ast-hfb-above-header-display":"","ast-hfb-below-header-display":"","ast-hfb-mobile-header-display":"","site-post-title":"","ast-breadcrumbs-content":"","ast-featured-img":"","footer-sml-layout":"","theme-transparent-header-meta":"","adv-header-id-meta":"","stick-header-meta":"","header-above-stick-meta":"","header-main-stick-meta":"","header-below-stick-meta":"","astra-migrate-meta-layouts":"default","ast-page-background-enabled":"default","ast-page-background-meta":{"desktop":{"background-color":"var(--ast-global-color-4)","background-image":"","background-repeat":"repeat","background-position":"center center","background-size":"auto","background-attachment":"scroll","background-type":"","background-media":"","overlay-type":"","overlay-color":"","overlay-opacity":"","overlay-gradient":""},"tablet":{"background-color":"","background-image":"","background-repeat":"repeat","background-position":"center center","background-size":"auto","background-attachment":"scroll","background-type":"","background-media":"","overlay-type":"","overlay-color":"","overlay-opacity":"","overlay-gradient":""},"mobile":{"background-color":"","background-image":"","background-repeat":"repeat","background-position":"center center","background-size":"auto","background-attachment":"scroll","background-type":"","background-media":"","overlay-type":"","overlay-color":"","overlay-opacity":"","overlay-gradient":""}},"ast-content-background-meta":{"desktop":{"background-color":"var(--ast-global-color-5)","background-image":"","background-repeat":"repeat","background-position":"center center","background-size":"auto","background-attachment":"scroll","background-type":"","background-media":"","overlay-type":"","overlay-color":"","overlay-opacity":"","overlay-gradient":""},"tablet":{"background-color":"var(--ast-global-color-5)","background-image":"","background-repeat":"repeat","background-position":"center center","background-size":"auto","background-attachment":"scroll","background-type":"","background-media":"","overlay-type":"","overlay-color":"","overlay-opacity":"","overlay-gradient":""},"mobile":{"background-color":"var(--ast-global-color-5)","background-image":"","background-repeat":"repeat","background-position":"center center","background-size":"auto","background-attachment":"scroll","background-type":"","background-media":"","overlay-type":"","overlay-color":"","overlay-opacity":"","overlay-gradient":""}},"footnotes":""},"class_list":["post-2225","page","type-page","status-publish","hentry"],"post_mailing_queue_ids":[],"_links":{"self":[{"href":"https:\/\/agora.xtec.cat\/escolaolivera\/wp-json\/wp\/v2\/pages\/2225","targetHints":{"allow":["GET"]}}],"collection":[{"href":"https:\/\/agora.xtec.cat\/escolaolivera\/wp-json\/wp\/v2\/pages"}],"about":[{"href":"https:\/\/agora.xtec.cat\/escolaolivera\/wp-json\/wp\/v2\/types\/page"}],"author":[{"embeddable":true,"href":"https:\/\/agora.xtec.cat\/escolaolivera\/wp-json\/wp\/v2\/users\/1"}],"replies":[{"embeddable":true,"href":"https:\/\/agora.xtec.cat\/escolaolivera\/wp-json\/wp\/v2\/comments?post=2225"}],"version-history":[{"count":6,"href":"https:\/\/agora.xtec.cat\/escolaolivera\/wp-json\/wp\/v2\/pages\/2225\/revisions"}],"predecessor-version":[{"id":7551,"href":"https:\/\/agora.xtec.cat\/escolaolivera\/wp-json\/wp\/v2\/pages\/2225\/revisions\/7551"}],"up":[{"embeddable":true,"href":"https:\/\/agora.xtec.cat\/escolaolivera\/wp-json\/wp\/v2\/pages\/26"}],"wp:attachment":[{"href":"https:\/\/agora.xtec.cat\/escolaolivera\/wp-json\/wp\/v2\/media?parent=2225"}],"curies":[{"name":"wp","href":"https:\/\/api.w.org\/{rel}","templated":true}]}}