{"id":22,"date":"2014-09-18T12:19:57","date_gmt":"2014-09-18T11:19:57","guid":{"rendered":"http:\/\/agora.xtec.cat\/escolaolivera\/?page_id=22"},"modified":"2025-08-28T09:47:54","modified_gmt":"2025-08-28T07:47:54","slug":"lescola","status":"publish","type":"page","link":"https:\/\/agora.xtec.cat\/escolaolivera\/lescola\/","title":{"rendered":"L&#8217;escola"},"content":{"rendered":"<p><img loading=\"lazy\" decoding=\"async\" class=\"wp-image-7093 alignleft\" src=\"https:\/\/agora.xtec.cat\/escolaolivera\/wp-content\/uploads\/usu179\/2023\/11\/logo-Escola-lOlivera-AGENDA.jpg\" alt=\"\" width=\"386\" height=\"149\" srcset=\"https:\/\/agora.xtec.cat\/escolaolivera\/wp-content\/uploads\/usu179\/2023\/11\/logo-Escola-lOlivera-AGENDA.jpg 1454w, https:\/\/agora.xtec.cat\/escolaolivera\/wp-content\/uploads\/usu179\/2023\/11\/logo-Escola-lOlivera-AGENDA-300x116.jpg 300w, https:\/\/agora.xtec.cat\/escolaolivera\/wp-content\/uploads\/usu179\/2023\/11\/logo-Escola-lOlivera-AGENDA-1024x395.jpg 1024w, https:\/\/agora.xtec.cat\/escolaolivera\/wp-content\/uploads\/usu179\/2023\/11\/logo-Escola-lOlivera-AGENDA-768x296.jpg 768w\" sizes=\"auto, (max-width: 386px) 100vw, 386px\" \/><\/p>\n<p>&nbsp;<\/p>\n<p>&nbsp;<\/p>\n<p>&nbsp;<\/p>\n<p>&nbsp;<\/p>\n<p>L&#8217;Olivera \u00e9s una escola p\u00fablica, catalana, laica, democr\u00e0tica i integradora d&#8217;ensenyament infantil i primari.<br \/>\nEls mestres i les fam\u00edlies treballem conjuntament per a tot l&#8217;alumnat.<br \/>\nEl respecte pel Medi Ambient i la conviv\u00e8ncia s\u00f3n aspectes prioritaris en la nostra tasca.<\/p>\n","protected":false},"excerpt":{"rendered":"<p>&nbsp; &nbsp; &nbsp; &nbsp; L&#8217;Olivera \u00e9s una escola p\u00fablica, catalana, laica, democr\u00e0tica i integradora d&#8217;ensenyament infantil i primari. Els mestres i les fam\u00edlies treballem conjuntament per a tot l&#8217;alumnat. El respecte pel Medi Ambient i la conviv\u00e8ncia s\u00f3n aspectes prioritaris en la nostra tasca.<\/p>\n","protected":false},"author":1,"featured_media":0,"parent":0,"menu_order":0,"comment_status":"closed","ping_status":"closed","template":"","meta":{"_bbp_topic_count":0,"_bbp_reply_count":0,"_bbp_total_topic_count":0,"_bbp_total_reply_count":0,"_bbp_voice_count":0,"_bbp_anonymous_reply_count":0,"_bbp_topic_count_hidden":0,"_bbp_reply_count_hidden":0,"_bbp_forum_subforum_count":0,"site-sidebar-layout":"default","site-content-layout":"","ast-site-content-layout":"default","site-content-style":"default","site-sidebar-style":"default","ast-global-header-display":"","ast-banner-title-visibility":"","ast-main-header-display":"","ast-hfb-above-header-display":"","ast-hfb-below-header-display":"","ast-hfb-mobile-header-display":"","site-post-title":"","ast-breadcrumbs-content":"","ast-featured-img":"","footer-sml-layout":"","theme-transparent-header-meta":"default","adv-header-id-meta":"","stick-header-meta":"","header-above-stick-meta":"","header-main-stick-meta":"","header-below-stick-meta":"","astra-migrate-meta-layouts":"set","ast-page-background-enabled":"default","ast-page-background-meta":{"desktop":{"background-color":"var(--ast-global-color-4)","background-image":"","background-repeat":"repeat","background-position":"center center","background-size":"auto","background-attachment":"scroll","background-type":"","background-media":"","overlay-type":"","overlay-color":"","overlay-opacity":"","overlay-gradient":""},"tablet":{"background-color":"","background-image":"","background-repeat":"repeat","background-position":"center center","background-size":"auto","background-attachment":"scroll","background-type":"","background-media":"","overlay-type":"","overlay-color":"","overlay-opacity":"","overlay-gradient":""},"mobile":{"background-color":"","background-image":"","background-repeat":"repeat","background-position":"center center","background-size":"auto","background-attachment":"scroll","background-type":"","background-media":"","overlay-type":"","overlay-color":"","overlay-opacity":"","overlay-gradient":""}},"ast-content-background-meta":{"desktop":{"background-color":"var(--ast-global-color-5)","background-image":"","background-repeat":"repeat","background-position":"center center","background-size":"auto","background-attachment":"scroll","background-type":"","background-media":"","overlay-type":"","overlay-color":"","overlay-opacity":"","overlay-gradient":""},"tablet":{"background-color":"var(--ast-global-color-5)","background-image":"","background-repeat":"repeat","background-position":"center center","background-size":"auto","background-attachment":"scroll","background-type":"","background-media":"","overlay-type":"","overlay-color":"","overlay-opacity":"","overlay-gradient":""},"mobile":{"background-color":"var(--ast-global-color-5)","background-image":"","background-repeat":"repeat","background-position":"center center","background-size":"auto","background-attachment":"scroll","background-type":"","background-media":"","overlay-type":"","overlay-color":"","overlay-opacity":"","overlay-gradient":""}},"footnotes":""},"class_list":["post-22","page","type-page","status-publish","hentry"],"post_mailing_queue_ids":[],"_links":{"self":[{"href":"https:\/\/agora.xtec.cat\/escolaolivera\/wp-json\/wp\/v2\/pages\/22","targetHints":{"allow":["GET"]}}],"collection":[{"href":"https:\/\/agora.xtec.cat\/escolaolivera\/wp-json\/wp\/v2\/pages"}],"about":[{"href":"https:\/\/agora.xtec.cat\/escolaolivera\/wp-json\/wp\/v2\/types\/page"}],"author":[{"embeddable":true,"href":"https:\/\/agora.xtec.cat\/escolaolivera\/wp-json\/wp\/v2\/users\/1"}],"replies":[{"embeddable":true,"href":"https:\/\/agora.xtec.cat\/escolaolivera\/wp-json\/wp\/v2\/comments?post=22"}],"version-history":[{"count":4,"href":"https:\/\/agora.xtec.cat\/escolaolivera\/wp-json\/wp\/v2\/pages\/22\/revisions"}],"predecessor-version":[{"id":561,"href":"https:\/\/agora.xtec.cat\/escolaolivera\/wp-json\/wp\/v2\/pages\/22\/revisions\/561"}],"wp:attachment":[{"href":"https:\/\/agora.xtec.cat\/escolaolivera\/wp-json\/wp\/v2\/media?parent=22"}],"curies":[{"name":"wp","href":"https:\/\/api.w.org\/{rel}","templated":true}]}}