{"id":549,"date":"2016-02-03T15:29:47","date_gmt":"2016-02-03T14:29:47","guid":{"rendered":"http:\/\/agora.xtec.cat\/escolaolivar\/?page_id=549"},"modified":"2016-02-25T13:01:36","modified_gmt":"2016-02-25T12:01:36","slug":"sortides","status":"publish","type":"page","link":"https:\/\/agora.xtec.cat\/escolaolivar\/lescola\/sortides\/","title":{"rendered":"Sortides"},"content":{"rendered":"<p style=\"text-align: justify;\">A l\u2019escola creiem que l\u2019aprenentatge ha de ser actiu, vivencial, engrescador i motivador; per tot aix\u00f2 donem molta import\u00e0ncia a les sortides i col\u00f2nies escolars. L\u2019objectiu d\u2019aquestes sortides, a m\u00e9s de con\u00e8ixer l\u2019entorn est\u00e0 sempre relacionat amb el curr\u00edculum i els projectes que es treballen durant el curs. La realitat que ens envolta ens proporciona els elements complementaris a la tasca educativa di\u00e0ria i moltes vegades \u00e9s el punt de partida de projectes comuns de cicle i\/o d\u2019escola.<\/p>\n<p style=\"text-align: justify;\">\n<p style=\"text-align: justify;\">\n<p style=\"text-align: justify;\">\n<p style=\"text-align: justify;\">\n","protected":false},"excerpt":{"rendered":"<p>A l\u2019escola creiem que l\u2019aprenentatge ha de ser actiu, vivencial, engrescador i motivador; per tot aix\u00f2 donem molta import\u00e0ncia a les sortides i col\u00f2nies escolars. L\u2019objectiu d\u2019aquestes sortides, a m\u00e9s de con\u00e8ixer l\u2019entorn est\u00e0 sempre relacionat amb el curr\u00edculum i els projectes que es treballen durant el curs. La realitat que ens envolta ens proporciona [&hellip;]<\/p>\n","protected":false},"author":1,"featured_media":0,"parent":22,"menu_order":0,"comment_status":"closed","ping_status":"closed","template":"","meta":{"_bbp_topic_count":0,"_bbp_reply_count":0,"_bbp_total_topic_count":0,"_bbp_total_reply_count":0,"_bbp_voice_count":0,"_bbp_anonymous_reply_count":0,"_bbp_topic_count_hidden":0,"_bbp_reply_count_hidden":0,"_bbp_forum_subforum_count":0,"site-sidebar-layout":"default","site-content-layout":"","ast-site-content-layout":"","site-content-style":"default","site-sidebar-style":"default","ast-global-header-display":"","ast-banner-title-visibility":"","ast-main-header-display":"","ast-hfb-above-header-display":"","ast-hfb-below-header-display":"","ast-hfb-mobile-header-display":"","site-post-title":"","ast-breadcrumbs-content":"","ast-featured-img":"","footer-sml-layout":"","theme-transparent-header-meta":"","adv-header-id-meta":"","stick-header-meta":"","header-above-stick-meta":"","header-main-stick-meta":"","header-below-stick-meta":"","astra-migrate-meta-layouts":"default","ast-page-background-enabled":"default","ast-page-background-meta":{"desktop":{"background-color":"var(--ast-global-color-4)","background-image":"","background-repeat":"repeat","background-position":"center center","background-size":"auto","background-attachment":"scroll","background-type":"","background-media":"","overlay-type":"","overlay-color":"","overlay-opacity":"","overlay-gradient":""},"tablet":{"background-color":"","background-image":"","background-repeat":"repeat","background-position":"center center","background-size":"auto","background-attachment":"scroll","background-type":"","background-media":"","overlay-type":"","overlay-color":"","overlay-opacity":"","overlay-gradient":""},"mobile":{"background-color":"","background-image":"","background-repeat":"repeat","background-position":"center center","background-size":"auto","background-attachment":"scroll","background-type":"","background-media":"","overlay-type":"","overlay-color":"","overlay-opacity":"","overlay-gradient":""}},"ast-content-background-meta":{"desktop":{"background-color":"var(--ast-global-color-5)","background-image":"","background-repeat":"repeat","background-position":"center center","background-size":"auto","background-attachment":"scroll","background-type":"","background-media":"","overlay-type":"","overlay-color":"","overlay-opacity":"","overlay-gradient":""},"tablet":{"background-color":"var(--ast-global-color-5)","background-image":"","background-repeat":"repeat","background-position":"center center","background-size":"auto","background-attachment":"scroll","background-type":"","background-media":"","overlay-type":"","overlay-color":"","overlay-opacity":"","overlay-gradient":""},"mobile":{"background-color":"var(--ast-global-color-5)","background-image":"","background-repeat":"repeat","background-position":"center center","background-size":"auto","background-attachment":"scroll","background-type":"","background-media":"","overlay-type":"","overlay-color":"","overlay-opacity":"","overlay-gradient":""}},"footnotes":""},"class_list":["post-549","page","type-page","status-publish","hentry"],"post_mailing_queue_ids":[],"_links":{"self":[{"href":"https:\/\/agora.xtec.cat\/escolaolivar\/wp-json\/wp\/v2\/pages\/549","targetHints":{"allow":["GET"]}}],"collection":[{"href":"https:\/\/agora.xtec.cat\/escolaolivar\/wp-json\/wp\/v2\/pages"}],"about":[{"href":"https:\/\/agora.xtec.cat\/escolaolivar\/wp-json\/wp\/v2\/types\/page"}],"author":[{"embeddable":true,"href":"https:\/\/agora.xtec.cat\/escolaolivar\/wp-json\/wp\/v2\/users\/1"}],"replies":[{"embeddable":true,"href":"https:\/\/agora.xtec.cat\/escolaolivar\/wp-json\/wp\/v2\/comments?post=549"}],"version-history":[{"count":3,"href":"https:\/\/agora.xtec.cat\/escolaolivar\/wp-json\/wp\/v2\/pages\/549\/revisions"}],"predecessor-version":[{"id":826,"href":"https:\/\/agora.xtec.cat\/escolaolivar\/wp-json\/wp\/v2\/pages\/549\/revisions\/826"}],"up":[{"embeddable":true,"href":"https:\/\/agora.xtec.cat\/escolaolivar\/wp-json\/wp\/v2\/pages\/22"}],"wp:attachment":[{"href":"https:\/\/agora.xtec.cat\/escolaolivar\/wp-json\/wp\/v2\/media?parent=549"}],"curies":[{"name":"wp","href":"https:\/\/api.w.org\/{rel}","templated":true}]}}