{"id":537,"date":"2016-02-03T14:07:08","date_gmt":"2016-02-03T13:07:08","guid":{"rendered":"http:\/\/agora.xtec.cat\/escolaolivar\/?page_id=537"},"modified":"2024-10-08T13:28:53","modified_gmt":"2024-10-08T11:28:53","slug":"pares-delegats","status":"publish","type":"page","link":"https:\/\/agora.xtec.cat\/escolaolivar\/lescola\/pares-delegats\/","title":{"rendered":"Fam\u00edlies delegades"},"content":{"rendered":"<h4><strong><u>CURS 2024-2025<\/u><\/strong><\/h4>\n<p>&nbsp;<\/p>\n<p><strong>I3\u00a0 \u00a0<\/strong>Carlos Hern\u00e1ndez i Claudia Dieling<\/p>\n<p><strong>I4\u00a0 \u00a0<\/strong>Nadia Marchal<\/p>\n<p><strong>I5\u00a0 \u00a0<\/strong>Eli G\u00f3mez i Vanessa Mart\u00ednez<\/p>\n<p><strong>P1\u00a0<\/strong> Cristina Llorens<\/p>\n<p><strong>P2\u00a0<\/strong> M\u00f2nica Agust\u00ed i N\u00faria Bayona<\/p>\n<p><strong>P3\u00a0<\/strong> Ester Costa i Jes\u00fas Guti\u00e9rrez<\/p>\n<p><strong>P4\u00a0<\/strong> Eva Porta<\/p>\n<p><strong>P5\u00a0<\/strong> Ester L\u00f3pez i Anna Barba<\/p>\n<p><strong>P6\u00a0<\/strong> Inma Esc\u00e1nez i M\u00f2nica Agust\u00ed<\/p>\n","protected":false},"excerpt":{"rendered":"<p>CURS 2024-2025 &nbsp; I3\u00a0 \u00a0Carlos Hern\u00e1ndez i Claudia Dieling I4\u00a0 \u00a0Nadia Marchal I5\u00a0 \u00a0Eli G\u00f3mez i Vanessa Mart\u00ednez P1\u00a0 Cristina Llorens P2\u00a0 M\u00f2nica Agust\u00ed i N\u00faria Bayona P3\u00a0 Ester Costa i Jes\u00fas Guti\u00e9rrez P4\u00a0 Eva Porta P5\u00a0 Ester L\u00f3pez i Anna Barba P6\u00a0 Inma Esc\u00e1nez i M\u00f2nica Agust\u00ed<\/p>\n","protected":false},"author":1,"featured_media":0,"parent":22,"menu_order":0,"comment_status":"closed","ping_status":"closed","template":"","meta":{"_bbp_topic_count":0,"_bbp_reply_count":0,"_bbp_total_topic_count":0,"_bbp_total_reply_count":0,"_bbp_voice_count":0,"_bbp_anonymous_reply_count":0,"_bbp_topic_count_hidden":0,"_bbp_reply_count_hidden":0,"_bbp_forum_subforum_count":0,"site-sidebar-layout":"default","site-content-layout":"","ast-site-content-layout":"","site-content-style":"default","site-sidebar-style":"default","ast-global-header-display":"","ast-banner-title-visibility":"","ast-main-header-display":"","ast-hfb-above-header-display":"","ast-hfb-below-header-display":"","ast-hfb-mobile-header-display":"","site-post-title":"","ast-breadcrumbs-content":"","ast-featured-img":"","footer-sml-layout":"","theme-transparent-header-meta":"","adv-header-id-meta":"","stick-header-meta":"","header-above-stick-meta":"","header-main-stick-meta":"","header-below-stick-meta":"","astra-migrate-meta-layouts":"default","ast-page-background-enabled":"default","ast-page-background-meta":{"desktop":{"background-color":"var(--ast-global-color-4)","background-image":"","background-repeat":"repeat","background-position":"center center","background-size":"auto","background-attachment":"scroll","background-type":"","background-media":"","overlay-type":"","overlay-color":"","overlay-opacity":"","overlay-gradient":""},"tablet":{"background-color":"","background-image":"","background-repeat":"repeat","background-position":"center center","background-size":"auto","background-attachment":"scroll","background-type":"","background-media":"","overlay-type":"","overlay-color":"","overlay-opacity":"","overlay-gradient":""},"mobile":{"background-color":"","background-image":"","background-repeat":"repeat","background-position":"center center","background-size":"auto","background-attachment":"scroll","background-type":"","background-media":"","overlay-type":"","overlay-color":"","overlay-opacity":"","overlay-gradient":""}},"ast-content-background-meta":{"desktop":{"background-color":"var(--ast-global-color-5)","background-image":"","background-repeat":"repeat","background-position":"center center","background-size":"auto","background-attachment":"scroll","background-type":"","background-media":"","overlay-type":"","overlay-color":"","overlay-opacity":"","overlay-gradient":""},"tablet":{"background-color":"var(--ast-global-color-5)","background-image":"","background-repeat":"repeat","background-position":"center center","background-size":"auto","background-attachment":"scroll","background-type":"","background-media":"","overlay-type":"","overlay-color":"","overlay-opacity":"","overlay-gradient":""},"mobile":{"background-color":"var(--ast-global-color-5)","background-image":"","background-repeat":"repeat","background-position":"center center","background-size":"auto","background-attachment":"scroll","background-type":"","background-media":"","overlay-type":"","overlay-color":"","overlay-opacity":"","overlay-gradient":""}},"footnotes":""},"class_list":["post-537","page","type-page","status-publish","hentry"],"post_mailing_queue_ids":[],"_links":{"self":[{"href":"https:\/\/agora.xtec.cat\/escolaolivar\/wp-json\/wp\/v2\/pages\/537","targetHints":{"allow":["GET"]}}],"collection":[{"href":"https:\/\/agora.xtec.cat\/escolaolivar\/wp-json\/wp\/v2\/pages"}],"about":[{"href":"https:\/\/agora.xtec.cat\/escolaolivar\/wp-json\/wp\/v2\/types\/page"}],"author":[{"embeddable":true,"href":"https:\/\/agora.xtec.cat\/escolaolivar\/wp-json\/wp\/v2\/users\/1"}],"replies":[{"embeddable":true,"href":"https:\/\/agora.xtec.cat\/escolaolivar\/wp-json\/wp\/v2\/comments?post=537"}],"version-history":[{"count":7,"href":"https:\/\/agora.xtec.cat\/escolaolivar\/wp-json\/wp\/v2\/pages\/537\/revisions"}],"predecessor-version":[{"id":9495,"href":"https:\/\/agora.xtec.cat\/escolaolivar\/wp-json\/wp\/v2\/pages\/537\/revisions\/9495"}],"up":[{"embeddable":true,"href":"https:\/\/agora.xtec.cat\/escolaolivar\/wp-json\/wp\/v2\/pages\/22"}],"wp:attachment":[{"href":"https:\/\/agora.xtec.cat\/escolaolivar\/wp-json\/wp\/v2\/media?parent=537"}],"curies":[{"name":"wp","href":"https:\/\/api.w.org\/{rel}","templated":true}]}}