{"id":529,"date":"2016-02-03T13:58:35","date_gmt":"2016-02-03T12:58:35","guid":{"rendered":"http:\/\/agora.xtec.cat\/escolaolivar\/?page_id=529"},"modified":"2016-02-26T15:33:19","modified_gmt":"2016-02-26T14:33:19","slug":"organs-col%c2%b7legiats","status":"publish","type":"page","link":"https:\/\/agora.xtec.cat\/escolaolivar\/lescola\/organs-col%c2%b7legiats\/","title":{"rendered":"Organs col\u00b7legiats"},"content":{"rendered":"<p><strong>CLAUSTRE DE PROFESSORS<\/strong><\/p>\n<p style=\"text-align: justify;\">El claustre de professors \u00e9s l\u2019\u00f2rgan de participaci\u00f3 de professorat en el control i la gesti\u00f3 de l\u2019ordenaci\u00f3 de les activitats educatives i del conjunt dels aspectes educatius, interv\u00e9 en l\u2019elaboraci\u00f3 i modificaci\u00f3 del projecte educatiu i aprova els aspectes pedag\u00f2gics dels documents de gesti\u00f3 del centre, en especial del projecte educatiu i les seves actualitzacions.<\/p>\n<p style=\"text-align: justify;\">\n<p><strong>EL CONSELL ESCOLAR<\/strong><\/p>\n<p style=\"text-align: justify;\">El consell escolar del centre \u00e9s l&#8217;<strong>\u00f2rgan col\u00b7legiat de participaci\u00f3<\/strong> de la comunitat escolar en el govern del centre. En el consell escolar hi ha representats tots els col\u00b7lectius que intervenen en la comunitat educativa: director, professorat, alumnat, personal d&#8217;administraci\u00f3 i serveis, etc.<\/p>\n<p style=\"text-align: justify;\">En els centres p\u00fablics, la funci\u00f3 principal del consell escolar \u00e9s participar en la presa de decisions en relaci\u00f3 amb aquells temes importants per al funcionament i l&#8217;organitzaci\u00f3 del centre: el projecte educatiu, la programaci\u00f3 general, la gesti\u00f3 econ\u00f2mica, etc. En el cas dels centres privats concertats, el consell escolar debat, avalua, analitza i pren decisions sobre els temes proposats pel titular del centre.<\/p>\n<p>Els membres del consell escolar s\u00f3n elegits per un per\u00edode de quatre anys i es renoven per meitats cada dos anys.<\/p>\n<p>La darrera convocat\u00f2ria d&#8217;eleccions a consells escolars dels centres ha sigut el curs 2014-2015.<\/p>\n","protected":false},"excerpt":{"rendered":"<p>CLAUSTRE DE PROFESSORS El claustre de professors \u00e9s l\u2019\u00f2rgan de participaci\u00f3 de professorat en el control i la gesti\u00f3 de l\u2019ordenaci\u00f3 de les activitats educatives i del conjunt dels aspectes educatius, interv\u00e9 en l\u2019elaboraci\u00f3 i modificaci\u00f3 del projecte educatiu i aprova els aspectes pedag\u00f2gics dels documents de gesti\u00f3 del centre, en especial del projecte educatiu [&hellip;]<\/p>\n","protected":false},"author":1,"featured_media":0,"parent":22,"menu_order":0,"comment_status":"closed","ping_status":"closed","template":"","meta":{"_bbp_topic_count":0,"_bbp_reply_count":0,"_bbp_total_topic_count":0,"_bbp_total_reply_count":0,"_bbp_voice_count":0,"_bbp_anonymous_reply_count":0,"_bbp_topic_count_hidden":0,"_bbp_reply_count_hidden":0,"_bbp_forum_subforum_count":0,"site-sidebar-layout":"default","site-content-layout":"","ast-site-content-layout":"","site-content-style":"default","site-sidebar-style":"default","ast-global-header-display":"","ast-banner-title-visibility":"","ast-main-header-display":"","ast-hfb-above-header-display":"","ast-hfb-below-header-display":"","ast-hfb-mobile-header-display":"","site-post-title":"","ast-breadcrumbs-content":"","ast-featured-img":"","footer-sml-layout":"","theme-transparent-header-meta":"","adv-header-id-meta":"","stick-header-meta":"","header-above-stick-meta":"","header-main-stick-meta":"","header-below-stick-meta":"","astra-migrate-meta-layouts":"default","ast-page-background-enabled":"default","ast-page-background-meta":{"desktop":{"background-color":"var(--ast-global-color-4)","background-image":"","background-repeat":"repeat","background-position":"center center","background-size":"auto","background-attachment":"scroll","background-type":"","background-media":"","overlay-type":"","overlay-color":"","overlay-opacity":"","overlay-gradient":""},"tablet":{"background-color":"","background-image":"","background-repeat":"repeat","background-position":"center center","background-size":"auto","background-attachment":"scroll","background-type":"","background-media":"","overlay-type":"","overlay-color":"","overlay-opacity":"","overlay-gradient":""},"mobile":{"background-color":"","background-image":"","background-repeat":"repeat","background-position":"center center","background-size":"auto","background-attachment":"scroll","background-type":"","background-media":"","overlay-type":"","overlay-color":"","overlay-opacity":"","overlay-gradient":""}},"ast-content-background-meta":{"desktop":{"background-color":"var(--ast-global-color-5)","background-image":"","background-repeat":"repeat","background-position":"center center","background-size":"auto","background-attachment":"scroll","background-type":"","background-media":"","overlay-type":"","overlay-color":"","overlay-opacity":"","overlay-gradient":""},"tablet":{"background-color":"var(--ast-global-color-5)","background-image":"","background-repeat":"repeat","background-position":"center center","background-size":"auto","background-attachment":"scroll","background-type":"","background-media":"","overlay-type":"","overlay-color":"","overlay-opacity":"","overlay-gradient":""},"mobile":{"background-color":"var(--ast-global-color-5)","background-image":"","background-repeat":"repeat","background-position":"center center","background-size":"auto","background-attachment":"scroll","background-type":"","background-media":"","overlay-type":"","overlay-color":"","overlay-opacity":"","overlay-gradient":""}},"footnotes":""},"class_list":["post-529","page","type-page","status-publish","hentry"],"post_mailing_queue_ids":[],"_links":{"self":[{"href":"https:\/\/agora.xtec.cat\/escolaolivar\/wp-json\/wp\/v2\/pages\/529","targetHints":{"allow":["GET"]}}],"collection":[{"href":"https:\/\/agora.xtec.cat\/escolaolivar\/wp-json\/wp\/v2\/pages"}],"about":[{"href":"https:\/\/agora.xtec.cat\/escolaolivar\/wp-json\/wp\/v2\/types\/page"}],"author":[{"embeddable":true,"href":"https:\/\/agora.xtec.cat\/escolaolivar\/wp-json\/wp\/v2\/users\/1"}],"replies":[{"embeddable":true,"href":"https:\/\/agora.xtec.cat\/escolaolivar\/wp-json\/wp\/v2\/comments?post=529"}],"version-history":[{"count":3,"href":"https:\/\/agora.xtec.cat\/escolaolivar\/wp-json\/wp\/v2\/pages\/529\/revisions"}],"predecessor-version":[{"id":916,"href":"https:\/\/agora.xtec.cat\/escolaolivar\/wp-json\/wp\/v2\/pages\/529\/revisions\/916"}],"up":[{"embeddable":true,"href":"https:\/\/agora.xtec.cat\/escolaolivar\/wp-json\/wp\/v2\/pages\/22"}],"wp:attachment":[{"href":"https:\/\/agora.xtec.cat\/escolaolivar\/wp-json\/wp\/v2\/media?parent=529"}],"curies":[{"name":"wp","href":"https:\/\/api.w.org\/{rel}","templated":true}]}}