{"id":4063,"date":"2019-09-19T13:41:49","date_gmt":"2019-09-19T11:41:49","guid":{"rendered":"http:\/\/agora.xtec.cat\/escolaolivar\/?page_id=4063"},"modified":"2024-10-08T13:31:38","modified_gmt":"2024-10-08T11:31:38","slug":"equip-directiu","status":"publish","type":"page","link":"https:\/\/agora.xtec.cat\/escolaolivar\/equip-directiu\/","title":{"rendered":"Equip Directiu"},"content":{"rendered":"<p><strong>DIRECTOR<\/strong>:\u00a0 Antoni Franch Campillo &#8212;&#8211;<em><strong> tfranch<span class=\"\"><span class=\"\">@escolaoli<\/span>var.cat<\/span><\/strong><\/em><\/p>\n<p><strong>CAP D&#8217;ESTUDIS:\u00a0<\/strong>Meritxell Barat Soler &#8212; <em><strong>mbarat2@escolaolivar.cat<\/strong><\/em><\/p>\n<p><strong>SECRET\u00c0RIA:<\/strong> Ester Avil\u00e9s Aymerich &#8212; <em><strong>eavilesayme@escolaolivar.cat<\/strong><\/em><\/p>\n<p>&nbsp;<\/p>\n<p><strong>Horari d&#8217;atenci\u00f3 a les fam\u00edlies :<\/strong><\/p>\n<ul>\n<li>Dilluns de 9:00 h a 10:00 h.<\/li>\n<li>Divendres de 15:00 h a 16:30 h.<\/li>\n<\/ul>\n<p>Si ho necessiteu, podeu demanar cita pr\u00e8via al tel\u00e8fon de l&#8217;escola <em><strong>93 827 25 65<\/strong><\/em> i\/o a l&#8217;adre\u00e7a <em><strong>escolaolivar<span class=\"\"><span class=\"atwho-query\">@escolaolivar.cat<\/span><\/span><\/strong><\/em><\/p>\n","protected":false},"excerpt":{"rendered":"<p>DIRECTOR:\u00a0 Antoni Franch Campillo &#8212;&#8211; tfranch@escolaolivar.cat CAP D&#8217;ESTUDIS:\u00a0Meritxell Barat Soler &#8212; mbarat2@escolaolivar.cat SECRET\u00c0RIA: Ester Avil\u00e9s Aymerich &#8212; eavilesayme@escolaolivar.cat &nbsp; Horari d&#8217;atenci\u00f3 a les fam\u00edlies : Dilluns de 9:00 h a 10:00 h. Divendres de 15:00 h a 16:30 h. Si ho necessiteu, podeu demanar cita pr\u00e8via al tel\u00e8fon de l&#8217;escola 93 827 25 65 i\/o [&hellip;]<\/p>\n","protected":false},"author":21,"featured_media":0,"parent":0,"menu_order":0,"comment_status":"closed","ping_status":"closed","template":"","meta":{"_bbp_topic_count":0,"_bbp_reply_count":0,"_bbp_total_topic_count":0,"_bbp_total_reply_count":0,"_bbp_voice_count":0,"_bbp_anonymous_reply_count":0,"_bbp_topic_count_hidden":0,"_bbp_reply_count_hidden":0,"_bbp_forum_subforum_count":0,"site-sidebar-layout":"default","site-content-layout":"","ast-site-content-layout":"","site-content-style":"default","site-sidebar-style":"default","ast-global-header-display":"","ast-banner-title-visibility":"","ast-main-header-display":"","ast-hfb-above-header-display":"","ast-hfb-below-header-display":"","ast-hfb-mobile-header-display":"","site-post-title":"","ast-breadcrumbs-content":"","ast-featured-img":"","footer-sml-layout":"","theme-transparent-header-meta":"","adv-header-id-meta":"","stick-header-meta":"","header-above-stick-meta":"","header-main-stick-meta":"","header-below-stick-meta":"","astra-migrate-meta-layouts":"default","ast-page-background-enabled":"default","ast-page-background-meta":{"desktop":{"background-color":"var(--ast-global-color-4)","background-image":"","background-repeat":"repeat","background-position":"center center","background-size":"auto","background-attachment":"scroll","background-type":"","background-media":"","overlay-type":"","overlay-color":"","overlay-opacity":"","overlay-gradient":""},"tablet":{"background-color":"","background-image":"","background-repeat":"repeat","background-position":"center center","background-size":"auto","background-attachment":"scroll","background-type":"","background-media":"","overlay-type":"","overlay-color":"","overlay-opacity":"","overlay-gradient":""},"mobile":{"background-color":"","background-image":"","background-repeat":"repeat","background-position":"center center","background-size":"auto","background-attachment":"scroll","background-type":"","background-media":"","overlay-type":"","overlay-color":"","overlay-opacity":"","overlay-gradient":""}},"ast-content-background-meta":{"desktop":{"background-color":"var(--ast-global-color-5)","background-image":"","background-repeat":"repeat","background-position":"center center","background-size":"auto","background-attachment":"scroll","background-type":"","background-media":"","overlay-type":"","overlay-color":"","overlay-opacity":"","overlay-gradient":""},"tablet":{"background-color":"var(--ast-global-color-5)","background-image":"","background-repeat":"repeat","background-position":"center center","background-size":"auto","background-attachment":"scroll","background-type":"","background-media":"","overlay-type":"","overlay-color":"","overlay-opacity":"","overlay-gradient":""},"mobile":{"background-color":"var(--ast-global-color-5)","background-image":"","background-repeat":"repeat","background-position":"center center","background-size":"auto","background-attachment":"scroll","background-type":"","background-media":"","overlay-type":"","overlay-color":"","overlay-opacity":"","overlay-gradient":""}},"footnotes":""},"class_list":["post-4063","page","type-page","status-publish","hentry"],"post_mailing_queue_ids":[],"_links":{"self":[{"href":"https:\/\/agora.xtec.cat\/escolaolivar\/wp-json\/wp\/v2\/pages\/4063","targetHints":{"allow":["GET"]}}],"collection":[{"href":"https:\/\/agora.xtec.cat\/escolaolivar\/wp-json\/wp\/v2\/pages"}],"about":[{"href":"https:\/\/agora.xtec.cat\/escolaolivar\/wp-json\/wp\/v2\/types\/page"}],"author":[{"embeddable":true,"href":"https:\/\/agora.xtec.cat\/escolaolivar\/wp-json\/wp\/v2\/users\/21"}],"replies":[{"embeddable":true,"href":"https:\/\/agora.xtec.cat\/escolaolivar\/wp-json\/wp\/v2\/comments?post=4063"}],"version-history":[{"count":5,"href":"https:\/\/agora.xtec.cat\/escolaolivar\/wp-json\/wp\/v2\/pages\/4063\/revisions"}],"predecessor-version":[{"id":9497,"href":"https:\/\/agora.xtec.cat\/escolaolivar\/wp-json\/wp\/v2\/pages\/4063\/revisions\/9497"}],"wp:attachment":[{"href":"https:\/\/agora.xtec.cat\/escolaolivar\/wp-json\/wp\/v2\/media?parent=4063"}],"curies":[{"name":"wp","href":"https:\/\/api.w.org\/{rel}","templated":true}]}}