{"id":28,"date":"2014-09-18T12:29:35","date_gmt":"2014-09-18T12:29:35","guid":{"rendered":"http:\/\/agora.xtec.cat\/escolaolivar\/?page_id=28"},"modified":"2024-10-08T13:13:28","modified_gmt":"2024-10-08T11:13:28","slug":"consell-escolar","status":"publish","type":"page","link":"https:\/\/agora.xtec.cat\/escolaolivar\/lescola\/organs-col%c2%b7legiats\/consell-escolar\/","title":{"rendered":"Consell escolar"},"content":{"rendered":"<h4><strong>FUNCIONS<\/strong><\/h4>\n<p>Corresponen al consell escolar les funcions seg\u00fcents:<\/p>\n<ul>\n<li style=\"text-align: justify;\">Participar en l&#8217;aprovaci\u00f3 del projecte educatiu i les seves modificacions. El consell escolar ha de ser consultat pel director de manera preceptiva per valorar la proposta del projecte educatiu i manifestar el seu suport amb una majoria de les tres cinquenes parts dels membres.<\/li>\n<li style=\"text-align: justify;\">Participar en l&#8217;aprovaci\u00f3 de la programaci\u00f3 general anual, de les normes de funcionament i de la gesti\u00f3 econ\u00f2mica del centre. El consell escolar ha de ser consultat de manera preceptiva per valorar cada una de les propostes i manifestar el seu suport per majoria simple dels membres.<\/li>\n<li style=\"text-align: justify;\">Avaluar l&#8217;aplicaci\u00f3 del projecte educatiu i de les seves modificacions aix\u00ed com de la resta de documents de gesti\u00f3 del centre.<\/li>\n<li style=\"text-align: justify;\">Aprovar les propostes d&#8217;acords de coresponsabilitat, convenis i altres acords de col\u00b7laboraci\u00f3 del centre amb entitats i institucions.<\/li>\n<li style=\"text-align: justify;\">Intervenir en el procediment d&#8217;admissi\u00f3 d&#8217;alumnes.<\/li>\n<li style=\"text-align: justify;\">Participar en el procediment de selecci\u00f3 i en la proposta de cessament del director o directora.<\/li>\n<li style=\"text-align: justify;\">Intervenir en la resoluci\u00f3 dels conflictes i, si escau, revisar les sancions als alumnes.<\/li>\n<li style=\"text-align: justify;\">Aprovar les directrius per a la programaci\u00f3 d&#8217;activitats escolars complement\u00e0ries i d&#8217;activitats extraescolars, i avaluar-ne el desenvolupament.<\/li>\n<li style=\"text-align: justify;\">Participar en les an\u00e0lisis i les avaluacions del funcionament general del centre i con\u00e8ixer l&#8217;evoluci\u00f3 del rendiment escolar.<\/li>\n<li style=\"text-align: justify;\">Aprovar els criteris de col\u00b7laboraci\u00f3 amb altres centres i amb l&#8217;entorn.<\/li>\n<li style=\"text-align: justify;\">Qualsevol altre que li sigui atribu\u00efda per les normes legals o reglament\u00e0ries.<\/li>\n<\/ul>\n<h4><strong>COMPOSICI\u00d3 EN ELS CENTRES P\u00daBLICS<\/strong><\/h4>\n<ul>\n<li style=\"text-align: justify;\">El consell escolar d&#8217;un centre p\u00fablic est\u00e0 integrat per:\n<ul>\n<li style=\"text-align: justify;\">El director o directora, que el presideix.<\/li>\n<li style=\"text-align: justify;\">El cap o la cap d&#8217;estudis.<\/li>\n<li style=\"text-align: justify;\">Un o una representant de l&#8217;ajuntament de la localitat on es troba situat el centre.<\/li>\n<li style=\"text-align: justify;\">Els i les representants del professorat s&#8217;elegeixen pel claustre.<\/li>\n<li style=\"text-align: justify;\">Els i les representants de l&#8217;alumnat i dels pares i mares o tutors, elegits respectivament per ells i entre ells.<\/li>\n<li style=\"text-align: justify;\">Un o una representant del personal d&#8217;administraci\u00f3 i serveis, elegit per i entre aquest personal.<\/li>\n<li style=\"text-align: justify;\">En els centres espec\u00edfics d&#8217;educaci\u00f3 especial i en els que tinguin unitats d&#8217;educaci\u00f3 especial tamb\u00e9 \u00e9s membre del consell escolar un o una representant del personal d&#8217;atenci\u00f3 educativa. La representaci\u00f3 d&#8217;aquest personal no t\u00e9 la consideraci\u00f3 de representaci\u00f3 del professorat als efectes de determinar la composici\u00f3 del consell escolar.<\/li>\n<\/ul>\n<\/li>\n<li style=\"text-align: justify;\">El secretari o la secret\u00e0ria del centre\u00a0no \u00e9s membre del consell escolar, per\u00f2\u00a0hi assisteix amb veu i sense vot i exerceix la secretaria del consell.<\/li>\n<li style=\"text-align: justify;\">El nombre de representants del professorat no pot ser inferior a un ter\u00e7 del total de membres del consell, elegits pel claustre i en representaci\u00f3 d&#8217;aquest.<\/li>\n<li style=\"text-align: justify;\">El nombre de representants de l&#8217;alumnat i pares i mares o tutors, en conjunt, no pot ser inferior a un ter\u00e7 del total de persones membres del consell. Una de les persones representants dels progenitors la designa l&#8217;associaci\u00f3 de pares i mares m\u00e9s representativa del centre.<\/li>\n<li style=\"text-align: justify;\">Cada centre determina la <strong>composici\u00f3 del consell escolar<\/strong> que queda recollida a les seves normes d&#8217;organitzaci\u00f3 i funcionament, d&#8217;acord amb el que s&#8217;estableix en el Decret 102\/2010, de 3 d&#8217;agost, d&#8217;autonomia dels centres educatius i la resta de legislaci\u00f3 vigent.<\/li>\n<li style=\"text-align: justify;\">En els <strong>centres de nova creaci\u00f3<\/strong>, el director o directora ha d&#8217;ajustar la composici\u00f3 del consell escolar respectant el que estableixen els apartats 3 i 4. En els <strong>centres incomplets<\/strong>, quan el nombre de professorat no permeti assolir el que preveu l&#8217;apartat 3, les normes d&#8217;organitzaci\u00f3 i funcionament han d&#8217;establir que, en tot cas, hi hagi el mateix nombre de representants del professorat i de representants de l&#8217;alumnat\u00a0i pares i mares en conjunt.<\/li>\n<li style=\"text-align: justify;\">En els centres que imparteixen exclusivament ensenyaments que duen a l&#8217;obtenci\u00f3 de t\u00edtols acad\u00e8mics que equivalen a t\u00edtols universitaris, en les escoles oficials d&#8217;idiomes, en les escoles d&#8217;art, en els centres que imparteixen ensenyaments de r\u00e8gim especial d&#8217;esports i en els altres centres que imparteixen ensenyaments exclusivament a alumnes majors de divuit anys, no hi ha representaci\u00f3 dels pares i mares dels i de les alumnes.En els <strong>centres espec\u00edfics d&#8217;educaci\u00f3 especial<\/strong> i en els que tenen unitats d&#8217;educaci\u00f3 especial hi ha d&#8217;haver una persona representant del personal d&#8217;atenci\u00f3 educativa.En els <strong>centres que imparteixen cicles formatius<\/strong> de dues o m\u00e9s fam\u00edlies professionals, o en els centres en qu\u00e8 almenys el 25% de l&#8217;alumnat cursa ensenyaments de formaci\u00f3 professional o d&#8217;arts pl\u00e0stiques i disseny, ensenyaments de grau mitj\u00e0 de m\u00fasica o de dansa o ensenyaments art\u00edstics superiors, es pot incorporar a les sessions del consell escolar una persona proposada per les institucions empresarials o laborals presents en l&#8217;\u00e0mbit d&#8217;acci\u00f3 del centre, amb veu i sense vot.<\/li>\n<li style=\"text-align: justify;\">El centre no pot modificar la configuraci\u00f3 del consell escolar dins dels tres cursos acad\u00e8mics seg\u00fcents a aquell en qu\u00e8 \u00e9s determinada. L&#8217;aprovaci\u00f3 d&#8217;una modificaci\u00f3 en la composici\u00f3 del consell escolar no entrar\u00e0 en vigor fins al primer proc\u00e9s electoral que es dugui a terme despr\u00e9s que s&#8217;hagi aprovat.Un cop constitu\u00eft, el consell escolar del centre ha de designar una persona que impulsi mesures educatives de foment de la igualtat real i efectiva entre homes i dones.<\/li>\n<\/ul>\n<h4><strong>FUNCIONAMENT<\/strong><\/h4>\n<ul>\n<li>El consell escolar ha d&#8217;aprovar les seves normes de funcionament. En all\u00f2 que no estigui previst s&#8217;han d&#8217;aplicar les normes reguladores dels \u00f2rgans col\u00b7legiats de l&#8217;Administraci\u00f3 de la Generalitat.<\/li>\n<li>El consell escolar del centre es reuneix preceptivament una vegada al trimestre i sempre que el convoca el director o directora del centre o ho sol\u00b7licita al menys un ter\u00e7 de les seves persones membres. A m\u00e9s, s&#8217;ha de fer una reuni\u00f3 a principi de curs i una altra a la seva finalitzaci\u00f3.<\/li>\n<li>El consell escolar actua normalment en ple. Es poden constituir comissions espec\u00edfiques d\u2019estudi i informaci\u00f3, a les quals, en tot cas, s\u2019hi ha d\u2019incorporar la direcci\u00f3 del centre, o en la seva representaci\u00f3, un altre \u00f2rgan\u00a0unipersonal de direcci\u00f3,\u00a0un professor o professora, i un alumne o alumna o un representant o una representant de les mares i els pares. Els centres de titularitat p\u00fablica, a m\u00e9s, hi ha d&#8217;haver preceptivament\u00a0una <strong>comissi\u00f3 econ\u00f2mica<\/strong> que supervisa la gesti\u00f3 econ\u00f2mica del centre.<\/li>\n<\/ul>\n<p>&nbsp;<\/p>\n<h4><strong><u>CURS 2024-2025<\/u><\/strong><\/h4>\n<p>&nbsp;<\/p>\n<p><strong>Equip Directiu<\/strong><\/p>\n<p>Antoni Franch\u00a0 &#8211;\u00a0 \u00a0President del Consell Escolar<\/p>\n<p>Meritxell Barat\u00a0 &#8211;\u00a0 Cap d\u2019Estudis<\/p>\n<p>Ester Avil\u00e9s\u00a0 \u00a0&#8211;\u00a0 Secret\u00e0ria<\/p>\n<p><strong>Sector fam\u00edlies<\/strong><\/p>\n<p>Daniel Castellano<\/p>\n<p>Jordi Chiva<\/p>\n<p>Vanesa Mart\u00ednez<\/p>\n<p>Jaume Mart\u00ednez<\/p>\n<p><strong>Representant AFA<\/strong><\/p>\n<p>Miquel Coronado<\/p>\n<p><strong>Sector professorat<\/strong><\/p>\n<p>Carla Bascompta<\/p>\n<p>Jordi Canudas<\/p>\n<p>Ivet Pint\u00f3<\/p>\n<p>Sara Puig<\/p>\n<p>N\u00faria Salvador<\/p>\n<p><strong>Representant Ajuntament<\/strong><\/p>\n<p>Elena Tenorio<\/p>\n<p><strong>Representant PAS<\/strong><\/p>\n<p>Judith Blanch<\/p>\n<p>&nbsp;<\/p>\n","protected":false},"excerpt":{"rendered":"<p>FUNCIONS Corresponen al consell escolar les funcions seg\u00fcents: Participar en l&#8217;aprovaci\u00f3 del projecte educatiu i les seves modificacions. El consell escolar ha de ser consultat pel director de manera preceptiva per valorar la proposta del projecte educatiu i manifestar el seu suport amb una majoria de les tres cinquenes parts dels membres. Participar en l&#8217;aprovaci\u00f3 [&hellip;]<\/p>\n","protected":false},"author":2,"featured_media":0,"parent":529,"menu_order":30,"comment_status":"closed","ping_status":"closed","template":"page-templates\/side-menu.php","meta":{"_bbp_topic_count":0,"_bbp_reply_count":0,"_bbp_total_topic_count":0,"_bbp_total_reply_count":0,"_bbp_voice_count":0,"_bbp_anonymous_reply_count":0,"_bbp_topic_count_hidden":0,"_bbp_reply_count_hidden":0,"_bbp_forum_subforum_count":0,"site-sidebar-layout":"default","site-content-layout":"","ast-site-content-layout":"","site-content-style":"default","site-sidebar-style":"default","ast-global-header-display":"","ast-banner-title-visibility":"","ast-main-header-display":"","ast-hfb-above-header-display":"","ast-hfb-below-header-display":"","ast-hfb-mobile-header-display":"","site-post-title":"","ast-breadcrumbs-content":"","ast-featured-img":"","footer-sml-layout":"","theme-transparent-header-meta":"","adv-header-id-meta":"","stick-header-meta":"","header-above-stick-meta":"","header-main-stick-meta":"","header-below-stick-meta":"","astra-migrate-meta-layouts":"default","ast-page-background-enabled":"default","ast-page-background-meta":{"desktop":{"background-color":"var(--ast-global-color-4)","background-image":"","background-repeat":"repeat","background-position":"center center","background-size":"auto","background-attachment":"scroll","background-type":"","background-media":"","overlay-type":"","overlay-color":"","overlay-opacity":"","overlay-gradient":""},"tablet":{"background-color":"","background-image":"","background-repeat":"repeat","background-position":"center center","background-size":"auto","background-attachment":"scroll","background-type":"","background-media":"","overlay-type":"","overlay-color":"","overlay-opacity":"","overlay-gradient":""},"mobile":{"background-color":"","background-image":"","background-repeat":"repeat","background-position":"center center","background-size":"auto","background-attachment":"scroll","background-type":"","background-media":"","overlay-type":"","overlay-color":"","overlay-opacity":"","overlay-gradient":""}},"ast-content-background-meta":{"desktop":{"background-color":"var(--ast-global-color-5)","background-image":"","background-repeat":"repeat","background-position":"center center","background-size":"auto","background-attachment":"scroll","background-type":"","background-media":"","overlay-type":"","overlay-color":"","overlay-opacity":"","overlay-gradient":""},"tablet":{"background-color":"var(--ast-global-color-5)","background-image":"","background-repeat":"repeat","background-position":"center center","background-size":"auto","background-attachment":"scroll","background-type":"","background-media":"","overlay-type":"","overlay-color":"","overlay-opacity":"","overlay-gradient":""},"mobile":{"background-color":"var(--ast-global-color-5)","background-image":"","background-repeat":"repeat","background-position":"center center","background-size":"auto","background-attachment":"scroll","background-type":"","background-media":"","overlay-type":"","overlay-color":"","overlay-opacity":"","overlay-gradient":""}},"footnotes":""},"class_list":["post-28","page","type-page","status-publish","hentry"],"post_mailing_queue_ids":[],"_links":{"self":[{"href":"https:\/\/agora.xtec.cat\/escolaolivar\/wp-json\/wp\/v2\/pages\/28","targetHints":{"allow":["GET"]}}],"collection":[{"href":"https:\/\/agora.xtec.cat\/escolaolivar\/wp-json\/wp\/v2\/pages"}],"about":[{"href":"https:\/\/agora.xtec.cat\/escolaolivar\/wp-json\/wp\/v2\/types\/page"}],"author":[{"embeddable":true,"href":"https:\/\/agora.xtec.cat\/escolaolivar\/wp-json\/wp\/v2\/users\/2"}],"replies":[{"embeddable":true,"href":"https:\/\/agora.xtec.cat\/escolaolivar\/wp-json\/wp\/v2\/comments?post=28"}],"version-history":[{"count":6,"href":"https:\/\/agora.xtec.cat\/escolaolivar\/wp-json\/wp\/v2\/pages\/28\/revisions"}],"predecessor-version":[{"id":9482,"href":"https:\/\/agora.xtec.cat\/escolaolivar\/wp-json\/wp\/v2\/pages\/28\/revisions\/9482"}],"up":[{"embeddable":true,"href":"https:\/\/agora.xtec.cat\/escolaolivar\/wp-json\/wp\/v2\/pages\/529"}],"wp:attachment":[{"href":"https:\/\/agora.xtec.cat\/escolaolivar\/wp-json\/wp\/v2\/media?parent=28"}],"curies":[{"name":"wp","href":"https:\/\/api.w.org\/{rel}","templated":true}]}}