{"id":9936,"date":"2014-12-09T21:45:51","date_gmt":"2014-12-09T21:45:51","guid":{"rendered":"http:\/\/escolanova.cat\/?page_id=9936"},"modified":"2026-03-24T12:10:45","modified_gmt":"2026-03-24T11:10:45","slug":"descarrega-de-documents","status":"publish","type":"page","link":"https:\/\/agora.xtec.cat\/escolanova\/descarrega-de-documents\/","title":{"rendered":"Desc\u00e0rrega de documents"},"content":{"rendered":"\n<div class=\"wp-block-group alignwide is-layout-constrained wp-block-group-is-layout-constrained\">\n<div class=\"wp-block-buttons is-layout-flex wp-block-buttons-is-layout-flex\">\n<div class=\"wp-block-button\"><a class=\"wp-block-button__link wp-element-button\" href=\"https:\/\/agora.xtec.cat\/escolanova\/wp-content\/uploads\/usu2462\/2026\/03\/autoritzacio-recollida-alumnes-CS-1.pdf\">Autoritzaci\u00f3 recollida alumnes 5\u00e8 &#8211; 6\u00e8<\/a><\/div>\n\n\n\n<div class=\"wp-block-button\"><a class=\"wp-block-button__link wp-element-button\" href=\"https:\/\/agora.xtec.cat\/escolanova\/wp-content\/uploads\/usu2462\/2026\/03\/autoritzacio-recollida-alumnes-P3-a-4t.pdf\">Autoritzaci\u00f3 recollida alumnes P3 &#8211; 4t<\/a><\/div>\n\n\n\n<div class=\"wp-block-button\"><a class=\"wp-block-button__link wp-element-button\" href=\"https:\/\/escolanova.cat\/wp-content\/uploads\/2022\/10\/AUTORITZACIO_activitat_piscina.pdf\">Autoritzaci\u00f3 pisina<\/a><\/div>\n\n\n\n<div class=\"wp-block-button\"><a class=\"wp-block-button__link wp-element-button\" href=\"https:\/\/agora.xtec.cat\/escolanova\/wp-content\/uploads\/usu2462\/2026\/03\/AUTORITZACIO_altra_familia_piscina-1.pdf\">Autoritzaci\u00f3 piscina altra fam\u00edlia<\/a><\/div>\n\n\n\n<div class=\"wp-block-button\"><a class=\"wp-block-button__link wp-element-button\" href=\"https:\/\/agora.xtec.cat\/escolanova\/wp-content\/uploads\/usu2462\/2026\/03\/AUTORITZACIO_sortida_piscina_1620h.pdf\">Sortida pisina 16.20<\/a><\/div>\n\n\n\n<div class=\"wp-block-button\"><a class=\"wp-block-button__link wp-element-button\" href=\"https:\/\/agora.xtec.cat\/escolanova\/wp-content\/uploads\/usu2462\/2026\/03\/Autoritzacio_medicaments.pdf\">Autoritzaci\u00f3 medicaments<\/a><\/div>\n\n\n\n<div class=\"wp-block-button\"><a class=\"wp-block-button__link wp-element-button\" href=\"https:\/\/agora.xtec.cat\/escolanova\/wp-content\/uploads\/usu2462\/2026\/03\/Autoritzacio-PARACETAMOL.pdf\">Autoritzaci\u00f3 paracetamol<\/a><\/div>\n\n\n\n<div class=\"wp-block-button\"><a class=\"wp-block-button__link wp-element-button\" href=\"https:\/\/agora.xtec.cat\/escolanova\/wp-content\/uploads\/usu2462\/2026\/03\/5.autoritzacio-sortides-escolars.pdf\">Sortides escolars<\/a><\/div>\n\n\n\n<div class=\"wp-block-button\"><a class=\"wp-block-button__link wp-element-button\" href=\"https:\/\/agora.xtec.cat\/escolanova\/wp-content\/uploads\/usu2462\/2026\/03\/autoritzacio_us_dimatges.pdf\">Autoritzaci\u00f3 \u00fas d&#8217;imatges<\/a><\/div>\n<\/div>\n\n\n\n<div class=\"wp-block-buttons is-layout-flex wp-block-buttons-is-layout-flex\">\n<div class=\"wp-block-button\"><a class=\"wp-block-button__link wp-element-button\" href=\"https:\/\/agora.xtec.cat\/escolanova\/wp-content\/uploads\/usu2462\/2026\/03\/Autoritzacio-domiciliacio-bancaria-AFA.pdf\">Autoritzaci\u00f3 domiciliaci\u00f3 bancaria AFA<\/a><\/div>\n\n\n\n<div class=\"wp-block-button\"><a class=\"wp-block-button__link wp-element-button\" href=\"https:\/\/agora.xtec.cat\/escolanova\/wp-content\/uploads\/usu2462\/2026\/03\/Autoritzacio-domiciliacio-bancaria-escola.pdf\">Autoritzaci\u00f3 domiciliaci\u00f3 bancaria escola<\/a><\/div>\n<\/div>\n<\/div>\n\n\n\n<p><\/p>\n","protected":false},"excerpt":{"rendered":"","protected":false},"author":1,"featured_media":0,"parent":0,"menu_order":0,"comment_status":"open","ping_status":"open","template":"","meta":{"_bbp_topic_count":0,"_bbp_reply_count":0,"_bbp_total_topic_count":0,"_bbp_total_reply_count":0,"_bbp_voice_count":0,"_bbp_anonymous_reply_count":0,"_bbp_topic_count_hidden":0,"_bbp_reply_count_hidden":0,"_bbp_forum_subforum_count":0,"site-sidebar-layout":"default","site-content-layout":"","ast-site-content-layout":"default","site-content-style":"default","site-sidebar-style":"default","ast-global-header-display":"","ast-banner-title-visibility":"","ast-main-header-display":"","ast-hfb-above-header-display":"","ast-hfb-below-header-display":"","ast-hfb-mobile-header-display":"","site-post-title":"","ast-breadcrumbs-content":"","ast-featured-img":"","footer-sml-layout":"","theme-transparent-header-meta":"","adv-header-id-meta":"","stick-header-meta":"","header-above-stick-meta":"","header-main-stick-meta":"","header-below-stick-meta":"","astra-migrate-meta-layouts":"set","ast-page-background-enabled":"default","ast-page-background-meta":{"desktop":{"background-color":"var(--ast-global-color-4)","background-image":"","background-repeat":"repeat","background-position":"center center","background-size":"auto","background-attachment":"scroll","background-type":"","background-media":"","overlay-type":"","overlay-color":"","overlay-opacity":"","overlay-gradient":""},"tablet":{"background-color":"","background-image":"","background-repeat":"repeat","background-position":"center center","background-size":"auto","background-attachment":"scroll","background-type":"","background-media":"","overlay-type":"","overlay-color":"","overlay-opacity":"","overlay-gradient":""},"mobile":{"background-color":"","background-image":"","background-repeat":"repeat","background-position":"center center","background-size":"auto","background-attachment":"scroll","background-type":"","background-media":"","overlay-type":"","overlay-color":"","overlay-opacity":"","overlay-gradient":""}},"ast-content-background-meta":{"desktop":{"background-color":"var(--ast-global-color-5)","background-image":"","background-repeat":"repeat","background-position":"center center","background-size":"auto","background-attachment":"scroll","background-type":"","background-media":"","overlay-type":"","overlay-color":"","overlay-opacity":"","overlay-gradient":""},"tablet":{"background-color":"var(--ast-global-color-5)","background-image":"","background-repeat":"repeat","background-position":"center center","background-size":"auto","background-attachment":"scroll","background-type":"","background-media":"","overlay-type":"","overlay-color":"","overlay-opacity":"","overlay-gradient":""},"mobile":{"background-color":"var(--ast-global-color-5)","background-image":"","background-repeat":"repeat","background-position":"center center","background-size":"auto","background-attachment":"scroll","background-type":"","background-media":"","overlay-type":"","overlay-color":"","overlay-opacity":"","overlay-gradient":""}},"footnotes":""},"class_list":["post-9936","page","type-page","status-publish","hentry"],"post_mailing_queue_ids":[],"_links":{"self":[{"href":"https:\/\/agora.xtec.cat\/escolanova\/wp-json\/wp\/v2\/pages\/9936","targetHints":{"allow":["GET"]}}],"collection":[{"href":"https:\/\/agora.xtec.cat\/escolanova\/wp-json\/wp\/v2\/pages"}],"about":[{"href":"https:\/\/agora.xtec.cat\/escolanova\/wp-json\/wp\/v2\/types\/page"}],"author":[{"embeddable":true,"href":"https:\/\/agora.xtec.cat\/escolanova\/wp-json\/wp\/v2\/users\/1"}],"replies":[{"embeddable":true,"href":"https:\/\/agora.xtec.cat\/escolanova\/wp-json\/wp\/v2\/comments?post=9936"}],"version-history":[{"count":5,"href":"https:\/\/agora.xtec.cat\/escolanova\/wp-json\/wp\/v2\/pages\/9936\/revisions"}],"predecessor-version":[{"id":24863,"href":"https:\/\/agora.xtec.cat\/escolanova\/wp-json\/wp\/v2\/pages\/9936\/revisions\/24863"}],"wp:attachment":[{"href":"https:\/\/agora.xtec.cat\/escolanova\/wp-json\/wp\/v2\/media?parent=9936"}],"curies":[{"name":"wp","href":"https:\/\/api.w.org\/{rel}","templated":true}]}}