{"id":26,"date":"2014-09-18T12:24:32","date_gmt":"2014-09-18T11:24:32","guid":{"rendered":"http:\/\/agora.xtec.cat\/escolanova\/?page_id=26"},"modified":"2024-11-15T10:47:48","modified_gmt":"2024-11-15T09:47:48","slug":"historia","status":"publish","type":"page","link":"https:\/\/agora.xtec.cat\/escolanova\/lescola\/historia\/","title":{"rendered":"Hist\u00f2ria i Agra\u00efment"},"content":{"rendered":"<p><img loading=\"lazy\" decoding=\"async\" class=\"aligncenter\" src=\"https:\/\/escolanova.cat\/wp-content\/uploads\/2014\/12\/ferran-i-carme.jpg\" width=\"498\" height=\"280\" \/><\/p>\n<div class=\"flex_column av_one_half flex_column_div av-zero-column-padding first avia-builder-el-7 el_after_av_heading el_before_av_one_half \">\n<section class=\"av_textblock_section \">\n<div class=\"avia_textblock \">\n<p>L\u2019Escola Nova \u00e9s un escola de nova creaci\u00f3. Al 2008 vam comen\u00e7ar aquest projecte amb molta il\u00b7lusi\u00f3 i ganes de fer les coses amb sentit pedag\u00f2gic. Fem un treball competencial a trav\u00e9s del constructivisme. Som una escola on volem que es respiri la pedagogia activa. Per a nosaltres els nens i nenes s\u00f3n els protagonistes, el motiu pel qual l\u2019escola batega.<\/p>\n<p>Venim d\u2019on venim i no renunciem a cap her\u00e8ncia profitosa. A Cervell\u00f3 abans hi havia \u201cl\u2019Escola \u00c8nnec Bonfill\u201d, una cooperativa de mestres que seguia els principis de l\u2019Escola Nova del temps de la Rep\u00fablica, adscrita al CEPEPC i que despr\u00e9s es va fusionar amb l\u2019Escola \u201cSanta Maria de Cervell\u00f3\u201d, l\u2019altra escola p\u00fablica del municipi.<\/p>\n<p>Quan es va oferir la possibilitat de crear la nova escola, ja que la poblaci\u00f3 els \u00faltims anys havia crescut suficient, la Carme Mauri i en Ferran Casanova junt amb uns quants mestres que ja hav\u00edem treballat junts a les dues escoles vam decidir endegar el nou projecte, aix\u00ed comen\u00e7ar a fer real un somni de molt de temps.<\/p>\n<p>Ja des del principi els pares i mares que van seguir aquest projecte van compartir aquest somni amb nosaltres. Alguns hav\u00edem sentit parlar de l\u2019escola viva i de la pedagogia sist\u00e8mica, altres la coneix\u00edem a trav\u00e9s de cursos de formaci\u00f3.<\/p>\n<p>Al llarg d\u2019aquests anys la gent que ha anat arribant s\u2019ha anat integrant i entre tots hem anat perfilant una escola on volem que els nens i nenes siguin feli\u00e7os i que aprenguin d\u2019una forma natural, seguint el ritme de cadasc\u00fa. El professorat nou \u00e9s acollit amb atenci\u00f3. Ells tamb\u00e9 ens aporten coses i quan marxen s\u2019emporten part del projecte a una altra banda. Tots hem aportat, l\u2019escola \u00e9s de tots.<\/p>\n<\/div>\n<\/section>\n<\/div>\n<div class=\"flex_column av_one_half flex_column_div av-zero-column-padding avia-builder-el-9 el_after_av_one_half el_before_av_section avia-builder-el-last \">\n<section class=\"av_textblock_section \">\n<div class=\"avia_textblock \">\n<p>Cal tenir present que com a escola de nova creaci\u00f3, nom\u00e9s portem en funcionament uns cursos, ens falta perspectiva hist\u00f2rica en el nostre centre. La nostra mirada enrere ens d\u00f3na informaci\u00f3 per\u00f2 d\u2019aqu\u00ed a uns quants anys l\u2019enriquiment ser\u00e0 molt m\u00e9s profit\u00f3s. Aquesta dificultat per\u00f2 s\u2019intenta suplir amb la nostra experi\u00e8ncia en altres centres.<\/p>\n<p>Els primers dies tant els pares i les mares com els nens i les nenes es quedaven bocabadats quan en entrar a l\u2019escola al mat\u00ed sonava m\u00fasica pel passad\u00eds. Mica en mica aquelles cares sorpreses van anar agafant com normal aquella manera de treballar i de viure l\u2019escola.<\/p>\n<p>Actualment la Carme (va morir al 2011) i en Ferran (va morir al 2023) ja no s\u00f3n amb nosaltres en el dia a dia per\u00f2 formen part de l\u2019escola hi els tenim presents.<\/p>\n<blockquote><p><strong>Com a mostra d\u2019agra\u00efment i reconeixement a la seva tasca un grup d\u2019alumnes i fam\u00edlies van fer els Gegants de l\u2019Escola Nova, la Carme i en Ferran.<\/strong><\/p>\n<p><img loading=\"lazy\" decoding=\"async\" class=\"aligncenter\" src=\"https:\/\/escolanova.cat\/wp-content\/uploads\/2014\/12\/final-gegants-ferran-i-carme.jpg\" width=\"507\" height=\"286\" \/><\/p><\/blockquote>\n<\/div>\n<\/section>\n<\/div>\n","protected":false},"excerpt":{"rendered":"<p>L\u2019Escola Nova \u00e9s un escola de nova creaci\u00f3. Al 2008 vam comen\u00e7ar aquest projecte amb molta il\u00b7lusi\u00f3 i ganes de [&hellip;]<\/p>\n","protected":false},"author":1,"featured_media":0,"parent":22,"menu_order":20,"comment_status":"closed","ping_status":"closed","template":"page-templates\/side-menu.php","meta":{"_bbp_topic_count":0,"_bbp_reply_count":0,"_bbp_total_topic_count":0,"_bbp_total_reply_count":0,"_bbp_voice_count":0,"_bbp_anonymous_reply_count":0,"_bbp_topic_count_hidden":0,"_bbp_reply_count_hidden":0,"_bbp_forum_subforum_count":0,"site-sidebar-layout":"default","site-content-layout":"","ast-site-content-layout":"","site-content-style":"default","site-sidebar-style":"default","ast-global-header-display":"","ast-banner-title-visibility":"","ast-main-header-display":"","ast-hfb-above-header-display":"","ast-hfb-below-header-display":"","ast-hfb-mobile-header-display":"","site-post-title":"","ast-breadcrumbs-content":"","ast-featured-img":"","footer-sml-layout":"","theme-transparent-header-meta":"","adv-header-id-meta":"","stick-header-meta":"","header-above-stick-meta":"","header-main-stick-meta":"","header-below-stick-meta":"","astra-migrate-meta-layouts":"default","ast-page-background-enabled":"default","ast-page-background-meta":{"desktop":{"background-color":"var(--ast-global-color-4)","background-image":"","background-repeat":"repeat","background-position":"center center","background-size":"auto","background-attachment":"scroll","background-type":"","background-media":"","overlay-type":"","overlay-color":"","overlay-opacity":"","overlay-gradient":""},"tablet":{"background-color":"","background-image":"","background-repeat":"repeat","background-position":"center center","background-size":"auto","background-attachment":"scroll","background-type":"","background-media":"","overlay-type":"","overlay-color":"","overlay-opacity":"","overlay-gradient":""},"mobile":{"background-color":"","background-image":"","background-repeat":"repeat","background-position":"center center","background-size":"auto","background-attachment":"scroll","background-type":"","background-media":"","overlay-type":"","overlay-color":"","overlay-opacity":"","overlay-gradient":""}},"ast-content-background-meta":{"desktop":{"background-color":"var(--ast-global-color-5)","background-image":"","background-repeat":"repeat","background-position":"center center","background-size":"auto","background-attachment":"scroll","background-type":"","background-media":"","overlay-type":"","overlay-color":"","overlay-opacity":"","overlay-gradient":""},"tablet":{"background-color":"var(--ast-global-color-5)","background-image":"","background-repeat":"repeat","background-position":"center center","background-size":"auto","background-attachment":"scroll","background-type":"","background-media":"","overlay-type":"","overlay-color":"","overlay-opacity":"","overlay-gradient":""},"mobile":{"background-color":"var(--ast-global-color-5)","background-image":"","background-repeat":"repeat","background-position":"center center","background-size":"auto","background-attachment":"scroll","background-type":"","background-media":"","overlay-type":"","overlay-color":"","overlay-opacity":"","overlay-gradient":""}},"footnotes":""},"class_list":["post-26","page","type-page","status-publish","hentry"],"post_mailing_queue_ids":[],"_links":{"self":[{"href":"https:\/\/agora.xtec.cat\/escolanova\/wp-json\/wp\/v2\/pages\/26","targetHints":{"allow":["GET"]}}],"collection":[{"href":"https:\/\/agora.xtec.cat\/escolanova\/wp-json\/wp\/v2\/pages"}],"about":[{"href":"https:\/\/agora.xtec.cat\/escolanova\/wp-json\/wp\/v2\/types\/page"}],"author":[{"embeddable":true,"href":"https:\/\/agora.xtec.cat\/escolanova\/wp-json\/wp\/v2\/users\/1"}],"replies":[{"embeddable":true,"href":"https:\/\/agora.xtec.cat\/escolanova\/wp-json\/wp\/v2\/comments?post=26"}],"version-history":[{"count":6,"href":"https:\/\/agora.xtec.cat\/escolanova\/wp-json\/wp\/v2\/pages\/26\/revisions"}],"predecessor-version":[{"id":24462,"href":"https:\/\/agora.xtec.cat\/escolanova\/wp-json\/wp\/v2\/pages\/26\/revisions\/24462"}],"up":[{"embeddable":true,"href":"https:\/\/agora.xtec.cat\/escolanova\/wp-json\/wp\/v2\/pages\/22"}],"wp:attachment":[{"href":"https:\/\/agora.xtec.cat\/escolanova\/wp-json\/wp\/v2\/media?parent=26"}],"curies":[{"name":"wp","href":"https:\/\/api.w.org\/{rel}","templated":true}]}}