{"id":24818,"date":"2026-03-17T10:40:32","date_gmt":"2026-03-17T09:40:32","guid":{"rendered":"https:\/\/agora.xtec.cat\/escolanova\/?page_id=24818"},"modified":"2026-04-15T12:59:11","modified_gmt":"2026-04-15T10:59:11","slug":"xarxa-0-6","status":"publish","type":"page","link":"https:\/\/agora.xtec.cat\/escolanova\/xarxa-0-6\/","title":{"rendered":"Xarxa 0-6"},"content":{"rendered":"\n<figure class=\"wp-block-image size-full\"><a href=\"https:\/\/agora.xtec.cat\/escolanova\/wp-content\/uploads\/usu2462\/2026\/04\/Xarxa-0-6-924x423-1.png\"><img loading=\"lazy\" decoding=\"async\" width=\"924\" height=\"423\" src=\"https:\/\/agora.xtec.cat\/escolanova\/wp-content\/uploads\/usu2462\/2026\/04\/Xarxa-0-6-924x423-1.png\" alt=\"\" class=\"wp-image-24953\" srcset=\"https:\/\/agora.xtec.cat\/escolanova\/wp-content\/uploads\/usu2462\/2026\/04\/Xarxa-0-6-924x423-1.png 924w, https:\/\/agora.xtec.cat\/escolanova\/wp-content\/uploads\/usu2462\/2026\/04\/Xarxa-0-6-924x423-1-300x137.png 300w, https:\/\/agora.xtec.cat\/escolanova\/wp-content\/uploads\/usu2462\/2026\/04\/Xarxa-0-6-924x423-1-768x352.png 768w\" sizes=\"auto, (max-width: 924px) 100vw, 924px\" \/><\/a><\/figure>\n\n\n\n<p>Els tres centres d\u2019Educaci\u00f3 Infantil del municipi de Cervell\u00f3 participem activament en la Xarxa 0-6 amb l\u2019objectiu de reflexionar, organitzar i coordinar els dos cicles d\u2019Educaci\u00f3 Infantil, cosa que millora la transici\u00f3 d\u2019ambdues etapes i la posada en marxa d\u2019iniciatives conjuntes.<\/p>\n\n\n\n<p>Durant els darrers cursos, l\u2019\u00fas de les pantalles i les seves conseq\u00fc\u00e8ncies han estat motors d\u2019observaci\u00f3 i reflexi\u00f3 a la xarxa, posant en marxa diferents mecanismes i iniciatives tant en l\u2019\u00e0mbit intern a cada centre, com amb la resta de membres de la comunitat.<\/p>\n\n\n\n<p>La xerrada de l\u2019Anna Ramis, el taller Rimes amb moviment de la Tamara Chubarovsky, la iniciativa de joc La Citt\u00e0 Infinita o l\u2019Institut de la inf\u00e0ncia a la Fira de Cervell\u00f3, han estat algunes d\u2019aquestes iniciatives.<\/p>\n\n\n\n<figure class=\"wp-block-gallery has-nested-images columns-default is-cropped wp-block-gallery-1 is-layout-flex wp-block-gallery-is-layout-flex\">\n<figure class=\"wp-block-image alignwide size-large\"><a href=\"https:\/\/agora.xtec.cat\/escolanova\/wp-content\/uploads\/usu2462\/2026\/04\/baixa-2-300x91-1.png\"><img loading=\"lazy\" decoding=\"async\" width=\"300\" height=\"91\" data-id=\"24954\" src=\"https:\/\/agora.xtec.cat\/escolanova\/wp-content\/uploads\/usu2462\/2026\/04\/baixa-2-300x91-1.png\" alt=\"\" class=\"wp-image-24954\"\/><\/a><\/figure>\n\n\n\n<figure class=\"wp-block-image size-large\"><a href=\"https:\/\/agora.xtec.cat\/escolanova\/wp-content\/uploads\/usu2462\/2026\/04\/baixa-1-300x153-1.png\"><img loading=\"lazy\" decoding=\"async\" width=\"300\" height=\"153\" data-id=\"24955\" src=\"https:\/\/agora.xtec.cat\/escolanova\/wp-content\/uploads\/usu2462\/2026\/04\/baixa-1-300x153-1.png\" alt=\"\" class=\"wp-image-24955\"\/><\/a><\/figure>\n\n\n\n<figure class=\"wp-block-image size-large\"><a href=\"https:\/\/agora.xtec.cat\/escolanova\/wp-content\/uploads\/usu2462\/2026\/04\/baixa.png\"><img loading=\"lazy\" decoding=\"async\" width=\"355\" height=\"111\" data-id=\"24957\" src=\"https:\/\/agora.xtec.cat\/escolanova\/wp-content\/uploads\/usu2462\/2026\/04\/baixa.png\" alt=\"\" class=\"wp-image-24957\" srcset=\"https:\/\/agora.xtec.cat\/escolanova\/wp-content\/uploads\/usu2462\/2026\/04\/baixa.png 355w, https:\/\/agora.xtec.cat\/escolanova\/wp-content\/uploads\/usu2462\/2026\/04\/baixa-300x94.png 300w\" sizes=\"auto, (max-width: 355px) 100vw, 355px\" \/><\/a><\/figure>\n\n\n\n<figure class=\"wp-block-image size-large\"><a href=\"https:\/\/agora.xtec.cat\/escolanova\/wp-content\/uploads\/usu2462\/2026\/04\/Escola-Santa-Maria.png\"><img loading=\"lazy\" decoding=\"async\" width=\"208\" height=\"267\" data-id=\"24959\" src=\"https:\/\/agora.xtec.cat\/escolanova\/wp-content\/uploads\/usu2462\/2026\/04\/Escola-Santa-Maria.png\" alt=\"\" class=\"wp-image-24959\"\/><\/a><\/figure>\n\n\n\n<figure class=\"wp-block-image aligncenter size-large\"><a href=\"https:\/\/agora.xtec.cat\/escolanova\/wp-content\/uploads\/usu2462\/2026\/04\/Llar-dinfants-Potes-Roges-300x237-1.png\"><img loading=\"lazy\" decoding=\"async\" width=\"300\" height=\"237\" data-id=\"24958\" src=\"https:\/\/agora.xtec.cat\/escolanova\/wp-content\/uploads\/usu2462\/2026\/04\/Llar-dinfants-Potes-Roges-300x237-1.png\" alt=\"\" class=\"wp-image-24958\"\/><\/a><\/figure>\n<\/figure>\n\n\n\n<p><\/p>\n","protected":false},"excerpt":{"rendered":"<p>Els tres centres d\u2019Educaci\u00f3 Infantil del municipi de Cervell\u00f3 participem activament en la Xarxa 0-6 amb l\u2019objectiu de reflexionar, organitzar [&hellip;]<\/p>\n","protected":false},"author":3,"featured_media":0,"parent":0,"menu_order":0,"comment_status":"closed","ping_status":"close","template":"","meta":{"_bbp_topic_count":0,"_bbp_reply_count":0,"_bbp_total_topic_count":0,"_bbp_total_reply_count":0,"_bbp_voice_count":0,"_bbp_anonymous_reply_count":0,"_bbp_topic_count_hidden":0,"_bbp_reply_count_hidden":0,"_bbp_forum_subforum_count":0,"site-sidebar-layout":"default","site-content-layout":"","ast-site-content-layout":"default","site-content-style":"default","site-sidebar-style":"default","ast-global-header-display":"","ast-banner-title-visibility":"","ast-main-header-display":"","ast-hfb-above-header-display":"","ast-hfb-below-header-display":"","ast-hfb-mobile-header-display":"","site-post-title":"","ast-breadcrumbs-content":"","ast-featured-img":"","footer-sml-layout":"","theme-transparent-header-meta":"","adv-header-id-meta":"","stick-header-meta":"","header-above-stick-meta":"","header-main-stick-meta":"","header-below-stick-meta":"","astra-migrate-meta-layouts":"set","ast-page-background-enabled":"default","ast-page-background-meta":{"desktop":{"background-color":"var(--ast-global-color-4)","background-image":"","background-repeat":"repeat","background-position":"center center","background-size":"auto","background-attachment":"scroll","background-type":"","background-media":"","overlay-type":"","overlay-color":"","overlay-opacity":"","overlay-gradient":""},"tablet":{"background-color":"","background-image":"","background-repeat":"repeat","background-position":"center center","background-size":"auto","background-attachment":"scroll","background-type":"","background-media":"","overlay-type":"","overlay-color":"","overlay-opacity":"","overlay-gradient":""},"mobile":{"background-color":"","background-image":"","background-repeat":"repeat","background-position":"center center","background-size":"auto","background-attachment":"scroll","background-type":"","background-media":"","overlay-type":"","overlay-color":"","overlay-opacity":"","overlay-gradient":""}},"ast-content-background-meta":{"desktop":{"background-color":"var(--ast-global-color-5)","background-image":"","background-repeat":"repeat","background-position":"center center","background-size":"auto","background-attachment":"scroll","background-type":"","background-media":"","overlay-type":"","overlay-color":"","overlay-opacity":"","overlay-gradient":""},"tablet":{"background-color":"var(--ast-global-color-5)","background-image":"","background-repeat":"repeat","background-position":"center center","background-size":"auto","background-attachment":"scroll","background-type":"","background-media":"","overlay-type":"","overlay-color":"","overlay-opacity":"","overlay-gradient":""},"mobile":{"background-color":"var(--ast-global-color-5)","background-image":"","background-repeat":"repeat","background-position":"center center","background-size":"auto","background-attachment":"scroll","background-type":"","background-media":"","overlay-type":"","overlay-color":"","overlay-opacity":"","overlay-gradient":""}},"footnotes":""},"class_list":["post-24818","page","type-page","status-publish","hentry"],"post_mailing_queue_ids":[],"_links":{"self":[{"href":"https:\/\/agora.xtec.cat\/escolanova\/wp-json\/wp\/v2\/pages\/24818","targetHints":{"allow":["GET"]}}],"collection":[{"href":"https:\/\/agora.xtec.cat\/escolanova\/wp-json\/wp\/v2\/pages"}],"about":[{"href":"https:\/\/agora.xtec.cat\/escolanova\/wp-json\/wp\/v2\/types\/page"}],"author":[{"embeddable":true,"href":"https:\/\/agora.xtec.cat\/escolanova\/wp-json\/wp\/v2\/users\/3"}],"replies":[{"embeddable":true,"href":"https:\/\/agora.xtec.cat\/escolanova\/wp-json\/wp\/v2\/comments?post=24818"}],"version-history":[{"count":3,"href":"https:\/\/agora.xtec.cat\/escolanova\/wp-json\/wp\/v2\/pages\/24818\/revisions"}],"predecessor-version":[{"id":24962,"href":"https:\/\/agora.xtec.cat\/escolanova\/wp-json\/wp\/v2\/pages\/24818\/revisions\/24962"}],"wp:attachment":[{"href":"https:\/\/agora.xtec.cat\/escolanova\/wp-json\/wp\/v2\/media?parent=24818"}],"curies":[{"name":"wp","href":"https:\/\/api.w.org\/{rel}","templated":true}]}}