{"id":22061,"date":"2022-04-26T12:03:19","date_gmt":"2022-04-26T10:03:19","guid":{"rendered":"https:\/\/escolanova.cat\/?page_id=22061"},"modified":"2026-04-15T10:35:33","modified_gmt":"2026-04-15T08:35:33","slug":"idcat-com-lobtens-per-internet","status":"publish","type":"page","link":"https:\/\/agora.xtec.cat\/escolanova\/idcat-com-lobtens-per-internet\/","title":{"rendered":"idCAT com l\u2019obtens per internet?"},"content":{"rendered":"\n\n\n<p>es de&nbsp;<a href=\"https:\/\/www.idcatmobil.cat\/\" target=\"_blank\" rel=\"noreferrer noopener\"><strong>aqu\u00ed<\/strong><\/a>&nbsp;ets pots donar d\u2019alta amb o sense certificat digital, per\u00f2 cal que tinguis la Targeta sanit\u00e0ria individual o la targeta de MUFACE.<\/p>\n\n\n\n<p>Alta sense certificat<br>\u2022 persones que tinguin nacionalitat espanyola<br>\u2022 persones estrangeres que tinguin Targeta d\u2019identitat d\u2019estranger (TIE).<\/p>\n\n\n\n<p>Si \u00e9s el teu cas, haur\u00e0s de seguir els seg\u00fcents passos:<\/p>\n\n\n\n<div class=\"wp-block-media-text is-stacked-on-mobile\"><figure class=\"wp-block-media-text__media\"><img loading=\"lazy\" decoding=\"async\" width=\"354\" height=\"120\" src=\"https:\/\/agora.xtec.cat\/escolanova\/wp-content\/uploads\/usu2462\/2026\/04\/codi-de-barres-targeta-sanitaria.jpg\" alt=\"\" class=\"wp-image-24944 size-full\" srcset=\"https:\/\/agora.xtec.cat\/escolanova\/wp-content\/uploads\/usu2462\/2026\/04\/codi-de-barres-targeta-sanitaria.jpg 354w, https:\/\/agora.xtec.cat\/escolanova\/wp-content\/uploads\/usu2462\/2026\/04\/codi-de-barres-targeta-sanitaria-300x102.jpg 300w\" sizes=\"auto, (max-width: 354px) 100vw, 354px\" \/><\/figure><div class=\"wp-block-media-text__content\">\n<p>1- Acreditar la teva identitat amb el n\u00famero i la data de caducitat del DNI o de la TIE, la data de naixement i el codi de barres de la Targeta Sanit\u00e0ria Individual (TSI) que lliura el CatSalut.<\/p>\n\n\n\n<p>2- Indicar el teu tel\u00e8fon m\u00f2bil, per identificar-te i rebre avisos, i el correu electr\u00f2nic.<\/p>\n\n\n\n<p>3- Informar la contrasenya d\u2019un sol \u00fas que rebr\u00e0s al m\u00f2bil per finalitzar l\u2019alta.<\/p>\n<\/div><\/div>\n\n\n\n<p><strong>Alta amb certificat digital<br><\/strong>Si tens un certificat de persona f\u00edsica, corporatiu de persona f\u00edsica o de persona f\u00edsica representant que est\u00e0 vigent i em\u00e8s per una entitat classificada pel\u00a0<a href=\"https:\/\/www.aoc.cat\/encyclopedia\/alta-idcatmobil-certificat-requisits-tecnics\/\" target=\"_blank\" rel=\"noreferrer noopener\">CAOC<\/a>.<\/p>\n\n\n\n<blockquote class=\"wp-block-quote is-layout-flow wp-block-quote-is-layout-flow\">\n<p><strong>Un cop ho has fet les teves dades de contacte formaran part del fitxer\u00a0<a href=\"https:\/\/www.aoc.cat\/knowledge-base\/que-base-dades-electronica-generalitat-catalunya\/\" target=\"_blank\" rel=\"noreferrer noopener\">\u201cSeu electr\u00f2nica\u00a0de la Generalitat de Catalunya\u201d<\/a>.<\/strong><\/p>\n<\/blockquote>\n\n\n\n<p><\/p>\n","protected":false},"excerpt":{"rendered":"<p>es de&nbsp;aqu\u00ed&nbsp;ets pots donar d\u2019alta amb o sense certificat digital, per\u00f2 cal que tinguis la Targeta sanit\u00e0ria individual o la [&hellip;]<\/p>\n","protected":false},"author":1,"featured_media":0,"parent":0,"menu_order":0,"comment_status":"closed","ping_status":"closed","template":"","meta":{"_bbp_topic_count":0,"_bbp_reply_count":0,"_bbp_total_topic_count":0,"_bbp_total_reply_count":0,"_bbp_voice_count":0,"_bbp_anonymous_reply_count":0,"_bbp_topic_count_hidden":0,"_bbp_reply_count_hidden":0,"_bbp_forum_subforum_count":0,"site-sidebar-layout":"default","site-content-layout":"","ast-site-content-layout":"default","site-content-style":"default","site-sidebar-style":"default","ast-global-header-display":"","ast-banner-title-visibility":"","ast-main-header-display":"","ast-hfb-above-header-display":"","ast-hfb-below-header-display":"","ast-hfb-mobile-header-display":"","site-post-title":"","ast-breadcrumbs-content":"","ast-featured-img":"","footer-sml-layout":"","theme-transparent-header-meta":"","adv-header-id-meta":"","stick-header-meta":"","header-above-stick-meta":"","header-main-stick-meta":"","header-below-stick-meta":"","astra-migrate-meta-layouts":"set","ast-page-background-enabled":"default","ast-page-background-meta":{"desktop":{"background-color":"var(--ast-global-color-4)","background-image":"","background-repeat":"repeat","background-position":"center center","background-size":"auto","background-attachment":"scroll","background-type":"","background-media":"","overlay-type":"","overlay-color":"","overlay-opacity":"","overlay-gradient":""},"tablet":{"background-color":"","background-image":"","background-repeat":"repeat","background-position":"center center","background-size":"auto","background-attachment":"scroll","background-type":"","background-media":"","overlay-type":"","overlay-color":"","overlay-opacity":"","overlay-gradient":""},"mobile":{"background-color":"","background-image":"","background-repeat":"repeat","background-position":"center center","background-size":"auto","background-attachment":"scroll","background-type":"","background-media":"","overlay-type":"","overlay-color":"","overlay-opacity":"","overlay-gradient":""}},"ast-content-background-meta":{"desktop":{"background-color":"var(--ast-global-color-5)","background-image":"","background-repeat":"repeat","background-position":"center center","background-size":"auto","background-attachment":"scroll","background-type":"","background-media":"","overlay-type":"","overlay-color":"","overlay-opacity":"","overlay-gradient":""},"tablet":{"background-color":"var(--ast-global-color-5)","background-image":"","background-repeat":"repeat","background-position":"center center","background-size":"auto","background-attachment":"scroll","background-type":"","background-media":"","overlay-type":"","overlay-color":"","overlay-opacity":"","overlay-gradient":""},"mobile":{"background-color":"var(--ast-global-color-5)","background-image":"","background-repeat":"repeat","background-position":"center center","background-size":"auto","background-attachment":"scroll","background-type":"","background-media":"","overlay-type":"","overlay-color":"","overlay-opacity":"","overlay-gradient":""}},"footnotes":""},"class_list":["post-22061","page","type-page","status-publish","hentry"],"post_mailing_queue_ids":[],"_links":{"self":[{"href":"https:\/\/agora.xtec.cat\/escolanova\/wp-json\/wp\/v2\/pages\/22061","targetHints":{"allow":["GET"]}}],"collection":[{"href":"https:\/\/agora.xtec.cat\/escolanova\/wp-json\/wp\/v2\/pages"}],"about":[{"href":"https:\/\/agora.xtec.cat\/escolanova\/wp-json\/wp\/v2\/types\/page"}],"author":[{"embeddable":true,"href":"https:\/\/agora.xtec.cat\/escolanova\/wp-json\/wp\/v2\/users\/1"}],"replies":[{"embeddable":true,"href":"https:\/\/agora.xtec.cat\/escolanova\/wp-json\/wp\/v2\/comments?post=22061"}],"version-history":[{"count":1,"href":"https:\/\/agora.xtec.cat\/escolanova\/wp-json\/wp\/v2\/pages\/22061\/revisions"}],"predecessor-version":[{"id":24945,"href":"https:\/\/agora.xtec.cat\/escolanova\/wp-json\/wp\/v2\/pages\/22061\/revisions\/24945"}],"wp:attachment":[{"href":"https:\/\/agora.xtec.cat\/escolanova\/wp-json\/wp\/v2\/media?parent=22061"}],"curies":[{"name":"wp","href":"https:\/\/api.w.org\/{rel}","templated":true}]}}