{"id":22048,"date":"2022-04-26T11:51:35","date_gmt":"2022-04-26T09:51:35","guid":{"rendered":"https:\/\/escolanova.cat\/?page_id=22048"},"modified":"2024-11-19T12:43:18","modified_gmt":"2024-11-19T11:43:18","slug":"informacio-general","status":"publish","type":"page","link":"https:\/\/agora.xtec.cat\/escolanova\/informacio-general\/","title":{"rendered":"Informaci\u00f3 general"},"content":{"rendered":"<section class=\"av_textblock_section \">\n<div class=\"avia_textblock  \">\n<p>La secretaria del centre s\u2019encarrega de la gesti\u00f3 de la documentaci\u00f3 acad\u00e8mica i econ\u00f2mica. \u00c9s important que ens feu saber si hi ha canvis en les vostres dades personals perqu\u00e8 el canal de comunicaci\u00f3 amb nosaltres sigui \u00e0gil i efica\u00e7. Si hi ha errors o canvis en les vostres dades personals us agrair\u00edem que ens les f\u00e9ssiu arribar.<\/p>\n<p>Moltes gr\u00e0cies per la vostra col.laboraci\u00f3.<\/p>\n<p><strong>Horari d\u2019atenci\u00f3 de dilluns a divendres de 9:00 a 14:00 i de 15:00 a 16:15<\/strong><\/p>\n<p><strong>Tel\u00e8fon 938640257<\/strong><\/p>\n<p>mail\u00a0<a href=\"mailto:escolanova@escolanova.cat\" target=\"_blank\" rel=\"noopener\">escolanova@escolanova.cat<\/a><\/p>\n<\/div>\n<\/section>\n<section class=\"av_textblock_section \">\n<div class=\"avia_textblock  \">\n<ul>\n<li><strong>CONTACTA:<\/strong><br \/>\n<strong>TEL\u00c8FON:<\/strong> 936840257<br \/>\n<strong>MAIL:<\/strong> a8063710@xtec.cat<\/li>\n<\/ul>\n<\/div>\n<\/section>\n","protected":false},"excerpt":{"rendered":"<p>La secretaria del centre s\u2019encarrega de la gesti\u00f3 de la documentaci\u00f3 acad\u00e8mica i econ\u00f2mica. \u00c9s important que ens feu saber [&hellip;]<\/p>\n","protected":false},"author":1,"featured_media":0,"parent":0,"menu_order":0,"comment_status":"closed","ping_status":"closed","template":"","meta":{"_bbp_topic_count":0,"_bbp_reply_count":0,"_bbp_total_topic_count":0,"_bbp_total_reply_count":0,"_bbp_voice_count":0,"_bbp_anonymous_reply_count":0,"_bbp_topic_count_hidden":0,"_bbp_reply_count_hidden":0,"_bbp_forum_subforum_count":0,"site-sidebar-layout":"default","site-content-layout":"","ast-site-content-layout":"","site-content-style":"default","site-sidebar-style":"default","ast-global-header-display":"","ast-banner-title-visibility":"","ast-main-header-display":"","ast-hfb-above-header-display":"","ast-hfb-below-header-display":"","ast-hfb-mobile-header-display":"","site-post-title":"","ast-breadcrumbs-content":"","ast-featured-img":"","footer-sml-layout":"","theme-transparent-header-meta":"","adv-header-id-meta":"","stick-header-meta":"","header-above-stick-meta":"","header-main-stick-meta":"","header-below-stick-meta":"","astra-migrate-meta-layouts":"default","ast-page-background-enabled":"default","ast-page-background-meta":{"desktop":{"background-color":"var(--ast-global-color-4)","background-image":"","background-repeat":"repeat","background-position":"center center","background-size":"auto","background-attachment":"scroll","background-type":"","background-media":"","overlay-type":"","overlay-color":"","overlay-opacity":"","overlay-gradient":""},"tablet":{"background-color":"","background-image":"","background-repeat":"repeat","background-position":"center center","background-size":"auto","background-attachment":"scroll","background-type":"","background-media":"","overlay-type":"","overlay-color":"","overlay-opacity":"","overlay-gradient":""},"mobile":{"background-color":"","background-image":"","background-repeat":"repeat","background-position":"center center","background-size":"auto","background-attachment":"scroll","background-type":"","background-media":"","overlay-type":"","overlay-color":"","overlay-opacity":"","overlay-gradient":""}},"ast-content-background-meta":{"desktop":{"background-color":"var(--ast-global-color-5)","background-image":"","background-repeat":"repeat","background-position":"center center","background-size":"auto","background-attachment":"scroll","background-type":"","background-media":"","overlay-type":"","overlay-color":"","overlay-opacity":"","overlay-gradient":""},"tablet":{"background-color":"var(--ast-global-color-5)","background-image":"","background-repeat":"repeat","background-position":"center center","background-size":"auto","background-attachment":"scroll","background-type":"","background-media":"","overlay-type":"","overlay-color":"","overlay-opacity":"","overlay-gradient":""},"mobile":{"background-color":"var(--ast-global-color-5)","background-image":"","background-repeat":"repeat","background-position":"center center","background-size":"auto","background-attachment":"scroll","background-type":"","background-media":"","overlay-type":"","overlay-color":"","overlay-opacity":"","overlay-gradient":""}},"footnotes":""},"class_list":["post-22048","page","type-page","status-publish","hentry"],"post_mailing_queue_ids":[],"_links":{"self":[{"href":"https:\/\/agora.xtec.cat\/escolanova\/wp-json\/wp\/v2\/pages\/22048","targetHints":{"allow":["GET"]}}],"collection":[{"href":"https:\/\/agora.xtec.cat\/escolanova\/wp-json\/wp\/v2\/pages"}],"about":[{"href":"https:\/\/agora.xtec.cat\/escolanova\/wp-json\/wp\/v2\/types\/page"}],"author":[{"embeddable":true,"href":"https:\/\/agora.xtec.cat\/escolanova\/wp-json\/wp\/v2\/users\/1"}],"replies":[{"embeddable":true,"href":"https:\/\/agora.xtec.cat\/escolanova\/wp-json\/wp\/v2\/comments?post=22048"}],"version-history":[{"count":2,"href":"https:\/\/agora.xtec.cat\/escolanova\/wp-json\/wp\/v2\/pages\/22048\/revisions"}],"predecessor-version":[{"id":24935,"href":"https:\/\/agora.xtec.cat\/escolanova\/wp-json\/wp\/v2\/pages\/22048\/revisions\/24935"}],"wp:attachment":[{"href":"https:\/\/agora.xtec.cat\/escolanova\/wp-json\/wp\/v2\/media?parent=22048"}],"curies":[{"name":"wp","href":"https:\/\/api.w.org\/{rel}","templated":true}]}}