{"id":12153,"date":"2017-03-22T12:43:41","date_gmt":"2017-03-22T11:43:41","guid":{"rendered":"http:\/\/escolanova.cat\/?page_id=12153"},"modified":"2024-11-15T12:50:01","modified_gmt":"2024-11-15T11:50:01","slug":"apadrinament-en-valors","status":"publish","type":"page","link":"https:\/\/agora.xtec.cat\/escolanova\/apadrinament-en-valors\/","title":{"rendered":"Apadrinament en valors"},"content":{"rendered":"<div class=\"av-special-heading av-special-heading-h3    avia-builder-el-3  el_before_av_hr  avia-builder-el-first  \">\n<h3 class=\"av-special-heading-tag \">Mitjan\u00e7ant els projectes apropem els coneixements als alumnes de forma significativa<\/h3>\n<div class=\"special-heading-border\">\n<div class=\"special-heading-inner-border\"><\/div>\n<\/div>\n<\/div>\n<div class=\"hr hr-invisible   avia-builder-el-4  el_after_av_heading  el_before_av_one_half \"><\/div>\n<div class=\"flex_column av_one_half  flex_column_div av-zero-column-padding first  avia-builder-el-5  el_after_av_hr  el_before_av_one_half  \">\n<div class=\"avia-image-container avia_animated_image avia_animate_when_almost_visible right-to-left av-styling- av-hover-grow avia-builder-el-6 avia-builder-el-no-sibling avia-align-center avia_start_animation avia_start_delayed_animation\">\n<div class=\"avia-image-container-inner\">\n<div class=\"avia-image-overlay-wrap\"><img loading=\"lazy\" decoding=\"async\" class=\"wp-image-12157 avia-img-lazy-loading-not-12157 avia_image\" title=\"apadrinament\" src=\"https:\/\/escolanova.cat\/wp-content\/uploads\/2017\/03\/apadrinament.jpg\" alt=\"\" width=\"600\" height=\"450\" srcset=\"https:\/\/agora.xtec.cat\/escolanova\/wp-content\/uploads\/usu2462\/2017\/03\/apadrinament.jpg 600w, https:\/\/agora.xtec.cat\/escolanova\/wp-content\/uploads\/usu2462\/2017\/03\/apadrinament-300x225.jpg 300w, https:\/\/agora.xtec.cat\/escolanova\/wp-content\/uploads\/usu2462\/2017\/03\/apadrinament-200x150.jpg 200w\" sizes=\"auto, (max-width: 600px) 100vw, 600px\" \/><\/div>\n<\/div>\n<\/div>\n<\/div>\n<div class=\"flex_column av_one_half  flex_column_div av-zero-column-padding   avia-builder-el-7  el_after_av_one_half  avia-builder-el-last  \">\n<section class=\"av_textblock_section \">\n<div class=\"avia_textblock  \">\n<h3>QU\u00c8 \u00c9S?<\/h3>\n<p>L\u2019activitat consisteix en formar als alumnes de 6\u00e8 i 5\u00e8 que ho desitgen volunt\u00e0riament en aspectes de mediaci\u00f3 i resoluci\u00f3 de conflictes. Coincidint amb la nostra l\u00ednia pedag\u00f2gica, sabem que cada alumne t\u00e9 unes virtuts i unes potencialitats i per aquesta ra\u00f3 donem l\u2019oportunitat de participar o no en aquesta activitat.<\/p>\n<h3>PER A QU\u00c8 HO FEM?<\/h3>\n<p>L\u00b4objectiu, \u00e9s aconseguir alumnes referents i responsables que puguin ajudar als petits de l\u2019escola a resoldre els seus conflictes mitjan\u00e7ant el di\u00e0leg, que els ajudin a posar paraules a les seves emocions en les diferents situacions que es donen a l\u00b4escola i que vetllin el compliment de les normes, per a millorar la conviv\u00e8ncia al centre. Tots sabem que entre iguals, la comprensi\u00f3 \u00e9s mes propera . En definitiva, poder crear situacions d\u00b4aprenentatge dels petits conflictes de la conviv\u00e8ncia di\u00e0ria que els ajudaran a afrontar les diferents etapes de la vida.<\/p>\n<h3>COM HO FEM?<\/h3>\n<p>Fem sessions formatives amb els alumnes voluntaris en horari extraescolar i un seguiment di\u00e0ri des de l\u00b4escola per a anar definint poc a poc amb els alumnes la figura dels PADRINS I PADRINES. Durant les sessions donem eines als alumnes per a que desenvolupin\u00a0<strong>estrat\u00e8gies de resoluci\u00f3, d\u00b4escolta activa, percepci\u00f3, empatia, valors,\u2026<\/strong>\u00a0en definitiva, que s\u00e0piguen acompanyar a la resta de nens\/es que ho necessitin mitjan\u00e7ant activitats experiencials com rollplays, din\u00e0miques de grup, focusing, curts\u2026<\/p>\n<p><strong>Projecte Apadrinament en Valors creat per la \u00a0Caroline Copestake<\/strong><\/p>\n<\/div>\n<\/section>\n<\/div>\n","protected":false},"excerpt":{"rendered":"<p>Mitjan\u00e7ant els projectes apropem els coneixements als alumnes de forma significativa QU\u00c8 \u00c9S? L\u2019activitat consisteix en formar als alumnes de [&hellip;]<\/p>\n","protected":false},"author":1,"featured_media":0,"parent":0,"menu_order":0,"comment_status":"closed","ping_status":"closed","template":"","meta":{"_bbp_topic_count":0,"_bbp_reply_count":0,"_bbp_total_topic_count":0,"_bbp_total_reply_count":0,"_bbp_voice_count":0,"_bbp_anonymous_reply_count":0,"_bbp_topic_count_hidden":0,"_bbp_reply_count_hidden":0,"_bbp_forum_subforum_count":0,"site-sidebar-layout":"default","site-content-layout":"","ast-site-content-layout":"","site-content-style":"default","site-sidebar-style":"default","ast-global-header-display":"","ast-banner-title-visibility":"","ast-main-header-display":"","ast-hfb-above-header-display":"","ast-hfb-below-header-display":"","ast-hfb-mobile-header-display":"","site-post-title":"","ast-breadcrumbs-content":"","ast-featured-img":"","footer-sml-layout":"","theme-transparent-header-meta":"","adv-header-id-meta":"","stick-header-meta":"","header-above-stick-meta":"","header-main-stick-meta":"","header-below-stick-meta":"","astra-migrate-meta-layouts":"default","ast-page-background-enabled":"default","ast-page-background-meta":{"desktop":{"background-color":"var(--ast-global-color-4)","background-image":"","background-repeat":"repeat","background-position":"center center","background-size":"auto","background-attachment":"scroll","background-type":"","background-media":"","overlay-type":"","overlay-color":"","overlay-opacity":"","overlay-gradient":""},"tablet":{"background-color":"","background-image":"","background-repeat":"repeat","background-position":"center center","background-size":"auto","background-attachment":"scroll","background-type":"","background-media":"","overlay-type":"","overlay-color":"","overlay-opacity":"","overlay-gradient":""},"mobile":{"background-color":"","background-image":"","background-repeat":"repeat","background-position":"center center","background-size":"auto","background-attachment":"scroll","background-type":"","background-media":"","overlay-type":"","overlay-color":"","overlay-opacity":"","overlay-gradient":""}},"ast-content-background-meta":{"desktop":{"background-color":"var(--ast-global-color-5)","background-image":"","background-repeat":"repeat","background-position":"center center","background-size":"auto","background-attachment":"scroll","background-type":"","background-media":"","overlay-type":"","overlay-color":"","overlay-opacity":"","overlay-gradient":""},"tablet":{"background-color":"var(--ast-global-color-5)","background-image":"","background-repeat":"repeat","background-position":"center center","background-size":"auto","background-attachment":"scroll","background-type":"","background-media":"","overlay-type":"","overlay-color":"","overlay-opacity":"","overlay-gradient":""},"mobile":{"background-color":"var(--ast-global-color-5)","background-image":"","background-repeat":"repeat","background-position":"center center","background-size":"auto","background-attachment":"scroll","background-type":"","background-media":"","overlay-type":"","overlay-color":"","overlay-opacity":"","overlay-gradient":""}},"footnotes":""},"class_list":["post-12153","page","type-page","status-publish","hentry"],"post_mailing_queue_ids":[],"_links":{"self":[{"href":"https:\/\/agora.xtec.cat\/escolanova\/wp-json\/wp\/v2\/pages\/12153","targetHints":{"allow":["GET"]}}],"collection":[{"href":"https:\/\/agora.xtec.cat\/escolanova\/wp-json\/wp\/v2\/pages"}],"about":[{"href":"https:\/\/agora.xtec.cat\/escolanova\/wp-json\/wp\/v2\/types\/page"}],"author":[{"embeddable":true,"href":"https:\/\/agora.xtec.cat\/escolanova\/wp-json\/wp\/v2\/users\/1"}],"replies":[{"embeddable":true,"href":"https:\/\/agora.xtec.cat\/escolanova\/wp-json\/wp\/v2\/comments?post=12153"}],"version-history":[{"count":1,"href":"https:\/\/agora.xtec.cat\/escolanova\/wp-json\/wp\/v2\/pages\/12153\/revisions"}],"predecessor-version":[{"id":24509,"href":"https:\/\/agora.xtec.cat\/escolanova\/wp-json\/wp\/v2\/pages\/12153\/revisions\/24509"}],"wp:attachment":[{"href":"https:\/\/agora.xtec.cat\/escolanova\/wp-json\/wp\/v2\/media?parent=12153"}],"curies":[{"name":"wp","href":"https:\/\/api.w.org\/{rel}","templated":true}]}}