{"id":10967,"date":"2016-11-07T13:19:54","date_gmt":"2016-11-07T12:19:54","guid":{"rendered":"http:\/\/escolanova.cat\/?page_id=10967"},"modified":"2024-11-19T12:31:14","modified_gmt":"2024-11-19T11:31:14","slug":"parlen-les-families","status":"publish","type":"page","link":"https:\/\/agora.xtec.cat\/escolanova\/parlen-les-families\/","title":{"rendered":"Parlen les Fam\u00edlies"},"content":{"rendered":"<div class=\"avia-testimonial av_one_half flex_column no_margin avia-testimonial-row-1 avia-first-testimonial avia_start_animation\">\n<div class=\"avia-testimonial_inner\">\n<div class=\"avia-testimonial-content \">\n<div class=\"avia-testimonial-markup-entry-content\">\n<p>Quan ets pare primerenc dubtes de tot i pateixes per tot.<br \/>\nAfortunadament, a l\u2019hora de triar escola no va haver lloc pels dubtes: era un nou projecte, nou i innovador, paraules que a priori poden posar els p\u00e8ls de punta a qualsevol pare novell, per\u00f2 que estava avalat pel Ferran Casanova i la Carme Mauri, a qui vam tenir la fortuna de con\u00e8ixer.<br \/>\nNo vam tenir dubtes llavors i no tenim dubtes ara: ens encanta l\u2019Escola Nova, la seva filosofia i els valors que transmet. La familiaritat que vam gaudir els pares que la vam estrenar i el nou edifici que vam aconseguir amb molt d\u2019esfor\u00e7. Ens encanta que les nostres filles hi vagin felices cada dia, que aquesta escola formi part de la seva vida i que en conservin molt bons records quan siguin grans.<br \/>\nEns sentim afortunats de tenir un projecte aix\u00ed en el nostre poble i de no haver tingut mai dubte, almenys en l\u2019educaci\u00f3 de les nostres filles!<br \/>\nGr\u00e0cies de tot cor a tot l\u2019equip de mestres i de personal de l\u2019escola!<\/p>\n<p><strong class=\"avia-testimonial-name\">Edu i Laia: <\/strong><span class=\"avia-testimonial-subtitle \">Pares de l\u2019Emma i l\u2019Aina<\/span><\/p>\n<\/div>\n<\/div>\n<div class=\"avia-testimonial-meta\">\n<div><\/div>\n<\/div>\n<\/div>\n<\/div>\n<div class=\"avia-testimonial av_one_half flex_column no_margin avia-testimonial-row-1 avia-last-testimonial avia_start_animation\">\n<div class=\"avia-testimonial_inner\">\n<div class=\"avia-testimonial-content \">\n<div class=\"avia-testimonial-markup-entry-content\">\n<p>Escola Nova \u00e9s una manera de fer, \u00a0\u00e9s saber que est\u00e0s on vols estar, \u00a0\u00e9s sentir que vols portar als teus fills aqu\u00ed ,a\u00a0 aquesta escola i que tu tamb\u00e9 hi est\u00e0s, \u00a0\u00e9s gaudir del somriure dels teus nens quan els veus quan i com aprenen, \u00e9s saber que tothom \u00e9s respectat, que tothom t\u00e9 el seu espai i el seu moment, \u00e9s rebre i donar, i malgrat el temps va passant, \u00e9s adonar-te que tothom que va arribant juntament amb tots els que en el seu dia vam apostar per una escola amorosa, amable i especial, continua creixent forta i plena de llum que mai s\u2019 apagar\u00e0\u2026<\/p>\n<\/div>\n<\/div>\n<div class=\"avia-testimonial-meta\">\n<div class=\"avia-testimonial-meta-mini\"><strong class=\"avia-testimonial-name\">Esther i Jordi: <\/strong><span class=\"avia-testimonial-subtitle \">Pares de l\u2019Adri\u00e0 i la Mireia<\/span><\/div>\n<\/div>\n<\/div>\n<\/div>\n","protected":false},"excerpt":{"rendered":"<p>Quan ets pare primerenc dubtes de tot i pateixes per tot. Afortunadament, a l\u2019hora de triar escola no va haver [&hellip;]<\/p>\n","protected":false},"author":1,"featured_media":0,"parent":0,"menu_order":0,"comment_status":"closed","ping_status":"closed","template":"","meta":{"_bbp_topic_count":0,"_bbp_reply_count":0,"_bbp_total_topic_count":0,"_bbp_total_reply_count":0,"_bbp_voice_count":0,"_bbp_anonymous_reply_count":0,"_bbp_topic_count_hidden":0,"_bbp_reply_count_hidden":0,"_bbp_forum_subforum_count":0,"site-sidebar-layout":"default","site-content-layout":"","ast-site-content-layout":"","site-content-style":"default","site-sidebar-style":"default","ast-global-header-display":"","ast-banner-title-visibility":"","ast-main-header-display":"","ast-hfb-above-header-display":"","ast-hfb-below-header-display":"","ast-hfb-mobile-header-display":"","site-post-title":"","ast-breadcrumbs-content":"","ast-featured-img":"","footer-sml-layout":"","theme-transparent-header-meta":"","adv-header-id-meta":"","stick-header-meta":"","header-above-stick-meta":"","header-main-stick-meta":"","header-below-stick-meta":"","astra-migrate-meta-layouts":"default","ast-page-background-enabled":"default","ast-page-background-meta":{"desktop":{"background-color":"var(--ast-global-color-4)","background-image":"","background-repeat":"repeat","background-position":"center center","background-size":"auto","background-attachment":"scroll","background-type":"","background-media":"","overlay-type":"","overlay-color":"","overlay-opacity":"","overlay-gradient":""},"tablet":{"background-color":"","background-image":"","background-repeat":"repeat","background-position":"center center","background-size":"auto","background-attachment":"scroll","background-type":"","background-media":"","overlay-type":"","overlay-color":"","overlay-opacity":"","overlay-gradient":""},"mobile":{"background-color":"","background-image":"","background-repeat":"repeat","background-position":"center center","background-size":"auto","background-attachment":"scroll","background-type":"","background-media":"","overlay-type":"","overlay-color":"","overlay-opacity":"","overlay-gradient":""}},"ast-content-background-meta":{"desktop":{"background-color":"var(--ast-global-color-5)","background-image":"","background-repeat":"repeat","background-position":"center center","background-size":"auto","background-attachment":"scroll","background-type":"","background-media":"","overlay-type":"","overlay-color":"","overlay-opacity":"","overlay-gradient":""},"tablet":{"background-color":"var(--ast-global-color-5)","background-image":"","background-repeat":"repeat","background-position":"center center","background-size":"auto","background-attachment":"scroll","background-type":"","background-media":"","overlay-type":"","overlay-color":"","overlay-opacity":"","overlay-gradient":""},"mobile":{"background-color":"var(--ast-global-color-5)","background-image":"","background-repeat":"repeat","background-position":"center center","background-size":"auto","background-attachment":"scroll","background-type":"","background-media":"","overlay-type":"","overlay-color":"","overlay-opacity":"","overlay-gradient":""}},"footnotes":""},"class_list":["post-10967","page","type-page","status-publish","hentry"],"post_mailing_queue_ids":[],"_links":{"self":[{"href":"https:\/\/agora.xtec.cat\/escolanova\/wp-json\/wp\/v2\/pages\/10967","targetHints":{"allow":["GET"]}}],"collection":[{"href":"https:\/\/agora.xtec.cat\/escolanova\/wp-json\/wp\/v2\/pages"}],"about":[{"href":"https:\/\/agora.xtec.cat\/escolanova\/wp-json\/wp\/v2\/types\/page"}],"author":[{"embeddable":true,"href":"https:\/\/agora.xtec.cat\/escolanova\/wp-json\/wp\/v2\/users\/1"}],"replies":[{"embeddable":true,"href":"https:\/\/agora.xtec.cat\/escolanova\/wp-json\/wp\/v2\/comments?post=10967"}],"version-history":[{"count":2,"href":"https:\/\/agora.xtec.cat\/escolanova\/wp-json\/wp\/v2\/pages\/10967\/revisions"}],"predecessor-version":[{"id":24529,"href":"https:\/\/agora.xtec.cat\/escolanova\/wp-json\/wp\/v2\/pages\/10967\/revisions\/24529"}],"wp:attachment":[{"href":"https:\/\/agora.xtec.cat\/escolanova\/wp-json\/wp\/v2\/media?parent=10967"}],"curies":[{"name":"wp","href":"https:\/\/api.w.org\/{rel}","templated":true}]}}