{"id":10792,"date":"2016-11-05T00:28:03","date_gmt":"2016-11-04T23:28:03","guid":{"rendered":"http:\/\/escolanova.cat\/?page_id=10792"},"modified":"2026-03-11T12:52:48","modified_gmt":"2026-03-11T11:52:48","slug":"associacio-de-families","status":"publish","type":"page","link":"https:\/\/agora.xtec.cat\/escolanova\/associacio-de-families\/","title":{"rendered":"Associaci\u00f3 de fam\u00edlies"},"content":{"rendered":"<h3>L\u2019escola compta amb una associaci\u00f3 de fam\u00edlies regida per una Junta.<\/h3>\n<div class=\"av-subheading av-subheading_below  \">\n<p>Els membres de la Junta s\u00f3n:<\/p>\n<\/div>\n\n\n<figure class=\"wp-block-image size-full\"><a href=\"https:\/\/agora.xtec.cat\/escolanova\/wp-content\/uploads\/usu2462\/2026\/03\/Captura-de-pantalla-2026-03-11-123931-1.png\"><img loading=\"lazy\" decoding=\"async\" width=\"844\" height=\"353\" src=\"https:\/\/agora.xtec.cat\/escolanova\/wp-content\/uploads\/usu2462\/2026\/03\/Captura-de-pantalla-2026-03-11-123931-1.png\" alt=\"\" class=\"wp-image-24788\" srcset=\"https:\/\/agora.xtec.cat\/escolanova\/wp-content\/uploads\/usu2462\/2026\/03\/Captura-de-pantalla-2026-03-11-123931-1.png 844w, https:\/\/agora.xtec.cat\/escolanova\/wp-content\/uploads\/usu2462\/2026\/03\/Captura-de-pantalla-2026-03-11-123931-1-300x125.png 300w, https:\/\/agora.xtec.cat\/escolanova\/wp-content\/uploads\/usu2462\/2026\/03\/Captura-de-pantalla-2026-03-11-123931-1-768x321.png 768w\" sizes=\"auto, (max-width: 844px) 100vw, 844px\" \/><\/a><\/figure>\n\n\n\n<p>La Junta de l\u2019Associaci\u00f3 de Fam\u00edlies d\u2019Alumnes de l\u2019escola s\u2019encarrega de gestionar el <a href=\"http:\/\/escolanova.cat\/menjador\/\">servei de menjador<\/a> i les <a href=\"http:\/\/escolanova.cat\/activitats-extraescolars-curs-2016-17\/\">activitats extraescolars.<\/a><\/p>\n\n\n\n<p>Tamb\u00e9 \u00e9s la Junta de l\u2019AFA qui gestiona els recursos econ\u00f2mics que corresponen a les quotes de material escolar.<\/p>\n\n\n\n<p>En el si de l\u2019AFA s\u2019han creat diferents comissions de treball l\u2019objectiu de les quals \u00e9s col\u00b7laborar amb l\u2019escola des de diferents \u00e0mbits.<\/p>\n\n\n\n<p><\/p>\n","protected":false},"excerpt":{"rendered":"<p>L\u2019escola compta amb una associaci\u00f3 de fam\u00edlies regida per una Junta. Els membres de la Junta s\u00f3n: La Junta de [&hellip;]<\/p>\n","protected":false},"author":1,"featured_media":0,"parent":0,"menu_order":0,"comment_status":"closed","ping_status":"closed","template":"","meta":{"_bbp_topic_count":0,"_bbp_reply_count":0,"_bbp_total_topic_count":0,"_bbp_total_reply_count":0,"_bbp_voice_count":0,"_bbp_anonymous_reply_count":0,"_bbp_topic_count_hidden":0,"_bbp_reply_count_hidden":0,"_bbp_forum_subforum_count":0,"site-sidebar-layout":"default","site-content-layout":"","ast-site-content-layout":"default","site-content-style":"default","site-sidebar-style":"default","ast-global-header-display":"","ast-banner-title-visibility":"","ast-main-header-display":"","ast-hfb-above-header-display":"","ast-hfb-below-header-display":"","ast-hfb-mobile-header-display":"","site-post-title":"","ast-breadcrumbs-content":"","ast-featured-img":"","footer-sml-layout":"","theme-transparent-header-meta":"","adv-header-id-meta":"","stick-header-meta":"","header-above-stick-meta":"","header-main-stick-meta":"","header-below-stick-meta":"","astra-migrate-meta-layouts":"set","ast-page-background-enabled":"default","ast-page-background-meta":{"desktop":{"background-color":"var(--ast-global-color-4)","background-image":"","background-repeat":"repeat","background-position":"center center","background-size":"auto","background-attachment":"scroll","background-type":"","background-media":"","overlay-type":"","overlay-color":"","overlay-opacity":"","overlay-gradient":""},"tablet":{"background-color":"","background-image":"","background-repeat":"repeat","background-position":"center center","background-size":"auto","background-attachment":"scroll","background-type":"","background-media":"","overlay-type":"","overlay-color":"","overlay-opacity":"","overlay-gradient":""},"mobile":{"background-color":"","background-image":"","background-repeat":"repeat","background-position":"center center","background-size":"auto","background-attachment":"scroll","background-type":"","background-media":"","overlay-type":"","overlay-color":"","overlay-opacity":"","overlay-gradient":""}},"ast-content-background-meta":{"desktop":{"background-color":"var(--ast-global-color-5)","background-image":"","background-repeat":"repeat","background-position":"center center","background-size":"auto","background-attachment":"scroll","background-type":"","background-media":"","overlay-type":"","overlay-color":"","overlay-opacity":"","overlay-gradient":""},"tablet":{"background-color":"var(--ast-global-color-5)","background-image":"","background-repeat":"repeat","background-position":"center center","background-size":"auto","background-attachment":"scroll","background-type":"","background-media":"","overlay-type":"","overlay-color":"","overlay-opacity":"","overlay-gradient":""},"mobile":{"background-color":"var(--ast-global-color-5)","background-image":"","background-repeat":"repeat","background-position":"center center","background-size":"auto","background-attachment":"scroll","background-type":"","background-media":"","overlay-type":"","overlay-color":"","overlay-opacity":"","overlay-gradient":""}},"footnotes":""},"class_list":["post-10792","page","type-page","status-publish","hentry"],"post_mailing_queue_ids":[],"_links":{"self":[{"href":"https:\/\/agora.xtec.cat\/escolanova\/wp-json\/wp\/v2\/pages\/10792","targetHints":{"allow":["GET"]}}],"collection":[{"href":"https:\/\/agora.xtec.cat\/escolanova\/wp-json\/wp\/v2\/pages"}],"about":[{"href":"https:\/\/agora.xtec.cat\/escolanova\/wp-json\/wp\/v2\/types\/page"}],"author":[{"embeddable":true,"href":"https:\/\/agora.xtec.cat\/escolanova\/wp-json\/wp\/v2\/users\/1"}],"replies":[{"embeddable":true,"href":"https:\/\/agora.xtec.cat\/escolanova\/wp-json\/wp\/v2\/comments?post=10792"}],"version-history":[{"count":2,"href":"https:\/\/agora.xtec.cat\/escolanova\/wp-json\/wp\/v2\/pages\/10792\/revisions"}],"predecessor-version":[{"id":24789,"href":"https:\/\/agora.xtec.cat\/escolanova\/wp-json\/wp\/v2\/pages\/10792\/revisions\/24789"}],"wp:attachment":[{"href":"https:\/\/agora.xtec.cat\/escolanova\/wp-json\/wp\/v2\/media?parent=10792"}],"curies":[{"name":"wp","href":"https:\/\/api.w.org\/{rel}","templated":true}]}}