{"id":10687,"date":"2016-11-04T13:21:59","date_gmt":"2016-11-04T12:21:59","guid":{"rendered":"http:\/\/escolanova.cat\/?page_id=10687"},"modified":"2024-11-20T12:47:07","modified_gmt":"2024-11-20T11:47:07","slug":"com-ho-fem","status":"publish","type":"page","link":"https:\/\/agora.xtec.cat\/escolanova\/com-ho-fem\/","title":{"rendered":"Com ho fem"},"content":{"rendered":"<div id=\"av_section_2\" class=\"avia-section main_color avia-section-default avia-no-border-styling  avia-bg-style-scroll  avia-builder-el-2  el_after_av_section  el_before_av_section   container_wrap fullsize\">\n<div class=\"container\">\n<div class=\"template-page content  av-content-full alpha units\">\n<div class=\"post-entry post-entry-type-page post-entry-10687\">\n<div class=\"entry-content-wrapper clearfix\">\n<div class=\"av-special-heading av-special-heading-h3    avia-builder-el-3  el_before_av_hr  avia-builder-el-first  \">\n<h3 class=\"av-special-heading-tag \">Partint de la nostra identitat i del nostres objectius, hem definit una l\u00ednia metodol\u00f2gica del nostre centre que es basa en:<\/h3>\n<div class=\"special-heading-border\">\n<div class=\"special-heading-inner-border\"><\/div>\n<\/div>\n<\/div>\n<div class=\"hr hr-invisible   avia-builder-el-4  el_after_av_heading  el_before_av_one_half \"><\/div>\n<div class=\"flex_column av_one_half  flex_column_div av-zero-column-padding first  avia-builder-el-5  el_after_av_hr  el_before_av_one_half  \">\n<div class=\"avia-icon-list-container   avia-builder-el-6  avia-builder-el-no-sibling \">\n<ul class=\"avia-icon-list avia-icon-list-left av-iconlist-big avia_animate_when_almost_visible avia-iconlist-animate avia_start_animation\">\n<li class=\"avia_start_animation\">\n<div class=\"iconlist_icon  avia-font-entypo-fontello\"><\/div>\n<article class=\"article-icon-entry \">\n<div class=\"iconlist_content_wrap\">\n<header class=\"entry-content-header\">\n<h4 class=\"av_iconlist_title iconlist_title   \">Un enfocament constructivista de l\u2019aprenentatge<\/h4>\n<\/header>\n<div class=\"iconlist_content  \">\n<p>Tenir en compte els coneixements previs dels alumnes, deixar espai per a aportar les seves experi\u00e8ncies i els seus coneixements. Crear un clima tranquil i relaxat que fomenti la participaci\u00f3 de tots els alumnes i la motivaci\u00f3 pel que han de fer. Deixar temps suficient per acollir totes les propostes i intervencions a partir dels seus propis interessos. Procurar un temps suficient per desenvolupar totes les activitats d\u2019ensenyament i d\u2019 aprenentatge amb calma i deixant temps de cloenda per tancar el proc\u00e9s. Establir unes normes clares i entenedores que permetin el treball de forma aut\u00f2noma. Seleccionar els continguts i els objectius que es volen treballar, a m\u00e9s a m\u00e9s de tenir clares quines s\u00f3n les capacitats o les compet\u00e8ncies que es volen assolir en l\u2019activitat proposada, per tal que els nostres alumnes aprenguin d\u2019una forma significativa.<\/p>\n<\/div>\n<\/div>\n<footer class=\"entry-footer\"><\/footer>\n<\/article>\n<\/li>\n<\/ul>\n<\/div>\n<\/div>\n<div class=\"flex_column av_one_half  flex_column_div av-zero-column-padding   avia-builder-el-7  el_after_av_one_half  avia-builder-el-last  \">\n<div class=\"avia-video avia-video-16-9   av-lazyload-immediate  av-lazyload-video-embed  \" data-original_url=\"https:\/\/vimeo.com\/207805334#t=NaNs\">\n<div class=\"avia-iframe-wrap\"><iframe loading=\"lazy\" title=\"La VIDA a l'Escola Nova\" src=\"https:\/\/player.vimeo.com\/video\/207805334?autoplay=0&amp;loop=0&amp;controls=1&amp;muted=0\" width=\"1500\" height=\"844\" frameborder=\"0\" allowfullscreen=\"allowfullscreen\" data-mce-fragment=\"1\"><\/iframe><\/div>\n<\/div>\n<\/div>\n<\/div>\n<\/div>\n<\/div>\n<\/div>\n<\/div>\n<div id=\"av_section_3\" class=\"avia-section main_color avia-section-default avia-no-border-styling  avia-bg-style-scroll  avia-builder-el-9  el_after_av_section  el_before_av_section   container_wrap fullsize\">\n<div class=\"container\">\n<div class=\"template-page content  av-content-full alpha units\">\n<div class=\"post-entry post-entry-type-page post-entry-10687\">\n<div class=\"entry-content-wrapper clearfix\">\n<div class=\"flex_column av_one_half  flex_column_div av-zero-column-padding first  avia-builder-el-10  el_before_av_one_half  avia-builder-el-first  \">\n<div class=\"avia-icon-list-container   avia-builder-el-11  avia-builder-el-no-sibling \">\n<ul class=\"avia-icon-list avia-icon-list-left av-iconlist-big avia_animate_when_almost_visible avia-iconlist-animate avia_start_animation\">\n<li class=\"avia_start_animation\">\n<div class=\"iconlist_icon  avia-font-entypo-fontello\"><\/div>\n<article class=\"article-icon-entry \">\n<div class=\"iconlist_content_wrap\">\n<header class=\"entry-content-header\">\n<h4 class=\"av_iconlist_title iconlist_title   \">Un treball cooperatiu<\/h4>\n<\/header>\n<div class=\"iconlist_content  \">\n<p>Una estrat\u00e8gia metodol\u00f2gica i una organitzaci\u00f3 del grup que facilita l\u2019aprenentatge entre iguals. Proporciona l\u2019espai entre els alumnes per tal de fomentar l\u2019escolta, l\u2019ajuda, la cooperaci\u00f3 entre ells. Facilita que comparteixin els seus coneixements amb la resta dels companys. T\u00e9 en compte que dins el grup hi ha alumnes que tenen diferents formes d\u2019aprendre i que tots poden contribuir a l\u2019 assoliment del contingut treballat.<\/p>\n<\/div>\n<\/div>\n<footer class=\"entry-footer\"><\/footer>\n<\/article>\n<\/li>\n<\/ul>\n<\/div>\n<\/div>\n<div class=\"flex_column av_one_half  flex_column_div av-zero-column-padding   avia-builder-el-12  el_after_av_one_half  avia-builder-el-last  \">\n<div class=\"avia-icon-list-container   avia-builder-el-13  avia-builder-el-no-sibling \">\n<ul class=\"avia-icon-list avia-icon-list-left av-iconlist-big avia_animate_when_almost_visible avia-iconlist-animate avia_start_animation\">\n<li class=\"avia_start_animation\">\n<div class=\"iconlist_icon  avia-font-entypo-fontello\"><\/div>\n<article class=\"article-icon-entry \">\n<div class=\"iconlist_content_wrap\">\n<header class=\"entry-content-header\">\n<h4 class=\"av_iconlist_title iconlist_title   \">Una incorporaci\u00f3 progressiva dels recursos de les tecnologies de la informaci\u00f3 i la comunicaci\u00f3<\/h4>\n<\/header>\n<div class=\"iconlist_content  \">\n<p>Escollir un material adequat a l\u2019 edat dels nostres alumnes que permetin treballar diferents aspectes de l\u2019 aprenentatge, que permeti interactuar, que fomenti la creativitat i que s\u2019adapti als interessos dels nens i nenes. Potenciar les noves tecnologies, com a recurs pedag\u00f2gic habitual i afavorir el coneixement d\u2019aquestes per part de l\u2019alumnat.<\/p>\n<\/div>\n<\/div>\n<footer class=\"entry-footer\"><\/footer>\n<\/article>\n<\/li>\n<\/ul>\n<\/div>\n<\/div>\n<\/div>\n<\/div>\n<\/div>\n<\/div>\n<\/div>\n<div id=\"av_section_4\" class=\"avia-section main_color avia-section-default avia-no-border-styling  avia-bg-style-scroll  avia-builder-el-14  el_after_av_section  el_before_av_section   container_wrap fullsize\">\n<div class=\"container\">\n<div class=\"template-page content  av-content-full alpha units\">\n<div class=\"post-entry post-entry-type-page post-entry-10687\">\n<div class=\"entry-content-wrapper clearfix\">\n<div class=\"flex_column av_one_half  flex_column_div av-zero-column-padding first  avia-builder-el-15  el_before_av_one_half  avia-builder-el-first  \">\n<div class=\"avia-image-container  av-styling-    avia-builder-el-16  avia-builder-el-no-sibling  avia-align-center \">\n<div class=\"avia-image-container-inner\">\n<div class=\"avia-image-overlay-wrap\"><img loading=\"lazy\" decoding=\"async\" class=\"wp-image-10763 avia-img-lazy-loading-not-10763 avia_image\" title=\"comhofem_escolanova2-2\" src=\"https:\/\/escolanova.cat\/wp-content\/uploads\/2016\/11\/comhofem_escolanova2-2.jpg\" alt=\"\" width=\"667\" height=\"400\" srcset=\"https:\/\/agora.xtec.cat\/escolanova\/wp-content\/uploads\/usu2462\/2016\/11\/comhofem_escolanova2-2.jpg 667w, https:\/\/agora.xtec.cat\/escolanova\/wp-content\/uploads\/usu2462\/2016\/11\/comhofem_escolanova2-2-300x180.jpg 300w\" sizes=\"auto, (max-width: 667px) 100vw, 667px\" \/><\/div>\n<\/div>\n<\/div>\n<\/div>\n<div class=\"flex_column av_one_half  flex_column_div av-zero-column-padding   avia-builder-el-17  el_after_av_one_half  avia-builder-el-last  \">\n<div class=\"avia-icon-list-container   avia-builder-el-18  avia-builder-el-no-sibling \">\n<ul class=\"avia-icon-list avia-icon-list-left av-iconlist-big avia_animate_when_almost_visible avia-iconlist-animate avia_start_animation\">\n<li class=\"avia_start_animation\">\n<div class=\"iconlist_icon  avia-font-entypo-fontello\"><\/div>\n<article class=\"article-icon-entry \">\n<div class=\"iconlist_content_wrap\">\n<header class=\"entry-content-header\">\n<h4 class=\"av_iconlist_title iconlist_title   \">Amb un treball personalitzat de l\u2019acci\u00f3 tutorial<\/h4>\n<\/header>\n<div class=\"iconlist_content  \">\n<p>Facilita una dedicaci\u00f3 individual per atendre als alumnes de forma individual i puguin expressar els seus neguits, alegries, propostes, posin nom als seus sentiments. Espai que afavoreixi l\u2019autoestima, la relaci\u00f3 en grup i la resoluci\u00f3 dels conflictes.<br \/>\nAdequar les propostes educatives a les necessitats particulars de l\u2019alumnat, mitjan\u00e7ant les adaptacions curriculars i metodol\u00f2giques que siguin convenients.<\/p>\n<\/div>\n<\/div>\n<footer class=\"entry-footer\"><\/footer>\n<\/article>\n<\/li>\n<\/ul>\n<\/div>\n<\/div>\n<\/div>\n<\/div>\n<\/div>\n<\/div>\n<\/div>\n<div id=\"av_section_5\" class=\"avia-section main_color avia-section-default avia-no-border-styling  avia-bg-style-scroll  avia-builder-el-19  el_after_av_section  avia-builder-el-last   container_wrap fullsize\">\n<div class=\"container\">\n<div class=\"template-page content  av-content-full alpha units\">\n<div class=\"post-entry post-entry-type-page post-entry-10687\">\n<div class=\"entry-content-wrapper clearfix\">\n<div class=\"flex_column av_one_half  flex_column_div av-zero-column-padding first  avia-builder-el-20  el_before_av_one_half  avia-builder-el-first  \">\n<div class=\"avia-icon-list-container   avia-builder-el-21  avia-builder-el-no-sibling \">\n<ul class=\"avia-icon-list avia-icon-list-left av-iconlist-big avia_animate_when_almost_visible avia-iconlist-animate avia_start_animation\">\n<li class=\"avia_start_animation\">\n<div class=\"iconlist_icon  avia-font-entypo-fontello\"><\/div>\n<article class=\"article-icon-entry \">\n<div class=\"iconlist_content_wrap\">\n<header class=\"entry-content-header\">\n<h4 class=\"av_iconlist_title iconlist_title   \">Un treball per projectes basat en la interdisciplinarietat<\/h4>\n<\/header>\n<div class=\"iconlist_content  \">\n<p>Treballa d\u2019una forma global els diferents continguts i aconsegueix el desenvolupament de les capacitats i l\u2019assoliment d\u2019unes compet\u00e8ncies.<\/p>\n<\/div>\n<\/div>\n<footer class=\"entry-footer\"><\/footer>\n<\/article>\n<\/li>\n<\/ul>\n<\/div>\n<\/div>\n<div class=\"flex_column av_one_half  flex_column_div av-zero-column-padding   avia-builder-el-22  el_after_av_one_half  avia-builder-el-last  \">\n<div class=\"avia-icon-list-container   avia-builder-el-23  avia-builder-el-no-sibling \">\n<ul class=\"avia-icon-list avia-icon-list-left av-iconlist-big avia_animate_when_almost_visible avia-iconlist-animate avia_start_animation\">\n<li class=\"avia_start_animation\">\n<div class=\"iconlist_icon  avia-font-entypo-fontello\"><\/div>\n<article class=\"article-icon-entry \">\n<div class=\"iconlist_content_wrap\">\n<header class=\"entry-content-header\">\n<h4 class=\"av_iconlist_title iconlist_title   \">En una mirada sist\u00e8mica<\/h4>\n<\/header>\n<div class=\"iconlist_content  \">\n<p>Si volem actuar des d\u2019una vessant sist\u00e8mica haurem de mirar el sistema del nen\/a, no nom\u00e9s centrar la mirada en el nen\/a en concret com a problema. Hem de mirar qu\u00e8 est\u00e0 mirant el nen\/a? Qu\u00e8 hi ha a la fam\u00edlia? Mirar sempre darrere del nen o la nena, mirar al pare i la mare. Cal tenir present que el pare i la mare s\u00f3n molt importants, els nens i nenes s\u00f3n fidels als seus pares Una mirada amplia. Hem de procurar no excloure a ning\u00fa,tenint en compte el lloc de cadasc\u00fa a nivell de responsabilitats i reconeixement i tractar a l\u2019altre com a leg\u00edtim altre. Hem de fomentar l\u2019equilibri en el donar i el rebre.<\/p>\n<\/div>\n<\/div>\n<\/article>\n<\/li>\n<\/ul>\n<\/div>\n<\/div>\n<\/div>\n<\/div>\n<\/div>\n<\/div>\n<\/div>\n","protected":false},"excerpt":{"rendered":"<p>Partint de la nostra identitat i del nostres objectius, hem definit una l\u00ednia metodol\u00f2gica del nostre centre que es basa [&hellip;]<\/p>\n","protected":false},"author":1,"featured_media":0,"parent":0,"menu_order":0,"comment_status":"closed","ping_status":"closed","template":"","meta":{"_bbp_topic_count":0,"_bbp_reply_count":0,"_bbp_total_topic_count":0,"_bbp_total_reply_count":0,"_bbp_voice_count":0,"_bbp_anonymous_reply_count":0,"_bbp_topic_count_hidden":0,"_bbp_reply_count_hidden":0,"_bbp_forum_subforum_count":0,"site-sidebar-layout":"default","site-content-layout":"","ast-site-content-layout":"","site-content-style":"default","site-sidebar-style":"default","ast-global-header-display":"","ast-banner-title-visibility":"","ast-main-header-display":"","ast-hfb-above-header-display":"","ast-hfb-below-header-display":"","ast-hfb-mobile-header-display":"","site-post-title":"","ast-breadcrumbs-content":"","ast-featured-img":"","footer-sml-layout":"","theme-transparent-header-meta":"","adv-header-id-meta":"","stick-header-meta":"","header-above-stick-meta":"","header-main-stick-meta":"","header-below-stick-meta":"","astra-migrate-meta-layouts":"default","ast-page-background-enabled":"default","ast-page-background-meta":{"desktop":{"background-color":"var(--ast-global-color-4)","background-image":"","background-repeat":"repeat","background-position":"center center","background-size":"auto","background-attachment":"scroll","background-type":"","background-media":"","overlay-type":"","overlay-color":"","overlay-opacity":"","overlay-gradient":""},"tablet":{"background-color":"","background-image":"","background-repeat":"repeat","background-position":"center center","background-size":"auto","background-attachment":"scroll","background-type":"","background-media":"","overlay-type":"","overlay-color":"","overlay-opacity":"","overlay-gradient":""},"mobile":{"background-color":"","background-image":"","background-repeat":"repeat","background-position":"center center","background-size":"auto","background-attachment":"scroll","background-type":"","background-media":"","overlay-type":"","overlay-color":"","overlay-opacity":"","overlay-gradient":""}},"ast-content-background-meta":{"desktop":{"background-color":"var(--ast-global-color-5)","background-image":"","background-repeat":"repeat","background-position":"center center","background-size":"auto","background-attachment":"scroll","background-type":"","background-media":"","overlay-type":"","overlay-color":"","overlay-opacity":"","overlay-gradient":""},"tablet":{"background-color":"var(--ast-global-color-5)","background-image":"","background-repeat":"repeat","background-position":"center center","background-size":"auto","background-attachment":"scroll","background-type":"","background-media":"","overlay-type":"","overlay-color":"","overlay-opacity":"","overlay-gradient":""},"mobile":{"background-color":"var(--ast-global-color-5)","background-image":"","background-repeat":"repeat","background-position":"center center","background-size":"auto","background-attachment":"scroll","background-type":"","background-media":"","overlay-type":"","overlay-color":"","overlay-opacity":"","overlay-gradient":""}},"footnotes":""},"class_list":["post-10687","page","type-page","status-publish","hentry"],"post_mailing_queue_ids":[],"_links":{"self":[{"href":"https:\/\/agora.xtec.cat\/escolanova\/wp-json\/wp\/v2\/pages\/10687","targetHints":{"allow":["GET"]}}],"collection":[{"href":"https:\/\/agora.xtec.cat\/escolanova\/wp-json\/wp\/v2\/pages"}],"about":[{"href":"https:\/\/agora.xtec.cat\/escolanova\/wp-json\/wp\/v2\/types\/page"}],"author":[{"embeddable":true,"href":"https:\/\/agora.xtec.cat\/escolanova\/wp-json\/wp\/v2\/users\/1"}],"replies":[{"embeddable":true,"href":"https:\/\/agora.xtec.cat\/escolanova\/wp-json\/wp\/v2\/comments?post=10687"}],"version-history":[{"count":2,"href":"https:\/\/agora.xtec.cat\/escolanova\/wp-json\/wp\/v2\/pages\/10687\/revisions"}],"predecessor-version":[{"id":24834,"href":"https:\/\/agora.xtec.cat\/escolanova\/wp-json\/wp\/v2\/pages\/10687\/revisions\/24834"}],"wp:attachment":[{"href":"https:\/\/agora.xtec.cat\/escolanova\/wp-json\/wp\/v2\/media?parent=10687"}],"curies":[{"name":"wp","href":"https:\/\/api.w.org\/{rel}","templated":true}]}}