{"id":10683,"date":"2016-11-04T13:21:24","date_gmt":"2016-11-04T12:21:24","guid":{"rendered":"http:\/\/escolanova.cat\/?page_id=10683"},"modified":"2024-11-20T12:46:13","modified_gmt":"2024-11-20T11:46:13","slug":"que-volem-aconseguir","status":"publish","type":"page","link":"https:\/\/agora.xtec.cat\/escolanova\/que-volem-aconseguir\/","title":{"rendered":"Qu\u00e8 volem aconseguir"},"content":{"rendered":"<div id=\"av_section_2\" class=\"avia-section main_color avia-section-default avia-no-border-styling  avia-bg-style-scroll  avia-builder-el-2  el_after_av_section  el_before_av_section   container_wrap fullsize\">\n<div class=\"container\">\n<div class=\"template-page content  av-content-full alpha units\">\n<div class=\"post-entry post-entry-type-page post-entry-10683\">\n<div class=\"entry-content-wrapper clearfix\">\n<div class=\"av-special-heading av-special-heading-h3    avia-builder-el-3  el_before_av_hr  avia-builder-el-first  \">\n<h3 class=\"av-special-heading-tag \">Des de l\u2019escola volem oferir la millor base per assolir qualsevol aprenentatge<\/h3>\n<div class=\"special-heading-border\">\n<div class=\"special-heading-inner-border\"><\/div>\n<\/div>\n<\/div>\n<div class=\"hr hr-invisible   avia-builder-el-4  el_after_av_heading  el_before_av_one_half \"><\/div>\n<div class=\"flex_column av_one_half  flex_column_div av-zero-column-padding first  avia-builder-el-5  el_after_av_hr  el_before_av_one_half  \">\n<section class=\"av_textblock_section \">\n<div class=\"avia_textblock  \">\n<p>Nosaltres ens basem en el constructivisme com a pe\u00e7a fonamental de canvi. Aquesta metodologia permet que qualsevol persona construeixi el seu propi aprenentatge, vulgui resoldre els seus dubtes amb motivaci\u00f3 i curiositat, tingui un esperit cr\u00edtic. Permet que els nens i nenes aprenguin a autoformar-se, all\u00f2 que se\u2019n diu aprendre a aprendre.<\/p>\n<blockquote><p><strong>La societat ha de ser conscient que el canvi \u00e9s necessari per a l\u2019educaci\u00f3 del present i del futur, que no t\u00e9 res a veure amb l\u2019entorn que hi havia temps enrere.<\/strong><\/p><\/blockquote>\n<p>Els professionals de l\u2019educaci\u00f3 som els mestres. Som nosaltres els que hem d\u2019observar que est\u00e0 passant i com podem adaptar-nos a les noves necessitats. L\u2019escola t\u00e9 un paper fonamental per dur a terme aquests canvi.<\/p>\n<\/div>\n<\/section>\n<\/div>\n<div class=\"flex_column av_one_half  flex_column_div av-zero-column-padding   avia-builder-el-7  el_after_av_one_half  avia-builder-el-last  \">\n<div class=\"avia-image-container avia_animated_image avia_animate_when_almost_visible bottom-to-top av-styling- avia-builder-el-8 avia-builder-el-no-sibling avia-align-center avia_start_animation avia_start_delayed_animation\">\n<div class=\"avia-image-container-inner\">\n<div class=\"avia-image-overlay-wrap\"><img loading=\"lazy\" decoding=\"async\" class=\"wp-image-10733 avia-img-lazy-loading-not-10733 avia_image\" title=\"que-volem-aconseguir-_escola-nova\" src=\"https:\/\/escolanova.cat\/wp-content\/uploads\/2016\/11\/QU%C3%88-VOLEM-ACONSEGUIR-_escola-nova.jpg\" alt=\"\" width=\"500\" height=\"375\" \/><\/div>\n<\/div>\n<\/div>\n<\/div>\n<\/div>\n<\/div>\n<\/div>\n<\/div>\n<\/div>\n<div id=\"av_section_3\" class=\"avia-section main_color avia-section-default avia-no-border-styling  avia-bg-style-scroll  avia-builder-el-9  el_after_av_section  el_before_av_section   container_wrap fullsize\">\n<div class=\"container\">\n<div class=\"template-page content  av-content-full alpha units\">\n<div class=\"post-entry post-entry-type-page post-entry-10683\">\n<div class=\"entry-content-wrapper clearfix\">\n<div class=\"flex_column av_one_full  flex_column_div av-zero-column-padding first  avia-builder-el-10  avia-builder-el-no-sibling  \">\n<section class=\"av_textblock_section \">\n<div class=\"avia_textblock  \">\n<p><strong>L\u2019Escola Nova ha d\u2019esdevenir<\/strong>\u00a0un centre on els nostres infants siguin feli\u00e7os i aprenguin d\u2019una manera natural seguint el seu propi ritme d\u2019aprenentatge. Hem de facilitar un espai acollidor on els nens i les nenes siguin els protagonistes. L\u2019escola \u00e9s un lloc per viure. Hi ha d\u2019haver el respecte i la motivaci\u00f3 per aprendre. Aix\u00f2 ens ha de dur a incidir en l\u2019excel\u00b7l\u00e8ncia, la qualitat i la millora cont\u00ednua de la nostra tasca com escola i en la potenciaci\u00f3 del talent dels nostres alumnes. Hem de potenciar una manera d\u2019entendre la vida, d\u2019actuar amb calma, amb un esperit d\u2019esfor\u00e7 i responsabilitat. Una actitud de recerca, de curiositat, de voler millorar, que acompanyi tota la vida als nostres alumnes. Amb aquest projecte volem que el projecte educatiu sempre es mantingui en la mateixa direcci\u00f3, evolucionant, creixent i madurant.<\/p>\n<\/div>\n<\/section>\n<\/div>\n<\/div>\n<\/div>\n<\/div>\n<\/div>\n<\/div>\n<div id=\"av_section_4\" class=\"avia-section main_color avia-section-default avia-no-border-styling  avia-bg-style-scroll  avia-builder-el-12  el_after_av_section  el_before_av_one_full   container_wrap fullsize\">\n<div class=\"container\">\n<div class=\"template-page content  av-content-full alpha units\">\n<div class=\"post-entry post-entry-type-page post-entry-10683\">\n<div class=\"entry-content-wrapper clearfix\">\n<div class=\"flex_column av_one_half  flex_column_div av-zero-column-padding first  avia-builder-el-13  el_before_av_one_half  avia-builder-el-first  \">\n<div class=\"av-special-heading av-special-heading-h3  blockquote modern-quote  avia-builder-el-14  el_before_av_hr  avia-builder-el-first  \">\n<h3 class=\"av-special-heading-tag \">En relaci\u00f3 amb l\u2019alumnat volem:<\/h3>\n<div class=\"av-subheading av-subheading_below  \">\n<p>Fomentar el desenvolupament en tres \u00e0mbits:<\/p>\n<\/div>\n<\/div>\n<div class=\"hr hr-invisible   avia-builder-el-15  el_after_av_heading  el_before_av_iconlist \"><\/div>\n<div class=\"avia-icon-list-container   avia-builder-el-16  el_after_av_hr  avia-builder-el-last \">\n<ul class=\"avia-icon-list avia-icon-list-left av-iconlist-big avia_animate_when_almost_visible avia-iconlist-animate avia_start_animation\">\n<li class=\"avia_start_animation\">\n<div class=\"iconlist_icon  avia-font-Flaticon\"><\/div>\n<article class=\"article-icon-entry \">\n<div class=\"iconlist_content_wrap\">\n<header class=\"entry-content-header\">\n<h4 class=\"av_iconlist_title iconlist_title   \">\u00c0mbit acad\u00e8mic<\/h4>\n<\/header>\n<div class=\"iconlist_content  \">\n<ul>\n<li>Aconseguir que l\u2019 alumne sigui el protagonista del seu propi aprenentatge, aprendre a aprendre: investigui, provi, raoni, assagi, modifiqui, parli, expliqui, inventi\u2026<\/li>\n<li>Afavorir el desenvolupament de les capacitats(\u2026.) i l\u2019 assoliment de les compet\u00e8ncies( \u2026) de forma global i interdisciplinari.<\/li>\n<li>Potenciar la capacitat d\u2019esfor\u00e7, de treball i d\u2019estudi, i fomentar el plaer d\u2019aprendre.<\/li>\n<li>Fomentar la compet\u00e8ncia lectora com a eix vertebrador de l\u2019aprenentatge i fomentar el gust per la lectura.<\/li>\n<li>Incorporar progressivament els recursos de les tecnologies de la informaci\u00f3 i la comunicaci\u00f3.<\/li>\n<li>Donar estrat\u00e8gies per aprendre a parlar en p\u00fablic.<\/li>\n<li>Fomentar l\u2019esperit cr\u00edtic i el raonament<\/li>\n<\/ul>\n<\/div>\n<\/div>\n<footer class=\"entry-footer\"><\/footer>\n<\/article>\n<div class=\"iconlist-timeline\"><\/div>\n<\/li>\n<li class=\"avia_start_animation\">\n<div class=\"iconlist_icon  avia-font-Flaticon\"><\/div>\n<article class=\"article-icon-entry \">\n<div class=\"iconlist_content_wrap\">\n<header class=\"entry-content-header\">\n<h4 class=\"av_iconlist_title iconlist_title   \">\u00c0mbit social<\/h4>\n<\/header>\n<div class=\"iconlist_content  \">\n<ul>\n<li>Formar persones amb capacitat de superaci\u00f3.<\/li>\n<li>Proporcionar a l\u2019alumnat una formaci\u00f3 plena que l\u2019ajudi a formar la seva pr\u00f2pia identitat i a desenvolupar la seva capacitat per exercir la llibertat amb toler\u00e0ncia i solidaritat.<\/li>\n<li>Potenciar l\u2019autonomia i la iniciativa personal.<\/li>\n<li>Facilitar l\u2019aprenentatge del treball cooperatiu.<\/li>\n<li>Dotar als alumnes de la capacitat per expressar la seva opini\u00f3 (Parlar) i respectar les opinions dels altres (escoltar i comprendre).<\/li>\n<li>Afavorir una actitud responsable davant del compliment dels drets i deures.<\/li>\n<li>Donar a con\u00e8ixer les habilitats socials per saber estar i saber fer.<\/li>\n<\/ul>\n<\/div>\n<\/div>\n<footer class=\"entry-footer\"><\/footer>\n<\/article>\n<div class=\"iconlist-timeline\"><\/div>\n<\/li>\n<li class=\"avia_start_animation\">\n<div class=\"iconlist_icon  avia-font-Flaticon\"><\/div>\n<article class=\"article-icon-entry \">\n<div class=\"iconlist_content_wrap\">\n<header class=\"entry-content-header\">\n<h4 class=\"av_iconlist_title iconlist_title   \">\u00c0mbit emocional<\/h4>\n<\/header>\n<div class=\"iconlist_content  \">\n<ul>\n<li>Acollir cada nen com a \u00fanic i diferent.<\/li>\n<li>Proporcionar a l\u2019alumne una formaci\u00f3 que l\u2019ajudi a con\u00e8ixer la seva pr\u00f2pia identitat.<\/li>\n<li>Formar persones capaces d\u2019identificar, expressar i gestionar les pr\u00f2pies emocions.<\/li>\n<li>Formar persones capaces de respectar les emocions dels altres.<\/li>\n<\/ul>\n<\/div>\n<\/div>\n<\/article>\n<\/li>\n<\/ul>\n<\/div>\n<\/div>\n<\/div>\n<\/div>\n<\/div>\n<\/div>\n<\/div>\n","protected":false},"excerpt":{"rendered":"<p>Des de l\u2019escola volem oferir la millor base per assolir qualsevol aprenentatge Nosaltres ens basem en el constructivisme com a [&hellip;]<\/p>\n","protected":false},"author":1,"featured_media":0,"parent":0,"menu_order":0,"comment_status":"closed","ping_status":"closed","template":"","meta":{"_bbp_topic_count":0,"_bbp_reply_count":0,"_bbp_total_topic_count":0,"_bbp_total_reply_count":0,"_bbp_voice_count":0,"_bbp_anonymous_reply_count":0,"_bbp_topic_count_hidden":0,"_bbp_reply_count_hidden":0,"_bbp_forum_subforum_count":0,"site-sidebar-layout":"default","site-content-layout":"","ast-site-content-layout":"","site-content-style":"default","site-sidebar-style":"default","ast-global-header-display":"","ast-banner-title-visibility":"","ast-main-header-display":"","ast-hfb-above-header-display":"","ast-hfb-below-header-display":"","ast-hfb-mobile-header-display":"","site-post-title":"","ast-breadcrumbs-content":"","ast-featured-img":"","footer-sml-layout":"","theme-transparent-header-meta":"","adv-header-id-meta":"","stick-header-meta":"","header-above-stick-meta":"","header-main-stick-meta":"","header-below-stick-meta":"","astra-migrate-meta-layouts":"default","ast-page-background-enabled":"default","ast-page-background-meta":{"desktop":{"background-color":"var(--ast-global-color-4)","background-image":"","background-repeat":"repeat","background-position":"center center","background-size":"auto","background-attachment":"scroll","background-type":"","background-media":"","overlay-type":"","overlay-color":"","overlay-opacity":"","overlay-gradient":""},"tablet":{"background-color":"","background-image":"","background-repeat":"repeat","background-position":"center center","background-size":"auto","background-attachment":"scroll","background-type":"","background-media":"","overlay-type":"","overlay-color":"","overlay-opacity":"","overlay-gradient":""},"mobile":{"background-color":"","background-image":"","background-repeat":"repeat","background-position":"center center","background-size":"auto","background-attachment":"scroll","background-type":"","background-media":"","overlay-type":"","overlay-color":"","overlay-opacity":"","overlay-gradient":""}},"ast-content-background-meta":{"desktop":{"background-color":"var(--ast-global-color-5)","background-image":"","background-repeat":"repeat","background-position":"center center","background-size":"auto","background-attachment":"scroll","background-type":"","background-media":"","overlay-type":"","overlay-color":"","overlay-opacity":"","overlay-gradient":""},"tablet":{"background-color":"var(--ast-global-color-5)","background-image":"","background-repeat":"repeat","background-position":"center center","background-size":"auto","background-attachment":"scroll","background-type":"","background-media":"","overlay-type":"","overlay-color":"","overlay-opacity":"","overlay-gradient":""},"mobile":{"background-color":"var(--ast-global-color-5)","background-image":"","background-repeat":"repeat","background-position":"center center","background-size":"auto","background-attachment":"scroll","background-type":"","background-media":"","overlay-type":"","overlay-color":"","overlay-opacity":"","overlay-gradient":""}},"footnotes":""},"class_list":["post-10683","page","type-page","status-publish","hentry"],"post_mailing_queue_ids":[],"_links":{"self":[{"href":"https:\/\/agora.xtec.cat\/escolanova\/wp-json\/wp\/v2\/pages\/10683","targetHints":{"allow":["GET"]}}],"collection":[{"href":"https:\/\/agora.xtec.cat\/escolanova\/wp-json\/wp\/v2\/pages"}],"about":[{"href":"https:\/\/agora.xtec.cat\/escolanova\/wp-json\/wp\/v2\/types\/page"}],"author":[{"embeddable":true,"href":"https:\/\/agora.xtec.cat\/escolanova\/wp-json\/wp\/v2\/users\/1"}],"replies":[{"embeddable":true,"href":"https:\/\/agora.xtec.cat\/escolanova\/wp-json\/wp\/v2\/comments?post=10683"}],"version-history":[{"count":1,"href":"https:\/\/agora.xtec.cat\/escolanova\/wp-json\/wp\/v2\/pages\/10683\/revisions"}],"predecessor-version":[{"id":24550,"href":"https:\/\/agora.xtec.cat\/escolanova\/wp-json\/wp\/v2\/pages\/10683\/revisions\/24550"}],"wp:attachment":[{"href":"https:\/\/agora.xtec.cat\/escolanova\/wp-json\/wp\/v2\/media?parent=10683"}],"curies":[{"name":"wp","href":"https:\/\/api.w.org\/{rel}","templated":true}]}}