{"id":700,"date":"2018-05-24T08:36:18","date_gmt":"2018-05-24T06:36:18","guid":{"rendered":"http:\/\/agora.xtec.cat\/escolanouclave\/?page_id=700"},"modified":"2025-07-10T12:23:07","modified_gmt":"2025-07-10T10:23:07","slug":"gabinet-psicopedagogic","status":"publish","type":"page","link":"https:\/\/agora.xtec.cat\/escolanouclave\/gabinet-psicopedagogic\/","title":{"rendered":"Gabinet psicopedag\u00f2gic"},"content":{"rendered":"<p style=\"text-align: center;\">\u00a0<\/p>\n<p><span style=\"color: #000080;\">El Gabinet psicopedag\u00f2gic, format per\u00a0<strong>una psicopedagoga, una logopeda i un mestre d\u2019educaci\u00f3 especial<\/strong>, at\u00e9n les necessitats de tots els alumnes de l\u2019escola:\u00a0Educaci\u00f3 Infantil, Prim\u00e0ria i Secund\u00e0ria.<\/span><\/p>\n<p><span style=\"color: #000080; font-size: revert; background-color: rgba(0, 0, 0, 0); font-weight: inherit;\">La seva intervenci\u00f3 est\u00e0 centrada en el seguiment de les diferents necessitats dels alumnes, tant psicol\u00f2giques, com d\u2019aprenentatge i conductuals. Aquest seguiment es fa a nivell individual i d\u2019orientaci\u00f3 de grup. Tamb\u00e9 realitza el servei d\u2019assessorament a mestres aix\u00ed com l\u2019atenci\u00f3 a les fam\u00edlies i el seguiment dels alumnes que s\u00f3n atesos per professionals externs.<\/span><\/p>\n\n\n<p><\/p>\n","protected":false},"excerpt":{"rendered":"<p>\u00a0 El Gabinet psicopedag\u00f2gic, format per\u00a0una psicopedagoga, una logopeda i un mestre d\u2019educaci\u00f3 especial, at\u00e9n les necessitats de tots els alumnes de l\u2019escola:\u00a0Educaci\u00f3 Infantil, Prim\u00e0ria i Secund\u00e0ria. La seva intervenci\u00f3 est\u00e0 centrada en el seguiment de les diferents necessitats dels alumnes, tant psicol\u00f2giques, com d\u2019aprenentatge i conductuals. Aquest seguiment es fa a nivell individual i [&hellip;]<\/p>\n","protected":false},"author":1,"featured_media":0,"parent":0,"menu_order":0,"comment_status":"closed","ping_status":"closed","template":"","meta":{"_bbp_topic_count":0,"_bbp_reply_count":0,"_bbp_total_topic_count":0,"_bbp_total_reply_count":0,"_bbp_voice_count":0,"_bbp_anonymous_reply_count":0,"_bbp_topic_count_hidden":0,"_bbp_reply_count_hidden":0,"_bbp_forum_subforum_count":0,"site-sidebar-layout":"default","site-content-layout":"","ast-site-content-layout":"default","site-content-style":"default","site-sidebar-style":"default","ast-global-header-display":"","ast-banner-title-visibility":"","ast-main-header-display":"","ast-hfb-above-header-display":"","ast-hfb-below-header-display":"","ast-hfb-mobile-header-display":"","site-post-title":"","ast-breadcrumbs-content":"","ast-featured-img":"","footer-sml-layout":"","theme-transparent-header-meta":"","adv-header-id-meta":"","stick-header-meta":"","header-above-stick-meta":"","header-main-stick-meta":"","header-below-stick-meta":"","astra-migrate-meta-layouts":"set","ast-page-background-enabled":"default","ast-page-background-meta":{"desktop":{"background-color":"var(--ast-global-color-4)","background-image":"","background-repeat":"repeat","background-position":"center center","background-size":"auto","background-attachment":"scroll","background-type":"","background-media":"","overlay-type":"","overlay-color":"","overlay-opacity":"","overlay-gradient":""},"tablet":{"background-color":"","background-image":"","background-repeat":"repeat","background-position":"center center","background-size":"auto","background-attachment":"scroll","background-type":"","background-media":"","overlay-type":"","overlay-color":"","overlay-opacity":"","overlay-gradient":""},"mobile":{"background-color":"","background-image":"","background-repeat":"repeat","background-position":"center center","background-size":"auto","background-attachment":"scroll","background-type":"","background-media":"","overlay-type":"","overlay-color":"","overlay-opacity":"","overlay-gradient":""}},"ast-content-background-meta":{"desktop":{"background-color":"var(--ast-global-color-5)","background-image":"","background-repeat":"repeat","background-position":"center center","background-size":"auto","background-attachment":"scroll","background-type":"","background-media":"","overlay-type":"","overlay-color":"","overlay-opacity":"","overlay-gradient":""},"tablet":{"background-color":"var(--ast-global-color-5)","background-image":"","background-repeat":"repeat","background-position":"center center","background-size":"auto","background-attachment":"scroll","background-type":"","background-media":"","overlay-type":"","overlay-color":"","overlay-opacity":"","overlay-gradient":""},"mobile":{"background-color":"var(--ast-global-color-5)","background-image":"","background-repeat":"repeat","background-position":"center center","background-size":"auto","background-attachment":"scroll","background-type":"","background-media":"","overlay-type":"","overlay-color":"","overlay-opacity":"","overlay-gradient":""}},"footnotes":""},"class_list":["post-700","page","type-page","status-publish","hentry"],"post_mailing_queue_ids":[],"_links":{"self":[{"href":"https:\/\/agora.xtec.cat\/escolanouclave\/wp-json\/wp\/v2\/pages\/700","targetHints":{"allow":["GET"]}}],"collection":[{"href":"https:\/\/agora.xtec.cat\/escolanouclave\/wp-json\/wp\/v2\/pages"}],"about":[{"href":"https:\/\/agora.xtec.cat\/escolanouclave\/wp-json\/wp\/v2\/types\/page"}],"author":[{"embeddable":true,"href":"https:\/\/agora.xtec.cat\/escolanouclave\/wp-json\/wp\/v2\/users\/1"}],"replies":[{"embeddable":true,"href":"https:\/\/agora.xtec.cat\/escolanouclave\/wp-json\/wp\/v2\/comments?post=700"}],"version-history":[{"count":4,"href":"https:\/\/agora.xtec.cat\/escolanouclave\/wp-json\/wp\/v2\/pages\/700\/revisions"}],"predecessor-version":[{"id":11616,"href":"https:\/\/agora.xtec.cat\/escolanouclave\/wp-json\/wp\/v2\/pages\/700\/revisions\/11616"}],"wp:attachment":[{"href":"https:\/\/agora.xtec.cat\/escolanouclave\/wp-json\/wp\/v2\/media?parent=700"}],"curies":[{"name":"wp","href":"https:\/\/api.w.org\/{rel}","templated":true}]}}