{"id":1505,"date":"2019-09-16T16:13:15","date_gmt":"2019-09-16T14:13:15","guid":{"rendered":"http:\/\/agora.xtec.cat\/escolanouclave\/?page_id=1505"},"modified":"2025-08-31T12:50:54","modified_gmt":"2025-08-31T10:50:54","slug":"extraescolars","status":"publish","type":"page","link":"https:\/\/agora.xtec.cat\/escolanouclave\/extraescolars\/","title":{"rendered":"Extraescolars"},"content":{"rendered":"\n<p class=\"has-white-color has-ast-global-color-0-background-color has-text-color has-background has-link-color has-medium-font-size wp-elements-5e21cc997a66b87e1687f4b45bb6428d\"><strong>THE ENGLISH GALAXY: FIRST CERTIFICATE EXPEDITION<\/strong><\/p>\n\n\n\n<div class=\"wp-block-columns is-layout-flex wp-container-core-columns-is-layout-1 wp-block-columns-is-layout-flex\">\n<div class=\"wp-block-column is-layout-flow wp-block-column-is-layout-flow\" style=\"flex-basis:33.33%\">\n<figure class=\"wp-block-image size-full is-resized is-style-rounded\"><a href=\"https:\/\/agora.xtec.cat\/escolanouclave\/wp-content\/uploads\/usu1363\/2025\/08\/images.jpg\"><img loading=\"lazy\" decoding=\"async\" width=\"225\" height=\"225\" src=\"https:\/\/agora.xtec.cat\/escolanouclave\/wp-content\/uploads\/usu1363\/2025\/08\/images.jpg\" alt=\"\" class=\"wp-image-11687\" style=\"width:268px;height:auto\" srcset=\"https:\/\/agora.xtec.cat\/escolanouclave\/wp-content\/uploads\/usu1363\/2025\/08\/images.jpg 225w, https:\/\/agora.xtec.cat\/escolanouclave\/wp-content\/uploads\/usu1363\/2025\/08\/images-150x150.jpg 150w\" sizes=\"auto, (max-width: 225px) 100vw, 225px\" \/><\/a><\/figure>\n<\/div>\n\n\n\n<div class=\"wp-block-column is-layout-flow wp-block-column-is-layout-flow\" style=\"flex-basis:66.66%\">\n<p>LITTLE STARS (INFANTIL): DILLUNS de 17:15 h a 18:15 h<\/p>\n\n\n\n<p>PLANET EXPLORERS (1r, 2n i 3r): DILLUNS I DIMECRES de 17:15 h a 18:45 h<\/p>\n\n\n\n<p>ROCKETRANGERS (4t, 5\u00e8 i 6\u00e8): DIMARTS I DIJOUS de 17:15 h a 18:45 h<\/p>\n\n\n\n<p>GALAXY GLIDERS (1r i 2n d&#8217;ESO): DIMARTS I DIJOUS de 17:15 h a 18:45 h<\/p>\n\n\n\n<p>COSMIC MASTERS (3r i 4t d&#8217;ESO): A CONCRETAR<\/p>\n<\/div>\n<\/div>\n\n\n\n<p class=\"has-white-color has-ast-global-color-0-background-color has-text-color has-background has-link-color wp-elements-5921ad3b1327a16700c3d395c131f373\"><strong>CUINA CREATIVA (alumnat d&#8217;educaci\u00f3 infantil i prim\u00e0ria)<\/strong><\/p>\n\n\n\n<div class=\"wp-block-columns is-layout-flex wp-container-core-columns-is-layout-2 wp-block-columns-is-layout-flex\">\n<div class=\"wp-block-column is-layout-flow wp-block-column-is-layout-flow\" style=\"flex-basis:66.66%\">\n<p>DILLUNS de 17:15 h a 18:45 h<\/p>\n\n\n\n<p>PLATS DOL\u00c7OS I SALATS<\/p>\n\n\n\n<p>T\u00c8CNIQUES CULIN\u00c0RIES SENSE FOC<\/p>\n<\/div>\n\n\n\n<div class=\"wp-block-column is-layout-flow wp-block-column-is-layout-flow\" style=\"flex-basis:33.33%\">\n<figure class=\"wp-block-image size-large is-style-rounded\"><img decoding=\"async\" src=\"https:\/\/www.modernspeechie.com.au\/wp-content\/uploads\/2015\/07\/kids_cooking_600.jpg\" alt=\"\"\/><\/figure>\n<\/div>\n<\/div>\n\n\n\n<p class=\"has-white-color has-ast-global-color-0-background-color has-text-color has-background has-link-color wp-elements-5d93eabe022e9e7fe061b42a2b0ed1ae\"><strong>FUTBOL SALA (alumnat d&#8217;educaci\u00f3 prim\u00e0ria i secund\u00e0ria)<\/strong><\/p>\n\n\n\n<div class=\"wp-block-columns is-layout-flex wp-container-core-columns-is-layout-3 wp-block-columns-is-layout-flex\">\n<div class=\"wp-block-column is-layout-flow wp-block-column-is-layout-flow\" style=\"flex-basis:33.33%\">\n<figure class=\"wp-block-image size-large is-style-rounded\"><img decoding=\"async\" src=\"https:\/\/st3.depositphotos.com\/4318427\/13082\/i\/450\/depositphotos_130826900-stock-photo-children-training-soccer-futsal-indoor.jpg\" alt=\"\"\/><\/figure>\n<\/div>\n\n\n\n<div class=\"wp-block-column is-layout-flow wp-block-column-is-layout-flow\" style=\"flex-basis:66.66%\">\n<p>DIMARTS I DIJOUS de 17:15 h a 18:30 h<\/p>\n\n\n\n<p>LLOC: PISTA DE L\u2019INS AIGUAVIVA<\/p>\n\n\n\n<p>POSSIBILITAT DE PARTICIPAR A LA LLIGA ESCOLAR DISSABTES AL MAT\u00cd<\/p>\n<\/div>\n<\/div>\n\n\n\n<p class=\"has-white-color has-ast-global-color-0-background-color has-text-color has-background has-link-color wp-elements-00341fefe8c3fe991abd3d0036fc3693\"><strong>ESPAI DE REP\u00c0S (alumnat d&#8217;educaci\u00f3 prim\u00e0ria i secund\u00e0ria)<\/strong><\/p>\n\n\n\n<div class=\"wp-block-columns has-white-background-color has-background is-layout-flex wp-container-core-columns-is-layout-4 wp-block-columns-is-layout-flex\" style=\"border-style:none;border-width:0px;border-radius:0px;margin-top:0;margin-bottom:0;padding-top:0;padding-right:var(--wp--preset--spacing--50);padding-bottom:0;padding-left:var(--wp--preset--spacing--50)\">\n<div class=\"wp-block-column is-layout-flow wp-block-column-is-layout-flow\" style=\"flex-basis:66.66%\">\n<p>DUES SESSIONS SETMANALS<\/p>\n\n\n\n<p>REFOR\u00c7 INDIVIDUALITZAT<\/p>\n\n\n\n<p>GRUPS REDU\u00cfTS<\/p>\n\n\n\n<p>FEEDBACK TRIMESTRAL A LES FAM\u00cdLIES<\/p>\n<\/div>\n\n\n\n<div class=\"wp-block-column is-layout-flow wp-container-core-column-is-layout-8 wp-block-column-is-layout-flow\" style=\"padding-top:var(--wp--preset--spacing--60);padding-bottom:var(--wp--preset--spacing--60);flex-basis:33.33%\">\n<figure class=\"wp-block-image size-large is-style-rounded\"><img decoding=\"async\" src=\"https:\/\/www.redem.org\/wp-content\/uploads\/2023\/04\/nino-estudiante-768x512-1.webp\" alt=\"\"\/><\/figure>\n<\/div>\n<\/div>\n\n\n\n<p class=\"has-white-color has-ast-global-color-0-background-color has-text-color has-background has-link-color wp-elements-5f44d77aa02cb8d4c9205b648ebaa1d9\" style=\"padding-top:var(--wp--preset--spacing--50);padding-bottom:var(--wp--preset--spacing--50)\"><strong>COR ESCOLAR (alumnat d&#8217;educaci\u00f3 prim\u00e0ria i secund\u00e0ria)<\/strong><\/p>\n\n\n\n<div class=\"wp-block-columns is-layout-flex wp-container-core-columns-is-layout-5 wp-block-columns-is-layout-flex\" style=\"margin-top:0;margin-bottom:0;padding-top:0;padding-bottom:0\">\n<div class=\"wp-block-column is-layout-flow wp-block-column-is-layout-flow\" style=\"flex-basis:33.33%\">\n<figure class=\"wp-block-image size-large is-style-rounded\"><img decoding=\"async\" src=\"https:\/\/encrypted-tbn0.gstatic.com\/images?q=tbn:ANd9GcSDV6CmCdxK0fCBKsuRPOChFmczvrwRYkJu7g&amp;s\" alt=\"\"\/><\/figure>\n<\/div>\n\n\n\n<div class=\"wp-block-column is-layout-flow wp-container-core-column-is-layout-10 wp-block-column-is-layout-flow\" style=\"padding-top:var(--wp--preset--spacing--80);padding-bottom:var(--wp--preset--spacing--80);flex-basis:66.66%\">\n<p>T\u00c8CNIQUES DE CANT<\/p>\n\n\n\n<p>UNA SESSI\u00d3 SETMANAL. HORARI A CONCRETAR.<\/p>\n<\/div>\n<\/div>\n\n\n\n<p class=\"has-white-color has-ast-global-color-0-background-color has-text-color has-background has-link-color wp-elements-092e22a14f9a7b11d0c8ef7dc8d56579\"><strong>ESPAI MAKER 3D (alumnat de cicle superior d&#8217;educaci\u00f3 prim\u00e0ria i secund\u00e0ria)<\/strong><\/p>\n\n\n\n<div class=\"wp-block-columns is-layout-flex wp-container-core-columns-is-layout-6 wp-block-columns-is-layout-flex\">\n<div class=\"wp-block-column is-layout-flow wp-block-column-is-layout-flow\" style=\"flex-basis:66.66%\">\n<p>DISSENY I CREACI\u00d3 DE PRODUCTES 3D<\/p>\n\n\n\n<p>\u00daS D&#8217;IMPRESSORA 3D I TALLADORA L\u00c0SER<\/p>\n\n\n\n<p>UNA SESSI\u00d3 SETMANAL: de 17:15 h a 18:15 h<\/p>\n<\/div>\n\n\n\n<div class=\"wp-block-column is-layout-flow wp-block-column-is-layout-flow\" style=\"flex-basis:33.33%\">\n<figure class=\"wp-block-image size-large is-style-rounded\"><img decoding=\"async\" src=\"https:\/\/www.bcn3d.com\/wp-content\/uploads\/2021\/08\/Types-of-3D-printers-1024x683.jpg\" alt=\"\"\/><\/figure>\n<\/div>\n<\/div>\n\n\n\n<p class=\"has-white-color has-ast-global-color-0-background-color has-text-color has-background has-link-color wp-elements-3e3a40b775fac42b2c520fbbd7f3bb70\"><strong>CULTURA JAPONESA (alumnat d&#8217;educaci\u00f3 prim\u00e0ria i secund\u00e0ria)<\/strong><\/p>\n\n\n\n<div class=\"wp-block-columns is-layout-flex wp-container-core-columns-is-layout-7 wp-block-columns-is-layout-flex\">\n<div class=\"wp-block-column is-layout-flow wp-block-column-is-layout-flow\" style=\"flex-basis:33.33%\">\n<figure class=\"wp-block-image size-large is-style-rounded\"><img decoding=\"async\" src=\"https:\/\/www.japan-academy.in\/blog\/wp-content\/uploads\/2022\/10\/Culture-Day-in-Japan-in-2022.jpg\" alt=\"\"\/><\/figure>\n<\/div>\n\n\n\n<div class=\"wp-block-column is-layout-flow wp-block-column-is-layout-flow\" style=\"flex-basis:66.66%\">\n<p>INICIACI\u00d3 A LA LLENGUA JAPONESA<\/p>\n\n\n\n<p>ART, CULTURA POP, ANIME\u2026<\/p>\n\n\n\n<p>CALIGRAFIA JAPONESA<\/p>\n\n\n\n<p>UNA SESSI\u00d3 SETMANAL<\/p>\n<\/div>\n<\/div>\n\n\n\n<p class=\"has-white-color has-ast-global-color-0-background-color has-text-color has-background has-link-color wp-elements-dd56c827febbc4c3e8987bc13d4c37db\"><strong>MULTIESPORTS (alumnat d&#8217;educaci\u00f3 infantil)<\/strong><\/p>\n\n\n\n<div class=\"wp-block-columns is-layout-flex wp-container-core-columns-is-layout-8 wp-block-columns-is-layout-flex\">\n<div class=\"wp-block-column is-layout-flow wp-block-column-is-layout-flow\" style=\"flex-basis:66.66%\">\n<p>DUES SESSIONS SETMANALS<\/p>\n\n\n\n<p>HORARI DE 17:15 h a 18:15 h (alumnat d&#8217;educaci\u00f3 infantil)<\/p>\n<\/div>\n\n\n\n<div class=\"wp-block-column is-layout-flow wp-block-column-is-layout-flow\" style=\"flex-basis:33.33%\">\n<figure class=\"wp-block-image size-large is-style-rounded\"><img decoding=\"async\" src=\"https:\/\/i.pinimg.com\/736x\/4a\/ff\/c7\/4affc78ba7bdebf2a6f1bc41180962e2.jpg\" alt=\"\"\/><\/figure>\n<\/div>\n<\/div>\n\n\n\n<p class=\"has-white-color has-ast-global-color-0-background-color has-text-color has-background has-link-color wp-elements-9a957689a9c329f69ade791b1bcb12a7\"><strong>ARTS PL\u00c0STIQUES I ESC\u00c8NIQUES (alumnat d&#8217;educaci\u00f3 prim\u00e0ria)<\/strong><\/p>\n\n\n\n<div class=\"wp-block-columns is-layout-flex wp-container-core-columns-is-layout-9 wp-block-columns-is-layout-flex\">\n<div class=\"wp-block-column is-layout-flow wp-block-column-is-layout-flow\" style=\"flex-basis:33.33%\">\n<figure class=\"wp-block-image size-large is-resized is-style-rounded\"><img decoding=\"async\" src=\"https:\/\/www.juegosmalabares.com\/blog\/wp-content\/uploads\/2014\/11\/Obras-de-teatro-con-nuestros-hijos-disfraces.jpg\" alt=\"\" style=\"width:178px;height:auto\"\/><\/figure>\n<\/div>\n\n\n\n<div class=\"wp-block-column is-layout-flow wp-block-column-is-layout-flow\" style=\"flex-basis:66.66%\">\n<p>DUES SESSIONS SETMANALS de 17:15 h a 18:15 h<\/p>\n\n\n\n<p>PINTURA, BODYPAINTING, TEATRE, ROLPLAY, MANUALITATS\u2026<\/p>\n<\/div>\n<\/div>\n\n\n\n<p class=\"has-white-color has-ast-global-color-0-background-color has-text-color has-background has-link-color wp-elements-19b2a85e4d106ed42312e24b364e839a\"><strong>FIT DANCE PER PERSONES ADULTES<\/strong><\/p>\n\n\n\n<div class=\"wp-block-columns is-layout-flex wp-container-core-columns-is-layout-10 wp-block-columns-is-layout-flex\">\n<div class=\"wp-block-column is-layout-flow wp-block-column-is-layout-flow\" style=\"flex-basis:66.66%\">\n<p>DUES SESSIONS SETMANALS de 17:15 h a 18:15 h<\/p>\n\n\n\n<p>ACTIVA\u2019T, ALLIBERA LA MENT\u2026 I BALLA!<\/p>\n<\/div>\n\n\n\n<div class=\"wp-block-column is-layout-flow wp-block-column-is-layout-flow\" style=\"flex-basis:33.33%\">\n<figure class=\"wp-block-image size-large is-style-rounded\"><img decoding=\"async\" src=\"https:\/\/asuntosestudiantiles.uc.cl\/wp-content\/uploads\/2022\/03\/FITDANCE.jpg\" alt=\"\"\/><\/figure>\n<\/div>\n<\/div>\n\n\n\n<p class=\"has-white-color has-ast-global-color-0-background-color has-text-color has-background has-link-color wp-elements-898c1b025400b2f7d3081649ab9e7582\"><strong>SALSA I BACHATA PER PERSONES ADULTES<\/strong><\/p>\n\n\n\n<div class=\"wp-block-columns is-layout-flex wp-container-core-columns-is-layout-11 wp-block-columns-is-layout-flex\">\n<div class=\"wp-block-column is-layout-flow wp-block-column-is-layout-flow\" style=\"flex-basis:33.33%\">\n<figure class=\"wp-block-image size-large is-style-rounded\"><img decoding=\"async\" src=\"https:\/\/img.freepik.com\/vector-gratis\/dibujado-mano-ilustracion-bachata_23-2149231396.jpg\" alt=\"\"\/><\/figure>\n<\/div>\n\n\n\n<div class=\"wp-block-column is-layout-flow wp-block-column-is-layout-flow\" style=\"flex-basis:66.66%\">\n<p>DUES SESSIONS SETMANALS de 17:15 h a 18:15 h<\/p>\n<\/div>\n<\/div>\n\n\n\n<p><\/p>\n\n\n\n<p><\/p>\n","protected":false},"excerpt":{"rendered":"<p>THE ENGLISH GALAXY: FIRST CERTIFICATE EXPEDITION LITTLE STARS (INFANTIL): DILLUNS de 17:15 h a 18:15 h PLANET EXPLORERS (1r, 2n i 3r): DILLUNS I DIMECRES de 17:15 h a 18:45 h ROCKETRANGERS (4t, 5\u00e8 i 6\u00e8): DIMARTS I DIJOUS de 17:15 h a 18:45 h GALAXY GLIDERS (1r i 2n d&#8217;ESO): DIMARTS I DIJOUS de [&hellip;]<\/p>\n","protected":false},"author":1,"featured_media":0,"parent":0,"menu_order":0,"comment_status":"closed","ping_status":"closed","template":"","meta":{"_bbp_topic_count":0,"_bbp_reply_count":0,"_bbp_total_topic_count":0,"_bbp_total_reply_count":0,"_bbp_voice_count":0,"_bbp_anonymous_reply_count":0,"_bbp_topic_count_hidden":0,"_bbp_reply_count_hidden":0,"_bbp_forum_subforum_count":0,"site-sidebar-layout":"default","site-content-layout":"","ast-site-content-layout":"default","site-content-style":"default","site-sidebar-style":"default","ast-global-header-display":"","ast-banner-title-visibility":"","ast-main-header-display":"","ast-hfb-above-header-display":"","ast-hfb-below-header-display":"","ast-hfb-mobile-header-display":"","site-post-title":"","ast-breadcrumbs-content":"","ast-featured-img":"","footer-sml-layout":"","theme-transparent-header-meta":"","adv-header-id-meta":"","stick-header-meta":"","header-above-stick-meta":"","header-main-stick-meta":"","header-below-stick-meta":"","astra-migrate-meta-layouts":"set","ast-page-background-enabled":"default","ast-page-background-meta":{"desktop":{"background-color":"var(--ast-global-color-4)","background-image":"","background-repeat":"repeat","background-position":"center center","background-size":"auto","background-attachment":"scroll","background-type":"","background-media":"","overlay-type":"","overlay-color":"","overlay-opacity":"","overlay-gradient":""},"tablet":{"background-color":"","background-image":"","background-repeat":"repeat","background-position":"center center","background-size":"auto","background-attachment":"scroll","background-type":"","background-media":"","overlay-type":"","overlay-color":"","overlay-opacity":"","overlay-gradient":""},"mobile":{"background-color":"","background-image":"","background-repeat":"repeat","background-position":"center center","background-size":"auto","background-attachment":"scroll","background-type":"","background-media":"","overlay-type":"","overlay-color":"","overlay-opacity":"","overlay-gradient":""}},"ast-content-background-meta":{"desktop":{"background-color":"var(--ast-global-color-5)","background-image":"","background-repeat":"repeat","background-position":"center center","background-size":"auto","background-attachment":"scroll","background-type":"","background-media":"","overlay-type":"","overlay-color":"","overlay-opacity":"","overlay-gradient":""},"tablet":{"background-color":"var(--ast-global-color-5)","background-image":"","background-repeat":"repeat","background-position":"center center","background-size":"auto","background-attachment":"scroll","background-type":"","background-media":"","overlay-type":"","overlay-color":"","overlay-opacity":"","overlay-gradient":""},"mobile":{"background-color":"var(--ast-global-color-5)","background-image":"","background-repeat":"repeat","background-position":"center center","background-size":"auto","background-attachment":"scroll","background-type":"","background-media":"","overlay-type":"","overlay-color":"","overlay-opacity":"","overlay-gradient":""}},"footnotes":""},"class_list":["post-1505","page","type-page","status-publish","hentry"],"post_mailing_queue_ids":[],"_links":{"self":[{"href":"https:\/\/agora.xtec.cat\/escolanouclave\/wp-json\/wp\/v2\/pages\/1505","targetHints":{"allow":["GET"]}}],"collection":[{"href":"https:\/\/agora.xtec.cat\/escolanouclave\/wp-json\/wp\/v2\/pages"}],"about":[{"href":"https:\/\/agora.xtec.cat\/escolanouclave\/wp-json\/wp\/v2\/types\/page"}],"author":[{"embeddable":true,"href":"https:\/\/agora.xtec.cat\/escolanouclave\/wp-json\/wp\/v2\/users\/1"}],"replies":[{"embeddable":true,"href":"https:\/\/agora.xtec.cat\/escolanouclave\/wp-json\/wp\/v2\/comments?post=1505"}],"version-history":[{"count":6,"href":"https:\/\/agora.xtec.cat\/escolanouclave\/wp-json\/wp\/v2\/pages\/1505\/revisions"}],"predecessor-version":[{"id":11711,"href":"https:\/\/agora.xtec.cat\/escolanouclave\/wp-json\/wp\/v2\/pages\/1505\/revisions\/11711"}],"wp:attachment":[{"href":"https:\/\/agora.xtec.cat\/escolanouclave\/wp-json\/wp\/v2\/media?parent=1505"}],"curies":[{"name":"wp","href":"https:\/\/api.w.org\/{rel}","templated":true}]}}