{"id":11713,"date":"2025-09-01T11:46:55","date_gmt":"2025-09-01T09:46:55","guid":{"rendered":"https:\/\/agora.xtec.cat\/escolanouclave\/?page_id=11713"},"modified":"2025-09-29T12:58:09","modified_gmt":"2025-09-29T10:58:09","slug":"historia-2","status":"publish","type":"page","link":"https:\/\/agora.xtec.cat\/escolanouclave\/historia-2\/","title":{"rendered":"Hist\u00f2ria"},"content":{"rendered":"\n<div class=\"wp-block-columns is-layout-flex wp-container-core-columns-is-layout-1 wp-block-columns-is-layout-flex\">\n<div class=\"wp-block-column is-layout-flow wp-block-column-is-layout-flow\" style=\"flex-basis:33.33%\">\n<figure class=\"wp-block-image size-large\"><a href=\"https:\/\/agora.xtec.cat\/escolanouclave\/wp-content\/uploads\/usu1363\/2025\/09\/1000017129-1-1-scaled.jpg\"><img loading=\"lazy\" decoding=\"async\" width=\"768\" height=\"1024\" src=\"https:\/\/agora.xtec.cat\/escolanouclave\/wp-content\/uploads\/usu1363\/2025\/09\/1000017129-1-1-768x1024.jpg\" alt=\"\" class=\"wp-image-11774\" srcset=\"https:\/\/agora.xtec.cat\/escolanouclave\/wp-content\/uploads\/usu1363\/2025\/09\/1000017129-1-1-768x1024.jpg 768w, https:\/\/agora.xtec.cat\/escolanouclave\/wp-content\/uploads\/usu1363\/2025\/09\/1000017129-1-1-225x300.jpg 225w, https:\/\/agora.xtec.cat\/escolanouclave\/wp-content\/uploads\/usu1363\/2025\/09\/1000017129-1-1-1152x1536.jpg 1152w, https:\/\/agora.xtec.cat\/escolanouclave\/wp-content\/uploads\/usu1363\/2025\/09\/1000017129-1-1-1536x2048.jpg 1536w, https:\/\/agora.xtec.cat\/escolanouclave\/wp-content\/uploads\/usu1363\/2025\/09\/1000017129-1-1-scaled.jpg 1920w\" sizes=\"auto, (max-width: 768px) 100vw, 768px\" \/><\/a><\/figure>\n<\/div>\n\n\n\n<div class=\"wp-block-column is-layout-flow wp-block-column-is-layout-flow\" style=\"flex-basis:66.66%\">\n<p>L&#8217;Escola Nou Clav\u00e9 neix l&#8217;estiu de 2025 amb l&#8217;energia i la il\u00b7lusi\u00f3 d&#8217;una comunitat educativa compromesa amb una manera de fer escola viva, arrelada i transformadora. Som un projecte impulsat per una cooperativa de docents que creu en una educaci\u00f3 respectuosa, activa i centrada en les necessitats reals dels infants.<\/p>\n\n\n\n<p>Tot i ser una escola de nova creaci\u00f3, el nostre cam\u00ed est\u00e0 ple d\u2019antecedents valuosos: experi\u00e8ncies compartides, complicitats del territori i un fort comprom\u00eds social i pedag\u00f2gic que donen solidesa a aquest nou inici. El nostre nom, Nou Clav\u00e9, \u00e9s tamb\u00e9 un homenatge a les arrels i a la continu\u00eftat d\u2019un projecte educatiu que s\u2019ha anat construint col\u00b7lectivament.<\/p>\n\n\n\n<p>Situada al cor de Mollet del Vall\u00e8s, l\u2019escola vol ser un espai d\u2019aprenentatge, de conviv\u00e8ncia i de creixement. Un lloc on l&#8217;infant \u00e9s el protagonista, on el treball cooperatiu, el respecte, l\u2019autonomia i la creativitat formen part del dia a dia.<\/p>\n\n\n\n<p>Com a cooperativa de docents, entenem l\u2019educaci\u00f3 com una tasca compartida, constru\u00efda des del di\u00e0leg, la participaci\u00f3 i la responsabilitat col\u00b7lectiva. Apostem per una escola oberta al barri, inclusiva i amb una mirada innovadora, que acompanya el desenvolupament integral dels infants i fomenta una ciutadania cr\u00edtica i compromesa.<\/p>\n\n\n\n<p>Us convidem a con\u00e8ixer-nos i a fer cr\u00e9ixer amb nosaltres aquest projecte educatiu que ja \u00e9s una realitat.<\/p>\n\n\n\n<p>L&#8217;Escola Nou Clav\u00e9, una escola cooperativa, viva i amb futur.<\/p>\n<\/div>\n<\/div>\n\n\n\n<p><\/p>\n","protected":false},"excerpt":{"rendered":"<p>L&#8217;Escola Nou Clav\u00e9 neix l&#8217;estiu de 2025 amb l&#8217;energia i la il\u00b7lusi\u00f3 d&#8217;una comunitat educativa compromesa amb una manera de fer escola viva, arrelada i transformadora. Som un projecte impulsat per una cooperativa de docents que creu en una educaci\u00f3 respectuosa, activa i centrada en les necessitats reals dels infants. Tot i ser una escola [&hellip;]<\/p>\n","protected":false},"author":1,"featured_media":0,"parent":0,"menu_order":0,"comment_status":"closed","ping_status":"close","template":"","meta":{"_bbp_topic_count":0,"_bbp_reply_count":0,"_bbp_total_topic_count":0,"_bbp_total_reply_count":0,"_bbp_voice_count":0,"_bbp_anonymous_reply_count":0,"_bbp_topic_count_hidden":0,"_bbp_reply_count_hidden":0,"_bbp_forum_subforum_count":0,"site-sidebar-layout":"default","site-content-layout":"","ast-site-content-layout":"default","site-content-style":"default","site-sidebar-style":"default","ast-global-header-display":"","ast-banner-title-visibility":"","ast-main-header-display":"","ast-hfb-above-header-display":"","ast-hfb-below-header-display":"","ast-hfb-mobile-header-display":"","site-post-title":"","ast-breadcrumbs-content":"","ast-featured-img":"","footer-sml-layout":"","theme-transparent-header-meta":"","adv-header-id-meta":"","stick-header-meta":"","header-above-stick-meta":"","header-main-stick-meta":"","header-below-stick-meta":"","astra-migrate-meta-layouts":"set","ast-page-background-enabled":"default","ast-page-background-meta":{"desktop":{"background-color":"var(--ast-global-color-4)","background-image":"","background-repeat":"repeat","background-position":"center center","background-size":"auto","background-attachment":"scroll","background-type":"","background-media":"","overlay-type":"","overlay-color":"","overlay-opacity":"","overlay-gradient":""},"tablet":{"background-color":"","background-image":"","background-repeat":"repeat","background-position":"center center","background-size":"auto","background-attachment":"scroll","background-type":"","background-media":"","overlay-type":"","overlay-color":"","overlay-opacity":"","overlay-gradient":""},"mobile":{"background-color":"","background-image":"","background-repeat":"repeat","background-position":"center center","background-size":"auto","background-attachment":"scroll","background-type":"","background-media":"","overlay-type":"","overlay-color":"","overlay-opacity":"","overlay-gradient":""}},"ast-content-background-meta":{"desktop":{"background-color":"var(--ast-global-color-5)","background-image":"","background-repeat":"repeat","background-position":"center center","background-size":"auto","background-attachment":"scroll","background-type":"","background-media":"","overlay-type":"","overlay-color":"","overlay-opacity":"","overlay-gradient":""},"tablet":{"background-color":"var(--ast-global-color-5)","background-image":"","background-repeat":"repeat","background-position":"center center","background-size":"auto","background-attachment":"scroll","background-type":"","background-media":"","overlay-type":"","overlay-color":"","overlay-opacity":"","overlay-gradient":""},"mobile":{"background-color":"var(--ast-global-color-5)","background-image":"","background-repeat":"repeat","background-position":"center center","background-size":"auto","background-attachment":"scroll","background-type":"","background-media":"","overlay-type":"","overlay-color":"","overlay-opacity":"","overlay-gradient":""}},"footnotes":""},"class_list":["post-11713","page","type-page","status-publish","hentry"],"post_mailing_queue_ids":[],"_links":{"self":[{"href":"https:\/\/agora.xtec.cat\/escolanouclave\/wp-json\/wp\/v2\/pages\/11713","targetHints":{"allow":["GET"]}}],"collection":[{"href":"https:\/\/agora.xtec.cat\/escolanouclave\/wp-json\/wp\/v2\/pages"}],"about":[{"href":"https:\/\/agora.xtec.cat\/escolanouclave\/wp-json\/wp\/v2\/types\/page"}],"author":[{"embeddable":true,"href":"https:\/\/agora.xtec.cat\/escolanouclave\/wp-json\/wp\/v2\/users\/1"}],"replies":[{"embeddable":true,"href":"https:\/\/agora.xtec.cat\/escolanouclave\/wp-json\/wp\/v2\/comments?post=11713"}],"version-history":[{"count":6,"href":"https:\/\/agora.xtec.cat\/escolanouclave\/wp-json\/wp\/v2\/pages\/11713\/revisions"}],"predecessor-version":[{"id":11811,"href":"https:\/\/agora.xtec.cat\/escolanouclave\/wp-json\/wp\/v2\/pages\/11713\/revisions\/11811"}],"wp:attachment":[{"href":"https:\/\/agora.xtec.cat\/escolanouclave\/wp-json\/wp\/v2\/media?parent=11713"}],"curies":[{"name":"wp","href":"https:\/\/api.w.org\/{rel}","templated":true}]}}