{"id":11619,"date":"2025-07-10T12:27:10","date_gmt":"2025-07-10T10:27:10","guid":{"rendered":"https:\/\/agora.xtec.cat\/escolanouclave\/?page_id=11619"},"modified":"2026-04-07T12:38:27","modified_gmt":"2026-04-07T10:38:27","slug":"menjador-escolar","status":"publish","type":"page","link":"https:\/\/agora.xtec.cat\/escolanouclave\/menjador-escolar\/","title":{"rendered":"Menjador"},"content":{"rendered":"\n<figure class=\"wp-block-image size-full\"><a href=\"https:\/\/agora.xtec.cat\/escolanouclave\/wp-content\/uploads\/usu1363\/2026\/04\/Menu-Nou-Clave.png\"><img loading=\"lazy\" decoding=\"async\" width=\"1024\" height=\"768\" src=\"https:\/\/agora.xtec.cat\/escolanouclave\/wp-content\/uploads\/usu1363\/2026\/04\/Menu-Nou-Clave.png\" alt=\"\" class=\"wp-image-12139\" srcset=\"https:\/\/agora.xtec.cat\/escolanouclave\/wp-content\/uploads\/usu1363\/2026\/04\/Menu-Nou-Clave.png 1024w, https:\/\/agora.xtec.cat\/escolanouclave\/wp-content\/uploads\/usu1363\/2026\/04\/Menu-Nou-Clave-300x225.png 300w, https:\/\/agora.xtec.cat\/escolanouclave\/wp-content\/uploads\/usu1363\/2026\/04\/Menu-Nou-Clave-768x576.png 768w\" sizes=\"auto, (max-width: 1024px) 100vw, 1024px\" \/><\/a><\/figure>\n\n\n\n<p>A l\u2019escola entenem el menjador com una <strong>eina educativa fonamental per a l\u2019adquisici\u00f3 d\u2019h\u00e0bits alimentaris saludables<\/strong>, essencials per al benestar dels infants i per a la seva salut al llarg de tota la vida.<\/p>\n\n\n\n<p>Durant l\u2019estona del migdia, l\u2019alumnat <strong>dina en un entorn tranquil i respectu\u00f3s<\/strong>, gaudeix d\u2019un temps d\u2019esbarjo a l\u2019aire lliure i participa en <strong>activitats organitzades al voltant d\u2019un centre d\u2019inter\u00e8s<\/strong>, pensades per fomentar valors, creativitat i conviv\u00e8ncia.<\/p>\n\n\n\n<p>Amb l\u2019objectiu de mantenir una comunicaci\u00f3 flu\u00efda amb les fam\u00edlies, <strong>fem arribar mensualment el men\u00fa i la programaci\u00f3 d\u2019activitats<\/strong> relacionades. A m\u00e9s, apostem per una alimentaci\u00f3 m\u00e9s sostenible: <strong>com a m\u00ednim tres dies al mes<\/strong>, el men\u00fa inclou <strong>productes ecol\u00f2gics<\/strong>.<\/p>\n\n\n\n<p>El servei de c\u00e0tering va a c\u00e0rrec de <strong>Catering Alcal\u00e1<\/strong>, una empresa que comparteix la nostra mirada: oferir <strong>men\u00fas equilibrats, saborosos i sostenibles<\/strong>, elaborats amb ingredients de qualitat i pensats per satisfer les necessitats nutricionals dels infants en etapa escolar.<\/p>\n\n\n\n<p>A trav\u00e9s del menjador, eduquem tamb\u00e9 en el <strong>gust per menjar b\u00e9, el respecte pels aliments i pel temps compartit<\/strong>, promovent una alimentaci\u00f3 responsable i un estil de vida saludable.<\/p>\n\n\n\n<p><\/p>\n","protected":false},"excerpt":{"rendered":"<p>A l\u2019escola entenem el menjador com una eina educativa fonamental per a l\u2019adquisici\u00f3 d\u2019h\u00e0bits alimentaris saludables, essencials per al benestar dels infants i per a la seva salut al llarg de tota la vida. Durant l\u2019estona del migdia, l\u2019alumnat dina en un entorn tranquil i respectu\u00f3s, gaudeix d\u2019un temps d\u2019esbarjo a l\u2019aire lliure i participa [&hellip;]<\/p>\n","protected":false},"author":1,"featured_media":0,"parent":0,"menu_order":0,"comment_status":"closed","ping_status":"close","template":"","meta":{"_bbp_topic_count":0,"_bbp_reply_count":0,"_bbp_total_topic_count":0,"_bbp_total_reply_count":0,"_bbp_voice_count":0,"_bbp_anonymous_reply_count":0,"_bbp_topic_count_hidden":0,"_bbp_reply_count_hidden":0,"_bbp_forum_subforum_count":0,"site-sidebar-layout":"default","site-content-layout":"","ast-site-content-layout":"default","site-content-style":"default","site-sidebar-style":"default","ast-global-header-display":"","ast-banner-title-visibility":"","ast-main-header-display":"","ast-hfb-above-header-display":"","ast-hfb-below-header-display":"","ast-hfb-mobile-header-display":"","site-post-title":"","ast-breadcrumbs-content":"","ast-featured-img":"","footer-sml-layout":"","theme-transparent-header-meta":"","adv-header-id-meta":"","stick-header-meta":"","header-above-stick-meta":"","header-main-stick-meta":"","header-below-stick-meta":"","astra-migrate-meta-layouts":"set","ast-page-background-enabled":"default","ast-page-background-meta":{"desktop":{"background-color":"var(--ast-global-color-4)","background-image":"","background-repeat":"repeat","background-position":"center center","background-size":"auto","background-attachment":"scroll","background-type":"","background-media":"","overlay-type":"","overlay-color":"","overlay-opacity":"","overlay-gradient":""},"tablet":{"background-color":"","background-image":"","background-repeat":"repeat","background-position":"center center","background-size":"auto","background-attachment":"scroll","background-type":"","background-media":"","overlay-type":"","overlay-color":"","overlay-opacity":"","overlay-gradient":""},"mobile":{"background-color":"","background-image":"","background-repeat":"repeat","background-position":"center center","background-size":"auto","background-attachment":"scroll","background-type":"","background-media":"","overlay-type":"","overlay-color":"","overlay-opacity":"","overlay-gradient":""}},"ast-content-background-meta":{"desktop":{"background-color":"var(--ast-global-color-5)","background-image":"","background-repeat":"repeat","background-position":"center center","background-size":"auto","background-attachment":"scroll","background-type":"","background-media":"","overlay-type":"","overlay-color":"","overlay-opacity":"","overlay-gradient":""},"tablet":{"background-color":"var(--ast-global-color-5)","background-image":"","background-repeat":"repeat","background-position":"center center","background-size":"auto","background-attachment":"scroll","background-type":"","background-media":"","overlay-type":"","overlay-color":"","overlay-opacity":"","overlay-gradient":""},"mobile":{"background-color":"var(--ast-global-color-5)","background-image":"","background-repeat":"repeat","background-position":"center center","background-size":"auto","background-attachment":"scroll","background-type":"","background-media":"","overlay-type":"","overlay-color":"","overlay-opacity":"","overlay-gradient":""}},"footnotes":""},"class_list":["post-11619","page","type-page","status-publish","hentry"],"post_mailing_queue_ids":[],"_links":{"self":[{"href":"https:\/\/agora.xtec.cat\/escolanouclave\/wp-json\/wp\/v2\/pages\/11619","targetHints":{"allow":["GET"]}}],"collection":[{"href":"https:\/\/agora.xtec.cat\/escolanouclave\/wp-json\/wp\/v2\/pages"}],"about":[{"href":"https:\/\/agora.xtec.cat\/escolanouclave\/wp-json\/wp\/v2\/types\/page"}],"author":[{"embeddable":true,"href":"https:\/\/agora.xtec.cat\/escolanouclave\/wp-json\/wp\/v2\/users\/1"}],"replies":[{"embeddable":true,"href":"https:\/\/agora.xtec.cat\/escolanouclave\/wp-json\/wp\/v2\/comments?post=11619"}],"version-history":[{"count":5,"href":"https:\/\/agora.xtec.cat\/escolanouclave\/wp-json\/wp\/v2\/pages\/11619\/revisions"}],"predecessor-version":[{"id":12140,"href":"https:\/\/agora.xtec.cat\/escolanouclave\/wp-json\/wp\/v2\/pages\/11619\/revisions\/12140"}],"wp:attachment":[{"href":"https:\/\/agora.xtec.cat\/escolanouclave\/wp-json\/wp\/v2\/media?parent=11619"}],"curies":[{"name":"wp","href":"https:\/\/api.w.org\/{rel}","templated":true}]}}