{"id":84,"date":"2014-09-18T14:11:31","date_gmt":"2014-09-18T13:11:31","guid":{"rendered":"http:\/\/agora.xtec.cat\/ceip-nabi\/?page_id=84"},"modified":"2024-11-22T14:44:15","modified_gmt":"2024-11-22T13:44:15","slug":"activitats-extraescolars","status":"publish","type":"page","link":"https:\/\/agora.xtec.cat\/escolanabi\/serveis\/activitats-extraescolars\/","title":{"rendered":"Activitats extraescolars 2024-25"},"content":{"rendered":"<hr \/>\n<p><a href=\"https:\/\/agora.xtec.cat\/escolanabi\/wp-content\/uploads\/usu2216\/2024\/11\/Dossier-extraescolars-AFA-2024-2025-3.pdf\" target=\"_blank\" rel=\"noopener\">Descarrega aqu\u00ed tota la informaci\u00f3 de les activitats extraescolars del curs 2024-2025 &gt;<\/a><\/p>\n<hr \/>\n<p>Les activitats comen\u00e7aran el 26 de setembre i acabaran el 5 de juny*<\/p>\n<p>\u2022 Podreu fer una classe de prova.<br \/>\n\u2022 Teniu m\u00e0xim fins l\u201910\/09 per a fer les inscripcions.<br \/>\n\u2022 Si no s\u2019arriba el nombre m\u00ednim de nens\/es per activitat, aquestes no es podran dur a terme.<br \/>\n\u2022 Els infants que comencen l\u2019activitat a les 17:45 hores podran fer un \u00fas de la biblioteca i podran aprofitar l\u2019estona per fer deures o llegir amb un cost d\u20191\u20ac\/dia.<br \/>\n\u2022 La inscripci\u00f3 i comprom\u00eds amb la activitat \u00e9s trimestral.<br \/>\n\u2022 En el cas de baixa: s\u2019haur\u00e0 d\u2019enviar un correu electr\u00f2nic a afa@nabi.cat abans de finalitzar el trimestre. Mantenint el pagament de l\u2019activitat fins a finalitzar el trimestre.<\/p>\n<p>*\u00daltim dia a confirmar segons calendari lectiu.<\/p>\n","protected":false},"excerpt":{"rendered":"<p><a href=\"https:\/\/agora.xtec.cat\/escolanabi\/wp-content\/uploads\/usu2216\/2024\/11\/Dossier-extraescolars-AFA-2024-2025-3.pdf\" target=\"_blank\" rel=\"noopener\">Descarrega aqu\u00ed tota la informaci\u00f3 de les activitats extraescolars del curs 2024-2025 &gt;<\/a><\/p>\n<p>Les activitats comen\u00e7aran el 26 de setembre i acabaran el 5 de juny*<br \/>\n\u2022 Podreu fer una classe de prova.<br \/>\n\u2022 Teniu m\u00e0xim fins l\u201910\/09 per a fer les inscripcions.<br \/>\n\u2022 Si no&hellip;  <a href=\"https:\/\/agora.xtec.cat\/escolanabi\/serveis\/activitats-extraescolars\/\" title=\"Read Activitats extraescolars 2024-25\">Llegeix m\u00e9s\u00bb<\/a><\/p>\n","protected":false},"author":1,"featured_media":0,"parent":66,"menu_order":60,"comment_status":"closed","ping_status":"closed","template":"","meta":{"_bbp_topic_count":0,"_bbp_reply_count":0,"_bbp_total_topic_count":0,"_bbp_total_reply_count":0,"_bbp_voice_count":0,"_bbp_anonymous_reply_count":0,"_bbp_topic_count_hidden":0,"_bbp_reply_count_hidden":0,"_bbp_forum_subforum_count":0,"footnotes":""},"class_list":["post-84","page","type-page","status-publish","hentry"],"post_mailing_queue_ids":[],"_links":{"self":[{"href":"https:\/\/agora.xtec.cat\/escolanabi\/wp-json\/wp\/v2\/pages\/84","targetHints":{"allow":["GET"]}}],"collection":[{"href":"https:\/\/agora.xtec.cat\/escolanabi\/wp-json\/wp\/v2\/pages"}],"about":[{"href":"https:\/\/agora.xtec.cat\/escolanabi\/wp-json\/wp\/v2\/types\/page"}],"author":[{"embeddable":true,"href":"https:\/\/agora.xtec.cat\/escolanabi\/wp-json\/wp\/v2\/users\/1"}],"replies":[{"embeddable":true,"href":"https:\/\/agora.xtec.cat\/escolanabi\/wp-json\/wp\/v2\/comments?post=84"}],"version-history":[{"count":6,"href":"https:\/\/agora.xtec.cat\/escolanabi\/wp-json\/wp\/v2\/pages\/84\/revisions"}],"predecessor-version":[{"id":496186,"href":"https:\/\/agora.xtec.cat\/escolanabi\/wp-json\/wp\/v2\/pages\/84\/revisions\/496186"}],"up":[{"embeddable":true,"href":"https:\/\/agora.xtec.cat\/escolanabi\/wp-json\/wp\/v2\/pages\/66"}],"wp:attachment":[{"href":"https:\/\/agora.xtec.cat\/escolanabi\/wp-json\/wp\/v2\/media?parent=84"}],"curies":[{"name":"wp","href":"https:\/\/api.w.org\/{rel}","templated":true}]}}