{"id":82,"date":"2014-09-18T14:10:51","date_gmt":"2014-09-18T13:10:51","guid":{"rendered":"http:\/\/agora.xtec.cat\/ceip-nabi\/?page_id=82"},"modified":"2024-06-07T13:18:02","modified_gmt":"2024-06-07T11:18:02","slug":"casal-casalet","status":"publish","type":"page","link":"https:\/\/agora.xtec.cat\/escolanabi\/serveis\/casal-casalet\/","title":{"rendered":"CASAL ESCOLA NAB\u00cd 2024"},"content":{"rendered":"<h1><a href=\"https:\/\/agora.xtec.cat\/escolanabi\/wp-content\/uploads\/usu2216\/2022\/06\/casal-scaled.jpg\"><img loading=\"lazy\" decoding=\"async\" class=\"alignnone wp-image-493153\" src=\"https:\/\/agora.xtec.cat\/escolanabi\/wp-content\/uploads\/usu2216\/2022\/06\/casal-1024x683.jpg\" alt=\"\" width=\"505\" height=\"337\" srcset=\"https:\/\/agora.xtec.cat\/escolanabi\/wp-content\/uploads\/usu2216\/2022\/06\/casal-1024x683.jpg 1024w, https:\/\/agora.xtec.cat\/escolanabi\/wp-content\/uploads\/usu2216\/2022\/06\/casal-300x200.jpg 300w, https:\/\/agora.xtec.cat\/escolanabi\/wp-content\/uploads\/usu2216\/2022\/06\/casal-768x512.jpg 768w, https:\/\/agora.xtec.cat\/escolanabi\/wp-content\/uploads\/usu2216\/2022\/06\/casal-1536x1024.jpg 1536w, https:\/\/agora.xtec.cat\/escolanabi\/wp-content\/uploads\/usu2216\/2022\/06\/casal-2048x1365.jpg 2048w\" sizes=\"auto, (max-width: 505px) 100vw, 505px\" \/><\/a><\/h1>\n<h1>Benvinguts al Casal Escola Nab\u00ed 2024<\/h1>\n<p>&nbsp;<\/p>\n<h3>Activitats d\u2019estiu a la nostra mida<\/h3>\n<p>L\u2019objectiu de la Comissi\u00f3 Casal i Casalet (tardes de juny) \u00e9s organitzar activitats l\u00fadiques durant el per\u00edode d\u2019estiu amb una doble finalitat: crear una <strong>alternativa de lleure educatiu<\/strong> per als nens i les nenes que estigui d\u2019acord amb la metodologia de Nab\u00ed, i oferir una opci\u00f3 de qualitat a les fam\u00edlies que necessiten <strong>conciliar l\u2019horari laboral i l\u2019escolar.<\/strong><\/p>\n<p>Aquestes activitats s\u00f3n el Casalet (tardes de juny) i el Casal (juliol), que es desenvolupen a l\u2019escola i als entorns. Es tracta d\u2019un projecte pedag\u00f2gic proper, l\u00fadic i alineat amb l\u2019escola.<\/p>\n<h3>EL CASAL D\u2019ESTIU &#8211; CIRCULAR INFORMATIVA EMPRESA TENO<\/h3>\n<p>Benvolgudes fam\u00edlies,<\/p>\n<p>Del <strong>25 de juny al 2 d\u2019agost tindr\u00e0 lloc el casal d\u2019estiu a l\u2019escola Nab\u00ed<\/strong>. El centre d\u2019inter\u00e8s que presentem \u00e9s el cinema, sota el t\u00edtol: <strong>Llums, c\u00e0mera i acci\u00f3!.<\/strong><\/p>\n<p>Ens endinsarem en el m\u00f3n del cinema, on coneixerem l\u2019evoluci\u00f3 hist\u00f2rica del set\u00e8 art, diferents estils i fins i tot podrem ser protagonistes de la nostra pr\u00f2pia pel\u00b7l\u00edcula!<\/p>\n<p>Volem donar especial rellev\u00e0ncia a les activitats alternatives i estan fora del centre d\u2019inter\u00e8s: Espais de joc i bagul de jocs i manualitats. Crearem aquests espais amb material fix amb la finalitat que els infants tinguin acc\u00e9s a altres recursos de joc optatius.<\/p>\n<p>Els dies de piscina, el bagul ens permetr\u00e0 que aquells infants que no es vulguin banyar o per reduir l\u2019exposici\u00f3 al sol, puguin tenir alternatives de joc tamb\u00e9 molt atractives.<\/p>\n<p>Finalment, es <strong>faran cinc sortides els dijous 4,11,18, 25 de juliol i l\u20191 d\u2019agost.<\/strong><\/p>\n<p>El primer dijous 27 de juny passarem el dia a la piscina de la Floresta.<\/p>\n<p>Podeu veure el programa d\u2019<a href=\"https:\/\/agora.xtec.cat\/escolanabi\/wp-content\/uploads\/usu2216\/2024\/06\/Casal-Nabi_programacio-resumida-1-1.pdf\"><strong>ACTIVITATS CASAL PER SETMANES.<\/strong><\/a><\/p>\n<h3>QU\u00c8 COMPORTA LA ORGANITZACI\u00d3 DEL CASAL?<\/h3>\n<p>Planificar el projecte (pedag\u00f2gicament i econ\u00f2micament), elaborar la programaci\u00f3 i contractar els serveis externs (piscines, autocars, excursions, assegurances\u2026), crear i fer la difusi\u00f3 i la comunicaci\u00f3 a les fam\u00edlies, gestionar el proc\u00e9s d\u2019inscripcions, contractar el monitoratge i servei de cuina, aix\u00ed com fer el seguiment diari de l\u2019activitat i elaborar l\u2019avaluaci\u00f3 final i mantenir la comunicaci\u00f3 i el seguiment amb el districte de Sarri\u00e0-Sant Gervasi.<\/p>\n<p>El Casal d\u2019estiu Nab\u00ed est\u00e0 homologat anualment per l\u2019Ajuntament de Barcelona. L\u2019homologaci\u00f3 ens aporta m\u00e9s qualitat, reconeixement i difusi\u00f3, i tamb\u00e9 fa que estigui obert a nens i nenes d\u2019altres escoles.<\/p>\n<h3>INSCRIPCIONS CASAL ESCOLA NABI<\/h3>\n<ul>\n<li><a href=\"https:\/\/form.jotform.com\/241424037428048\">Inscripcions Casal Estiu 2024<\/a><\/li>\n<\/ul>\n<h3><\/h3>\n<h3>EL CASALET<\/h3>\n<p>Durant la <strong>segona i tercera setmanes de juny<\/strong> l\u2019escola fa horari intensiu. Des de la comissi\u00f3 organitzem activitats adre\u00e7ades exclusivament a alumnat de l\u2019escola<strong> de 15 a 17 h<\/strong>. Els berenars estan inclosos en l\u2019activitat i els proporciona la mateixa empresa de menjador del curs.<\/p>\n<p><a href=\"https:\/\/agora.xtec.cat\/escolanabi\/wp-content\/uploads\/usu2216\/2024\/06\/PROGRAMACIO-CASALET-JUNY-2024-3.pdf\"><strong>ACTIVITATS CASALET PER SETMANES<\/strong><\/a><\/p>\n<p>&nbsp;<\/p>\n<h3>COM BENEFICIA ALS PARES LA FEINA DE LA COMISSI\u00d3?<\/h3>\n<p>Des de la comissi\u00f3 treballem per garantir:<\/p>\n<ul>\n<li>que les activitats s\u2019ajustin tant a les demandes dels pares i mares com al criteri pedag\u00f2gic de l\u2019escola<\/li>\n<li>que les persones que atenen els nostres infants siguin d\u2019absoluta confian\u00e7a (els mateixos especialistes que en horari lectiu i majoria de monitoratge i professorat ex-alumnes de l\u2019escola)<\/li>\n<li>que els preus siguin ajustats<\/li>\n<li>que el nombre de monitors i monitores sigui l\u2019adequat pel que fa al nombre d\u2019infants inscrits<\/li>\n<li>que els nostres fills i filles gaudeixin i creixin amb unes activitats l\u00fadiques alineades amb el criteri pedag\u00f2gic que viuen cada dia a l\u2019escola.<\/li>\n<\/ul>\n<p>M\u00e9s info: <a href=\"mailto:afa@nabi.cat\">afa@nabi.cat<\/a> i 93.406.84.08 de 9 a 14 h de dilluns a divendres lectius.<\/p>\n","protected":false},"excerpt":{"rendered":"<p><a href=\"https:\/\/agora.xtec.cat\/escolanabi\/wp-content\/uploads\/usu2216\/2022\/06\/casal-scaled.jpg\"><\/a><br \/>\nBenvinguts al Casal Escola Nab\u00ed 2024<br \/>\n&nbsp;<br \/>\nActivitats d\u2019estiu a la nostra mida<br \/>\nL\u2019objectiu de la Comissi\u00f3 Casal i Casalet (tardes de juny) \u00e9s organitzar activitats l\u00fadiques durant el per\u00edode d\u2019estiu amb una doble finalitat: crear una alternativa de lleure educatiu per als nens i les nenes&hellip;  <a href=\"https:\/\/agora.xtec.cat\/escolanabi\/serveis\/casal-casalet\/\" title=\"Read CASAL ESCOLA NAB\u00cd 2024\">Llegeix m\u00e9s\u00bb<\/a><\/p>\n","protected":false},"author":1,"featured_media":0,"parent":66,"menu_order":50,"comment_status":"closed","ping_status":"closed","template":"","meta":{"_bbp_topic_count":0,"_bbp_reply_count":0,"_bbp_total_topic_count":0,"_bbp_total_reply_count":0,"_bbp_voice_count":0,"_bbp_anonymous_reply_count":0,"_bbp_topic_count_hidden":0,"_bbp_reply_count_hidden":0,"_bbp_forum_subforum_count":0,"footnotes":""},"class_list":["post-82","page","type-page","status-publish","hentry"],"post_mailing_queue_ids":[],"_links":{"self":[{"href":"https:\/\/agora.xtec.cat\/escolanabi\/wp-json\/wp\/v2\/pages\/82","targetHints":{"allow":["GET"]}}],"collection":[{"href":"https:\/\/agora.xtec.cat\/escolanabi\/wp-json\/wp\/v2\/pages"}],"about":[{"href":"https:\/\/agora.xtec.cat\/escolanabi\/wp-json\/wp\/v2\/types\/page"}],"author":[{"embeddable":true,"href":"https:\/\/agora.xtec.cat\/escolanabi\/wp-json\/wp\/v2\/users\/1"}],"replies":[{"embeddable":true,"href":"https:\/\/agora.xtec.cat\/escolanabi\/wp-json\/wp\/v2\/comments?post=82"}],"version-history":[{"count":7,"href":"https:\/\/agora.xtec.cat\/escolanabi\/wp-json\/wp\/v2\/pages\/82\/revisions"}],"predecessor-version":[{"id":496046,"href":"https:\/\/agora.xtec.cat\/escolanabi\/wp-json\/wp\/v2\/pages\/82\/revisions\/496046"}],"up":[{"embeddable":true,"href":"https:\/\/agora.xtec.cat\/escolanabi\/wp-json\/wp\/v2\/pages\/66"}],"wp:attachment":[{"href":"https:\/\/agora.xtec.cat\/escolanabi\/wp-json\/wp\/v2\/media?parent=82"}],"curies":[{"name":"wp","href":"https:\/\/api.w.org\/{rel}","templated":true}]}}