{"id":73,"date":"2014-09-18T14:01:51","date_gmt":"2014-09-18T13:01:51","guid":{"rendered":"http:\/\/agora.xtec.cat\/ceip-nabi\/?page_id=73"},"modified":"2024-11-22T14:59:57","modified_gmt":"2024-11-22T13:59:57","slug":"menjador-escolar","status":"publish","type":"page","link":"https:\/\/agora.xtec.cat\/escolanabi\/serveis\/menjador-escolar\/","title":{"rendered":"Menjador escolar"},"content":{"rendered":"<p><a href=\"https:\/\/agora.xtec.cat\/escolanabi\/wp-content\/uploads\/usu2216\/2022\/01\/menjador.jpg\"><img loading=\"lazy\" decoding=\"async\" class=\"wp-image-490218 aligncenter\" src=\"https:\/\/agora.xtec.cat\/escolanabi\/wp-content\/uploads\/usu2216\/2022\/01\/menjador-300x84.jpg\" alt=\"\" width=\"983\" height=\"275\" srcset=\"https:\/\/agora.xtec.cat\/escolanabi\/wp-content\/uploads\/usu2216\/2022\/01\/menjador-300x84.jpg 300w, https:\/\/agora.xtec.cat\/escolanabi\/wp-content\/uploads\/usu2216\/2022\/01\/menjador-768x216.jpg 768w, https:\/\/agora.xtec.cat\/escolanabi\/wp-content\/uploads\/usu2216\/2022\/01\/menjador.jpg 950w\" sizes=\"auto, (max-width: 983px) 100vw, 983px\" \/><\/a><\/p>\n<p>L\u2019Escola t\u00e9 contractada l\u2019empresa \u201cTeno\u201d per al desenvolupament del servei de menjador, cuina i monitoratge.\u2028Els queviures s\u00f3n servits a primera hora del mat\u00ed i els dinars s\u2019elaboren completament a l\u2019escola. Els ingredients s\u00f3n majorit\u00e0riament ecol\u00f2gics i de proximitat.<\/p>\n<p><strong>Pots trobar els men\u00fas actuals aqu\u00ed:<\/strong><\/p>\n<p><a href=\"https:\/\/agora.xtec.cat\/escolanabi\/wp-content\/uploads\/usu2216\/2024\/06\/NABI-JUNY-24-1_merged.pdf\" target=\"_blank\" rel=\"noopener\">Men\u00fa dinar &gt;<\/a><\/p>\n<p><strong>L\u2019AFA t\u00e9 cura del control general del servei, del cobrament de rebuts etc.\u2028<\/strong><\/p>\n<p>Aquesta tasca la desenvolupa una secret\u00e0ria, la qual porta a terme, tamb\u00e9, altres feines de les quals l\u2019AFA en t\u00e9 l\u2019organitzaci\u00f3 (activitats extraescolars).<\/p>\n<h5>Espais i instal\u2022lacions<\/h5>\n<p>Menjador, cuina pr\u00f2pia, pista, gimn\u00e0s, pati de sorra i pati del\u00a0parx\u00eds.<\/p>\n<h5>Personal<\/h5>\n<p>El servei de Mitja Pensi\u00f3 est\u00e0 organitzat en tres torns a fi que el menjador de l\u2019escola no es trobi en cap cas massificat.<\/p>\n<p><strong>Personal de cuina:<\/strong> Lu\u00eds L. (cuiner), L\u00eddia C. i Tini R. (ajudant de cuina).<br \/>\n<strong>\u2028Coordinaci\u00f3 dels monitors:<\/strong> Ricard G.<\/p>\n<p><strong>1r Torn<\/strong><\/p>\n<p><strong>Monitors:<\/strong>\u00a0Cl\u00e0udia P. i Berta P.(P-3),\u00a0 Isabel F. (P-4) i Nalda Vileda (P-5), amb el suport de Lourdes G. \u00c0ngel S.<\/p>\n<p><strong>2n Torn<\/strong><\/p>\n<p><strong>Monitors:<\/strong>\u00a0David R.\u00a0 (1r) Gerard E. (2n) \u00a0Tini R. (3r)<\/p>\n<p><strong>3r Torn<\/strong><\/p>\n<p><strong>Monitors:<\/strong>\u00a0Lourdes G. ( 4t),\u00a0 Victor B. (5\u00e8), Tini R. (6\u00e8)<br \/>\nSuport : cLARA p., Marian B i Ricard Galban.<\/p>\n<h5>Aspectes educatius del menjador<\/h5>\n<p>El fet de menjar \u00e9s considerat un acte social on s\u2019insisteix en els h\u00e0bits d\u2019ordre i polidesa, de saber estar correctament a taula, ben assegut, utilitzant els coberts correctament, conservant un to de veu adequat, menjant de tot o almenys intentant tastar tots els aliments.\u2028Els nens i nens han de saber dirigir-se al personal adult i als companys i companyes amb correcci\u00f3.<\/p>\n<h5>Aspectes educatius a l\u2019estona de lleure<\/h5>\n<p>Les estones de lleure corresponents a l\u2019espai de Mitja Pensi\u00f3 estan enfocades a plantejar diferents propostes de joc que els nens i nenes poden triar. Es proposen diferents espais de l\u2019escola a fi que s\u2019hi desenvolupi diferents activitats segons l\u2019edat i nivell de classe. Les activitats tamb\u00e9 variaran segons el temps meteorol\u00f2gic. En principi es deixa que siguin els propis infants qui s\u2019organitzin els jocs tot i que els adults estan amatents per si cal fer alguna proposta.<\/p>\n<h5>Estudi qualitatiu i quantitatiu dels men\u00fas<\/h5>\n<p>Salut P\u00fablica cada curs fa una valoraci\u00f3 del men\u00fas de l\u2019Escola que pr\u00e8viament han estat pensats per l\u2019empresa.\u2028A m\u00e9s existeix una comissi\u00f3 de seguiment i control dels men\u00fas. La valoraci\u00f3 ser\u00e0 trimestral i la comissi\u00f3 estar\u00e0 formada per membres de tots els estaments implicats: empresa Ecoarrels, AFA i escola.<\/p>\n<p>&nbsp;<\/p>\n","protected":false},"excerpt":{"rendered":"<p><a href=\"https:\/\/agora.xtec.cat\/escolanabi\/wp-content\/uploads\/usu2216\/2022\/01\/menjador.jpg\"><\/a><br \/>\nL\u2019Escola t\u00e9 contractada l\u2019empresa \u201cTeno\u201d per al desenvolupament del servei de menjador, cuina i monitoratge.\u2028Els queviures s\u00f3n servits a primera hora del mat\u00ed i els dinars s\u2019elaboren completament a l\u2019escola. Els ingredients s\u00f3n majorit\u00e0riament ecol\u00f2gics i de proximitat.<br \/>\nPots trobar els men\u00fas actuals aqu\u00ed:<br \/>\n<a href=\"https:\/\/agora.xtec.cat\/escolanabi\/wp-content\/uploads\/usu2216\/2024\/06\/NABI-JUNY-24-1_merged.pdf\"&hellip;  <a href=\"https:\/\/agora.xtec.cat\/escolanabi\/serveis\/menjador-escolar\/\" title=\"Read Menjador escolar\">Llegeix m\u00e9s\u00bb<\/a><\/p>\n","protected":false},"author":1,"featured_media":0,"parent":66,"menu_order":30,"comment_status":"closed","ping_status":"closed","template":"","meta":{"_bbp_topic_count":0,"_bbp_reply_count":0,"_bbp_total_topic_count":0,"_bbp_total_reply_count":0,"_bbp_voice_count":0,"_bbp_anonymous_reply_count":0,"_bbp_topic_count_hidden":0,"_bbp_reply_count_hidden":0,"_bbp_forum_subforum_count":0,"footnotes":""},"class_list":["post-73","page","type-page","status-publish","hentry"],"post_mailing_queue_ids":[],"_links":{"self":[{"href":"https:\/\/agora.xtec.cat\/escolanabi\/wp-json\/wp\/v2\/pages\/73","targetHints":{"allow":["GET"]}}],"collection":[{"href":"https:\/\/agora.xtec.cat\/escolanabi\/wp-json\/wp\/v2\/pages"}],"about":[{"href":"https:\/\/agora.xtec.cat\/escolanabi\/wp-json\/wp\/v2\/types\/page"}],"author":[{"embeddable":true,"href":"https:\/\/agora.xtec.cat\/escolanabi\/wp-json\/wp\/v2\/users\/1"}],"replies":[{"embeddable":true,"href":"https:\/\/agora.xtec.cat\/escolanabi\/wp-json\/wp\/v2\/comments?post=73"}],"version-history":[{"count":6,"href":"https:\/\/agora.xtec.cat\/escolanabi\/wp-json\/wp\/v2\/pages\/73\/revisions"}],"predecessor-version":[{"id":496187,"href":"https:\/\/agora.xtec.cat\/escolanabi\/wp-json\/wp\/v2\/pages\/73\/revisions\/496187"}],"up":[{"embeddable":true,"href":"https:\/\/agora.xtec.cat\/escolanabi\/wp-json\/wp\/v2\/pages\/66"}],"wp:attachment":[{"href":"https:\/\/agora.xtec.cat\/escolanabi\/wp-json\/wp\/v2\/media?parent=73"}],"curies":[{"name":"wp","href":"https:\/\/api.w.org\/{rel}","templated":true}]}}