{"id":493188,"date":"2022-07-20T13:12:10","date_gmt":"2022-07-20T11:12:10","guid":{"rendered":"https:\/\/agora.xtec.cat\/escolanabi\/?page_id=493188"},"modified":"2025-01-09T10:54:06","modified_gmt":"2025-01-09T09:54:06","slug":"biblioteca","status":"publish","type":"page","link":"https:\/\/agora.xtec.cat\/escolanabi\/biblioteca\/","title":{"rendered":"La lectura i la biblioteca"},"content":{"rendered":"<h2><span style=\"text-decoration: underline;\"><strong>Programa Connexions a la biblioteca Collserola- Josep Miracle<\/strong><\/span><\/h2>\n<p><a href=\"https:\/\/ajuntament.barcelona.cat\/biblioteques\/bibcollserola\/ca\">La Biblioteca Collserola &#8211; Josep Miracle<\/a> col\u00b7labora amb l\u2019Escola Nab\u00ed des de fa m\u00e9s de tres anys.<\/p>\n<p>Els cursos de 3r fins a 6\u00e8 de Prim\u00e0ria visitem setmanalment la biblioteca Josep Miracle per fer diferents activitats al voltant de la lectura.<u><\/u><u><\/u><\/p>\n<p>Dediquem temps a compartir lectures que han llegit els infants i, a m\u00e9s recomanem altres llibres als companys\/es. Presentem autors i autores explicant la traject\u00f2ria professional i quins s\u00f3n els seus t\u00edtols m\u00e9s rellevants. A m\u00e9s, gaudim dels recursos que ens ofereix la biblioteca, aix\u00ed com estar al dia de les novetats i poder fer \u00fas del servei de pr\u00e9stec.<\/p>\n<p>Una de les activitats que tamb\u00e9 ens agrada fer a la biblioteca \u00e9s poder gaudir de l&#8217;espai i relaxar-nos llegint una estoneta.<\/p>\n<p>En aquesta col\u00b7laboraci\u00f3 es treballen compet\u00e8ncies ling\u00fc\u00edstiques, audiovisuals, socials i ciutadanes. Tamb\u00e9 es fomenta l\u2019autonomia, la iniciativa personal i l\u2019emprenedoria.<\/p>\n<h2><span style=\"text-decoration: underline;\"><strong>La import\u00e0ncia de la lectura<\/strong><\/span><\/h2>\n<p>A Nab\u00ed fomentem la import\u00e0ncia de la lectura amb la visita a la biblioteca Josep Miracle i, a m\u00e9s a l&#8217;escola l&#8217;alumnat dedica una estona de lectura di\u00e0ria on cadasc\u00fa escull el seu propi llibre.<\/p>\n","protected":false},"excerpt":{"rendered":"<p>Programa Connexions a la biblioteca Collserola- Josep Miracle<br \/>\n<a href=\"https:\/\/ajuntament.barcelona.cat\/biblioteques\/bibcollserola\/ca\">La Biblioteca Collserola &#8211; Josep Miracle<\/a> col\u00b7labora amb l\u2019Escola Nab\u00ed des de fa m\u00e9s de tres anys.<br \/>\nEls cursos de 3r fins a 6\u00e8 de Prim\u00e0ria visitem setmanalment la biblioteca Josep Miracle per fer diferents activitats al voltant&hellip;  <a href=\"https:\/\/agora.xtec.cat\/escolanabi\/biblioteca\/\" title=\"Read La lectura i la biblioteca\">Llegeix m\u00e9s\u00bb<\/a><\/p>\n","protected":false},"author":3,"featured_media":0,"parent":0,"menu_order":0,"comment_status":"closed","ping_status":"closed","template":"","meta":{"_bbp_topic_count":0,"_bbp_reply_count":0,"_bbp_total_topic_count":0,"_bbp_total_reply_count":0,"_bbp_voice_count":0,"_bbp_anonymous_reply_count":0,"_bbp_topic_count_hidden":0,"_bbp_reply_count_hidden":0,"_bbp_forum_subforum_count":0,"footnotes":""},"class_list":["post-493188","page","type-page","status-publish","hentry"],"post_mailing_queue_ids":[],"_links":{"self":[{"href":"https:\/\/agora.xtec.cat\/escolanabi\/wp-json\/wp\/v2\/pages\/493188","targetHints":{"allow":["GET"]}}],"collection":[{"href":"https:\/\/agora.xtec.cat\/escolanabi\/wp-json\/wp\/v2\/pages"}],"about":[{"href":"https:\/\/agora.xtec.cat\/escolanabi\/wp-json\/wp\/v2\/types\/page"}],"author":[{"embeddable":true,"href":"https:\/\/agora.xtec.cat\/escolanabi\/wp-json\/wp\/v2\/users\/3"}],"replies":[{"embeddable":true,"href":"https:\/\/agora.xtec.cat\/escolanabi\/wp-json\/wp\/v2\/comments?post=493188"}],"version-history":[{"count":4,"href":"https:\/\/agora.xtec.cat\/escolanabi\/wp-json\/wp\/v2\/pages\/493188\/revisions"}],"predecessor-version":[{"id":496308,"href":"https:\/\/agora.xtec.cat\/escolanabi\/wp-json\/wp\/v2\/pages\/493188\/revisions\/496308"}],"wp:attachment":[{"href":"https:\/\/agora.xtec.cat\/escolanabi\/wp-json\/wp\/v2\/media?parent=493188"}],"curies":[{"name":"wp","href":"https:\/\/api.w.org\/{rel}","templated":true}]}}