{"id":493187,"date":"2022-07-20T13:12:10","date_gmt":"2022-07-20T11:12:10","guid":{"rendered":"https:\/\/agora.xtec.cat\/escolanabi\/?page_id=493187"},"modified":"2024-06-18T09:47:30","modified_gmt":"2024-06-18T07:47:30","slug":"consell-escolar","status":"publish","type":"page","link":"https:\/\/agora.xtec.cat\/escolanabi\/consell-escolar\/","title":{"rendered":"Consell Escolar"},"content":{"rendered":"<h3 style=\"text-align: right;\"><strong style=\"font-size: 1.6875em;\">\u00a0<\/strong><a style=\"color: #2795b6; font-size: 16px;\" href=\"https:\/\/agora.xtec.cat\/escolanabi\/resum-sessions-consell-escolar\/\"><strong>Acords sessions Consell Escolar<\/strong><\/a><\/h3>\n<h3><strong>Qu\u00e8 \u00e9s?\u00a0 \u00a0 \u00a0 \u00a0 \u00a0 \u00a0 \u00a0 \u00a0 \u00a0 \u00a0 \u00a0 \u00a0 \u00a0 \u00a0 \u00a0 \u00a0 \u00a0 \u00a0 \u00a0 \u00a0 \u00a0 \u00a0 \u00a0 \u00a0 \u00a0\u00a0<\/strong><\/h3>\n<p>El Consell Escolar \u00e9s l\u2019\u00f2rgan de participaci\u00f3 de la comunitat escolar en el govern del centre. \u00c9s un \u00f2rgan present a tots els centres que reben finan\u00e7ament p\u00fablic i est\u00e0 regulat per Llei (LEC, 2009; Decret 102\/2010&#8230;).<br \/>\nLa seva missi\u00f3 \u00e9s participar en la presa de decisions en relaci\u00f3 amb aquells temes importants de funcionament i organitzaci\u00f3 de l\u2019escola.<\/p>\n<h3><strong>Qui en forma part?<\/strong><\/h3>\n<p>L\u2019equip de direcci\u00f3 de l\u2019escola (la directora n\u2019\u00e9s la Presidenta, m\u00e9s la cap d\u2019estudis i el secretari), una representaci\u00f3 del Claustre, una representaci\u00f3 del personal de servei i administraci\u00f3, un\/a representant de l\u2019Ajuntament, i una representaci\u00f3 de les fam\u00edlies (en el nostre cas, formada per 4 membres elegits en votacions i 1 membre representant de l\u2019AFA).<br \/>\nEls membres del Consell Escolar s\u00f3n elegits per un per\u00edode de quatre anys i es renoven per meitats cada dos anys.<br \/>\nActualment s\u00f3n membres del Consell Escolar de l\u2019escola: Mireia Vald\u00e9s, <span style=\"font-weight: 400;\">Santi Vilardaga , Olga L\u00f3pez, David Com\u00edn, Gerard Muntada, Olga Canal, Virginia Maldonado, Miquel Trapero, Albert Mart\u00ednez, Aina Clotet i S\u00edlvia Puente.<\/span><\/p>\n<h3><strong>Quines s\u00f3n les seves funcions principals?<\/strong><\/h3>\n<p>&#8211; Aprovar el Projecte educatiu, la Programaci\u00f3 Anual, les normes d\u2019organitzaci\u00f3 i funcionament i el pressupost del centre.<br \/>\n&#8211; Intervenir en el procediment d\u2019admissi\u00f3 d\u2019alumnes, en el procediment de selecci\u00f3\/cessament del director\/a, en les propostes d\u2019acords de col\u00b7laboraci\u00f3 amb altres centres i l\u2019entorn.<br \/>\n&#8211; Aprovar les directrius per a la programaci\u00f3 d\u2019activitats escolars complement\u00e0ries i d\u2019activitats extraescolars.<br \/>\n&#8211; Participar en les an\u00e0lisis i les avaluacions del funcionament general del centre i con\u00e8ixer l\u2019evoluci\u00f3 del rendiment escolar.<\/p>\n<h3><strong>Cada quan es reuneix?<\/strong><\/h3>\n<p>Es reuneix una vegada al trimestre i sempre que el convoca la directora o ho sol\u00b7licita al menys un ter\u00e7 de les seves persones membres. A m\u00e9s, ha de fer una reuni\u00f3 a principi de curs i una altra a la seva finalitzaci\u00f3.<\/p>\n<h3><strong>I m\u00e9s enll\u00e0 de l\u2019escola?<\/strong><\/h3>\n<p>Els representants del Consell Escolar de l\u2019escola poden presentar-se com a candidats al Consell educatiu de Districte i d\u2019aqu\u00ed al Consell educatiu municipal, i Consell Escolar de Catalunya.<\/p>\n<p>&nbsp;<\/p>\n","protected":false},"excerpt":{"rendered":"<p>\u00a0<a style=\"color: #2795b6; font-size: 16px;\" href=\"https:\/\/agora.xtec.cat\/escolanabi\/resum-sessions-consell-escolar\/\">Acords sessions Consell Escolar<\/a><br \/>\nQu\u00e8 \u00e9s?\u00a0 \u00a0 \u00a0 \u00a0 \u00a0 \u00a0 \u00a0 \u00a0 \u00a0 \u00a0 \u00a0 \u00a0 \u00a0 \u00a0 \u00a0 \u00a0 \u00a0 \u00a0 \u00a0 \u00a0 \u00a0 \u00a0 \u00a0 \u00a0 \u00a0\u00a0<br \/>\nEl Consell Escolar \u00e9s l\u2019\u00f2rgan de participaci\u00f3 de la comunitat escolar en&hellip;  <a href=\"https:\/\/agora.xtec.cat\/escolanabi\/consell-escolar\/\" title=\"Read Consell Escolar\">Llegeix m\u00e9s\u00bb<\/a><\/p>\n","protected":false},"author":3,"featured_media":0,"parent":0,"menu_order":0,"comment_status":"closed","ping_status":"closed","template":"","meta":{"_bbp_topic_count":0,"_bbp_reply_count":0,"_bbp_total_topic_count":0,"_bbp_total_reply_count":0,"_bbp_voice_count":0,"_bbp_anonymous_reply_count":0,"_bbp_topic_count_hidden":0,"_bbp_reply_count_hidden":0,"_bbp_forum_subforum_count":0,"footnotes":""},"class_list":["post-493187","page","type-page","status-publish","hentry"],"post_mailing_queue_ids":[],"_links":{"self":[{"href":"https:\/\/agora.xtec.cat\/escolanabi\/wp-json\/wp\/v2\/pages\/493187","targetHints":{"allow":["GET"]}}],"collection":[{"href":"https:\/\/agora.xtec.cat\/escolanabi\/wp-json\/wp\/v2\/pages"}],"about":[{"href":"https:\/\/agora.xtec.cat\/escolanabi\/wp-json\/wp\/v2\/types\/page"}],"author":[{"embeddable":true,"href":"https:\/\/agora.xtec.cat\/escolanabi\/wp-json\/wp\/v2\/users\/3"}],"replies":[{"embeddable":true,"href":"https:\/\/agora.xtec.cat\/escolanabi\/wp-json\/wp\/v2\/comments?post=493187"}],"version-history":[{"count":5,"href":"https:\/\/agora.xtec.cat\/escolanabi\/wp-json\/wp\/v2\/pages\/493187\/revisions"}],"predecessor-version":[{"id":496055,"href":"https:\/\/agora.xtec.cat\/escolanabi\/wp-json\/wp\/v2\/pages\/493187\/revisions\/496055"}],"wp:attachment":[{"href":"https:\/\/agora.xtec.cat\/escolanabi\/wp-json\/wp\/v2\/media?parent=493187"}],"curies":[{"name":"wp","href":"https:\/\/api.w.org\/{rel}","templated":true}]}}