{"id":490111,"date":"2022-01-24T06:32:18","date_gmt":"2022-01-24T05:32:18","guid":{"rendered":"https:\/\/agora.xtec.cat\/escolanabi\/?page_id=490111"},"modified":"2022-01-27T19:01:44","modified_gmt":"2022-01-27T18:01:44","slug":"smart-classroom-project","status":"publish","type":"page","link":"https:\/\/agora.xtec.cat\/escolanabi\/metodologia-interna\/smart-classroom-project\/","title":{"rendered":"Smart Classroom Project"},"content":{"rendered":"<p style=\"text-align: center;\">A Nab\u00ed mirem endavant, la reflexi\u00f3 pedag\u00f2gica i les ganes d&#8217;innovar a les aules ens han portat a repensar els espais en qu\u00e8 volem que els nostres infants creixin i es formin.<\/p>\n<p style=\"text-align: center;\">L&#8217;entorn en qu\u00e8 es produeix el proc\u00e9s d&#8217;ensenyament i d&#8217;aprenentatge diu molt de com aprendran els nens i nenes. Dins la pedagogia Nab\u00ed sempre s&#8217;ha treballat per ajudar als infants a ser persones aut\u00f2nomes i a flexibilitzar el seu aprenentatge per adaptar-nos a les necessitats i potencials de cada un d&#8217;ells, de manera individual.<\/p>\n<p>&nbsp;<\/p>\n<p style=\"text-align: center;\">EN BREU TINDREU M\u00c9S INFORMACI\u00d3:<\/p>\n<p style=\"text-align: center;\">L&#8217;aventura comen\u00e7a a mitjans de febrer. Us tindrem informats!<\/p>\n","protected":false},"excerpt":{"rendered":"<p>A Nab\u00ed mirem endavant, la reflexi\u00f3 pedag\u00f2gica i les ganes d&#8217;innovar a les aules ens han portat a repensar els espais en qu\u00e8 volem que els nostres infants creixin i es formin.<br \/>\nL&#8217;entorn en qu\u00e8 es produeix el proc\u00e9s d&#8217;ensenyament i d&#8217;aprenentatge diu molt de com&hellip;  <a href=\"https:\/\/agora.xtec.cat\/escolanabi\/metodologia-interna\/smart-classroom-project\/\" title=\"Read Smart Classroom Project\">Llegeix m\u00e9s\u00bb<\/a><\/p>\n","protected":false},"author":5,"featured_media":0,"parent":632,"menu_order":0,"comment_status":"closed","ping_status":"closed","template":"","meta":{"_bbp_topic_count":0,"_bbp_reply_count":0,"_bbp_total_topic_count":0,"_bbp_total_reply_count":0,"_bbp_voice_count":0,"_bbp_anonymous_reply_count":0,"_bbp_topic_count_hidden":0,"_bbp_reply_count_hidden":0,"_bbp_forum_subforum_count":0,"footnotes":""},"class_list":["post-490111","page","type-page","status-publish","hentry"],"post_mailing_queue_ids":[],"_links":{"self":[{"href":"https:\/\/agora.xtec.cat\/escolanabi\/wp-json\/wp\/v2\/pages\/490111","targetHints":{"allow":["GET"]}}],"collection":[{"href":"https:\/\/agora.xtec.cat\/escolanabi\/wp-json\/wp\/v2\/pages"}],"about":[{"href":"https:\/\/agora.xtec.cat\/escolanabi\/wp-json\/wp\/v2\/types\/page"}],"author":[{"embeddable":true,"href":"https:\/\/agora.xtec.cat\/escolanabi\/wp-json\/wp\/v2\/users\/5"}],"replies":[{"embeddable":true,"href":"https:\/\/agora.xtec.cat\/escolanabi\/wp-json\/wp\/v2\/comments?post=490111"}],"version-history":[{"count":3,"href":"https:\/\/agora.xtec.cat\/escolanabi\/wp-json\/wp\/v2\/pages\/490111\/revisions"}],"predecessor-version":[{"id":490154,"href":"https:\/\/agora.xtec.cat\/escolanabi\/wp-json\/wp\/v2\/pages\/490111\/revisions\/490154"}],"up":[{"embeddable":true,"href":"https:\/\/agora.xtec.cat\/escolanabi\/wp-json\/wp\/v2\/pages\/632"}],"wp:attachment":[{"href":"https:\/\/agora.xtec.cat\/escolanabi\/wp-json\/wp\/v2\/media?parent=490111"}],"curies":[{"name":"wp","href":"https:\/\/api.w.org\/{rel}","templated":true}]}}