{"id":489868,"date":"2022-01-20T19:10:17","date_gmt":"2022-01-20T18:10:17","guid":{"rendered":"https:\/\/agora.xtec.cat\/escolanabi\/?page_id=489868"},"modified":"2024-11-21T12:59:03","modified_gmt":"2024-11-21T11:59:03","slug":"comissions","status":"publish","type":"page","link":"https:\/\/agora.xtec.cat\/escolanabi\/afa\/comissions\/","title":{"rendered":"Les comissions de l\u2019AFA"},"content":{"rendered":"<p>Si vols participar d\u2019alguna de les comissions envia\u2019ns un correu electr\u00f2nic a <a href=\"mailto:comunicacio@nabi.cat\">afa@nabi.cat<\/a><\/p>\n<hr \/>\n<h3><i><span class=\"il\">Comissi\u00f3<\/span> groga<\/i><\/h3>\n<p style=\"text-align: justify;\">Fomenta el debat de l\u2019escola\u00a0<wbr \/>p\u00fablica\u00a0i\u00a0contribueix\u00a0a\u00a0les\u00a0<wbr \/>reivindicacions\u00a0del\u00a0moviment\u00a0<wbr \/>de\u00a0fam\u00edlies\u00a0per\u00a0defensar\u00a0l\u2019<wbr \/>escola\u00a0p\u00fablica\u00a0de\u00a0qualitat\u00a0<wbr \/>per\u00a0a\u00a0tothom.<\/p>\n<p style=\"text-align: justify;\">Les activitats que fa s\u00f3n: el seguiment\u00a0i l&#8217;actualitzaci\u00f3\u00a0de\u00a0les\u00a0<wbr \/>novetats\u00a0pol\u00edtiques\u00a0en\u00a0<wbr \/>relaci\u00f3\u00a0amb\u00a0l&#8217;educaci\u00f3\u00a0<wbr \/>p\u00fablica i la creaci\u00f3 de espais de debat.<\/p>\n<h3>Comissi\u00f3 menjador<\/h3>\n<p>L\u2019AFA \u00e9s la que gestiona l\u2019espai de migdia, la\u00a0 comissi\u00f3\u00a0 s\u2019encarrega del bon funcionament del menjador i ha contractat des de ja fa 7 anys a Ecoarrels, \u00a0empresa\u00a0 especialitzada en serveis del menjar i del lleure s\u2019encarrega de la gesti\u00f3 contractual dels monitors \/es i cuiners , ofereix un men\u00fa saludable i equilibrat amb productes ecol\u00f2gics, de proximitat i de temporada, \u00e9s cuina in situ, cuina pr\u00f2pia a l\u2019escola.<\/p>\n<p>La Comissi\u00f3 menjador s\u00f3m la Maria Alba Carre\u00f1o i l&#8217;Esther Mir\u00f3.<\/p>\n<p><strong>Qu\u00e8 fem des de la Comissi\u00f3 menjador?<\/strong><\/p>\n<ul>\n<li>Reunions peri\u00f2diques amb Ecoarrels, la direcci\u00f3 de l\u2019escola \u00a0i coordinaci\u00f3, l\u2019Angel Sinues.<\/li>\n<li>Establim el men\u00fa corresponent al mes.<\/li>\n<li>Pactem la contractaci\u00f3 curs a curs.<\/li>\n<li>Resolem problemes puntuals que puguin sorgir al dia a dia consensuats amb direcci\u00f3 i coordinaci\u00f3.<\/li>\n<li>Vetllem per un men\u00fa sa i equilibrat, revisat per les pautes establertes per la Generalitat.<\/li>\n<li>Vetllem pels productes sostenibles.<\/li>\n<li>Introdu\u00efm la majoria de productes ecol\u00f2gics.<\/li>\n<\/ul>\n<p style=\"text-align: center;\"><em><strong>\u201csom el que mengem i mengem el que som\u201d<\/strong><\/em><\/p>\n<p>Si voleu contactar amb el Coordinador de Menjador, l&#8217;\u00c0ngel Sinu\u00e9s, ho podeu fer via mail: <a href=\"mailto:a.sinuesmejias@gmail.com\">a.sinuesmejias@gmail.com<\/a><\/p>\n<hr \/>\n<h3>Comissi\u00f3\u00a0comunicaci\u00f3<\/h3>\n<p>Encarregada de gestionar els continguts de la web, del blog de l&#8217;AFA i del disseny d\u2019eines per facilitar la comunicaci\u00f3 de les fam\u00edlies amb l\u2019AFA i l\u2019escola.<\/p>\n<hr \/>\n<h3>Comissi\u00f3 cam\u00ed escolar<\/h3>\n<p>La comissi\u00f3 treballa perqu\u00e8 el cam\u00ed a l\u2019escola sigui segur, agradable i per fomentar l\u2019anar a peu!<\/p>\n<p>El Cam\u00ed Escolar \u00e9s un projecte de ciutat per la formaci\u00f3 i l\u2019educaci\u00f3 en valors des de l\u2019autonomia, la solidaritat i la bona conviv\u00e8ncia: un itinerari senyalitzat que facilita que els infants vagin i tornin a peu a l\u2019escola de manera segura.<\/p>\n<hr \/>\n<h3>Comissi\u00f3 casal i casalet<\/h3>\n<p>Casalet: les tardes de la jornada intensiva de juny s\u2019organitzem, d\u2019acord amb la l\u00ednia pedag\u00f2gica de l\u2019escola, activitats l\u00fadiques per als nens i nenes.<\/p>\n<p>Casal d\u2019estiu de juliol: S\u2019organitzen activitats l\u00fadiques de 9 a 17h.<\/p>\n<p>Totes dues activitats s\u2019adrecen a infants de P3 a 6\u00e8 de l\u2019escola, per\u00f2 tamb\u00e9 \u00e9s obert a infants d\u2019altres escoles.<\/p>\n<hr \/>\n<h3>Comissi\u00f3 Farigola<\/h3>\n<p>La comissi\u00f3 Farigola s\u2019encarrega de cuidar l\u2019entorn natural de l\u2019escola i dels seus voltants.<\/p>\n<p>Tamb\u00e9 promou l\u2019\u00fas de l\u2019Aula Natura (que es troba vora del pant\u00e0), i participa del projecte d\u2019Escola Verda (una xarxa de la que la nostra escola en forma part).<\/p>\n<hr \/>\n<h3>Voluntariat<\/h3>\n<p>Organitza el voluntariat per a diferents activitats escolars que tenen suport de fam\u00edlies: acompanyaments a piscina, refor\u00e7 de lectura, suport de conversa d\u2019angl\u00e8s.<\/p>\n<hr \/>\n<h3>Comissi\u00f3 Freinet<\/h3>\n<p>La Comissi\u00f3 va n\u00e9ixer l\u2019any 2016 per commemorar el 120\u00e8 aniversari de C\u00e9lestin Freienet, con\u00e8ixer la seva proposta pedag\u00f2gica que inspira el projecte pedag\u00f2gic de l\u2019escola. Despr\u00e9s de la commemoraci\u00f3, la Comissi\u00f3 organitza \u201cCaf\u00e8s Pedag\u00f2gics\u201d per oferir un espai on les fam\u00edlies i l\u2019escola dialoguin sobre temes que interessen i preocupen de l\u2019educaci\u00f3 dels nostres fills i filles.<\/p>\n<hr \/>\n<h3>Comissi\u00f3 llibres compartits<\/h3>\n<p>Des del curs 2003\/04 s\u2019ha implementat el projecte de socialitzaci\u00f3 de llibres de text i diccionaris, progressivament fins arribar a la gaireb\u00e9 totalitat des del curs 2006\/07. Els llibres de text es comparteixen i amb aix\u00f2 s\u2019aconsegueix un estalvi mitj\u00e0 anual de 84\u20ac per infant. Les fam\u00edlies paguen una quota anual d\u2019entre 6 a 39 euros (en funci\u00f3 del curs) perqu\u00e8 s\u2019adquireixen nou materials que cal reempla\u00e7ar o adquirir de nou.<\/p>\n<hr \/>\n<h3>Comissi\u00f3 extraescolars<\/h3>\n<p>Les activitats extraescolars les organitza l\u2019AFA en col\u00b7laboraci\u00f3 amb l\u2019Escola, seguint sempre el criteri pedag\u00f2gic del centre. Les activitats esportives i musicals estan coordinades pels mateixos especialistes que assessoren el treball a l\u2019aula en l\u2019horari lectiu. Pensem que \u00e9s molt important fer aquest lligam per tal de poder mantenir el mateix criteri pedag\u00f2gic al llarg de tot el temps que els infants passen a l\u2019escola.<\/p>\n<p><a href=\"https:\/\/agora.xtec.cat\/escolanabi\/serveis\/activitats-extraescolars\/\" target=\"_blank\" rel=\"noopener\">M\u00e9s informaci\u00f3 sobre extraescolars &gt;<\/a><\/p>\n","protected":false},"excerpt":{"rendered":"<p>Si vols participar d\u2019alguna de les comissions envia\u2019ns un correu electr\u00f2nic a <a href=\"mailto:comunicacio@nabi.cat\">afa@nabi.cat<\/a><\/p>\n<p>Comissi\u00f3 groga<br \/>\nFomenta el debat de l\u2019escola\u00a0p\u00fablica\u00a0i\u00a0contribueix\u00a0a\u00a0les\u00a0reivindicacions\u00a0del\u00a0moviment\u00a0de\u00a0fam\u00edlies\u00a0per\u00a0defensar\u00a0l\u2019escola\u00a0p\u00fablica\u00a0de\u00a0qualitat\u00a0per\u00a0a\u00a0tothom.<br \/>\nLes activitats que fa s\u00f3n: el seguiment\u00a0i l&#8217;actualitzaci\u00f3\u00a0de\u00a0les\u00a0novetats\u00a0pol\u00edtiques\u00a0en\u00a0relaci\u00f3\u00a0amb\u00a0l&#8217;educaci\u00f3\u00a0p\u00fablica i la creaci\u00f3 de espais de debat.<br \/>\nComissi\u00f3 menjador<br \/>\nL\u2019AFA \u00e9s la que gestiona l\u2019espai de migdia, la\u00a0 comissi\u00f3\u00a0 s\u2019encarrega del&hellip;  <a href=\"https:\/\/agora.xtec.cat\/escolanabi\/afa\/comissions\/\" title=\"Read Les comissions de l\u2019AFA\">Llegeix m\u00e9s\u00bb<\/a><\/p>\n","protected":false},"author":1,"featured_media":0,"parent":489800,"menu_order":0,"comment_status":"closed","ping_status":"closed","template":"","meta":{"_bbp_topic_count":0,"_bbp_reply_count":0,"_bbp_total_topic_count":0,"_bbp_total_reply_count":0,"_bbp_voice_count":0,"_bbp_anonymous_reply_count":0,"_bbp_topic_count_hidden":0,"_bbp_reply_count_hidden":0,"_bbp_forum_subforum_count":0,"footnotes":""},"class_list":["post-489868","page","type-page","status-publish","hentry"],"post_mailing_queue_ids":[],"_links":{"self":[{"href":"https:\/\/agora.xtec.cat\/escolanabi\/wp-json\/wp\/v2\/pages\/489868","targetHints":{"allow":["GET"]}}],"collection":[{"href":"https:\/\/agora.xtec.cat\/escolanabi\/wp-json\/wp\/v2\/pages"}],"about":[{"href":"https:\/\/agora.xtec.cat\/escolanabi\/wp-json\/wp\/v2\/types\/page"}],"author":[{"embeddable":true,"href":"https:\/\/agora.xtec.cat\/escolanabi\/wp-json\/wp\/v2\/users\/1"}],"replies":[{"embeddable":true,"href":"https:\/\/agora.xtec.cat\/escolanabi\/wp-json\/wp\/v2\/comments?post=489868"}],"version-history":[{"count":4,"href":"https:\/\/agora.xtec.cat\/escolanabi\/wp-json\/wp\/v2\/pages\/489868\/revisions"}],"predecessor-version":[{"id":496179,"href":"https:\/\/agora.xtec.cat\/escolanabi\/wp-json\/wp\/v2\/pages\/489868\/revisions\/496179"}],"up":[{"embeddable":true,"href":"https:\/\/agora.xtec.cat\/escolanabi\/wp-json\/wp\/v2\/pages\/489800"}],"wp:attachment":[{"href":"https:\/\/agora.xtec.cat\/escolanabi\/wp-json\/wp\/v2\/media?parent=489868"}],"curies":[{"name":"wp","href":"https:\/\/api.w.org\/{rel}","templated":true}]}}