{"id":489800,"date":"2022-01-16T21:06:54","date_gmt":"2022-01-16T20:06:54","guid":{"rendered":"https:\/\/agora.xtec.cat\/escolanabi\/?page_id=489800"},"modified":"2024-11-21T12:56:56","modified_gmt":"2024-11-21T11:56:56","slug":"afa","status":"publish","type":"page","link":"https:\/\/agora.xtec.cat\/escolanabi\/afa\/","title":{"rendered":"Qu\u00e8 \u00e9s l&#8217;AFA"},"content":{"rendered":"<h4><strong>Qu\u00e8 \u00e9s l&#8217;AFA?<\/strong><\/h4>\n<p><span style=\"font-weight: 400;\">L\u2019AFA \u00e9s l\u2019Associaci\u00f3 de Fam\u00edlies d\u2019Alumnes de l\u2019escola Nab\u00ed.<\/span> <span style=\"font-weight: 400;\">Els <strong>objectius<\/strong> de l\u2019AFA s\u00f3n organitzar i gestionar els serveis d\u2019acollida, menjador, activitats extraescolars, casal d\u2019estiu i altres serveis, aix\u00ed com tamb\u00e9 promoure la participaci\u00f3 dels pares i mares, i donar suport a les activitats educatives en horari escolar.<\/span><\/p>\n<p><span style=\"font-weight: 400;\">Paral\u00b7lelament, l\u2019AFA dona suport al projecte pedag\u00f2gic de l\u2019escola, contractant personal docent especialista per promoure l\u2019expressi\u00f3 pl\u00e0stica i l\u2019activitat f\u00edsica dels infants.<\/span><\/p>\n<p>&nbsp;<\/p>\n<h4><strong>Com ens organitzem?<\/strong><\/h4>\n<p><span style=\"font-weight: 400;\">L\u2019Associaci\u00f3 est\u00e0 constitu\u00efda per:<\/span><\/p>\n<ul>\n<li style=\"font-weight: 400;\" aria-level=\"1\"><b>Junta Directiva<\/b><span style=\"font-weight: 400;\">: <\/span><span style=\"font-weight: 400;\">\u00e9s l\u2019organ de gesti\u00f3, representaci\u00f3 i administraci\u00f3 de l\u2019associaci\u00f3. Est\u00e0 formada per els c\u00e0rrecs de President\/a, Vice-president\/a, Tresorer\/a, Secretari\/a i Vocals.<\/span><\/li>\n<li style=\"font-weight: 400;\" aria-level=\"1\"><b>Comissions de treball<\/b><span style=\"font-weight: 400;\">: S\u00f3n grups de treball espec\u00edfics formats per fam\u00edlies de l\u2019escola. L\u2019acc\u00e9s a les comissions \u00e9s obert i voluntari. Hi poden participar totes aquelles persones que tinguin inter\u00e8s per colaborar-hi.<\/span> <span style=\"text-decoration: underline;\"><span style=\"font-weight: 400;\">Consulteu les comissions actives<\/span><\/span><span style=\"font-weight: 400;\"> en el seg\u00fcent <\/span><a href=\"https:\/\/agora.xtec.cat\/escolanabi\/wp-content\/uploads\/usu2216\/2024\/11\/241102_Cartell_Comissions.pdf\"><span style=\"font-weight: 400;\">enlla\u00e7<\/span><\/a><span style=\"font-weight: 400;\">.<\/span><\/li>\n<\/ul>\n<p>&nbsp;<\/p>\n<p><span style=\"font-weight: 400;\">L\u2019<\/span><b>Assemblea General<\/b><span style=\"font-weight: 400;\"> \u00e9s el m\u00e0xim \u00f2rgan de l\u2019associaci\u00f3\u00a0 i \u00e9s l\u2019\u00e0mbit de participaci\u00f3 i decisi\u00f3 activa de totes les persones associades. Els membres de l\u2019associaci\u00f3, reunits en Assemblea General legalment constitu\u00efda, decideixen per majoria els assumptes que s\u00f3n compet\u00e8ncia d\u2019aquest \u00f2rgan. Tots els acords aprovats son recollits en l\u2019acta. Les actes s\u00f3n p\u00fabliques i qualsevol persona de la comunitat escolar les pot sol\u00b7licitar.<\/span><\/p>\n<p><span style=\"font-weight: 400;\">Per a m\u00e9s, podeu <span style=\"text-decoration: underline;\">consultar els <\/span><\/span><span style=\"text-decoration: underline;\"><span style=\"font-weight: 400;\">estatuts <\/span><\/span><span style=\"font-weight: 400;\">de l\u2019associaci\u00f3 en <\/span><span style=\"font-weight: 400;\">el seg\u00fcent <\/span><a href=\"https:\/\/agora.xtec.cat\/escolanabi\/wp-content\/uploads\/usu2216\/2022\/01\/Estatuts_AFA-2019.pdf\"><span style=\"font-weight: 400;\">enlla\u00e7<\/span><\/a><span style=\"font-weight: 400;\">.<\/span><\/p>\n<p>&nbsp;<\/p>\n<h4><strong>Com contactar amb l&#8217;AFA?<\/strong><\/h4>\n<p><span style=\"font-weight: 400;\">Podeu contactar amb l\u2019AFA escrivint al correu electr\u00f2nic seg\u00fcent:<\/span><strong>afa@nabi.cat<\/strong><\/p>\n","protected":false},"excerpt":{"rendered":"<p>Qu\u00e8 \u00e9s l&#8217;AFA?<br \/>\nL\u2019AFA \u00e9s l\u2019Associaci\u00f3 de Fam\u00edlies d\u2019Alumnes de l\u2019escola Nab\u00ed. Els objectius de l\u2019AFA s\u00f3n organitzar i gestionar els serveis d\u2019acollida, menjador, activitats extraescolars, casal d\u2019estiu i altres serveis, aix\u00ed com tamb\u00e9 promoure la participaci\u00f3 dels pares i mares, i donar suport a les&hellip;  <a href=\"https:\/\/agora.xtec.cat\/escolanabi\/afa\/\" title=\"Read Qu\u00e8 \u00e9s l&#8217;AFA\">Llegeix m\u00e9s\u00bb<\/a><\/p>\n","protected":false},"author":1,"featured_media":0,"parent":0,"menu_order":0,"comment_status":"closed","ping_status":"closed","template":"","meta":{"_bbp_topic_count":0,"_bbp_reply_count":0,"_bbp_total_topic_count":0,"_bbp_total_reply_count":0,"_bbp_voice_count":0,"_bbp_anonymous_reply_count":0,"_bbp_topic_count_hidden":0,"_bbp_reply_count_hidden":0,"_bbp_forum_subforum_count":0,"footnotes":""},"class_list":["post-489800","page","type-page","status-publish","hentry"],"post_mailing_queue_ids":[],"_links":{"self":[{"href":"https:\/\/agora.xtec.cat\/escolanabi\/wp-json\/wp\/v2\/pages\/489800","targetHints":{"allow":["GET"]}}],"collection":[{"href":"https:\/\/agora.xtec.cat\/escolanabi\/wp-json\/wp\/v2\/pages"}],"about":[{"href":"https:\/\/agora.xtec.cat\/escolanabi\/wp-json\/wp\/v2\/types\/page"}],"author":[{"embeddable":true,"href":"https:\/\/agora.xtec.cat\/escolanabi\/wp-json\/wp\/v2\/users\/1"}],"replies":[{"embeddable":true,"href":"https:\/\/agora.xtec.cat\/escolanabi\/wp-json\/wp\/v2\/comments?post=489800"}],"version-history":[{"count":7,"href":"https:\/\/agora.xtec.cat\/escolanabi\/wp-json\/wp\/v2\/pages\/489800\/revisions"}],"predecessor-version":[{"id":496175,"href":"https:\/\/agora.xtec.cat\/escolanabi\/wp-json\/wp\/v2\/pages\/489800\/revisions\/496175"}],"wp:attachment":[{"href":"https:\/\/agora.xtec.cat\/escolanabi\/wp-json\/wp\/v2\/media?parent=489800"}],"curies":[{"name":"wp","href":"https:\/\/api.w.org\/{rel}","templated":true}]}}