{"id":34,"date":"2014-09-18T12:32:18","date_gmt":"2014-09-18T11:32:18","guid":{"rendered":"http:\/\/agora.xtec.cat\/ceip-nabi\/?page_id=34"},"modified":"2024-11-27T09:40:57","modified_gmt":"2024-11-27T08:40:57","slug":"oferta-educativa","status":"publish","type":"page","link":"https:\/\/agora.xtec.cat\/escolanabi\/lescola\/oferta-educativa\/","title":{"rendered":"Equip docent 24-25"},"content":{"rendered":"<table>\n<tbody>\n<tr>\n<td width=\"864\">\n<ul>\n<li><strong>EQUIP DIRECTIU<\/strong><\/li>\n<\/ul>\n<p><strong>Directora:\u00a0<\/strong>Mireia Vald\u00e9s<\/p>\n<p><strong>Cap d\u2019Estudis: <\/strong>Virginia Maldonado<\/p>\n<p><strong>Secretari:<\/strong>\u00a0Gerard Muntada<\/p>\n<p>&nbsp;<\/p>\n<ul>\n<li><strong>EQUIP DE COORDINACI\u00d3<\/strong><\/li>\n<\/ul>\n<p><strong>Comunitat de Petits:<\/strong> \u00a0Ver\u00f2nica Espelta<\/p>\n<p><strong>Comunitat de Mitjans:<\/strong> Ingrid Isidro<\/p>\n<p><strong>Comunitat de Grans:<\/strong> Gerard Muntada<\/p>\n<p><strong>TAC:<\/strong> Anna Negre<\/p>\n<p><strong>LIC<\/strong>: Ver\u00f2nica Espelta<\/p>\n<p><strong>Riscos Laborals<\/strong>: Pili Alastru\u00e9<\/p>\n<p>&nbsp;<\/p>\n<ul>\n<li><strong>TUTORIES<\/strong><\/li>\n<\/ul>\n<table width=\"306\">\n<tbody>\n<tr>\n<td width=\"92\">Curs<\/td>\n<td width=\"214\">Tutor\/a<\/td>\n<\/tr>\n<tr>\n<td width=\"92\">EI3<\/td>\n<td width=\"214\">Nayara Palomar<\/td>\n<\/tr>\n<tr>\n<td width=\"92\">EI4<\/td>\n<td width=\"214\">Ver\u00f2nica Espelta<\/td>\n<\/tr>\n<tr>\n<td width=\"92\">EI5<\/td>\n<td width=\"214\">Irene Llamas<\/td>\n<\/tr>\n<tr>\n<td width=\"92\">1r<\/td>\n<td width=\"214\">Eli Bonilla<\/td>\n<\/tr>\n<tr>\n<td width=\"92\">2n<\/td>\n<td width=\"214\">Edith Company<\/td>\n<\/tr>\n<tr>\n<td width=\"92\">3r<\/td>\n<td width=\"214\">Ingrid Isidro<\/td>\n<\/tr>\n<tr>\n<td width=\"92\">4t<\/td>\n<td width=\"214\">Gerard Muntada<\/td>\n<\/tr>\n<tr>\n<td width=\"92\">5\u00e8<\/td>\n<td width=\"214\">Anna Maria Sambola<\/td>\n<\/tr>\n<tr>\n<td width=\"92\">6\u00e8<\/td>\n<td width=\"214\">Anna Negre<\/td>\n<\/tr>\n<\/tbody>\n<\/table>\n<p>&nbsp;<\/p>\n<ul>\n<li><strong>ESPECIALISTES<\/strong><\/li>\n<\/ul>\n<p><strong>Angl\u00e8s:<\/strong> Iruka<\/p>\n<p><strong>M\u00fasica:<\/strong> Pili Alastru\u00e9<\/p>\n<p><strong>Especialista de pl\u00e0stica:<\/strong> Miguel<\/p>\n<p><strong>Educaci\u00f3 Especial:<\/strong> Marc<\/p>\n<p><strong>Educaci\u00f3 F\u00edsica:<\/strong>\u00a0Carme Gr\u00e0cia i Ricard Galban.<\/p>\n<p><strong>Vetlladores<\/strong>: \u00c0ngel Sinu\u00e9s i Marc.<\/p>\n<p>&nbsp;<\/p>\n<ul>\n<li><strong>PERSONAL D&#8217;ADMINISTRACI\u00d3 I SERVEIS<\/strong><\/li>\n<\/ul>\n<p><strong>Conserge:<\/strong>\u00a0Jordi Zarzosa<\/p>\n<p><strong>Administratiu:<\/strong>\u00a0David Com\u00edn<\/p>\n<p><strong>Equip de neteja: <\/strong>Fina P\u00e9rez<\/p>\n<p><strong>Equip de menjador: <\/strong>Nalda Viela, Luc\u00eda, Ricard Galban, \u00c0ngel Sinu\u00e9s (Coordinador) i Xavier Vidal (Cuiner)<\/td>\n<\/tr>\n<\/tbody>\n<\/table>\n","protected":false},"excerpt":{"rendered":"<ul>\n<li>EQUIP DIRECTIU<\/li>\n<\/ul>\n<p>Directora:\u00a0Mireia Vald\u00e9s<br \/>\nCap d\u2019Estudis: Virginia Maldonado<br \/>\nSecretari:\u00a0Gerard Muntada<br \/>\n&nbsp;<\/p>\n<ul>\n<li>EQUIP DE COORDINACI\u00d3<\/li>\n<\/ul>\n<p>Comunitat de Petits: \u00a0Ver\u00f2nica Espelta<br \/>\nComunitat de Mitjans: Ingrid Isidro<br \/>\nComunitat de Grans: Gerard Muntada<br \/>\nTAC: Anna Negre<br \/>\nLIC: Ver\u00f2nica Espelta<br \/>\nRiscos Laborals: Pili Alastru\u00e9<br \/>\n&nbsp;<\/p>\n<ul>\n<li>TUTORIES<\/li>\n<\/ul>\n<p>Curs<br \/>\nTutor\/a<\/p>\n<p>EI3<br \/>\nNayara Palomar<\/p>\n<p>EI4<br \/>\nVer\u00f2nica Espelta<\/p>\n<p>EI5<br \/>\nIrene Llamas<\/p>\n<p>1r<br \/>\nEli Bonilla<\/p>\n<p>2n<br \/>\nEdith Company<\/p>\n<p>3r<br \/>\nIngrid Isidro<\/p>\n<p>4t<br \/>\nGerard Muntada<\/p>\n<p>5\u00e8<br \/>\nAnna Maria Sambola<\/p>\n<p>6\u00e8<br \/>\nAnna Negre<\/p>\n<p>&nbsp;<\/p>\n<ul>\n<li>ESPECIALISTES<\/li>\n<\/ul>\n<p>Angl\u00e8s: Iruka<br \/>\nM\u00fasica: Pili Alastru\u00e9<br \/>\nEspecialista de pl\u00e0stica: Miguel<br \/>\nEducaci\u00f3 Especial:&hellip;  <a href=\"https:\/\/agora.xtec.cat\/escolanabi\/lescola\/oferta-educativa\/\" title=\"Read Equip docent 24-25\">Llegeix m\u00e9s\u00bb<\/a><\/p>\n","protected":false},"author":1,"featured_media":0,"parent":22,"menu_order":60,"comment_status":"closed","ping_status":"closed","template":"page-templates\/side-menu.php","meta":{"_bbp_topic_count":0,"_bbp_reply_count":0,"_bbp_total_topic_count":0,"_bbp_total_reply_count":0,"_bbp_voice_count":0,"_bbp_anonymous_reply_count":0,"_bbp_topic_count_hidden":0,"_bbp_reply_count_hidden":0,"_bbp_forum_subforum_count":0,"footnotes":""},"class_list":["post-34","page","type-page","status-publish","hentry"],"post_mailing_queue_ids":[],"_links":{"self":[{"href":"https:\/\/agora.xtec.cat\/escolanabi\/wp-json\/wp\/v2\/pages\/34","targetHints":{"allow":["GET"]}}],"collection":[{"href":"https:\/\/agora.xtec.cat\/escolanabi\/wp-json\/wp\/v2\/pages"}],"about":[{"href":"https:\/\/agora.xtec.cat\/escolanabi\/wp-json\/wp\/v2\/types\/page"}],"author":[{"embeddable":true,"href":"https:\/\/agora.xtec.cat\/escolanabi\/wp-json\/wp\/v2\/users\/1"}],"replies":[{"embeddable":true,"href":"https:\/\/agora.xtec.cat\/escolanabi\/wp-json\/wp\/v2\/comments?post=34"}],"version-history":[{"count":6,"href":"https:\/\/agora.xtec.cat\/escolanabi\/wp-json\/wp\/v2\/pages\/34\/revisions"}],"predecessor-version":[{"id":496243,"href":"https:\/\/agora.xtec.cat\/escolanabi\/wp-json\/wp\/v2\/pages\/34\/revisions\/496243"}],"up":[{"embeddable":true,"href":"https:\/\/agora.xtec.cat\/escolanabi\/wp-json\/wp\/v2\/pages\/22"}],"wp:attachment":[{"href":"https:\/\/agora.xtec.cat\/escolanabi\/wp-json\/wp\/v2\/media?parent=34"}],"curies":[{"name":"wp","href":"https:\/\/api.w.org\/{rel}","templated":true}]}}