{"id":26,"date":"2014-09-18T12:24:32","date_gmt":"2014-09-18T11:24:32","guid":{"rendered":"http:\/\/agora.xtec.cat\/ceip-nabi\/?page_id=26"},"modified":"2024-11-27T09:50:24","modified_gmt":"2024-11-27T08:50:24","slug":"historia","status":"publish","type":"page","link":"https:\/\/agora.xtec.cat\/escolanabi\/historia\/","title":{"rendered":"Hist\u00f2ria"},"content":{"rendered":"<h3><a href=\"https:\/\/agora.xtec.cat\/escolanabi\/wp-content\/uploads\/usu2216\/2022\/02\/IMG-20220215-WA0003-e1645019774979.jpg\"><img loading=\"lazy\" decoding=\"async\" class=\"wp-image-490552 alignleft\" src=\"https:\/\/agora.xtec.cat\/escolanabi\/wp-content\/uploads\/usu2216\/2022\/02\/IMG-20220215-WA0003-e1645019774979-1024x969.jpg\" alt=\"\" width=\"265\" height=\"251\" srcset=\"https:\/\/agora.xtec.cat\/escolanabi\/wp-content\/uploads\/usu2216\/2022\/02\/IMG-20220215-WA0003-e1645019774979-1024x969.jpg 1024w, https:\/\/agora.xtec.cat\/escolanabi\/wp-content\/uploads\/usu2216\/2022\/02\/IMG-20220215-WA0003-e1645019774979-300x284.jpg 300w, https:\/\/agora.xtec.cat\/escolanabi\/wp-content\/uploads\/usu2216\/2022\/02\/IMG-20220215-WA0003-e1645019774979-768x727.jpg 768w, https:\/\/agora.xtec.cat\/escolanabi\/wp-content\/uploads\/usu2216\/2022\/02\/IMG-20220215-WA0003-e1645019774979-1536x1454.jpg 1536w, https:\/\/agora.xtec.cat\/escolanabi\/wp-content\/uploads\/usu2216\/2022\/02\/IMG-20220215-WA0003-e1645019774979.jpg 1585w\" sizes=\"auto, (max-width: 265px) 100vw, 265px\" \/><\/a>\u00a0Inici<\/h3>\n<p style=\"text-align: justify;\">L\u2019Escola Nab\u00ed inicia la seva tasca educativa l\u2019any 1972 a la zona de Vallvidrera.<br \/>\nNab\u00ed s\u2019inicia com a escola privada, sense \u00e0nim de lucre, en r\u00e8gim de Cooperativa de Treballadors. Per a les fam\u00edlies, s\u2019estableix un sistema de quotes baremades amb la intenci\u00f3 de qu\u00e8 aquest gradat econ\u00f2mic faci possible un ajust quant a l\u2019esfor\u00e7 que les fam\u00edlies han de fer respecte del cost de l\u2019educaci\u00f3 de llurs fills.<br \/>\nEren temps dif\u00edcils per a l\u2019educaci\u00f3. L\u2019any 72, molt abans encara de l\u2019establiment de la democr\u00e0cia al nostre pa\u00eds, ens trobem en un moment en qu\u00e8 una escola coeducativa, catalana, laica\u2026 havia de tenir una caire gaireb\u00e9 clandest\u00ed per a la seva superviv\u00e8ncia.<br \/>\nMalgrat aquesta conjuntura, un grup de docents comencen aquesta escola amb il\u00b7lusi\u00f3 i amb la voluntat de l\u2019exercitaci\u00f3 de la pr\u00f2pia llibertat, lluitant pel que aleshores ens pod\u00edem pensar que era una utopia, per\u00f2 estant certs de qu\u00e8 aquella utopia tenia grans possibilitats de fer-se realitat.<br \/>\nAquest grup de docents el formaven: Elisa Moragas i Badia a la direcci\u00f3, Mireia Catal\u00e0 i Agr\u00e0s, Enric Vilaplana i Lapena, Josepa G\u00f3mez i Bruguera, Rosa Ma. Ram\u00edrez i Palau, Artur Noguerol i Rodrigo, Roser Oller i Monti\u00e0.<\/p>\n<h3><\/h3>\n<h3 style=\"text-align: justify;\"><a href=\"https:\/\/agora.xtec.cat\/escolanabi\/wp-content\/uploads\/usu2216\/2022\/01\/5715281107_409d4a9153_z.jpg\"><img loading=\"lazy\" decoding=\"async\" class=\"wp-image-489818 alignleft\" src=\"https:\/\/agora.xtec.cat\/escolanabi\/wp-content\/uploads\/usu2216\/2022\/01\/5715281107_409d4a9153_z.jpg\" alt=\"\" width=\"291\" height=\"198\" srcset=\"https:\/\/agora.xtec.cat\/escolanabi\/wp-content\/uploads\/usu2216\/2022\/01\/5715281107_409d4a9153_z.jpg 640w, https:\/\/agora.xtec.cat\/escolanabi\/wp-content\/uploads\/usu2216\/2022\/01\/5715281107_409d4a9153_z-300x205.jpg 300w\" sizes=\"auto, (max-width: 291px) 100vw, 291px\" \/><\/a>Escola p\u00fablica<\/h3>\n<p style=\"text-align: justify;\">Despr\u00e9s de moltes gestions i reivindicacions finalment l\u2019any 1988 Nab\u00ed passa a ser centre escolar p\u00fablic de la Generalitat de Catalunya en virtut de la Llei CEPEPC (Col.lectiu d\u2019Escoles per a l\u2019Escola P\u00fablica Catalana).<br \/>\nEl setembre de 1993 s\u2019inaugura un nou edifici escolar per donar ubicaci\u00f3 definitiva a l\u2019Escola de Vallvidrera, al carrer de Reis Cat\u00f2lics n\u00ba 38. Al llarg dels anys hav\u00edem fet estada a Mont d\u2019Ors\u00e0 n\u00ba 4 (des del 72 fins 92), a Reis Cat\u00f2lics n\u00ba 7 (des del 75 fins al 93) i a Casetes n\u00ba 24 (des del 88 al 93). En l&#8217;actualitat el nom del carrer \u00e9s Elisa Moragas i Badia.<\/p>\n<p style=\"text-align: justify;\">Elisa Moragas i Badia va exercir la direcci\u00f3 de l\u2019Escola des de la seva fundaci\u00f3 fins l\u2019any 92, Josepa G\u00f3mez i Bruguera va ser directora des de l\u2019any 92 fins al 99, Olga Gil i Borr\u00e0s va ser directora des de l\u2019any 99 fins al 04. N\u00faria Puig Forcada va ser directora des del 2005 \u2013 2013. Del 2013 al 2017 ho va ser la Montserrat Creuheras Margenat, des del 2017 fins el juny de 2021 ho va tornar a ser la N\u00faria Pui<a href=\"https:\/\/agora.xtec.cat\/escolanabi\/wp-content\/uploads\/usu2216\/2022\/01\/escola02_0.jpg\"><img loading=\"lazy\" decoding=\"async\" class=\"wp-image-489765 alignright\" src=\"https:\/\/agora.xtec.cat\/escolanabi\/wp-content\/uploads\/usu2216\/2022\/01\/escola02_0.jpg\" alt=\"\" width=\"520\" height=\"234\" srcset=\"https:\/\/agora.xtec.cat\/escolanabi\/wp-content\/uploads\/usu2216\/2022\/01\/escola02_0.jpg 600w, https:\/\/agora.xtec.cat\/escolanabi\/wp-content\/uploads\/usu2216\/2022\/01\/escola02_0-300x135.jpg 300w\" sizes=\"auto, (max-width: 520px) 100vw, 520px\" \/><\/a>g Forcada. La directora actual de l&#8217;escola \u00e9s Mireia Vald\u00e9s Llonch, que va iniciar la seva tasca al juliol de 2021.<br \/>\nL\u2019equip de docents de l\u2019Escola s\u2019ha mantingut for\u00e7a estable al llarg dels anys i aix\u00f2 ha perm\u00e8s poder tirar endavant nostre Projecte Educatiu, que s\u2019 inspira en la Pedagogia Freinet.<\/p>\n","protected":false},"excerpt":{"rendered":"<p><a href=\"https:\/\/agora.xtec.cat\/escolanabi\/wp-content\/uploads\/usu2216\/2022\/02\/IMG-20220215-WA0003-e1645019774979.jpg\"><\/a>\u00a0Inici<br \/>\nL\u2019Escola Nab\u00ed inicia la seva tasca educativa l\u2019any 1972 a la zona de Vallvidrera.<br \/>\nNab\u00ed s\u2019inicia com a escola privada, sense \u00e0nim de lucre, en r\u00e8gim de Cooperativa de Treballadors. Per a les fam\u00edlies, s\u2019estableix un sistema de quotes baremades amb la intenci\u00f3 de qu\u00e8&hellip;  <a href=\"https:\/\/agora.xtec.cat\/escolanabi\/historia\/\" title=\"Read Hist\u00f2ria\">Llegeix m\u00e9s\u00bb<\/a><\/p>\n","protected":false},"author":1,"featured_media":0,"parent":0,"menu_order":20,"comment_status":"closed","ping_status":"closed","template":"","meta":{"_bbp_topic_count":0,"_bbp_reply_count":0,"_bbp_total_topic_count":0,"_bbp_total_reply_count":0,"_bbp_voice_count":0,"_bbp_anonymous_reply_count":0,"_bbp_topic_count_hidden":0,"_bbp_reply_count_hidden":0,"_bbp_forum_subforum_count":0,"footnotes":""},"class_list":["post-26","page","type-page","status-publish","hentry"],"post_mailing_queue_ids":[],"_links":{"self":[{"href":"https:\/\/agora.xtec.cat\/escolanabi\/wp-json\/wp\/v2\/pages\/26","targetHints":{"allow":["GET"]}}],"collection":[{"href":"https:\/\/agora.xtec.cat\/escolanabi\/wp-json\/wp\/v2\/pages"}],"about":[{"href":"https:\/\/agora.xtec.cat\/escolanabi\/wp-json\/wp\/v2\/types\/page"}],"author":[{"embeddable":true,"href":"https:\/\/agora.xtec.cat\/escolanabi\/wp-json\/wp\/v2\/users\/1"}],"replies":[{"embeddable":true,"href":"https:\/\/agora.xtec.cat\/escolanabi\/wp-json\/wp\/v2\/comments?post=26"}],"version-history":[{"count":4,"href":"https:\/\/agora.xtec.cat\/escolanabi\/wp-json\/wp\/v2\/pages\/26\/revisions"}],"predecessor-version":[{"id":490632,"href":"https:\/\/agora.xtec.cat\/escolanabi\/wp-json\/wp\/v2\/pages\/26\/revisions\/490632"}],"wp:attachment":[{"href":"https:\/\/agora.xtec.cat\/escolanabi\/wp-json\/wp\/v2\/media?parent=26"}],"curies":[{"name":"wp","href":"https:\/\/api.w.org\/{rel}","templated":true}]}}