{"id":24,"date":"2014-09-18T12:23:15","date_gmt":"2014-09-18T11:23:15","guid":{"rendered":"http:\/\/agora.xtec.cat\/ceip-nabi\/?page_id=24"},"modified":"2024-11-25T16:09:45","modified_gmt":"2024-11-25T15:09:45","slug":"on-som","status":"publish","type":"page","link":"https:\/\/agora.xtec.cat\/escolanabi\/on-som\/","title":{"rendered":"On som"},"content":{"rendered":"<p style=\"color: #666666;\"><strong>Escola Nab\u00ed<\/strong><br \/>\nCarrer Elisa Moragas i Badia, 38<br \/>\n08017 Barcelona, Vallvidrera<\/p>\n<p>Tel. 93.406.84.08<br \/>\na8043851<span class=\"atwho-query\">@xtec.cat<\/span><\/p>\n<p><iframe loading=\"lazy\" style=\"border: 0;\" src=\"https:\/\/www.google.com\/maps\/embed?pb=!1m14!1m8!1m3!1d2992.055291807538!2d2.0989673!3d41.4163184!3m2!1i1024!2i768!4f13.1!3m3!1m2!1s0x12a499d3fba82f07%3A0x5f53817a21024cb8!2sEscola%20Nab%C3%AD!5e0!3m2!1sca!2ses!4v1642845220529!5m2!1sca!2ses\" width=\"600\" height=\"450\" allowfullscreen=\"allowfullscreen\"><\/iframe><\/p>\n<p><strong>Com arribar-hi:<\/strong><\/p>\n<p>Amb el FGC, l\u00ednies S1 o S2. Baixeu a l&#8217;estaci\u00f3 del Peu del funicular (si veniu des de Barcelona, no us poseu el primer vag\u00f3!). I agafeu el funicular fins a Vallvidrera superior (a dalt de tot).<\/p>\n<p>&nbsp;<\/p>\n","protected":false},"excerpt":{"rendered":"<p>Escola Nab\u00ed<br \/>\nCarrer Elisa Moragas i Badia, 38<br \/>\n08017 Barcelona, Vallvidrera<br \/>\nTel. 93.406.84.08<br \/>\na8043851@xtec.cat<\/p>\n<p>Com arribar-hi:<br \/>\nAmb el FGC, l\u00ednies S1 o S2. Baixeu a l&#8217;estaci\u00f3 del Peu del funicular (si veniu des de Barcelona, no us poseu el primer vag\u00f3!). I agafeu el funicular fins a Vallvidrera superior (a dalt&hellip;  <a href=\"https:\/\/agora.xtec.cat\/escolanabi\/on-som\/\" title=\"Read On som\">Llegeix m\u00e9s\u00bb<\/a><\/p>\n","protected":false},"author":1,"featured_media":0,"parent":0,"menu_order":10,"comment_status":"closed","ping_status":"closed","template":"page-templates\/side-menu.php","meta":{"_bbp_topic_count":0,"_bbp_reply_count":0,"_bbp_total_topic_count":0,"_bbp_total_reply_count":0,"_bbp_voice_count":0,"_bbp_anonymous_reply_count":0,"_bbp_topic_count_hidden":0,"_bbp_reply_count_hidden":0,"_bbp_forum_subforum_count":0,"footnotes":""},"class_list":["post-24","page","type-page","status-publish","hentry"],"post_mailing_queue_ids":[],"_links":{"self":[{"href":"https:\/\/agora.xtec.cat\/escolanabi\/wp-json\/wp\/v2\/pages\/24","targetHints":{"allow":["GET"]}}],"collection":[{"href":"https:\/\/agora.xtec.cat\/escolanabi\/wp-json\/wp\/v2\/pages"}],"about":[{"href":"https:\/\/agora.xtec.cat\/escolanabi\/wp-json\/wp\/v2\/types\/page"}],"author":[{"embeddable":true,"href":"https:\/\/agora.xtec.cat\/escolanabi\/wp-json\/wp\/v2\/users\/1"}],"replies":[{"embeddable":true,"href":"https:\/\/agora.xtec.cat\/escolanabi\/wp-json\/wp\/v2\/comments?post=24"}],"version-history":[{"count":5,"href":"https:\/\/agora.xtec.cat\/escolanabi\/wp-json\/wp\/v2\/pages\/24\/revisions"}],"predecessor-version":[{"id":496196,"href":"https:\/\/agora.xtec.cat\/escolanabi\/wp-json\/wp\/v2\/pages\/24\/revisions\/496196"}],"wp:attachment":[{"href":"https:\/\/agora.xtec.cat\/escolanabi\/wp-json\/wp\/v2\/media?parent=24"}],"curies":[{"name":"wp","href":"https:\/\/api.w.org\/{rel}","templated":true}]}}