{"id":722,"date":"2020-06-05T12:27:58","date_gmt":"2020-06-05T10:27:58","guid":{"rendered":"https:\/\/agora.xtec.cat\/escolamusicalinyola\/?page_id=722"},"modified":"2025-10-25T10:56:14","modified_gmt":"2025-10-25T08:56:14","slug":"instruments","status":"publish","type":"page","link":"https:\/\/agora.xtec.cat\/escolamusicalinyola\/estudis\/instruments\/","title":{"rendered":"Instruments"},"content":{"rendered":"<p>A partir d&#8217;<em>Iniciaci\u00f3<\/em> 2, l&#8217;alumnat de l&#8217;Escola de M\u00fasica escull un instrument en funci\u00f3 de les seves prefer\u00e8ncies, la nostra orientaci\u00f3 i la disponibilitat de places. Un cop escollit, cada fam\u00edlia s&#8217;haur\u00e0 de fer c\u00e0rrec d&#8217;obtenir-ne un de propi seguint els consells del professor o la professora.<\/p>\n<p>Alhora, disposem d&#8217;un petit servei de cessi\u00f3 temporal d&#8217;instruments perqu\u00e8 puguin aprofitar les classes durant les primeres setmanes de curs, abans que hagin pogut obtenir el seu.<\/p>\n<p>Els instruments que es poden escollir s\u00f3n els seg\u00fcents:<\/p>\n<table style=\"width: 346px;\">\n<tbody>\n<tr>\n<td style=\"width: 177px; text-align: center;\">\n<h4>La bateria<\/h4>\n<\/td>\n<td style=\"width: 161px;\"><a href=\"https:\/\/agora.xtec.cat\/escolamusicalinyola\/wp-content\/uploads\/usu2190\/2021\/12\/bateria.jpg\"><img loading=\"lazy\" decoding=\"async\" class=\"alignnone wp-image-1509 size-full\" src=\"https:\/\/agora.xtec.cat\/escolamusicalinyola\/wp-content\/uploads\/usu2190\/2021\/12\/bateria.jpg\" alt=\"\" width=\"800\" height=\"603\" srcset=\"https:\/\/agora.xtec.cat\/escolamusicalinyola\/wp-content\/uploads\/usu2190\/2021\/12\/bateria.jpg 800w, https:\/\/agora.xtec.cat\/escolamusicalinyola\/wp-content\/uploads\/usu2190\/2021\/12\/bateria-300x226.jpg 300w, https:\/\/agora.xtec.cat\/escolamusicalinyola\/wp-content\/uploads\/usu2190\/2021\/12\/bateria-768x579.jpg 768w, https:\/\/agora.xtec.cat\/escolamusicalinyola\/wp-content\/uploads\/usu2190\/2021\/12\/bateria-200x150.jpg 200w\" sizes=\"auto, (max-width: 800px) 100vw, 800px\" \/><\/a><\/td>\n<\/tr>\n<tr>\n<td style=\"width: 177px; text-align: center;\">\n<h4>La flauta travessera<\/h4>\n<\/td>\n<td style=\"width: 161px;\"><a href=\"https:\/\/agora.xtec.cat\/escolamusicalinyola\/wp-content\/uploads\/usu2190\/2021\/12\/flauta.jpg\"><img loading=\"lazy\" decoding=\"async\" class=\"alignnone wp-image-1510 size-full\" src=\"https:\/\/agora.xtec.cat\/escolamusicalinyola\/wp-content\/uploads\/usu2190\/2021\/12\/flauta.jpg\" alt=\"\" width=\"800\" height=\"603\" srcset=\"https:\/\/agora.xtec.cat\/escolamusicalinyola\/wp-content\/uploads\/usu2190\/2021\/12\/flauta.jpg 800w, https:\/\/agora.xtec.cat\/escolamusicalinyola\/wp-content\/uploads\/usu2190\/2021\/12\/flauta-300x226.jpg 300w, https:\/\/agora.xtec.cat\/escolamusicalinyola\/wp-content\/uploads\/usu2190\/2021\/12\/flauta-768x579.jpg 768w, https:\/\/agora.xtec.cat\/escolamusicalinyola\/wp-content\/uploads\/usu2190\/2021\/12\/flauta-200x150.jpg 200w\" sizes=\"auto, (max-width: 800px) 100vw, 800px\" \/><\/a><\/td>\n<\/tr>\n<tr>\n<td style=\"width: 177px; text-align: center;\">\n<h4>La guitarra moderna i el baix el\u00e8ctric<\/h4>\n<\/td>\n<td style=\"width: 161px;\"><a href=\"https:\/\/agora.xtec.cat\/escolamusicalinyola\/wp-content\/uploads\/usu2190\/2021\/12\/guitarra.jpg\"><img loading=\"lazy\" decoding=\"async\" class=\"alignnone wp-image-1511 size-full\" src=\"https:\/\/agora.xtec.cat\/escolamusicalinyola\/wp-content\/uploads\/usu2190\/2021\/12\/guitarra.jpg\" alt=\"\" width=\"697\" height=\"525\" srcset=\"https:\/\/agora.xtec.cat\/escolamusicalinyola\/wp-content\/uploads\/usu2190\/2021\/12\/guitarra.jpg 697w, https:\/\/agora.xtec.cat\/escolamusicalinyola\/wp-content\/uploads\/usu2190\/2021\/12\/guitarra-300x226.jpg 300w, https:\/\/agora.xtec.cat\/escolamusicalinyola\/wp-content\/uploads\/usu2190\/2021\/12\/guitarra-200x150.jpg 200w\" sizes=\"auto, (max-width: 697px) 100vw, 697px\" \/><\/a><\/td>\n<\/tr>\n<tr>\n<td style=\"width: 177px; text-align: center;\">\n<h4>El piano<\/h4>\n<\/td>\n<td style=\"width: 161px;\"><a href=\"https:\/\/agora.xtec.cat\/escolamusicalinyola\/wp-content\/uploads\/usu2190\/2021\/12\/piano.jpg\"><img loading=\"lazy\" decoding=\"async\" class=\"alignnone wp-image-1512 size-full\" src=\"https:\/\/agora.xtec.cat\/escolamusicalinyola\/wp-content\/uploads\/usu2190\/2021\/12\/piano.jpg\" alt=\"\" width=\"570\" height=\"429\" srcset=\"https:\/\/agora.xtec.cat\/escolamusicalinyola\/wp-content\/uploads\/usu2190\/2021\/12\/piano.jpg 570w, https:\/\/agora.xtec.cat\/escolamusicalinyola\/wp-content\/uploads\/usu2190\/2021\/12\/piano-300x226.jpg 300w, https:\/\/agora.xtec.cat\/escolamusicalinyola\/wp-content\/uploads\/usu2190\/2021\/12\/piano-200x150.jpg 200w\" sizes=\"auto, (max-width: 570px) 100vw, 570px\" \/><\/a><\/td>\n<\/tr>\n<tr>\n<td style=\"width: 177px; text-align: center;\">\n<h4>El viol\u00ed<\/h4>\n<\/td>\n<td style=\"width: 161px;\"><a href=\"https:\/\/agora.xtec.cat\/escolamusicalinyola\/wp-content\/uploads\/usu2190\/2021\/12\/violi.jpg\"><img loading=\"lazy\" decoding=\"async\" class=\"alignnone wp-image-1513 size-full\" src=\"https:\/\/agora.xtec.cat\/escolamusicalinyola\/wp-content\/uploads\/usu2190\/2021\/12\/violi.jpg\" alt=\"\" width=\"800\" height=\"603\" srcset=\"https:\/\/agora.xtec.cat\/escolamusicalinyola\/wp-content\/uploads\/usu2190\/2021\/12\/violi.jpg 800w, https:\/\/agora.xtec.cat\/escolamusicalinyola\/wp-content\/uploads\/usu2190\/2021\/12\/violi-300x226.jpg 300w, https:\/\/agora.xtec.cat\/escolamusicalinyola\/wp-content\/uploads\/usu2190\/2021\/12\/violi-768x579.jpg 768w, https:\/\/agora.xtec.cat\/escolamusicalinyola\/wp-content\/uploads\/usu2190\/2021\/12\/violi-200x150.jpg 200w\" sizes=\"auto, (max-width: 800px) 100vw, 800px\" \/><\/a><\/td>\n<\/tr>\n<tr>\n<td style=\"width: 177px; text-align: center;\">\n<h4>El violoncel<\/h4>\n<\/td>\n<td style=\"width: 161px;\"><a href=\"https:\/\/agora.xtec.cat\/escolamusicalinyola\/wp-content\/uploads\/usu2190\/2021\/12\/violoncel.jpg\"><img loading=\"lazy\" decoding=\"async\" class=\"alignnone wp-image-1514 size-full\" src=\"https:\/\/agora.xtec.cat\/escolamusicalinyola\/wp-content\/uploads\/usu2190\/2021\/12\/violoncel.jpg\" alt=\"\" width=\"665\" height=\"501\" srcset=\"https:\/\/agora.xtec.cat\/escolamusicalinyola\/wp-content\/uploads\/usu2190\/2021\/12\/violoncel.jpg 665w, https:\/\/agora.xtec.cat\/escolamusicalinyola\/wp-content\/uploads\/usu2190\/2021\/12\/violoncel-300x226.jpg 300w, https:\/\/agora.xtec.cat\/escolamusicalinyola\/wp-content\/uploads\/usu2190\/2021\/12\/violoncel-200x150.jpg 200w\" sizes=\"auto, (max-width: 665px) 100vw, 665px\" \/><\/a><\/td>\n<\/tr>\n<\/tbody>\n<\/table>\n<p>&nbsp;<\/p>\n","protected":false},"excerpt":{"rendered":"<p>A partir d&#8217;Iniciaci\u00f3 2, l&#8217;alumnat de l&#8217;Escola de M\u00fasica escull un instrument en funci\u00f3 de les seves prefer\u00e8ncies, la nostra orientaci\u00f3 i la disponibilitat de places. Un cop escollit, cada fam\u00edlia s&#8217;haur\u00e0 de fer c\u00e0rrec d&#8217;obtenir-ne un de propi seguint els consells del professor o&hellip;  <a href=\"https:\/\/agora.xtec.cat\/escolamusicalinyola\/estudis\/instruments\/\" title=\"Read Instruments\">Llegeix m\u00e9s\u00bb<\/a><\/p>\n","protected":false},"author":1,"featured_media":0,"parent":195,"menu_order":20,"comment_status":"closed","ping_status":"closed","template":"page-templates\/side-menu.php","meta":{"_bbp_topic_count":0,"_bbp_reply_count":0,"_bbp_total_topic_count":0,"_bbp_total_reply_count":0,"_bbp_voice_count":0,"_bbp_anonymous_reply_count":0,"_bbp_topic_count_hidden":0,"_bbp_reply_count_hidden":0,"_bbp_forum_subforum_count":0,"footnotes":""},"class_list":["post-722","page","type-page","status-publish","hentry"],"post_mailing_queue_ids":[],"_links":{"self":[{"href":"https:\/\/agora.xtec.cat\/escolamusicalinyola\/wp-json\/wp\/v2\/pages\/722","targetHints":{"allow":["GET"]}}],"collection":[{"href":"https:\/\/agora.xtec.cat\/escolamusicalinyola\/wp-json\/wp\/v2\/pages"}],"about":[{"href":"https:\/\/agora.xtec.cat\/escolamusicalinyola\/wp-json\/wp\/v2\/types\/page"}],"author":[{"embeddable":true,"href":"https:\/\/agora.xtec.cat\/escolamusicalinyola\/wp-json\/wp\/v2\/users\/1"}],"replies":[{"embeddable":true,"href":"https:\/\/agora.xtec.cat\/escolamusicalinyola\/wp-json\/wp\/v2\/comments?post=722"}],"version-history":[{"count":4,"href":"https:\/\/agora.xtec.cat\/escolamusicalinyola\/wp-json\/wp\/v2\/pages\/722\/revisions"}],"predecessor-version":[{"id":2763,"href":"https:\/\/agora.xtec.cat\/escolamusicalinyola\/wp-json\/wp\/v2\/pages\/722\/revisions\/2763"}],"up":[{"embeddable":true,"href":"https:\/\/agora.xtec.cat\/escolamusicalinyola\/wp-json\/wp\/v2\/pages\/195"}],"wp:attachment":[{"href":"https:\/\/agora.xtec.cat\/escolamusicalinyola\/wp-json\/wp\/v2\/media?parent=722"}],"curies":[{"name":"wp","href":"https:\/\/api.w.org\/{rel}","templated":true}]}}