{"id":602,"date":"2020-06-08T12:00:13","date_gmt":"2020-06-08T10:00:13","guid":{"rendered":"https:\/\/agora.xtec.cat\/escolamusicalinyola\/?page_id=602"},"modified":"2025-10-25T11:13:44","modified_gmt":"2025-10-25T09:13:44","slug":"nivells","status":"publish","type":"page","link":"https:\/\/agora.xtec.cat\/escolamusicalinyola\/estudis\/nivells\/","title":{"rendered":"Programes"},"content":{"rendered":"<p data-start=\"457\" data-end=\"783\">L\u2019alumnat de l\u2019Escola de M\u00fasica Municipal de Linyola segueix un itinerari flexible i progressiu, adaptat a cada etapa del seu creixement musical i personal. Des dels primers contactes amb la m\u00fasica fins a la pr\u00e0ctica instrumental i la participaci\u00f3 en grups, cada programa ofereix una experi\u00e8ncia viva, propera i significativa.<\/p>\n<h2>&#8211; Projecte comunitari<\/h2>\n<h2>M\u00fasica a la llar d&#8217;infants (2 cursos)<\/h2>\n<p>Activitat que es duu a terme a la llar d\u2019infants <em>El Sitjaret<\/em>, amb sessions de 30 minuts per als grups d\u2019I1 i I2. Es tracta d\u2019una primera aproximaci\u00f3 a la m\u00fasica a trav\u00e9s del joc, la veu i l\u2019escolta activa. Aquesta iniciaci\u00f3 contribueix al <strong>desenvolupament global<\/strong> dels infants des de les primeres edats.<\/p>\n<h2>&#8211; Primer contacte amb la m\u00fasica<\/h2>\n<h2>Sensibilitzaci\u00f3 (3 cursos)<\/h2>\n<p>Activitat adre\u00e7ada a l\u2019alumnat d\u2019I3, I4 i I5. Les sessions, de 45 minuts setmanals, introdueixen la <strong>m\u00fasica a trav\u00e9s del joc<\/strong> i de rutines clares i sistem\u00e0tiques que faciliten l\u2019aprenentatge. Els infants exploren la veu, el cos i els instruments, aprenent a escoltar, a crear i a expressar-se. El Cantaxics \u00e9s l\u2019activitat estrella: un moment col\u00b7lectiu per cantar, jugar i viure la m\u00fasica.<\/p>\n<h2>Iniciaci\u00f3 (2 cursos)<\/h2>\n<p data-start=\"1020\" data-end=\"1300\">Aquest programa, que coincideix amb el cicle inicial de prim\u00e0ria, introdueix l\u2019alumnat a la pr\u00e0ctica instrumental i al llenguatge musical. El primer curs es desenvolupa en format de <strong data-start=\"1202\" data-end=\"1224\">roda d\u2019instruments<\/strong>, per tal de con\u00e8ixer diverses opcions abans de fer una elecci\u00f3 conscient.<\/p>\n<p data-start=\"1020\" data-end=\"1300\">A partir del segon any, comencen les <strong data-start=\"740\" data-end=\"777\">classes col\u00b7lectives d\u2019instrument<\/strong> i de <strong data-start=\"783\" data-end=\"805\">llenguatge musical<\/strong>, en un entorn vivencial i creatiu que afavoreix l\u2019aprenentatge significatiu i el gaudi de fer m\u00fasica.<\/p>\n<h2>&#8211; Aprenentatge b\u00e0sic<\/h2>\n<h2>Nivell Elemental (4 cursos)<\/h2>\n<p data-start=\"341\" data-end=\"696\">Coincidint amb els cicles mitj\u00e0 i superior de prim\u00e0ria, aquesta etapa aprofundeix en la <strong data-start=\"429\" data-end=\"464\">formaci\u00f3 instrumental i te\u00f2rica<\/strong> de l\u2019alumnat i consolida la <strong data-start=\"493\" data-end=\"521\">pr\u00e0ctica musical en grup<\/strong>. A difer\u00e8ncia de l\u2019etapa anterior, el <strong data-start=\"560\" data-end=\"577\">conjunt vocal<\/strong> es converteix en una assignatura pr\u00f2pia, mentre que el <strong data-start=\"633\" data-end=\"655\">llenguatge musical<\/strong> s\u2019amplia amb continguts m\u00e9s complexos.<\/p>\n<p data-start=\"698\" data-end=\"873\">Als dos \u00faltims cursos, la c\u00e0rrega lectiva i la dificultat augmenten progressivament, i s\u2019incorpora un <strong data-start=\"624\" data-end=\"648\">conjunt instrumental<\/strong>, on l\u2019alumnat desenvolupa la pr\u00e0ctica col\u00b7lectiva de l\u2019instrument juntament amb altres instruments. Aquesta preparaci\u00f3 completa els coneixements i les habilitats necess\u00e0ries per a una eventual prova d\u2019acc\u00e9s al <strong data-start=\"859\" data-end=\"890\">Grau Professional de m\u00fasica<\/strong>.<\/p>\n<h2>&#8211; Aprofundiment<\/h2>\n<h2>Nivell Mitj\u00e0 (4 cursos)<\/h2>\n<p data-start=\"262\" data-end=\"452\">Coincidint amb els quatre cursos d\u2019ESO, aquesta etapa permet a l\u2019alumnat <strong data-start=\"335\" data-end=\"366\">aplicar tot el que ha apr\u00e8s<\/strong> i aprofundir en les seves habilitats musicals de manera <strong data-start=\"423\" data-end=\"449\">creativa i col\u00b7lectiva<\/strong>. Les sessions combinen <strong data-start=\"476\" data-end=\"500\">instrument principal<\/strong> i <strong data-start=\"503\" data-end=\"524\">pr\u00e0ctica en grups<\/strong>: un conjunt instrumental amb el seu instrument i una <strong data-start=\"578\" data-end=\"595\">batucada jove<\/strong>, oberta tamb\u00e9 a persones que no hagin fet m\u00fasica abans, on tothom pot posar en joc el ritme i la complicitat amb companys i companyes.<\/p>\n<p data-start=\"734\" data-end=\"959\">El <strong data-start=\"737\" data-end=\"759\">llenguatge musical<\/strong> es treballa des d\u2019un enfocament <strong data-start=\"792\" data-end=\"815\">creatiu i aplicatiu<\/strong>, relacionant els continguts amb els interessos musicals de l\u2019alumnat, fomentant la interpretaci\u00f3, la creaci\u00f3 i el gaudi de la m\u00fasica en grup.<\/p>\n<h2>&#8211; Programes espec\u00edfics<\/h2>\n<h2>M\u00fasica en fam\u00edlia<\/h2>\n<p>Experi\u00e8ncia de 45 minuts setmanals per compartir la m\u00fasica en fam\u00edlia, amb infants d&#8217;entre 0 i 3 anys i una persona adulta. Seguint la <strong>metodologia d&#8217;Edwin Gordon<\/strong>, l\u2019objectiu \u00e9s gaudir un espai de descobriment i complicitat, on la m\u00fasica es converteix en un llenguatge com\u00fa amb can\u00e7ons i instruments en directe que fomenten l\u2019escolta i la connexi\u00f3.<\/p>\n<h2>M\u00fasica Inclusiva<\/h2>\n<p>A trav\u00e9s de recursos adaptats i elements de suport personalitzats, oferim experi\u00e8ncies musicals accessibles i enriquidores. L\u2019objectiu \u00e9s garantir que tothom pugui <strong>viure la m\u00fasica com a eina d\u2019expressi\u00f3<\/strong>, comunicaci\u00f3 i benestar, potenciant les capacitats de l&#8217;alumne\/a i afavorint la inclusi\u00f3.<\/p>\n<h2>Batucada<\/h2>\n<p>Espai per <strong>gaudir del ritme en grup<\/strong>, millorar la coordinaci\u00f3 i l\u2019escolta activa, i participar en actuacions musicals col\u00b7lectives. La batucada \u00e9s oberta a tothom, independentment de l\u2019experi\u00e8ncia pr\u00e8via, i permet aprendre compartint m\u00fasica amb altres persones.<\/p>\n<h2>Instrument lliure<\/h2>\n<p>Espai individual destinat a persones a partir de 12 anys que vulguin <strong data-start=\"1340\" data-end=\"1398\">aprendre o consolidar un instrument al seu propi ritme<\/strong>. Les sessions poden ser de 30, 45 o 60 minuts setmanals segons la implicaci\u00f3 de cadasc\u00fa, i es treballa amb professionals actius en el m\u00f3n de la m\u00fasica, per fomentar l\u2019aprenentatge personalitzat i el gaudi de tocar.<\/p>\n<p>&nbsp;<\/p>\n<h2>Descobreix el programa que millor connecta amb tu!<\/h2>\n","protected":false},"excerpt":{"rendered":"<p>L\u2019alumnat de l\u2019Escola de M\u00fasica Municipal de Linyola segueix un itinerari flexible i progressiu, adaptat a cada etapa del seu creixement musical i personal. Des dels primers contactes amb la m\u00fasica fins a la pr\u00e0ctica instrumental i la participaci\u00f3 en grups, cada programa ofereix una&hellip;  <a href=\"https:\/\/agora.xtec.cat\/escolamusicalinyola\/estudis\/nivells\/\" title=\"Read Programes\">Llegeix m\u00e9s\u00bb<\/a><\/p>\n","protected":false},"author":1,"featured_media":0,"parent":195,"menu_order":10,"comment_status":"closed","ping_status":"closed","template":"page-templates\/side-menu.php","meta":{"_bbp_topic_count":0,"_bbp_reply_count":0,"_bbp_total_topic_count":0,"_bbp_total_reply_count":0,"_bbp_voice_count":0,"_bbp_anonymous_reply_count":0,"_bbp_topic_count_hidden":0,"_bbp_reply_count_hidden":0,"_bbp_forum_subforum_count":0,"footnotes":""},"class_list":["post-602","page","type-page","status-publish","hentry"],"post_mailing_queue_ids":[],"_links":{"self":[{"href":"https:\/\/agora.xtec.cat\/escolamusicalinyola\/wp-json\/wp\/v2\/pages\/602","targetHints":{"allow":["GET"]}}],"collection":[{"href":"https:\/\/agora.xtec.cat\/escolamusicalinyola\/wp-json\/wp\/v2\/pages"}],"about":[{"href":"https:\/\/agora.xtec.cat\/escolamusicalinyola\/wp-json\/wp\/v2\/types\/page"}],"author":[{"embeddable":true,"href":"https:\/\/agora.xtec.cat\/escolamusicalinyola\/wp-json\/wp\/v2\/users\/1"}],"replies":[{"embeddable":true,"href":"https:\/\/agora.xtec.cat\/escolamusicalinyola\/wp-json\/wp\/v2\/comments?post=602"}],"version-history":[{"count":6,"href":"https:\/\/agora.xtec.cat\/escolamusicalinyola\/wp-json\/wp\/v2\/pages\/602\/revisions"}],"predecessor-version":[{"id":2768,"href":"https:\/\/agora.xtec.cat\/escolamusicalinyola\/wp-json\/wp\/v2\/pages\/602\/revisions\/2768"}],"up":[{"embeddable":true,"href":"https:\/\/agora.xtec.cat\/escolamusicalinyola\/wp-json\/wp\/v2\/pages\/195"}],"wp:attachment":[{"href":"https:\/\/agora.xtec.cat\/escolamusicalinyola\/wp-json\/wp\/v2\/media?parent=602"}],"curies":[{"name":"wp","href":"https:\/\/api.w.org\/{rel}","templated":true}]}}