{"id":46,"date":"2020-06-05T10:00:45","date_gmt":"2020-06-05T08:00:45","guid":{"rendered":"http:\/\/agora.xtec.cat\/escolamusicalinyola\/?page_id=46"},"modified":"2025-10-25T10:01:14","modified_gmt":"2025-10-25T08:01:14","slug":"equip-docent","status":"publish","type":"page","link":"https:\/\/agora.xtec.cat\/escolamusicalinyola\/lescola\/equip-docent\/","title":{"rendered":"Equip docent"},"content":{"rendered":"<p>L\u2019<strong>Escola de M\u00fasica Municipal de Linyola<\/strong> compta amb un equip docent jove i din\u00e0mic, format per professionals en actiu del m\u00f3n de la m\u00fasica i de l\u2019educaci\u00f3. Totes les persones que en formen part comparteixen la convicci\u00f3 que la m\u00fasica t\u00e9 un poder transformador i treballen per ajudar l\u2019alumnat a treure el millor de si mateix.<\/p>\n<ul>\n<li><strong>M\u00edriam Cortada<\/strong>: <em>Professora de flauta travessera, m\u00fasica inclusiva, sensibilitzaci\u00f3, m\u00fasica en fam\u00edlia i m\u00fasica a la llar d&#8217;infants<\/em><\/li>\n<li><strong>Vict\u00f2ria Laplana:<\/strong> <em>Professora de cant, llenguatge musical i conjunt vocal<\/em><\/li>\n<li><strong>Norbert Llorca<\/strong>:<em> Professor de viol\u00ed, guitarra moderna, baix el\u00e8ctric i conjunt orquestral<\/em><\/li>\n<li><strong>Ester Trilla<\/strong>: Directora |<em> Professora de violoncel, sensibilitzaci\u00f3, llenguatge musical i conjunt orquestral<\/em><\/li>\n<li><strong>David Vall<\/strong>: <em>Professor de bateria i batucada<\/em><\/li>\n<li><strong>Pau Hueso<\/strong>: Cap d&#8217;estudis | <em>Professor de piano, llenguatge musical i pianista repertorista<\/em><\/li>\n<\/ul>\n<hr \/>\n<p><em>Data de l&#8217;\u00faltima actualitzaci\u00f3: 25 d\u2019octubre de 2025<\/em><\/p>\n","protected":false},"excerpt":{"rendered":"<p>L\u2019Escola de M\u00fasica Municipal de Linyola compta amb un equip docent jove i din\u00e0mic, format per professionals en actiu del m\u00f3n de la m\u00fasica i de l\u2019educaci\u00f3. Totes les persones que en formen part comparteixen la convicci\u00f3 que la m\u00fasica t\u00e9 un poder transformador i&hellip;  <a href=\"https:\/\/agora.xtec.cat\/escolamusicalinyola\/lescola\/equip-docent\/\" title=\"Read Equip docent\">Llegeix m\u00e9s\u00bb<\/a><\/p>\n","protected":false},"author":1,"featured_media":0,"parent":19,"menu_order":30,"comment_status":"closed","ping_status":"closed","template":"page-templates\/side-menu.php","meta":{"_bbp_topic_count":0,"_bbp_reply_count":0,"_bbp_total_topic_count":0,"_bbp_total_reply_count":0,"_bbp_voice_count":0,"_bbp_anonymous_reply_count":0,"_bbp_topic_count_hidden":0,"_bbp_reply_count_hidden":0,"_bbp_forum_subforum_count":0,"footnotes":""},"class_list":["post-46","page","type-page","status-publish","hentry"],"post_mailing_queue_ids":[],"_links":{"self":[{"href":"https:\/\/agora.xtec.cat\/escolamusicalinyola\/wp-json\/wp\/v2\/pages\/46","targetHints":{"allow":["GET"]}}],"collection":[{"href":"https:\/\/agora.xtec.cat\/escolamusicalinyola\/wp-json\/wp\/v2\/pages"}],"about":[{"href":"https:\/\/agora.xtec.cat\/escolamusicalinyola\/wp-json\/wp\/v2\/types\/page"}],"author":[{"embeddable":true,"href":"https:\/\/agora.xtec.cat\/escolamusicalinyola\/wp-json\/wp\/v2\/users\/1"}],"replies":[{"embeddable":true,"href":"https:\/\/agora.xtec.cat\/escolamusicalinyola\/wp-json\/wp\/v2\/comments?post=46"}],"version-history":[{"count":6,"href":"https:\/\/agora.xtec.cat\/escolamusicalinyola\/wp-json\/wp\/v2\/pages\/46\/revisions"}],"predecessor-version":[{"id":2759,"href":"https:\/\/agora.xtec.cat\/escolamusicalinyola\/wp-json\/wp\/v2\/pages\/46\/revisions\/2759"}],"up":[{"embeddable":true,"href":"https:\/\/agora.xtec.cat\/escolamusicalinyola\/wp-json\/wp\/v2\/pages\/19"}],"wp:attachment":[{"href":"https:\/\/agora.xtec.cat\/escolamusicalinyola\/wp-json\/wp\/v2\/media?parent=46"}],"curies":[{"name":"wp","href":"https:\/\/api.w.org\/{rel}","templated":true}]}}