{"id":39,"date":"2020-06-05T10:00:44","date_gmt":"2020-06-05T08:00:44","guid":{"rendered":"http:\/\/agora.xtec.cat\/escolamusicalinyola\/?page_id=39"},"modified":"2020-06-06T09:58:04","modified_gmt":"2020-06-06T07:58:04","slug":"instal%c2%b7lacions","status":"publish","type":"page","link":"https:\/\/agora.xtec.cat\/escolamusicalinyola\/lescola\/instal%c2%b7lacions\/","title":{"rendered":"Instal\u00b7lacions"},"content":{"rendered":"\r\n\t<div class=\"slideshow_container slideshow_container_style-light\" style=\"height: 200px; \" data-slideshow-id=\"31\" data-style-name=\"style-light\" data-style-version=\"2.3.1\" >\r\n\r\n\t\t\t\t\t<div class=\"slideshow_loading_icon\"><\/div>\r\n\t\t\r\n\t\t<div class=\"slideshow_content\" style=\"display: none;\">\r\n\r\n\t\t\t<div class=\"slideshow_view\">\r\n\t\t\t\t<div class=\"slideshow_slide slideshow_slide_image\">\r\n\t\t\t\t\t\t\t\t\t\t\t<img src=\"https:\/\/agora.xtec.cat\/escolamusicalinyola\/wp-content\/uploads\/usu2190\/2020\/05\/EMML-Carrusel-1.jpg\" alt=\"Sala d&#039;audicions\" width=\"1000\" height=\"230\" \/>\r\n\t\t\t\t\t\t\t\t\t\t<div class=\"slideshow_description_box slideshow_transparent\">\r\n\t\t\t\t\t\t<div class=\"slideshow_title\">Sala d&#039;audicions<\/div>\t\t\t\t\t\t<div class=\"slideshow_description\">___<\/div>\t\t\t\t\t<\/div>\r\n\t\t\t\t<\/div>\r\n\r\n\t\t\t\t\t\t<div style=\"clear: both;\"><\/div><\/div><div class=\"slideshow_view\">\r\n\t\t\t\t<div class=\"slideshow_slide slideshow_slide_image\">\r\n\t\t\t\t\t\t\t\t\t\t\t<img src=\"https:\/\/agora.xtec.cat\/escolamusicalinyola\/wp-content\/uploads\/usu2190\/2020\/05\/EMML-Carrusel-2.jpg\" alt=\"Aula 8\" width=\"1000\" height=\"230\" \/>\r\n\t\t\t\t\t\t\t\t\t\t<div class=\"slideshow_description_box slideshow_transparent\">\r\n\t\t\t\t\t\t<div class=\"slideshow_title\">Aula 8<\/div>\t\t\t\t\t\t<div class=\"slideshow_description\">___<\/div>\t\t\t\t\t<\/div>\r\n\t\t\t\t<\/div>\r\n\r\n\t\t\t\t\t\t<div style=\"clear: both;\"><\/div><\/div><div class=\"slideshow_view\">\r\n\t\t\t\t<div class=\"slideshow_slide slideshow_slide_image\">\r\n\t\t\t\t\t\t\t\t\t\t\t<img src=\"https:\/\/agora.xtec.cat\/escolamusicalinyola\/wp-content\/uploads\/usu2190\/2020\/05\/EMML-Carrusel-3.jpg\" alt=\"Aula 9\" width=\"1000\" height=\"230\" \/>\r\n\t\t\t\t\t\t\t\t\t\t<div class=\"slideshow_description_box slideshow_transparent\">\r\n\t\t\t\t\t\t<div class=\"slideshow_title\">Aula 9<\/div>\t\t\t\t\t\t<div class=\"slideshow_description\">___<\/div>\t\t\t\t\t<\/div>\r\n\t\t\t\t<\/div>\r\n\r\n\t\t\t\t\t\t<div style=\"clear: both;\"><\/div><\/div><div class=\"slideshow_view\">\r\n\t\t\t\t<div class=\"slideshow_slide slideshow_slide_image\">\r\n\t\t\t\t\t\t\t\t\t\t\t<img src=\"https:\/\/agora.xtec.cat\/escolamusicalinyola\/wp-content\/uploads\/usu2190\/2020\/05\/EMML-Carrusel-13.jpg\" alt=\"Aula 4\" width=\"1000\" height=\"230\" \/>\r\n\t\t\t\t\t\t\t\t\t\t<div class=\"slideshow_description_box slideshow_transparent\">\r\n\t\t\t\t\t\t<div class=\"slideshow_title\">Aula 4<\/div>\t\t\t\t\t\t<div class=\"slideshow_description\">___<\/div>\t\t\t\t\t<\/div>\r\n\t\t\t\t<\/div>\r\n\r\n\t\t\t\t\t\t<div style=\"clear: both;\"><\/div><\/div><div class=\"slideshow_view\">\r\n\t\t\t\t<div class=\"slideshow_slide slideshow_slide_image\">\r\n\t\t\t\t\t\t\t\t\t\t\t<img src=\"https:\/\/agora.xtec.cat\/escolamusicalinyola\/wp-content\/uploads\/usu2190\/2020\/05\/EMML-Carrusel-12.jpg\" alt=\"Aula 4\" width=\"1000\" height=\"230\" \/>\r\n\t\t\t\t\t\t\t\t\t\t<div class=\"slideshow_description_box slideshow_transparent\">\r\n\t\t\t\t\t\t<div class=\"slideshow_title\">Aula 4<\/div>\t\t\t\t\t\t<div class=\"slideshow_description\">___<\/div>\t\t\t\t\t<\/div>\r\n\t\t\t\t<\/div>\r\n\r\n\t\t\t\t\t\t<div style=\"clear: both;\"><\/div><\/div><div class=\"slideshow_view\">\r\n\t\t\t\t<div class=\"slideshow_slide slideshow_slide_image\">\r\n\t\t\t\t\t\t\t\t\t\t\t<img src=\"https:\/\/agora.xtec.cat\/escolamusicalinyola\/wp-content\/uploads\/usu2190\/2020\/05\/EMML-Carrusel-4.jpg\" alt=\"Passad\u00eds\" width=\"1000\" height=\"230\" \/>\r\n\t\t\t\t\t\t\t\t\t\t<div class=\"slideshow_description_box slideshow_transparent\">\r\n\t\t\t\t\t\t<div class=\"slideshow_title\">Passad\u00eds<\/div>\t\t\t\t\t\t<div class=\"slideshow_description\">___<\/div>\t\t\t\t\t<\/div>\r\n\t\t\t\t<\/div>\r\n\r\n\t\t\t\t\t\t<div style=\"clear: both;\"><\/div><\/div>\r\n\t\t<\/div>\r\n\r\n\t\t<div class=\"slideshow_controlPanel slideshow_transparent\" style=\"display: none;\"><ul><li class=\"slideshow_togglePlay\" data-play-text=\"Visualitza\" data-pause-text=\"Pausa\"><\/li><\/ul><\/div>\r\n\r\n\t\t<div class=\"slideshow_button slideshow_previous slideshow_transparent\" role=\"button\" data-previous-text=\"Anterior\" style=\"display: none;\"><\/div>\r\n\t\t<div class=\"slideshow_button slideshow_next slideshow_transparent\" role=\"button\" data-next-text=\"Seg\u00fcent\" style=\"display: none;\"><\/div>\r\n\r\n\t\t<div class=\"slideshow_pagination\" style=\"display: none;\" data-go-to-text=\"V\u00e9s a la diapositiva\"><div class=\"slideshow_pagination_center\"><\/div><\/div>\r\n\r\n\t\t<!-- WordPress Slideshow Version 2.3.1 -->\r\n\r\n\t\t\t<\/div>\r\n\r\n\n<p>&nbsp;<\/p>\n<p>L&#8217;<strong>Escola de M\u00fasica Municipal de Linyola\u00a0<\/strong>compta amb unes instal\u00b7lacions privilegiades dins l&#8217;edifici municipal &#8220;Cal Formiguera&#8221;, de molt recent inauguraci\u00f3.<\/p>\n<p>Aquestes instal\u00b7lacions conformen un espai perfectament adaptat a les necessitats de la poblaci\u00f3, amb unes aules m\u00e9s aviat petites per\u00f2 adequades al volum de cada grup-classe que permeten el desenvolupament de les sessions en un entorn llumin\u00f3s i acollidor.<\/p>\n<p>A m\u00e9s a m\u00e9s, quatre d&#8217;aquestes aules contenen un piano i dues contenen una bateria per al desenvolupament de les classes d&#8217;instrument per\u00f2 tamb\u00e9 perqu\u00e8 l&#8217;alumnat pugui venir a estudiar-hi.<\/p>\n<p>Finalment, comptem amb una sala d&#8217;audicions en qu\u00e8 tenen lloc les petites actuacions quadrimestrals en qu\u00e8 l&#8217;alumnat ens delecta amb les seves interpretacions.<\/p>\n","protected":false},"excerpt":{"rendered":"<p>\t\t\t\t\t\tSala d&#039;audicions\t\t\t\t\t\t___\t\t\t\t\t<\/p>\n<p>\t\t\t\t\t\tAula 8\t\t\t\t\t\t___\t\t\t\t\t<\/p>\n<p>\t\t\t\t\t\tAula 9\t\t\t\t\t\t___\t\t\t\t\t<\/p>\n<p>\t\t\t\t\t\tAula 4\t\t\t\t\t\t___\t\t\t\t\t<\/p>\n<p>\t\t\t\t\t\tAula 4\t\t\t\t\t\t___\t\t\t\t\t<\/p>\n<p>\t\t\t\t\t\tPassad\u00eds\t\t\t\t\t\t___\t\t\t\t\t<\/p>\n<ul>\n<li class=\"slideshow_togglePlay\" data-play-text=\"Visualitza\" data-pause-text=\"Pausa\"><\/li>\n<\/ul>\n<p>&nbsp;<br \/>\nL&#8217;Escola de M\u00fasica Municipal de Linyola\u00a0compta amb unes instal\u00b7lacions privilegiades dins l&#8217;edifici municipal &#8220;Cal Formiguera&#8221;, de molt recent inauguraci\u00f3.<br \/>\nAquestes instal\u00b7lacions conformen un espai perfectament adaptat a les necessitats de la poblaci\u00f3, amb unes aules m\u00e9s aviat petites&hellip;  <a href=\"https:\/\/agora.xtec.cat\/escolamusicalinyola\/lescola\/instal%c2%b7lacions\/\" title=\"Read Instal\u00b7lacions\">Llegeix m\u00e9s\u00bb<\/a><\/p>\n","protected":false},"author":1,"featured_media":0,"parent":19,"menu_order":20,"comment_status":"closed","ping_status":"closed","template":"page-templates\/side-menu.php","meta":{"_bbp_topic_count":0,"_bbp_reply_count":0,"_bbp_total_topic_count":0,"_bbp_total_reply_count":0,"_bbp_voice_count":0,"_bbp_anonymous_reply_count":0,"_bbp_topic_count_hidden":0,"_bbp_reply_count_hidden":0,"_bbp_forum_subforum_count":0,"footnotes":""},"class_list":["post-39","page","type-page","status-publish","hentry"],"post_mailing_queue_ids":[],"_links":{"self":[{"href":"https:\/\/agora.xtec.cat\/escolamusicalinyola\/wp-json\/wp\/v2\/pages\/39","targetHints":{"allow":["GET"]}}],"collection":[{"href":"https:\/\/agora.xtec.cat\/escolamusicalinyola\/wp-json\/wp\/v2\/pages"}],"about":[{"href":"https:\/\/agora.xtec.cat\/escolamusicalinyola\/wp-json\/wp\/v2\/types\/page"}],"author":[{"embeddable":true,"href":"https:\/\/agora.xtec.cat\/escolamusicalinyola\/wp-json\/wp\/v2\/users\/1"}],"replies":[{"embeddable":true,"href":"https:\/\/agora.xtec.cat\/escolamusicalinyola\/wp-json\/wp\/v2\/comments?post=39"}],"version-history":[{"count":4,"href":"https:\/\/agora.xtec.cat\/escolamusicalinyola\/wp-json\/wp\/v2\/pages\/39\/revisions"}],"predecessor-version":[{"id":702,"href":"https:\/\/agora.xtec.cat\/escolamusicalinyola\/wp-json\/wp\/v2\/pages\/39\/revisions\/702"}],"up":[{"embeddable":true,"href":"https:\/\/agora.xtec.cat\/escolamusicalinyola\/wp-json\/wp\/v2\/pages\/19"}],"wp:attachment":[{"href":"https:\/\/agora.xtec.cat\/escolamusicalinyola\/wp-json\/wp\/v2\/media?parent=39"}],"curies":[{"name":"wp","href":"https:\/\/api.w.org\/{rel}","templated":true}]}}