{"id":21,"date":"2014-09-17T16:14:14","date_gmt":"2014-09-17T16:14:14","guid":{"rendered":"http:\/\/agora.xtec.cat\/escolamusicalinyola\/?page_id=21"},"modified":"2024-10-14T11:08:46","modified_gmt":"2024-10-14T09:08:46","slug":"contacte","status":"publish","type":"page","link":"https:\/\/agora.xtec.cat\/escolamusicalinyola\/lescola\/contacte\/","title":{"rendered":"Contacte"},"content":{"rendered":"<p><strong><span style=\"color: #333333;\">Tel\u00e8fon i adre\u00e7a electr\u00f2nica<\/span><\/strong><br \/>\n<span style=\"color: #333333;\">687 768 840 | <a href=\"mailto:escolamusicalinyola@xtec.cat\">escolamusicalinyola<span class=\"\">@xtec.cat<\/span><\/a><\/span><\/p>\n<p><strong>Gwido: <\/strong>https:\/\/escolamusicalinyola.gwido.cat\/<\/p>\n<p style=\"color: #666666;\"><span style=\"color: #333333;\"><strong>On som<br \/>\n<\/strong>Escola de M\u00fasica Municipal de Linyola<\/span><br \/>\n<span style=\"color: #333333;\">Carrer Major, 1 (Edifici Municipal &#8220;Cal Formiguera&#8221;), 1r pis<\/span><br \/>\n<span style=\"color: #333333;\">25240 Linyola<\/span><\/p>\n<p><iframe loading=\"lazy\" src=\"https:\/\/www.google.com\/maps\/embed?pb=!1m18!1m12!1m3!1d11913.771640356952!2d0.8975167795085801!3d41.71096057889525!2m3!1f0!2f0!3f0!3m2!1i1024!2i768!4f13.1!3m3!1m2!1s0x12a6ecd3228cc94f%3A0x12a063349e6c5d78!2sEscola%20de%20M%C3%BAsica%20Municipal%20de%20Linyola!5e0!3m2!1sca!2ses!4v1590858068747!5m2!1sca!2ses\" width=\"400\" height=\"300\" frameborder=\"0\" aria-hidden=\"false\"><span data-mce-type=\"bookmark\" style=\"display: inline-block; width: 0px; overflow: hidden; line-height: 0;\" class=\"mce_SELRES_start\">\ufeff<\/span><\/iframe><\/p>\n<p>&nbsp;<\/p>\n","protected":false},"excerpt":{"rendered":"<p>Tel\u00e8fon i adre\u00e7a electr\u00f2nica<br \/>\n687 768 840 | <a href=\"mailto:escolamusicalinyola@xtec.cat\">escolamusicalinyola@xtec.cat<\/a><br \/>\nGwido: https:\/\/escolamusicalinyola.gwido.cat\/<br \/>\nOn som<br \/>\nEscola de M\u00fasica Municipal de Linyola<br \/>\nCarrer Major, 1 (Edifici Municipal &#8220;Cal Formiguera&#8221;), 1r pis<br \/>\n25240 Linyola<br \/>\n\ufeff<br \/>\n&nbsp;<\/p>\n","protected":false},"author":1,"featured_media":0,"parent":19,"menu_order":10,"comment_status":"closed","ping_status":"closed","template":"page-templates\/side-menu.php","meta":{"_bbp_topic_count":0,"_bbp_reply_count":0,"_bbp_total_topic_count":0,"_bbp_total_reply_count":0,"_bbp_voice_count":0,"_bbp_anonymous_reply_count":0,"_bbp_topic_count_hidden":0,"_bbp_reply_count_hidden":0,"_bbp_forum_subforum_count":0,"footnotes":""},"class_list":["post-21","page","type-page","status-publish","hentry"],"post_mailing_queue_ids":[],"_links":{"self":[{"href":"https:\/\/agora.xtec.cat\/escolamusicalinyola\/wp-json\/wp\/v2\/pages\/21","targetHints":{"allow":["GET"]}}],"collection":[{"href":"https:\/\/agora.xtec.cat\/escolamusicalinyola\/wp-json\/wp\/v2\/pages"}],"about":[{"href":"https:\/\/agora.xtec.cat\/escolamusicalinyola\/wp-json\/wp\/v2\/types\/page"}],"author":[{"embeddable":true,"href":"https:\/\/agora.xtec.cat\/escolamusicalinyola\/wp-json\/wp\/v2\/users\/1"}],"replies":[{"embeddable":true,"href":"https:\/\/agora.xtec.cat\/escolamusicalinyola\/wp-json\/wp\/v2\/comments?post=21"}],"version-history":[{"count":4,"href":"https:\/\/agora.xtec.cat\/escolamusicalinyola\/wp-json\/wp\/v2\/pages\/21\/revisions"}],"predecessor-version":[{"id":2605,"href":"https:\/\/agora.xtec.cat\/escolamusicalinyola\/wp-json\/wp\/v2\/pages\/21\/revisions\/2605"}],"up":[{"embeddable":true,"href":"https:\/\/agora.xtec.cat\/escolamusicalinyola\/wp-json\/wp\/v2\/pages\/19"}],"wp:attachment":[{"href":"https:\/\/agora.xtec.cat\/escolamusicalinyola\/wp-json\/wp\/v2\/media?parent=21"}],"curies":[{"name":"wp","href":"https:\/\/api.w.org\/{rel}","templated":true}]}}